{"id":16867,"date":"2023-05-09T17:23:06","date_gmt":"2023-05-09T15:23:06","guid":{"rendered":"https:\/\/librairie7l.com\/?post_type=product&#038;p=16867"},"modified":"2026-05-12T01:25:11","modified_gmt":"2026-05-11T23:25:11","slug":"thomas-lawrence-le-genie-du-portrait-anglais","status":"publish","type":"product","link":"https:\/\/librairie7l.com\/en\/produit\/thomas-lawrence-le-genie-du-portrait-anglais\/","title":{"rendered":"THOMAS LAWRENCE : LE G\u00c9NIE DU PORTRAIT ANGLAIS"},"content":{"rendered":"<p>Au tournant du XIXe si\u00e8cle, l&#8217;\u00e9cole d&#8217;art anglaise atteint une forme d&#8217;apog\u00e9e sur la sc\u00e8ne artistique europ\u00e9enne. Alors que J. M. W. Turner (1775-1851) excelle dans le genre du paysage, Thomas Lawrence (1769-1830) porte l&#8217;art du portrait \u00e0 de semblables sommets de cr\u00e9ativit\u00e9 et d&#8217;inventivit\u00e9. Enfant prodige, il succ\u00e8de \u00e0 Joshua Reynolds comme \u00ab peintre ordinaire de Sa Majest\u00e9 \u00bb le roi George III \u00e0 l&#8217;\u00e2ge de 18 ans et devient rapidement le principal portraitiste de son temps, \u00e9lu \u00e0 l&#8217;unanimit\u00e9 pr\u00e9sident de la Royal Academy of Arts en 1820. En 1814, le Prince R\u00e9gent lui commande une s\u00e9rie de portraits de toutes les personnalit\u00e9s europ\u00e9ennes ayant contribu\u00e9 \u00e0 la d\u00e9faite de Napol\u00e9on. Aujourd&#8217;hui expos\u00e9es dans la Waterloo Chamber du ch\u00e2teau de Windsor, elles offrent un t\u00e9moignage exceptionnel de l&#8217;incarnation du pouvoir au d\u00e9but de l&#8217;Europe moderne. Lawrence est \u00e9galement un remarquable observateur de la soci\u00e9t\u00e9 de la R\u00e9gence, avec une sensibilit\u00e9 exceptionnelle pour les repr\u00e9sentations intimistes de femmes et d&#8217;enfants, \u00e0 l&#8217;huile, au pastel ou \u00e0 la craie, qui explorent de mani\u00e8re unique les fragilit\u00e9s de l&#8217;\u00e2ge et du genre. Le pr\u00e9sent ouvrage offre une \u00e9tude compl\u00e8te de l&#8217;art de Lawrence et apporte un nouvel \u00e9clairage sur le travail et la personnalit\u00e9 de l&#8217;un des artistes les plus secrets et les plus dou\u00e9s du romantisme europ\u00e9en. <\/p>\n<p>Environ 400 illustrations.<\/p>\n","protected":false},"excerpt":{"rendered":"<p>Au tournant du XIXe si\u00e8cle, l&#8217;\u00e9cole d&#8217;art anglaise atteint une forme d&#8217;apog\u00e9e sur la sc\u00e8ne artistique europ\u00e9enne. Alors que J. M. W. Turner (1775-1851) excelle dans le genre du paysage, Thomas Lawrence (1769-1830) porte l&#8217;art du portrait \u00e0 de semblables sommets de cr\u00e9ativit\u00e9 et d&#8217;inventivit\u00e9. Enfant prodige, il succ\u00e8de \u00e0 Joshua Reynolds comme \u00ab peintre [&hellip;]<\/p>\n","protected":false},"featured_media":16865,"template":"","meta":[],"product_cat":[55,2948,47,2953],"product_tag":[],"acf":[],"yoast_head":"<!-- This site is optimized with the Yoast SEO plugin v20.11 - https:\/\/yoast.com\/wordpress\/plugins\/seo\/ -->\n<title>THOMAS LAWRENCE : LE G\u00c9NIE DU PORTRAIT ANGLAIS - Librairie 7L<\/title>\n<meta name=\"robots\" content=\"index, follow, max-snippet:-1, max-image-preview:large, max-video-preview:-1\" \/>\n<link rel=\"canonical\" href=\"https:\/\/librairie7l.com\/en\/produit\/thomas-lawrence-le-genie-du-portrait-anglais\/\" \/>\n<meta property=\"og:locale\" content=\"en_US\" \/>\n<meta property=\"og:type\" content=\"article\" \/>\n<meta property=\"og:title\" content=\"THOMAS LAWRENCE : LE G\u00c9NIE DU PORTRAIT ANGLAIS - Librairie 7L\" \/>\n<meta property=\"og:description\" content=\"Au tournant du XIXe si\u00e8cle, l&#8217;\u00e9cole d&#8217;art anglaise atteint une forme d&#8217;apog\u00e9e sur la sc\u00e8ne artistique europ\u00e9enne. Alors que J. M. W. Turner (1775-1851) excelle dans le genre du paysage, Thomas Lawrence (1769-1830) porte l&#8217;art du portrait \u00e0 de semblables sommets de cr\u00e9ativit\u00e9 et d&#8217;inventivit\u00e9. Enfant prodige, il succ\u00e8de \u00e0 Joshua Reynolds comme \u00ab peintre [&hellip;]\" \/>\n<meta property=\"og:url\" content=\"https:\/\/librairie7l.com\/en\/produit\/thomas-lawrence-le-genie-du-portrait-anglais\/\" \/>\n<meta property=\"og:site_name\" content=\"Librairie 7L\" \/>\n<meta property=\"article:modified_time\" content=\"2026-05-11T23:25:11+00:00\" \/>\n<meta property=\"og:image\" content=\"https:\/\/librairie7l.com\/wp-content\/uploads\/2022\/11\/9782367490953_1_75.jpg\" \/>\n\t<meta property=\"og:image:width\" content=\"400\" \/>\n\t<meta property=\"og:image:height\" content=\"453\" \/>\n\t<meta property=\"og:image:type\" content=\"image\/jpeg\" \/>\n<meta name=\"twitter:card\" content=\"summary_large_image\" \/>\n<meta name=\"twitter:label1\" content=\"Est. reading time\" \/>\n\t<meta name=\"twitter:data1\" content=\"1 minute\" \/>\n<script type=\"application\/ld+json\" class=\"yoast-schema-graph\">{\"@context\":\"https:\/\/schema.org\",\"@graph\":[{\"@type\":\"WebPage\",\"@id\":\"https:\/\/librairie7l.com\/en\/produit\/thomas-lawrence-le-genie-du-portrait-anglais\/\",\"url\":\"https:\/\/librairie7l.com\/en\/produit\/thomas-lawrence-le-genie-du-portrait-anglais\/\",\"name\":\"THOMAS LAWRENCE : LE G\u00c9NIE DU PORTRAIT ANGLAIS - Librairie 7L\",\"isPartOf\":{\"@id\":\"https:\/\/librairie7l.com\/en\/#website\"},\"datePublished\":\"2023-05-09T15:23:06+00:00\",\"dateModified\":\"2026-05-11T23:25:11+00:00\",\"breadcrumb\":{\"@id\":\"https:\/\/librairie7l.com\/en\/produit\/thomas-lawrence-le-genie-du-portrait-anglais\/#breadcrumb\"},\"inLanguage\":\"en-US\",\"potentialAction\":[{\"@type\":\"ReadAction\",\"target\":[\"https:\/\/librairie7l.com\/en\/produit\/thomas-lawrence-le-genie-du-portrait-anglais\/\"]}]},{\"@type\":\"BreadcrumbList\",\"@id\":\"https:\/\/librairie7l.com\/en\/produit\/thomas-lawrence-le-genie-du-portrait-anglais\/#breadcrumb\",\"itemListElement\":[{\"@type\":\"ListItem\",\"position\":1,\"name\":\"Accueil\",\"item\":\"https:\/\/librairie7l.com\/en\/\"},{\"@type\":\"ListItem\",\"position\":2,\"name\":\"Shop\",\"item\":\"https:\/\/librairie7l.com\/en\/shop\/\"},{\"@type\":\"ListItem\",\"position\":3,\"name\":\"THOMAS LAWRENCE : LE G\u00c9NIE DU PORTRAIT ANGLAIS\"}]},{\"@type\":\"WebSite\",\"@id\":\"https:\/\/librairie7l.com\/en\/#website\",\"url\":\"https:\/\/librairie7l.com\/en\/\",\"name\":\"Librairie 7L\",\"description\":\"Librairie fond\u00e9e en 1999 par Karl Lagerfeld \u00e0 Paris\",\"publisher\":{\"@id\":\"https:\/\/librairie7l.com\/en\/#organization\"},\"potentialAction\":[{\"@type\":\"SearchAction\",\"target\":{\"@type\":\"EntryPoint\",\"urlTemplate\":\"https:\/\/librairie7l.com\/en\/?s={search_term_string}\"},\"query-input\":\"required name=search_term_string\"}],\"inLanguage\":\"en-US\"},{\"@type\":\"Organization\",\"@id\":\"https:\/\/librairie7l.com\/en\/#organization\",\"name\":\"Librairie 7L\",\"url\":\"https:\/\/librairie7l.com\/en\/\",\"logo\":{\"@type\":\"ImageObject\",\"inLanguage\":\"en-US\",\"@id\":\"https:\/\/librairie7l.com\/en\/#\/schema\/logo\/image\/\",\"url\":\"https:\/\/librairie7l.com\/wp-content\/uploads\/2022\/08\/logo-1.png\",\"contentUrl\":\"https:\/\/librairie7l.com\/wp-content\/uploads\/2022\/08\/logo-1.png\",\"width\":227,\"height\":301,\"caption\":\"Librairie 7L\"},\"image\":{\"@id\":\"https:\/\/librairie7l.com\/en\/#\/schema\/logo\/image\/\"}}]}<\/script>\n<!-- \/ Yoast SEO plugin. -->","yoast_head_json":{"title":"THOMAS LAWRENCE : LE G\u00c9NIE DU PORTRAIT ANGLAIS - Librairie 7L","robots":{"index":"index","follow":"follow","max-snippet":"max-snippet:-1","max-image-preview":"max-image-preview:large","max-video-preview":"max-video-preview:-1"},"canonical":"https:\/\/librairie7l.com\/en\/produit\/thomas-lawrence-le-genie-du-portrait-anglais\/","og_locale":"en_US","og_type":"article","og_title":"THOMAS LAWRENCE : LE G\u00c9NIE DU PORTRAIT ANGLAIS - Librairie 7L","og_description":"Au tournant du XIXe si\u00e8cle, l&#8217;\u00e9cole d&#8217;art anglaise atteint une forme d&#8217;apog\u00e9e sur la sc\u00e8ne artistique europ\u00e9enne. Alors que J. M. W. Turner (1775-1851) excelle dans le genre du paysage, Thomas Lawrence (1769-1830) porte l&#8217;art du portrait \u00e0 de semblables sommets de cr\u00e9ativit\u00e9 et d&#8217;inventivit\u00e9. Enfant prodige, il succ\u00e8de \u00e0 Joshua Reynolds comme \u00ab peintre [&hellip;]","og_url":"https:\/\/librairie7l.com\/en\/produit\/thomas-lawrence-le-genie-du-portrait-anglais\/","og_site_name":"Librairie 7L","article_modified_time":"2026-05-11T23:25:11+00:00","og_image":[{"width":400,"height":453,"url":"https:\/\/librairie7l.com\/wp-content\/uploads\/2022\/11\/9782367490953_1_75.jpg","type":"image\/jpeg"}],"twitter_card":"summary_large_image","twitter_misc":{"Est. reading time":"1 minute"},"schema":{"@context":"https:\/\/schema.org","@graph":[{"@type":"WebPage","@id":"https:\/\/librairie7l.com\/en\/produit\/thomas-lawrence-le-genie-du-portrait-anglais\/","url":"https:\/\/librairie7l.com\/en\/produit\/thomas-lawrence-le-genie-du-portrait-anglais\/","name":"THOMAS LAWRENCE : LE G\u00c9NIE DU PORTRAIT ANGLAIS - Librairie 7L","isPartOf":{"@id":"https:\/\/librairie7l.com\/en\/#website"},"datePublished":"2023-05-09T15:23:06+00:00","dateModified":"2026-05-11T23:25:11+00:00","breadcrumb":{"@id":"https:\/\/librairie7l.com\/en\/produit\/thomas-lawrence-le-genie-du-portrait-anglais\/#breadcrumb"},"inLanguage":"en-US","potentialAction":[{"@type":"ReadAction","target":["https:\/\/librairie7l.com\/en\/produit\/thomas-lawrence-le-genie-du-portrait-anglais\/"]}]},{"@type":"BreadcrumbList","@id":"https:\/\/librairie7l.com\/en\/produit\/thomas-lawrence-le-genie-du-portrait-anglais\/#breadcrumb","itemListElement":[{"@type":"ListItem","position":1,"name":"Accueil","item":"https:\/\/librairie7l.com\/en\/"},{"@type":"ListItem","position":2,"name":"Shop","item":"https:\/\/librairie7l.com\/en\/shop\/"},{"@type":"ListItem","position":3,"name":"THOMAS LAWRENCE : LE G\u00c9NIE DU PORTRAIT ANGLAIS"}]},{"@type":"WebSite","@id":"https:\/\/librairie7l.com\/en\/#website","url":"https:\/\/librairie7l.com\/en\/","name":"Librairie 7L","description":"Librairie fond\u00e9e en 1999 par Karl Lagerfeld \u00e0 Paris","publisher":{"@id":"https:\/\/librairie7l.com\/en\/#organization"},"potentialAction":[{"@type":"SearchAction","target":{"@type":"EntryPoint","urlTemplate":"https:\/\/librairie7l.com\/en\/?s={search_term_string}"},"query-input":"required name=search_term_string"}],"inLanguage":"en-US"},{"@type":"Organization","@id":"https:\/\/librairie7l.com\/en\/#organization","name":"Librairie 7L","url":"https:\/\/librairie7l.com\/en\/","logo":{"@type":"ImageObject","inLanguage":"en-US","@id":"https:\/\/librairie7l.com\/en\/#\/schema\/logo\/image\/","url":"https:\/\/librairie7l.com\/wp-content\/uploads\/2022\/08\/logo-1.png","contentUrl":"https:\/\/librairie7l.com\/wp-content\/uploads\/2022\/08\/logo-1.png","width":227,"height":301,"caption":"Librairie 7L"},"image":{"@id":"https:\/\/librairie7l.com\/en\/#\/schema\/logo\/image\/"}}]}},"_links":{"self":[{"href":"https:\/\/librairie7l.com\/en\/wp-json\/wp\/v2\/product\/16867"}],"collection":[{"href":"https:\/\/librairie7l.com\/en\/wp-json\/wp\/v2\/product"}],"about":[{"href":"https:\/\/librairie7l.com\/en\/wp-json\/wp\/v2\/types\/product"}],"wp:featuredmedia":[{"embeddable":true,"href":"https:\/\/librairie7l.com\/en\/wp-json\/wp\/v2\/media\/16865"}],"wp:attachment":[{"href":"https:\/\/librairie7l.com\/en\/wp-json\/wp\/v2\/media?parent=16867"}],"wp:term":[{"taxonomy":"product_cat","embeddable":true,"href":"https:\/\/librairie7l.com\/en\/wp-json\/wp\/v2\/product_cat?post=16867"},{"taxonomy":"product_tag","embeddable":true,"href":"https:\/\/librairie7l.com\/en\/wp-json\/wp\/v2\/product_tag?post=16867"}],"curies":[{"name":"wp","href":"https:\/\/api.w.org\/{rel}","templated":true}]}}