{"id":16875,"date":"2023-05-09T17:23:14","date_gmt":"2023-05-09T15:23:14","guid":{"rendered":"https:\/\/librairie7l.com\/?post_type=product&#038;p=16875"},"modified":"2026-05-02T05:17:45","modified_gmt":"2026-05-02T03:17:45","slug":"chess-design","status":"publish","type":"product","link":"https:\/\/librairie7l.com\/en\/produit\/chess-design\/","title":{"rendered":"CHESS DESIGN"},"content":{"rendered":"<p>V\u00e9ritable miroir de la cr\u00e9ation du XXe si\u00e8cle, Chess Design pr\u00e9sente une documentation exceptionnelle sur les jeux d&#8217;\u00e9chec r\u00e9alis\u00e9s par des artistes, designers, architectes et artisans : \u00e9chiquiers eux-m\u00eames, mais \u00e9galement dessins d&#8217;artiste, plans d&#8217;ex\u00e9cution et photographies d&#8217;archives. En pr\u00e9sentant de mani\u00e8re chronologique pr\u00e8s de 300 de ces \u00e9chiquiers, l&#8217;auteur offre un point de vue nouveau sur l&#8217;histoire de l&#8217;art et son \u00e9volution. Art nouveau, s\u00e9cession, surr\u00e9alisme, Fluxus, Pop art, la plupart des grands mouvements qui naissent et se succ\u00e8dent dans les Beaux-Arts trouvent un \u00e9cho avec ces \u00e9chiquiers et les 16 forme-sculptures qui les animent. Ces jeux sont \u00e9galement le reflet de l&#8217;\u00e9volution des techniques et des mat\u00e9riaux utilis\u00e9s pendant cette p\u00e9riode : le bois, le verre, la c\u00e9ramique vont c\u00e9der la place, d\u00e8s les ann\u00e9es 50, \u00e0 l&#8217;acier, au plastique et aux mat\u00e9riaux composites. \u00c0 la fronti\u00e8re entre les arts plastiques et les arts d\u00e9coratifs, ces \u00e9chiquiers sont r\u00e9alis\u00e9s par des grands noms de la sc\u00e8ne de l&#8217;art, du design ou de l&#8217;architecture &#8211; Alexandre Rodtchenko, Jean-Michel Frank, Man Ray, Marcel Duchamp, Alexander Calder, ou, plus r\u00e9cemment, Yoko Ono, Robert Filliou, Yayo Kusama, Victor Vasarely, Zaha Hadid, Frank Ghery ou Damian Hirst &#8211; comme par des anonymes. La synth\u00e8se offerte par l&#8217;auteur constitue un travail d&#8217;historien pr\u00e9cieux et novateur, soutenu par une iconographie \u00e0 la fois riche et souvent in\u00e9dite.<\/p>\n","protected":false},"excerpt":{"rendered":"<p>V\u00e9ritable miroir de la cr\u00e9ation du XXe si\u00e8cle, Chess Design pr\u00e9sente une documentation exceptionnelle sur les jeux d&#8217;\u00e9chec r\u00e9alis\u00e9s par des artistes, designers, architectes et artisans : \u00e9chiquiers eux-m\u00eames, mais \u00e9galement dessins d&#8217;artiste, plans d&#8217;ex\u00e9cution et photographies d&#8217;archives. En pr\u00e9sentant de mani\u00e8re chronologique pr\u00e8s de 300 de ces \u00e9chiquiers, l&#8217;auteur offre un point de vue [&hellip;]<\/p>\n","protected":false},"featured_media":16873,"template":"","meta":[],"product_cat":[55,2948,18,2952],"product_tag":[],"acf":[],"yoast_head":"<!-- This site is optimized with the Yoast SEO plugin v20.11 - https:\/\/yoast.com\/wordpress\/plugins\/seo\/ -->\n<title>CHESS DESIGN - Librairie 7L<\/title>\n<meta name=\"robots\" content=\"index, follow, max-snippet:-1, max-image-preview:large, max-video-preview:-1\" \/>\n<link rel=\"canonical\" href=\"https:\/\/librairie7l.com\/en\/produit\/chess-design\/\" \/>\n<meta property=\"og:locale\" content=\"en_US\" \/>\n<meta property=\"og:type\" content=\"article\" \/>\n<meta property=\"og:title\" content=\"CHESS DESIGN - Librairie 7L\" \/>\n<meta property=\"og:description\" content=\"V\u00e9ritable miroir de la cr\u00e9ation du XXe si\u00e8cle, Chess Design pr\u00e9sente une documentation exceptionnelle sur les jeux d&#8217;\u00e9chec r\u00e9alis\u00e9s par des artistes, designers, architectes et artisans : \u00e9chiquiers eux-m\u00eames, mais \u00e9galement dessins d&#8217;artiste, plans d&#8217;ex\u00e9cution et photographies d&#8217;archives. En pr\u00e9sentant de mani\u00e8re chronologique pr\u00e8s de 300 de ces \u00e9chiquiers, l&#8217;auteur offre un point de vue [&hellip;]\" \/>\n<meta property=\"og:url\" content=\"https:\/\/librairie7l.com\/en\/produit\/chess-design\/\" \/>\n<meta property=\"og:site_name\" content=\"Librairie 7L\" \/>\n<meta property=\"article:modified_time\" content=\"2026-05-02T03:17:45+00:00\" \/>\n<meta property=\"og:image\" content=\"https:\/\/librairie7l.com\/wp-content\/uploads\/2022\/11\/9782376660668_1_75.jpg\" \/>\n\t<meta property=\"og:image:width\" content=\"245\" \/>\n\t<meta property=\"og:image:height\" content=\"320\" \/>\n\t<meta property=\"og:image:type\" content=\"image\/jpeg\" \/>\n<meta name=\"twitter:card\" content=\"summary_large_image\" \/>\n<meta name=\"twitter:label1\" content=\"Est. reading time\" \/>\n\t<meta name=\"twitter:data1\" content=\"1 minute\" \/>\n<script type=\"application\/ld+json\" class=\"yoast-schema-graph\">{\"@context\":\"https:\/\/schema.org\",\"@graph\":[{\"@type\":\"WebPage\",\"@id\":\"https:\/\/librairie7l.com\/en\/produit\/chess-design\/\",\"url\":\"https:\/\/librairie7l.com\/en\/produit\/chess-design\/\",\"name\":\"CHESS DESIGN - Librairie 7L\",\"isPartOf\":{\"@id\":\"https:\/\/librairie7l.com\/en\/#website\"},\"datePublished\":\"2023-05-09T15:23:14+00:00\",\"dateModified\":\"2026-05-02T03:17:45+00:00\",\"breadcrumb\":{\"@id\":\"https:\/\/librairie7l.com\/en\/produit\/chess-design\/#breadcrumb\"},\"inLanguage\":\"en-US\",\"potentialAction\":[{\"@type\":\"ReadAction\",\"target\":[\"https:\/\/librairie7l.com\/en\/produit\/chess-design\/\"]}]},{\"@type\":\"BreadcrumbList\",\"@id\":\"https:\/\/librairie7l.com\/en\/produit\/chess-design\/#breadcrumb\",\"itemListElement\":[{\"@type\":\"ListItem\",\"position\":1,\"name\":\"Accueil\",\"item\":\"https:\/\/librairie7l.com\/en\/\"},{\"@type\":\"ListItem\",\"position\":2,\"name\":\"Shop\",\"item\":\"https:\/\/librairie7l.com\/en\/shop\/\"},{\"@type\":\"ListItem\",\"position\":3,\"name\":\"CHESS DESIGN\"}]},{\"@type\":\"WebSite\",\"@id\":\"https:\/\/librairie7l.com\/en\/#website\",\"url\":\"https:\/\/librairie7l.com\/en\/\",\"name\":\"Librairie 7L\",\"description\":\"Librairie fond\u00e9e en 1999 par Karl Lagerfeld \u00e0 Paris\",\"publisher\":{\"@id\":\"https:\/\/librairie7l.com\/en\/#organization\"},\"potentialAction\":[{\"@type\":\"SearchAction\",\"target\":{\"@type\":\"EntryPoint\",\"urlTemplate\":\"https:\/\/librairie7l.com\/en\/?s={search_term_string}\"},\"query-input\":\"required name=search_term_string\"}],\"inLanguage\":\"en-US\"},{\"@type\":\"Organization\",\"@id\":\"https:\/\/librairie7l.com\/en\/#organization\",\"name\":\"Librairie 7L\",\"url\":\"https:\/\/librairie7l.com\/en\/\",\"logo\":{\"@type\":\"ImageObject\",\"inLanguage\":\"en-US\",\"@id\":\"https:\/\/librairie7l.com\/en\/#\/schema\/logo\/image\/\",\"url\":\"https:\/\/librairie7l.com\/wp-content\/uploads\/2022\/08\/logo-1.png\",\"contentUrl\":\"https:\/\/librairie7l.com\/wp-content\/uploads\/2022\/08\/logo-1.png\",\"width\":227,\"height\":301,\"caption\":\"Librairie 7L\"},\"image\":{\"@id\":\"https:\/\/librairie7l.com\/en\/#\/schema\/logo\/image\/\"}}]}<\/script>\n<!-- \/ Yoast SEO plugin. -->","yoast_head_json":{"title":"CHESS DESIGN - Librairie 7L","robots":{"index":"index","follow":"follow","max-snippet":"max-snippet:-1","max-image-preview":"max-image-preview:large","max-video-preview":"max-video-preview:-1"},"canonical":"https:\/\/librairie7l.com\/en\/produit\/chess-design\/","og_locale":"en_US","og_type":"article","og_title":"CHESS DESIGN - Librairie 7L","og_description":"V\u00e9ritable miroir de la cr\u00e9ation du XXe si\u00e8cle, Chess Design pr\u00e9sente une documentation exceptionnelle sur les jeux d&#8217;\u00e9chec r\u00e9alis\u00e9s par des artistes, designers, architectes et artisans : \u00e9chiquiers eux-m\u00eames, mais \u00e9galement dessins d&#8217;artiste, plans d&#8217;ex\u00e9cution et photographies d&#8217;archives. En pr\u00e9sentant de mani\u00e8re chronologique pr\u00e8s de 300 de ces \u00e9chiquiers, l&#8217;auteur offre un point de vue [&hellip;]","og_url":"https:\/\/librairie7l.com\/en\/produit\/chess-design\/","og_site_name":"Librairie 7L","article_modified_time":"2026-05-02T03:17:45+00:00","og_image":[{"width":245,"height":320,"url":"https:\/\/librairie7l.com\/wp-content\/uploads\/2022\/11\/9782376660668_1_75.jpg","type":"image\/jpeg"}],"twitter_card":"summary_large_image","twitter_misc":{"Est. reading time":"1 minute"},"schema":{"@context":"https:\/\/schema.org","@graph":[{"@type":"WebPage","@id":"https:\/\/librairie7l.com\/en\/produit\/chess-design\/","url":"https:\/\/librairie7l.com\/en\/produit\/chess-design\/","name":"CHESS DESIGN - Librairie 7L","isPartOf":{"@id":"https:\/\/librairie7l.com\/en\/#website"},"datePublished":"2023-05-09T15:23:14+00:00","dateModified":"2026-05-02T03:17:45+00:00","breadcrumb":{"@id":"https:\/\/librairie7l.com\/en\/produit\/chess-design\/#breadcrumb"},"inLanguage":"en-US","potentialAction":[{"@type":"ReadAction","target":["https:\/\/librairie7l.com\/en\/produit\/chess-design\/"]}]},{"@type":"BreadcrumbList","@id":"https:\/\/librairie7l.com\/en\/produit\/chess-design\/#breadcrumb","itemListElement":[{"@type":"ListItem","position":1,"name":"Accueil","item":"https:\/\/librairie7l.com\/en\/"},{"@type":"ListItem","position":2,"name":"Shop","item":"https:\/\/librairie7l.com\/en\/shop\/"},{"@type":"ListItem","position":3,"name":"CHESS DESIGN"}]},{"@type":"WebSite","@id":"https:\/\/librairie7l.com\/en\/#website","url":"https:\/\/librairie7l.com\/en\/","name":"Librairie 7L","description":"Librairie fond\u00e9e en 1999 par Karl Lagerfeld \u00e0 Paris","publisher":{"@id":"https:\/\/librairie7l.com\/en\/#organization"},"potentialAction":[{"@type":"SearchAction","target":{"@type":"EntryPoint","urlTemplate":"https:\/\/librairie7l.com\/en\/?s={search_term_string}"},"query-input":"required name=search_term_string"}],"inLanguage":"en-US"},{"@type":"Organization","@id":"https:\/\/librairie7l.com\/en\/#organization","name":"Librairie 7L","url":"https:\/\/librairie7l.com\/en\/","logo":{"@type":"ImageObject","inLanguage":"en-US","@id":"https:\/\/librairie7l.com\/en\/#\/schema\/logo\/image\/","url":"https:\/\/librairie7l.com\/wp-content\/uploads\/2022\/08\/logo-1.png","contentUrl":"https:\/\/librairie7l.com\/wp-content\/uploads\/2022\/08\/logo-1.png","width":227,"height":301,"caption":"Librairie 7L"},"image":{"@id":"https:\/\/librairie7l.com\/en\/#\/schema\/logo\/image\/"}}]}},"_links":{"self":[{"href":"https:\/\/librairie7l.com\/en\/wp-json\/wp\/v2\/product\/16875"}],"collection":[{"href":"https:\/\/librairie7l.com\/en\/wp-json\/wp\/v2\/product"}],"about":[{"href":"https:\/\/librairie7l.com\/en\/wp-json\/wp\/v2\/types\/product"}],"wp:featuredmedia":[{"embeddable":true,"href":"https:\/\/librairie7l.com\/en\/wp-json\/wp\/v2\/media\/16873"}],"wp:attachment":[{"href":"https:\/\/librairie7l.com\/en\/wp-json\/wp\/v2\/media?parent=16875"}],"wp:term":[{"taxonomy":"product_cat","embeddable":true,"href":"https:\/\/librairie7l.com\/en\/wp-json\/wp\/v2\/product_cat?post=16875"},{"taxonomy":"product_tag","embeddable":true,"href":"https:\/\/librairie7l.com\/en\/wp-json\/wp\/v2\/product_tag?post=16875"}],"curies":[{"name":"wp","href":"https:\/\/api.w.org\/{rel}","templated":true}]}}