{"id":16883,"date":"2023-05-09T17:23:21","date_gmt":"2023-05-09T15:23:21","guid":{"rendered":"https:\/\/librairie7l.com\/?post_type=product&#038;p=16883"},"modified":"2026-04-14T16:53:22","modified_gmt":"2026-04-14T14:53:22","slug":"jacques-grange-oeuvres-recentes-2","status":"publish","type":"product","link":"https:\/\/librairie7l.com\/en\/produit\/jacques-grange-oeuvres-recentes-2\/","title":{"rendered":"JACQUES GRANGE : OEUVRES R\u00c9CENTES"},"content":{"rendered":"<p>En cinquante ans de carri\u00e8re, Jacques Grange s&#8217;est impos\u00e9 comme le d\u00e9corateur des maisons de grands collectionneurs, artistes, designers et cr\u00e9ateurs de tendances. De sa formation classique \u00e0 l&#8217;\u00c9cole Boulle et \u00e0 l&#8217;\u00c9cole Camondo et de sa passion pour l&#8217;art contemporain sont n\u00e9es une vision unique et une approche inimitable du design \u00e0 la fran\u00e7aise, \u00e0 l&#8217;origine de son style intemporel.\u00c0 travers une trentaine de projets r\u00e9cents en Europe et en Am\u00e9rique, c&#8217;est toute l&#8217;\u00e9tendue des inspirations et le go\u00fbt raffin\u00e9 du designer qui se manifestent dans des lieux auxquels il a su apporter sa touche singuli\u00e8re.Ce livre navigue entre un luxueux h\u00f4tel particulier \u00e0 Paris, des demeures \u00e0 Londres et New York, une cabane chic en bord de mer \u00e0 Comporta au Portugal, jusqu&#8217;\u00e0 une mythique maison des ann\u00e9es 1950 \u00e0 Los Angeles. Le texte de Pierre Passebon propose une analyse des fondements du travail de Jacques Grange, de sa conception \u00e9clectique et raffin\u00e9e en \u00e9volution permanente. Les photographies in\u00e9dites de Fran\u00e7ois Halard capturent ces projets singuliers avec une profonde sensibilit\u00e9.<\/p>\n","protected":false},"excerpt":{"rendered":"<p>En cinquante ans de carri\u00e8re, Jacques Grange s&#8217;est impos\u00e9 comme le d\u00e9corateur des maisons de grands collectionneurs, artistes, designers et cr\u00e9ateurs de tendances. De sa formation classique \u00e0 l&#8217;\u00c9cole Boulle et \u00e0 l&#8217;\u00c9cole Camondo et de sa passion pour l&#8217;art contemporain sont n\u00e9es une vision unique et une approche inimitable du design \u00e0 la fran\u00e7aise, [&hellip;]<\/p>\n","protected":false},"featured_media":16881,"template":"","meta":[],"product_cat":[55,2948,46,2951],"product_tag":[],"acf":[],"yoast_head":"<!-- This site is optimized with the Yoast SEO plugin v20.11 - https:\/\/yoast.com\/wordpress\/plugins\/seo\/ -->\n<title>JACQUES GRANGE : OEUVRES R\u00c9CENTES - Librairie 7L<\/title>\n<meta name=\"robots\" content=\"index, follow, max-snippet:-1, max-image-preview:large, max-video-preview:-1\" \/>\n<link rel=\"canonical\" href=\"https:\/\/librairie7l.com\/en\/produit\/jacques-grange-oeuvres-recentes-2\/\" \/>\n<meta property=\"og:locale\" content=\"en_US\" \/>\n<meta property=\"og:type\" content=\"article\" \/>\n<meta property=\"og:title\" content=\"JACQUES GRANGE : OEUVRES R\u00c9CENTES - Librairie 7L\" \/>\n<meta property=\"og:description\" content=\"En cinquante ans de carri\u00e8re, Jacques Grange s&#8217;est impos\u00e9 comme le d\u00e9corateur des maisons de grands collectionneurs, artistes, designers et cr\u00e9ateurs de tendances. De sa formation classique \u00e0 l&#8217;\u00c9cole Boulle et \u00e0 l&#8217;\u00c9cole Camondo et de sa passion pour l&#8217;art contemporain sont n\u00e9es une vision unique et une approche inimitable du design \u00e0 la fran\u00e7aise, [&hellip;]\" \/>\n<meta property=\"og:url\" content=\"https:\/\/librairie7l.com\/en\/produit\/jacques-grange-oeuvres-recentes-2\/\" \/>\n<meta property=\"og:site_name\" content=\"Librairie 7L\" \/>\n<meta property=\"article:modified_time\" content=\"2026-04-14T14:53:22+00:00\" \/>\n<meta property=\"og:image\" content=\"https:\/\/librairie7l.com\/wp-content\/uploads\/2022\/09\/9782080280862_1_75.jpg\" \/>\n\t<meta property=\"og:image:width\" content=\"600\" \/>\n\t<meta property=\"og:image:height\" content=\"765\" \/>\n\t<meta property=\"og:image:type\" content=\"image\/jpeg\" \/>\n<meta name=\"twitter:card\" content=\"summary_large_image\" \/>\n<meta name=\"twitter:label1\" content=\"Est. reading time\" \/>\n\t<meta name=\"twitter:data1\" content=\"1 minute\" \/>\n<script type=\"application\/ld+json\" class=\"yoast-schema-graph\">{\"@context\":\"https:\/\/schema.org\",\"@graph\":[{\"@type\":\"WebPage\",\"@id\":\"https:\/\/librairie7l.com\/en\/produit\/jacques-grange-oeuvres-recentes-2\/\",\"url\":\"https:\/\/librairie7l.com\/en\/produit\/jacques-grange-oeuvres-recentes-2\/\",\"name\":\"JACQUES GRANGE : OEUVRES R\u00c9CENTES - Librairie 7L\",\"isPartOf\":{\"@id\":\"https:\/\/librairie7l.com\/en\/#website\"},\"datePublished\":\"2023-05-09T15:23:21+00:00\",\"dateModified\":\"2026-04-14T14:53:22+00:00\",\"breadcrumb\":{\"@id\":\"https:\/\/librairie7l.com\/en\/produit\/jacques-grange-oeuvres-recentes-2\/#breadcrumb\"},\"inLanguage\":\"en-US\",\"potentialAction\":[{\"@type\":\"ReadAction\",\"target\":[\"https:\/\/librairie7l.com\/en\/produit\/jacques-grange-oeuvres-recentes-2\/\"]}]},{\"@type\":\"BreadcrumbList\",\"@id\":\"https:\/\/librairie7l.com\/en\/produit\/jacques-grange-oeuvres-recentes-2\/#breadcrumb\",\"itemListElement\":[{\"@type\":\"ListItem\",\"position\":1,\"name\":\"Accueil\",\"item\":\"https:\/\/librairie7l.com\/en\/\"},{\"@type\":\"ListItem\",\"position\":2,\"name\":\"Shop\",\"item\":\"https:\/\/librairie7l.com\/en\/shop\/\"},{\"@type\":\"ListItem\",\"position\":3,\"name\":\"JACQUES GRANGE : OEUVRES R\u00c9CENTES\"}]},{\"@type\":\"WebSite\",\"@id\":\"https:\/\/librairie7l.com\/en\/#website\",\"url\":\"https:\/\/librairie7l.com\/en\/\",\"name\":\"Librairie 7L\",\"description\":\"Librairie fond\u00e9e en 1999 par Karl Lagerfeld \u00e0 Paris\",\"publisher\":{\"@id\":\"https:\/\/librairie7l.com\/en\/#organization\"},\"potentialAction\":[{\"@type\":\"SearchAction\",\"target\":{\"@type\":\"EntryPoint\",\"urlTemplate\":\"https:\/\/librairie7l.com\/en\/?s={search_term_string}\"},\"query-input\":\"required name=search_term_string\"}],\"inLanguage\":\"en-US\"},{\"@type\":\"Organization\",\"@id\":\"https:\/\/librairie7l.com\/en\/#organization\",\"name\":\"Librairie 7L\",\"url\":\"https:\/\/librairie7l.com\/en\/\",\"logo\":{\"@type\":\"ImageObject\",\"inLanguage\":\"en-US\",\"@id\":\"https:\/\/librairie7l.com\/en\/#\/schema\/logo\/image\/\",\"url\":\"https:\/\/librairie7l.com\/wp-content\/uploads\/2022\/08\/logo-1.png\",\"contentUrl\":\"https:\/\/librairie7l.com\/wp-content\/uploads\/2022\/08\/logo-1.png\",\"width\":227,\"height\":301,\"caption\":\"Librairie 7L\"},\"image\":{\"@id\":\"https:\/\/librairie7l.com\/en\/#\/schema\/logo\/image\/\"}}]}<\/script>\n<!-- \/ Yoast SEO plugin. -->","yoast_head_json":{"title":"JACQUES GRANGE : OEUVRES R\u00c9CENTES - Librairie 7L","robots":{"index":"index","follow":"follow","max-snippet":"max-snippet:-1","max-image-preview":"max-image-preview:large","max-video-preview":"max-video-preview:-1"},"canonical":"https:\/\/librairie7l.com\/en\/produit\/jacques-grange-oeuvres-recentes-2\/","og_locale":"en_US","og_type":"article","og_title":"JACQUES GRANGE : OEUVRES R\u00c9CENTES - Librairie 7L","og_description":"En cinquante ans de carri\u00e8re, Jacques Grange s&#8217;est impos\u00e9 comme le d\u00e9corateur des maisons de grands collectionneurs, artistes, designers et cr\u00e9ateurs de tendances. De sa formation classique \u00e0 l&#8217;\u00c9cole Boulle et \u00e0 l&#8217;\u00c9cole Camondo et de sa passion pour l&#8217;art contemporain sont n\u00e9es une vision unique et une approche inimitable du design \u00e0 la fran\u00e7aise, [&hellip;]","og_url":"https:\/\/librairie7l.com\/en\/produit\/jacques-grange-oeuvres-recentes-2\/","og_site_name":"Librairie 7L","article_modified_time":"2026-04-14T14:53:22+00:00","og_image":[{"width":600,"height":765,"url":"https:\/\/librairie7l.com\/wp-content\/uploads\/2022\/09\/9782080280862_1_75.jpg","type":"image\/jpeg"}],"twitter_card":"summary_large_image","twitter_misc":{"Est. reading time":"1 minute"},"schema":{"@context":"https:\/\/schema.org","@graph":[{"@type":"WebPage","@id":"https:\/\/librairie7l.com\/en\/produit\/jacques-grange-oeuvres-recentes-2\/","url":"https:\/\/librairie7l.com\/en\/produit\/jacques-grange-oeuvres-recentes-2\/","name":"JACQUES GRANGE : OEUVRES R\u00c9CENTES - Librairie 7L","isPartOf":{"@id":"https:\/\/librairie7l.com\/en\/#website"},"datePublished":"2023-05-09T15:23:21+00:00","dateModified":"2026-04-14T14:53:22+00:00","breadcrumb":{"@id":"https:\/\/librairie7l.com\/en\/produit\/jacques-grange-oeuvres-recentes-2\/#breadcrumb"},"inLanguage":"en-US","potentialAction":[{"@type":"ReadAction","target":["https:\/\/librairie7l.com\/en\/produit\/jacques-grange-oeuvres-recentes-2\/"]}]},{"@type":"BreadcrumbList","@id":"https:\/\/librairie7l.com\/en\/produit\/jacques-grange-oeuvres-recentes-2\/#breadcrumb","itemListElement":[{"@type":"ListItem","position":1,"name":"Accueil","item":"https:\/\/librairie7l.com\/en\/"},{"@type":"ListItem","position":2,"name":"Shop","item":"https:\/\/librairie7l.com\/en\/shop\/"},{"@type":"ListItem","position":3,"name":"JACQUES GRANGE : OEUVRES R\u00c9CENTES"}]},{"@type":"WebSite","@id":"https:\/\/librairie7l.com\/en\/#website","url":"https:\/\/librairie7l.com\/en\/","name":"Librairie 7L","description":"Librairie fond\u00e9e en 1999 par Karl Lagerfeld \u00e0 Paris","publisher":{"@id":"https:\/\/librairie7l.com\/en\/#organization"},"potentialAction":[{"@type":"SearchAction","target":{"@type":"EntryPoint","urlTemplate":"https:\/\/librairie7l.com\/en\/?s={search_term_string}"},"query-input":"required name=search_term_string"}],"inLanguage":"en-US"},{"@type":"Organization","@id":"https:\/\/librairie7l.com\/en\/#organization","name":"Librairie 7L","url":"https:\/\/librairie7l.com\/en\/","logo":{"@type":"ImageObject","inLanguage":"en-US","@id":"https:\/\/librairie7l.com\/en\/#\/schema\/logo\/image\/","url":"https:\/\/librairie7l.com\/wp-content\/uploads\/2022\/08\/logo-1.png","contentUrl":"https:\/\/librairie7l.com\/wp-content\/uploads\/2022\/08\/logo-1.png","width":227,"height":301,"caption":"Librairie 7L"},"image":{"@id":"https:\/\/librairie7l.com\/en\/#\/schema\/logo\/image\/"}}]}},"_links":{"self":[{"href":"https:\/\/librairie7l.com\/en\/wp-json\/wp\/v2\/product\/16883"}],"collection":[{"href":"https:\/\/librairie7l.com\/en\/wp-json\/wp\/v2\/product"}],"about":[{"href":"https:\/\/librairie7l.com\/en\/wp-json\/wp\/v2\/types\/product"}],"wp:featuredmedia":[{"embeddable":true,"href":"https:\/\/librairie7l.com\/en\/wp-json\/wp\/v2\/media\/16881"}],"wp:attachment":[{"href":"https:\/\/librairie7l.com\/en\/wp-json\/wp\/v2\/media?parent=16883"}],"wp:term":[{"taxonomy":"product_cat","embeddable":true,"href":"https:\/\/librairie7l.com\/en\/wp-json\/wp\/v2\/product_cat?post=16883"},{"taxonomy":"product_tag","embeddable":true,"href":"https:\/\/librairie7l.com\/en\/wp-json\/wp\/v2\/product_tag?post=16883"}],"curies":[{"name":"wp","href":"https:\/\/api.w.org\/{rel}","templated":true}]}}