{"id":16887,"date":"2023-05-09T17:23:24","date_gmt":"2023-05-09T15:23:24","guid":{"rendered":"https:\/\/librairie7l.com\/?post_type=product&#038;p=16887"},"modified":"2026-04-20T11:14:17","modified_gmt":"2026-04-20T09:14:17","slug":"au-dela-des-apparences","status":"publish","type":"product","link":"https:\/\/librairie7l.com\/en\/produit\/au-dela-des-apparences\/","title":{"rendered":"AU-DEL\u00c0 DES APPARENCES"},"content":{"rendered":"<p>Depuis cinquante ans, Bernard Descamps explore la photographie dans tous ses \u00e9tats, du reportage au paysage et au portrait, du noir et blanc \u00e0 la couleur. Voyageur inlassable, Descamps s&#8217;est rendu dans de nombreux pays, \u00e0 la rencontre des populations et de leurs coutumes (Mali, Inde, Japon, Venezuela, Vietnam, Madagascar, Maroc, etc).   Pour autant propose-t-il  une photographie de voyage qui est surtout celle du voyage int\u00e9rieur : ses images, images, dont la puret\u00e9 approche souvent l&#8217;abstraction, ne d\u00e9crivent pas les objets ou les \u00e9v\u00e9nements \u00bb mais \u00ab voudraient d\u00e9voiler de minuscules fragments du temps selon ses propres termes.  Photographe-voyageur, membre de l&#8217;agence Vu et repr\u00e9sent\u00e9 par la galerie Camera Obscura, Bernard Descamps traite de l&#8217;environnement, des rapports de l&#8217;homme et de la terre. Depuis trente ans, il explore la photographie dans tous ses \u00e9tats, du reportage au paysage en passant par la ville et ses couleurs. Ici ce livre nous parle de nature, de paysages par une approche en quatre chapitres : La mer, la montagne, la for\u00eat et les oiseaux.  Bernard Descamps a publi\u00e9 douze titres chez Filigranes : Au-del\u00e0 des apparences, Natura, Autoportrait, O\u00f9 sont pass\u00e9s nos r\u00eaves ?. Ici m\u00eame, Quelques Afriques, Lady Land, Silences, Evening Land, Japon, Berb\u00e8re, Le don du fleuve.<\/p>\n","protected":false},"excerpt":{"rendered":"<p>Depuis cinquante ans, Bernard Descamps explore la photographie dans tous ses \u00e9tats, du reportage au paysage et au portrait, du noir et blanc \u00e0 la couleur. Voyageur inlassable, Descamps s&#8217;est rendu dans de nombreux pays, \u00e0 la rencontre des populations et de leurs coutumes (Mali, Inde, Japon, Venezuela, Vietnam, Madagascar, Maroc, etc). Pour autant propose-t-il [&hellip;]<\/p>\n","protected":false},"featured_media":16885,"template":"","meta":[],"product_cat":[55,2948,2958,17],"product_tag":[],"acf":[],"yoast_head":"<!-- This site is optimized with the Yoast SEO plugin v20.11 - https:\/\/yoast.com\/wordpress\/plugins\/seo\/ -->\n<title>AU-DEL\u00c0 DES APPARENCES - Librairie 7L<\/title>\n<meta name=\"robots\" content=\"index, follow, max-snippet:-1, max-image-preview:large, max-video-preview:-1\" \/>\n<link rel=\"canonical\" href=\"https:\/\/librairie7l.com\/en\/produit\/au-dela-des-apparences\/\" \/>\n<meta property=\"og:locale\" content=\"en_US\" \/>\n<meta property=\"og:type\" content=\"article\" \/>\n<meta property=\"og:title\" content=\"AU-DEL\u00c0 DES APPARENCES - Librairie 7L\" \/>\n<meta property=\"og:description\" content=\"Depuis cinquante ans, Bernard Descamps explore la photographie dans tous ses \u00e9tats, du reportage au paysage et au portrait, du noir et blanc \u00e0 la couleur. Voyageur inlassable, Descamps s&#8217;est rendu dans de nombreux pays, \u00e0 la rencontre des populations et de leurs coutumes (Mali, Inde, Japon, Venezuela, Vietnam, Madagascar, Maroc, etc). Pour autant propose-t-il [&hellip;]\" \/>\n<meta property=\"og:url\" content=\"https:\/\/librairie7l.com\/en\/produit\/au-dela-des-apparences\/\" \/>\n<meta property=\"og:site_name\" content=\"Librairie 7L\" \/>\n<meta property=\"article:modified_time\" content=\"2026-04-20T09:14:17+00:00\" \/>\n<meta property=\"og:image\" content=\"https:\/\/librairie7l.com\/wp-content\/uploads\/2022\/11\/9782350465821_1_75.jpg\" \/>\n\t<meta property=\"og:image:width\" content=\"600\" \/>\n\t<meta property=\"og:image:height\" content=\"645\" \/>\n\t<meta property=\"og:image:type\" content=\"image\/jpeg\" \/>\n<meta name=\"twitter:card\" content=\"summary_large_image\" \/>\n<meta name=\"twitter:label1\" content=\"Est. reading time\" \/>\n\t<meta name=\"twitter:data1\" content=\"1 minute\" \/>\n<script type=\"application\/ld+json\" class=\"yoast-schema-graph\">{\"@context\":\"https:\/\/schema.org\",\"@graph\":[{\"@type\":\"WebPage\",\"@id\":\"https:\/\/librairie7l.com\/en\/produit\/au-dela-des-apparences\/\",\"url\":\"https:\/\/librairie7l.com\/en\/produit\/au-dela-des-apparences\/\",\"name\":\"AU-DEL\u00c0 DES APPARENCES - Librairie 7L\",\"isPartOf\":{\"@id\":\"https:\/\/librairie7l.com\/en\/#website\"},\"datePublished\":\"2023-05-09T15:23:24+00:00\",\"dateModified\":\"2026-04-20T09:14:17+00:00\",\"breadcrumb\":{\"@id\":\"https:\/\/librairie7l.com\/en\/produit\/au-dela-des-apparences\/#breadcrumb\"},\"inLanguage\":\"en-US\",\"potentialAction\":[{\"@type\":\"ReadAction\",\"target\":[\"https:\/\/librairie7l.com\/en\/produit\/au-dela-des-apparences\/\"]}]},{\"@type\":\"BreadcrumbList\",\"@id\":\"https:\/\/librairie7l.com\/en\/produit\/au-dela-des-apparences\/#breadcrumb\",\"itemListElement\":[{\"@type\":\"ListItem\",\"position\":1,\"name\":\"Accueil\",\"item\":\"https:\/\/librairie7l.com\/en\/\"},{\"@type\":\"ListItem\",\"position\":2,\"name\":\"Shop\",\"item\":\"https:\/\/librairie7l.com\/en\/shop\/\"},{\"@type\":\"ListItem\",\"position\":3,\"name\":\"AU-DEL\u00c0 DES APPARENCES\"}]},{\"@type\":\"WebSite\",\"@id\":\"https:\/\/librairie7l.com\/en\/#website\",\"url\":\"https:\/\/librairie7l.com\/en\/\",\"name\":\"Librairie 7L\",\"description\":\"Librairie fond\u00e9e en 1999 par Karl Lagerfeld \u00e0 Paris\",\"publisher\":{\"@id\":\"https:\/\/librairie7l.com\/en\/#organization\"},\"potentialAction\":[{\"@type\":\"SearchAction\",\"target\":{\"@type\":\"EntryPoint\",\"urlTemplate\":\"https:\/\/librairie7l.com\/en\/?s={search_term_string}\"},\"query-input\":\"required name=search_term_string\"}],\"inLanguage\":\"en-US\"},{\"@type\":\"Organization\",\"@id\":\"https:\/\/librairie7l.com\/en\/#organization\",\"name\":\"Librairie 7L\",\"url\":\"https:\/\/librairie7l.com\/en\/\",\"logo\":{\"@type\":\"ImageObject\",\"inLanguage\":\"en-US\",\"@id\":\"https:\/\/librairie7l.com\/en\/#\/schema\/logo\/image\/\",\"url\":\"https:\/\/librairie7l.com\/wp-content\/uploads\/2022\/08\/logo-1.png\",\"contentUrl\":\"https:\/\/librairie7l.com\/wp-content\/uploads\/2022\/08\/logo-1.png\",\"width\":227,\"height\":301,\"caption\":\"Librairie 7L\"},\"image\":{\"@id\":\"https:\/\/librairie7l.com\/en\/#\/schema\/logo\/image\/\"}}]}<\/script>\n<!-- \/ Yoast SEO plugin. -->","yoast_head_json":{"title":"AU-DEL\u00c0 DES APPARENCES - Librairie 7L","robots":{"index":"index","follow":"follow","max-snippet":"max-snippet:-1","max-image-preview":"max-image-preview:large","max-video-preview":"max-video-preview:-1"},"canonical":"https:\/\/librairie7l.com\/en\/produit\/au-dela-des-apparences\/","og_locale":"en_US","og_type":"article","og_title":"AU-DEL\u00c0 DES APPARENCES - Librairie 7L","og_description":"Depuis cinquante ans, Bernard Descamps explore la photographie dans tous ses \u00e9tats, du reportage au paysage et au portrait, du noir et blanc \u00e0 la couleur. Voyageur inlassable, Descamps s&#8217;est rendu dans de nombreux pays, \u00e0 la rencontre des populations et de leurs coutumes (Mali, Inde, Japon, Venezuela, Vietnam, Madagascar, Maroc, etc). Pour autant propose-t-il [&hellip;]","og_url":"https:\/\/librairie7l.com\/en\/produit\/au-dela-des-apparences\/","og_site_name":"Librairie 7L","article_modified_time":"2026-04-20T09:14:17+00:00","og_image":[{"width":600,"height":645,"url":"https:\/\/librairie7l.com\/wp-content\/uploads\/2022\/11\/9782350465821_1_75.jpg","type":"image\/jpeg"}],"twitter_card":"summary_large_image","twitter_misc":{"Est. reading time":"1 minute"},"schema":{"@context":"https:\/\/schema.org","@graph":[{"@type":"WebPage","@id":"https:\/\/librairie7l.com\/en\/produit\/au-dela-des-apparences\/","url":"https:\/\/librairie7l.com\/en\/produit\/au-dela-des-apparences\/","name":"AU-DEL\u00c0 DES APPARENCES - Librairie 7L","isPartOf":{"@id":"https:\/\/librairie7l.com\/en\/#website"},"datePublished":"2023-05-09T15:23:24+00:00","dateModified":"2026-04-20T09:14:17+00:00","breadcrumb":{"@id":"https:\/\/librairie7l.com\/en\/produit\/au-dela-des-apparences\/#breadcrumb"},"inLanguage":"en-US","potentialAction":[{"@type":"ReadAction","target":["https:\/\/librairie7l.com\/en\/produit\/au-dela-des-apparences\/"]}]},{"@type":"BreadcrumbList","@id":"https:\/\/librairie7l.com\/en\/produit\/au-dela-des-apparences\/#breadcrumb","itemListElement":[{"@type":"ListItem","position":1,"name":"Accueil","item":"https:\/\/librairie7l.com\/en\/"},{"@type":"ListItem","position":2,"name":"Shop","item":"https:\/\/librairie7l.com\/en\/shop\/"},{"@type":"ListItem","position":3,"name":"AU-DEL\u00c0 DES APPARENCES"}]},{"@type":"WebSite","@id":"https:\/\/librairie7l.com\/en\/#website","url":"https:\/\/librairie7l.com\/en\/","name":"Librairie 7L","description":"Librairie fond\u00e9e en 1999 par Karl Lagerfeld \u00e0 Paris","publisher":{"@id":"https:\/\/librairie7l.com\/en\/#organization"},"potentialAction":[{"@type":"SearchAction","target":{"@type":"EntryPoint","urlTemplate":"https:\/\/librairie7l.com\/en\/?s={search_term_string}"},"query-input":"required name=search_term_string"}],"inLanguage":"en-US"},{"@type":"Organization","@id":"https:\/\/librairie7l.com\/en\/#organization","name":"Librairie 7L","url":"https:\/\/librairie7l.com\/en\/","logo":{"@type":"ImageObject","inLanguage":"en-US","@id":"https:\/\/librairie7l.com\/en\/#\/schema\/logo\/image\/","url":"https:\/\/librairie7l.com\/wp-content\/uploads\/2022\/08\/logo-1.png","contentUrl":"https:\/\/librairie7l.com\/wp-content\/uploads\/2022\/08\/logo-1.png","width":227,"height":301,"caption":"Librairie 7L"},"image":{"@id":"https:\/\/librairie7l.com\/en\/#\/schema\/logo\/image\/"}}]}},"_links":{"self":[{"href":"https:\/\/librairie7l.com\/en\/wp-json\/wp\/v2\/product\/16887"}],"collection":[{"href":"https:\/\/librairie7l.com\/en\/wp-json\/wp\/v2\/product"}],"about":[{"href":"https:\/\/librairie7l.com\/en\/wp-json\/wp\/v2\/types\/product"}],"wp:featuredmedia":[{"embeddable":true,"href":"https:\/\/librairie7l.com\/en\/wp-json\/wp\/v2\/media\/16885"}],"wp:attachment":[{"href":"https:\/\/librairie7l.com\/en\/wp-json\/wp\/v2\/media?parent=16887"}],"wp:term":[{"taxonomy":"product_cat","embeddable":true,"href":"https:\/\/librairie7l.com\/en\/wp-json\/wp\/v2\/product_cat?post=16887"},{"taxonomy":"product_tag","embeddable":true,"href":"https:\/\/librairie7l.com\/en\/wp-json\/wp\/v2\/product_tag?post=16887"}],"curies":[{"name":"wp","href":"https:\/\/api.w.org\/{rel}","templated":true}]}}