{"id":16891,"date":"2023-05-09T17:23:29","date_gmt":"2023-05-09T15:23:29","guid":{"rendered":"https:\/\/librairie7l.com\/?post_type=product&#038;p=16891"},"modified":"2026-04-18T12:07:45","modified_gmt":"2026-04-18T10:07:45","slug":"paolo-roversi-par-christian-caujolle-2","status":"publish","type":"product","link":"https:\/\/librairie7l.com\/en\/produit\/paolo-roversi-par-christian-caujolle-2\/","title":{"rendered":"PAOLO ROVERSI PAR CHRISTIAN CAUJOLLE"},"content":{"rendered":"<p>Si on le conna\u00eet surtout pour ses photographies dans le domaine de la mode, Paolo Roversi n&#8217;est surtout pas photographe \u00ab de \u00bb mode. Ce grand connaisseur de la photographie &#8211; qu&#8217;il collectionne avec un go\u00fbt tr\u00e8s s\u00fbr -, cet amateur, au plus beau sens du terme, de livres qui, d\u00e8s sa jeunesse l&#8217;ont familiaris\u00e9 avec les classiques comme avec les auteurs de sa g\u00e9n\u00e9ration, est photographe, tout simplement.<\/p>\n<p>Il consid\u00e8re chaque photo comme un \u00ab portrait \u00bb, qu&#8217;il s&#8217;agisse d&#8217;un visage, d&#8217;une robe, d&#8217;un paysage ou d&#8217;une cafeti\u00e8re, et affirme sa passion pour August Sander, Diane Arbus ou Richard Avedon. Et \u00e9videmment Robert Frank dont il fut proche. Simplement parce qu&#8217;il cherche \u00e0 \u00ab placer au centre du monde \u00bb ce qu&#8217;il photographie, qu&#8217;il s&#8217;efface pour pouvoir \u00e9liminer et \u00e9purer au maximum. Avec une grande \u00e9l\u00e9gance.<\/p>\n<p>Au d\u00e9but, cela n&#8217;a pas \u00e9t\u00e9 facile. Le COVID 19 nous a emp\u00each\u00e9s de nous voir en face \u00e0 face et nous avons dialogu\u00e9 par \u00e9crans interpos\u00e9s, ce que ni l&#8217;un ni l&#8217;autre n&#8217;aimons et qui ne se pr\u00eate gu\u00e8re au type d&#8217;\u00e9change qui est la r\u00e8gle, la base et le fondement de ces discussions. D\u00e8s la premi\u00e8re rencontre physique sur la terrasse du Studio Luce et malgr\u00e9 l&#8217;intempestif passage d&#8217;un h\u00e9licopt\u00e8re, la parole est devenue plus fluide. D&#8217;autant que le lieu est accueillant, que le studio, dans un immeuble des ann\u00e9es trente au sud de Paris fait cohabiter espaces de vie et de travail. Comme une \u00e9vidence. Retrouvailles complices, \u00e9changes, partage. Et toujours cette bonne humeur \u00e9l\u00e9gante, ce sourire qui plisse au coin des yeux, ce rire fr\u00e9quent et jamais haut, cet humour l\u00e9ger, une fa\u00e7on de ne pas se prendre au s\u00e9rieux, une forme de pr\u00e9destination au bonheur comme une d\u00e9cision de vie. On sent \u00e0 chaque instant une exigence, par n\u00e9cessit\u00e9 et, tout aussi forte, l&#8217;indispensable libert\u00e9 qui ouvre les portes. Le rythme est souple, musical, \u00e0 la fois ferme dans ses convictions et jamais arrogant. Fran\u00e7ais parfait et pr\u00e9cis pour le plus italien des parisiens, ou, peut-\u00eatre, le plus parisien des italiens. Peu importe, d&#8217;ailleurs. Oui, une \u00e9vidente \u00e9l\u00e9gance. Comme, plus tard, dans son appartement lumineux au dernier \u00e9tage d&#8217;un bel immeuble. Un univers habit\u00e9, ni en d\u00e9sordre ni vraiment rang\u00e9, surtout pas arrang\u00e9. Un monde de livres, d\u00e8s l&#8217;entr\u00e9e et dans presque toutes les pi\u00e8ces. Des livres de tous types, po\u00e9sie, roman, philosophie, litt\u00e9rature, photo \u00e9videmment, livres d&#8217;art et de remarquables exemplaires reli\u00e9s de belles \u00e9ditions anciennes- vu une originale de Paul et Virginie, un ouvrage de 1776 sur l&#8217;Italie avec des aquarelles magnifiques ou un exemplaire des oeuvres compl\u00e8tes de Jules C\u00e9sar &#8211; qui viennent de son \u00e9pouse, Laetitia, ancienne top model descendante des imprimeurs typographes Firmin Didot. Un monde de photographies, partout, dans toutes les pi\u00e8ces, au mur ou sur des rangements en bois \u00e0 croisillons. Peu de photographies du ma\u00eetre des lieux, finalement, mais beaucoup de p\u00e9pites, de Robert Franck &#8211; beaucoup &#8211; \u00e0 Diane Arbus &#8211; dont le si rare autoportrait enceinte &#8211; \u00e0 Kert\u00e9sz &#8211; un petit tirage in\u00e9dit d&#8217;une vue de Paris -, plusieurs Shoji Ueda ou Louis Faurer. Et tant d&#8217;autres, m\u00eal\u00e9s \u00e0 quelques photos de famille. Face \u00e0 un mur enti\u00e8rement couvert de photographies, bouleversant, un Lucio Fontana blanc, d&#8217;un format inhabituellement grand, tr\u00e8s pur d&#8217;une seule entaille verticale. On aper\u00e7oit, dans une biblioth\u00e8que dont les portes vitr\u00e9es prot\u00e8gent des livres particuli\u00e8rement pr\u00e9cieux, un petit paquet carr\u00e9, emballage myst\u00e9rieux des tout d\u00e9buts de Christo. D&#8217;autres peintures au mur, dont une d&#8217;un ami. Ici, rien n&#8217;est d\u00e9coration, on vit dans un environnement o\u00f9 l&#8217;art trouve tout naturellement sa place pour que l&#8217;on vive avec lui. On le respire. Mais il ne s&#8217;agit ni d&#8217;un mus\u00e9e, ni d&#8217;une monstration, encore moins d&#8217;une d\u00e9monstration. Pas de logique, pas de hi\u00e9rarchie, une mani\u00e8re plut\u00f4t d&#8217;autoportrait fait de bribes de souvenirs, de moments d&#8217;une vie, d&#8217;\u00e9motions pr\u00e9serv\u00e9es.<\/p>\n<p>Nous n&#8217;avons, finalement, pas tellement parl\u00e9 de mode. Sans doute parce que ce n&#8217;est pas vraiment le propos, m\u00eame si celui qui dit avoir \u00e9t\u00e9 fortement influenc\u00e9 par August Sander est catalogu\u00e9 comme photographe \u00ab de mode \u00bb et que c&#8217;est son activit\u00e9 professionnelle principale. Mais il est \u00e9vident que pour celui pour qui \u00ab tout est portrait \u00bb l&#8217;enjeu, le seul, est la photographie. Donc la lumi\u00e8re. Et une indispensable libert\u00e9 que l&#8217;on retrouve dans la fa\u00e7on d&#8217;\u00e9voquer et sa pratique et des souvenirs, de se dire sans toujours se d\u00e9voiler, avec une pudeur qui n&#8217;est pas un calcul ou une cachotterie.<\/p>\n<p>La parole est fluide, les \u00e9motions et les souvenirs reviennent, les convictions, les commentaires, sans affectation. On se parle. Juste entre nous.<\/p>\n","protected":false},"excerpt":{"rendered":"<p>Si on le conna\u00eet surtout pour ses photographies dans le domaine de la mode, Paolo Roversi n&#8217;est surtout pas photographe \u00ab de \u00bb mode. Ce grand connaisseur de la photographie &#8211; qu&#8217;il collectionne avec un go\u00fbt tr\u00e8s s\u00fbr -, cet amateur, au plus beau sens du terme, de livres qui, d\u00e8s sa jeunesse l&#8217;ont familiaris\u00e9 [&hellip;]<\/p>\n","protected":false},"featured_media":16889,"template":"","meta":[],"product_cat":[55,2948,2958,17],"product_tag":[],"acf":[],"yoast_head":"<!-- This site is optimized with the Yoast SEO plugin v20.11 - https:\/\/yoast.com\/wordpress\/plugins\/seo\/ -->\n<title>PAOLO ROVERSI PAR CHRISTIAN CAUJOLLE - Librairie 7L<\/title>\n<meta name=\"robots\" content=\"index, follow, max-snippet:-1, max-image-preview:large, max-video-preview:-1\" \/>\n<link rel=\"canonical\" href=\"https:\/\/librairie7l.com\/en\/produit\/paolo-roversi-par-christian-caujolle-2\/\" \/>\n<meta property=\"og:locale\" content=\"en_US\" \/>\n<meta property=\"og:type\" content=\"article\" \/>\n<meta property=\"og:title\" content=\"PAOLO ROVERSI PAR CHRISTIAN CAUJOLLE - Librairie 7L\" \/>\n<meta property=\"og:description\" content=\"Si on le conna\u00eet surtout pour ses photographies dans le domaine de la mode, Paolo Roversi n&#8217;est surtout pas photographe \u00ab de \u00bb mode. Ce grand connaisseur de la photographie &#8211; qu&#8217;il collectionne avec un go\u00fbt tr\u00e8s s\u00fbr -, cet amateur, au plus beau sens du terme, de livres qui, d\u00e8s sa jeunesse l&#8217;ont familiaris\u00e9 [&hellip;]\" \/>\n<meta property=\"og:url\" content=\"https:\/\/librairie7l.com\/en\/produit\/paolo-roversi-par-christian-caujolle-2\/\" \/>\n<meta property=\"og:site_name\" content=\"Librairie 7L\" \/>\n<meta property=\"article:modified_time\" content=\"2026-04-18T10:07:45+00:00\" \/>\n<meta property=\"og:image\" content=\"https:\/\/librairie7l.com\/wp-content\/uploads\/2022\/11\/9782492696121_1_75.jpg\" \/>\n\t<meta property=\"og:image:width\" content=\"600\" \/>\n\t<meta property=\"og:image:height\" content=\"808\" \/>\n\t<meta property=\"og:image:type\" content=\"image\/jpeg\" \/>\n<meta name=\"twitter:card\" content=\"summary_large_image\" \/>\n<meta name=\"twitter:label1\" content=\"Est. reading time\" \/>\n\t<meta name=\"twitter:data1\" content=\"4 minutes\" \/>\n<script type=\"application\/ld+json\" class=\"yoast-schema-graph\">{\"@context\":\"https:\/\/schema.org\",\"@graph\":[{\"@type\":\"WebPage\",\"@id\":\"https:\/\/librairie7l.com\/en\/produit\/paolo-roversi-par-christian-caujolle-2\/\",\"url\":\"https:\/\/librairie7l.com\/en\/produit\/paolo-roversi-par-christian-caujolle-2\/\",\"name\":\"PAOLO ROVERSI PAR CHRISTIAN CAUJOLLE - Librairie 7L\",\"isPartOf\":{\"@id\":\"https:\/\/librairie7l.com\/en\/#website\"},\"datePublished\":\"2023-05-09T15:23:29+00:00\",\"dateModified\":\"2026-04-18T10:07:45+00:00\",\"breadcrumb\":{\"@id\":\"https:\/\/librairie7l.com\/en\/produit\/paolo-roversi-par-christian-caujolle-2\/#breadcrumb\"},\"inLanguage\":\"en-US\",\"potentialAction\":[{\"@type\":\"ReadAction\",\"target\":[\"https:\/\/librairie7l.com\/en\/produit\/paolo-roversi-par-christian-caujolle-2\/\"]}]},{\"@type\":\"BreadcrumbList\",\"@id\":\"https:\/\/librairie7l.com\/en\/produit\/paolo-roversi-par-christian-caujolle-2\/#breadcrumb\",\"itemListElement\":[{\"@type\":\"ListItem\",\"position\":1,\"name\":\"Accueil\",\"item\":\"https:\/\/librairie7l.com\/en\/\"},{\"@type\":\"ListItem\",\"position\":2,\"name\":\"Shop\",\"item\":\"https:\/\/librairie7l.com\/en\/shop\/\"},{\"@type\":\"ListItem\",\"position\":3,\"name\":\"PAOLO ROVERSI PAR CHRISTIAN CAUJOLLE\"}]},{\"@type\":\"WebSite\",\"@id\":\"https:\/\/librairie7l.com\/en\/#website\",\"url\":\"https:\/\/librairie7l.com\/en\/\",\"name\":\"Librairie 7L\",\"description\":\"Librairie fond\u00e9e en 1999 par Karl Lagerfeld \u00e0 Paris\",\"publisher\":{\"@id\":\"https:\/\/librairie7l.com\/en\/#organization\"},\"potentialAction\":[{\"@type\":\"SearchAction\",\"target\":{\"@type\":\"EntryPoint\",\"urlTemplate\":\"https:\/\/librairie7l.com\/en\/?s={search_term_string}\"},\"query-input\":\"required name=search_term_string\"}],\"inLanguage\":\"en-US\"},{\"@type\":\"Organization\",\"@id\":\"https:\/\/librairie7l.com\/en\/#organization\",\"name\":\"Librairie 7L\",\"url\":\"https:\/\/librairie7l.com\/en\/\",\"logo\":{\"@type\":\"ImageObject\",\"inLanguage\":\"en-US\",\"@id\":\"https:\/\/librairie7l.com\/en\/#\/schema\/logo\/image\/\",\"url\":\"https:\/\/librairie7l.com\/wp-content\/uploads\/2022\/08\/logo-1.png\",\"contentUrl\":\"https:\/\/librairie7l.com\/wp-content\/uploads\/2022\/08\/logo-1.png\",\"width\":227,\"height\":301,\"caption\":\"Librairie 7L\"},\"image\":{\"@id\":\"https:\/\/librairie7l.com\/en\/#\/schema\/logo\/image\/\"}}]}<\/script>\n<!-- \/ Yoast SEO plugin. -->","yoast_head_json":{"title":"PAOLO ROVERSI PAR CHRISTIAN CAUJOLLE - Librairie 7L","robots":{"index":"index","follow":"follow","max-snippet":"max-snippet:-1","max-image-preview":"max-image-preview:large","max-video-preview":"max-video-preview:-1"},"canonical":"https:\/\/librairie7l.com\/en\/produit\/paolo-roversi-par-christian-caujolle-2\/","og_locale":"en_US","og_type":"article","og_title":"PAOLO ROVERSI PAR CHRISTIAN CAUJOLLE - Librairie 7L","og_description":"Si on le conna\u00eet surtout pour ses photographies dans le domaine de la mode, Paolo Roversi n&#8217;est surtout pas photographe \u00ab de \u00bb mode. Ce grand connaisseur de la photographie &#8211; qu&#8217;il collectionne avec un go\u00fbt tr\u00e8s s\u00fbr -, cet amateur, au plus beau sens du terme, de livres qui, d\u00e8s sa jeunesse l&#8217;ont familiaris\u00e9 [&hellip;]","og_url":"https:\/\/librairie7l.com\/en\/produit\/paolo-roversi-par-christian-caujolle-2\/","og_site_name":"Librairie 7L","article_modified_time":"2026-04-18T10:07:45+00:00","og_image":[{"width":600,"height":808,"url":"https:\/\/librairie7l.com\/wp-content\/uploads\/2022\/11\/9782492696121_1_75.jpg","type":"image\/jpeg"}],"twitter_card":"summary_large_image","twitter_misc":{"Est. reading time":"4 minutes"},"schema":{"@context":"https:\/\/schema.org","@graph":[{"@type":"WebPage","@id":"https:\/\/librairie7l.com\/en\/produit\/paolo-roversi-par-christian-caujolle-2\/","url":"https:\/\/librairie7l.com\/en\/produit\/paolo-roversi-par-christian-caujolle-2\/","name":"PAOLO ROVERSI PAR CHRISTIAN CAUJOLLE - Librairie 7L","isPartOf":{"@id":"https:\/\/librairie7l.com\/en\/#website"},"datePublished":"2023-05-09T15:23:29+00:00","dateModified":"2026-04-18T10:07:45+00:00","breadcrumb":{"@id":"https:\/\/librairie7l.com\/en\/produit\/paolo-roversi-par-christian-caujolle-2\/#breadcrumb"},"inLanguage":"en-US","potentialAction":[{"@type":"ReadAction","target":["https:\/\/librairie7l.com\/en\/produit\/paolo-roversi-par-christian-caujolle-2\/"]}]},{"@type":"BreadcrumbList","@id":"https:\/\/librairie7l.com\/en\/produit\/paolo-roversi-par-christian-caujolle-2\/#breadcrumb","itemListElement":[{"@type":"ListItem","position":1,"name":"Accueil","item":"https:\/\/librairie7l.com\/en\/"},{"@type":"ListItem","position":2,"name":"Shop","item":"https:\/\/librairie7l.com\/en\/shop\/"},{"@type":"ListItem","position":3,"name":"PAOLO ROVERSI PAR CHRISTIAN CAUJOLLE"}]},{"@type":"WebSite","@id":"https:\/\/librairie7l.com\/en\/#website","url":"https:\/\/librairie7l.com\/en\/","name":"Librairie 7L","description":"Librairie fond\u00e9e en 1999 par Karl Lagerfeld \u00e0 Paris","publisher":{"@id":"https:\/\/librairie7l.com\/en\/#organization"},"potentialAction":[{"@type":"SearchAction","target":{"@type":"EntryPoint","urlTemplate":"https:\/\/librairie7l.com\/en\/?s={search_term_string}"},"query-input":"required name=search_term_string"}],"inLanguage":"en-US"},{"@type":"Organization","@id":"https:\/\/librairie7l.com\/en\/#organization","name":"Librairie 7L","url":"https:\/\/librairie7l.com\/en\/","logo":{"@type":"ImageObject","inLanguage":"en-US","@id":"https:\/\/librairie7l.com\/en\/#\/schema\/logo\/image\/","url":"https:\/\/librairie7l.com\/wp-content\/uploads\/2022\/08\/logo-1.png","contentUrl":"https:\/\/librairie7l.com\/wp-content\/uploads\/2022\/08\/logo-1.png","width":227,"height":301,"caption":"Librairie 7L"},"image":{"@id":"https:\/\/librairie7l.com\/en\/#\/schema\/logo\/image\/"}}]}},"_links":{"self":[{"href":"https:\/\/librairie7l.com\/en\/wp-json\/wp\/v2\/product\/16891"}],"collection":[{"href":"https:\/\/librairie7l.com\/en\/wp-json\/wp\/v2\/product"}],"about":[{"href":"https:\/\/librairie7l.com\/en\/wp-json\/wp\/v2\/types\/product"}],"wp:featuredmedia":[{"embeddable":true,"href":"https:\/\/librairie7l.com\/en\/wp-json\/wp\/v2\/media\/16889"}],"wp:attachment":[{"href":"https:\/\/librairie7l.com\/en\/wp-json\/wp\/v2\/media?parent=16891"}],"wp:term":[{"taxonomy":"product_cat","embeddable":true,"href":"https:\/\/librairie7l.com\/en\/wp-json\/wp\/v2\/product_cat?post=16891"},{"taxonomy":"product_tag","embeddable":true,"href":"https:\/\/librairie7l.com\/en\/wp-json\/wp\/v2\/product_tag?post=16891"}],"curies":[{"name":"wp","href":"https:\/\/api.w.org\/{rel}","templated":true}]}}