{"id":16915,"date":"2023-05-09T17:23:49","date_gmt":"2023-05-09T15:23:49","guid":{"rendered":"https:\/\/librairie7l.com\/?post_type=product&#038;p=16915"},"modified":"2026-04-17T02:11:18","modified_gmt":"2026-04-17T00:11:18","slug":"pierres-et-mineraux-tresors-du-musee-de-la-mineralogie","status":"publish","type":"product","link":"https:\/\/librairie7l.com\/en\/produit\/pierres-et-mineraux-tresors-du-musee-de-la-mineralogie\/","title":{"rendered":"PIERRES ET MIN\u00c9RAUX, TR\u00c9SORS DU MUS\u00c9E DE LA MIN\u00c9RALOGIE"},"content":{"rendered":"<p>Nich\u00e9 au coeur du Quartier latin, le mus\u00e9e de Min\u00e9ralogie de l&#8217;\u00c9cole nationale sup\u00e9rieure des mines de Paris compte pr\u00e8s de 100000 min\u00e9raux, roches, m\u00e9t\u00e9orites et gemmes, qui constituent l&#8217;une des plus importantes collections patrimoniales de min\u00e9ralogie du monde. Cet \u00abinventaire de la Terre\u00bb, r\u00e9alis\u00e9 depuis 1794 \u00e0 des fins scientifiques, p\u00e9dagogiques et industrielles, se d\u00e9couvre aux yeux des visiteurs dans un magnifique d\u00e9cor de vitrines en bois, inchang\u00e9es depuis le XIXe si\u00e8cle. Riches de remarquables \u00e9chantillons dont la beaut\u00e9 fascine, les diverses collections du mus\u00e9e sont une invitation au voyage \u00e0 travers les temps g\u00e9ologiques, mais aussi dans l&#8217;histoire de l&#8217;humanit\u00e9 et des rapports complexes qu&#8217;elle entretient avec les tr\u00e9sors inestimables que la nature lui offre.<\/p>\n","protected":false},"excerpt":{"rendered":"<p>Nich\u00e9 au coeur du Quartier latin, le mus\u00e9e de Min\u00e9ralogie de l&#8217;\u00c9cole nationale sup\u00e9rieure des mines de Paris compte pr\u00e8s de 100000 min\u00e9raux, roches, m\u00e9t\u00e9orites et gemmes, qui constituent l&#8217;une des plus importantes collections patrimoniales de min\u00e9ralogie du monde. Cet \u00abinventaire de la Terre\u00bb, r\u00e9alis\u00e9 depuis 1794 \u00e0 des fins scientifiques, p\u00e9dagogiques et industrielles, se [&hellip;]<\/p>\n","protected":false},"featured_media":16913,"template":"","meta":[],"product_cat":[55,2948,2956,23],"product_tag":[],"acf":[],"yoast_head":"<!-- This site is optimized with the Yoast SEO plugin v20.11 - https:\/\/yoast.com\/wordpress\/plugins\/seo\/ -->\n<title>PIERRES ET MIN\u00c9RAUX, TR\u00c9SORS DU MUS\u00c9E DE LA MIN\u00c9RALOGIE - Librairie 7L<\/title>\n<meta name=\"robots\" content=\"index, follow, max-snippet:-1, max-image-preview:large, max-video-preview:-1\" \/>\n<link rel=\"canonical\" href=\"https:\/\/librairie7l.com\/en\/produit\/pierres-et-mineraux-tresors-du-musee-de-la-mineralogie\/\" \/>\n<meta property=\"og:locale\" content=\"en_US\" \/>\n<meta property=\"og:type\" content=\"article\" \/>\n<meta property=\"og:title\" content=\"PIERRES ET MIN\u00c9RAUX, TR\u00c9SORS DU MUS\u00c9E DE LA MIN\u00c9RALOGIE - Librairie 7L\" \/>\n<meta property=\"og:description\" content=\"Nich\u00e9 au coeur du Quartier latin, le mus\u00e9e de Min\u00e9ralogie de l&#8217;\u00c9cole nationale sup\u00e9rieure des mines de Paris compte pr\u00e8s de 100000 min\u00e9raux, roches, m\u00e9t\u00e9orites et gemmes, qui constituent l&#8217;une des plus importantes collections patrimoniales de min\u00e9ralogie du monde. Cet \u00abinventaire de la Terre\u00bb, r\u00e9alis\u00e9 depuis 1794 \u00e0 des fins scientifiques, p\u00e9dagogiques et industrielles, se [&hellip;]\" \/>\n<meta property=\"og:url\" content=\"https:\/\/librairie7l.com\/en\/produit\/pierres-et-mineraux-tresors-du-musee-de-la-mineralogie\/\" \/>\n<meta property=\"og:site_name\" content=\"Librairie 7L\" \/>\n<meta property=\"article:modified_time\" content=\"2026-04-17T00:11:18+00:00\" \/>\n<meta property=\"og:image\" content=\"https:\/\/librairie7l.com\/wp-content\/uploads\/2022\/08\/9782072959431_1_75.jpg\" \/>\n\t<meta property=\"og:image:width\" content=\"600\" \/>\n\t<meta property=\"og:image:height\" content=\"787\" \/>\n\t<meta property=\"og:image:type\" content=\"image\/jpeg\" \/>\n<meta name=\"twitter:card\" content=\"summary_large_image\" \/>\n<meta name=\"twitter:label1\" content=\"Est. reading time\" \/>\n\t<meta name=\"twitter:data1\" content=\"1 minute\" \/>\n<script type=\"application\/ld+json\" class=\"yoast-schema-graph\">{\"@context\":\"https:\/\/schema.org\",\"@graph\":[{\"@type\":\"WebPage\",\"@id\":\"https:\/\/librairie7l.com\/en\/produit\/pierres-et-mineraux-tresors-du-musee-de-la-mineralogie\/\",\"url\":\"https:\/\/librairie7l.com\/en\/produit\/pierres-et-mineraux-tresors-du-musee-de-la-mineralogie\/\",\"name\":\"PIERRES ET MIN\u00c9RAUX, TR\u00c9SORS DU MUS\u00c9E DE LA MIN\u00c9RALOGIE - Librairie 7L\",\"isPartOf\":{\"@id\":\"https:\/\/librairie7l.com\/en\/#website\"},\"datePublished\":\"2023-05-09T15:23:49+00:00\",\"dateModified\":\"2026-04-17T00:11:18+00:00\",\"breadcrumb\":{\"@id\":\"https:\/\/librairie7l.com\/en\/produit\/pierres-et-mineraux-tresors-du-musee-de-la-mineralogie\/#breadcrumb\"},\"inLanguage\":\"en-US\",\"potentialAction\":[{\"@type\":\"ReadAction\",\"target\":[\"https:\/\/librairie7l.com\/en\/produit\/pierres-et-mineraux-tresors-du-musee-de-la-mineralogie\/\"]}]},{\"@type\":\"BreadcrumbList\",\"@id\":\"https:\/\/librairie7l.com\/en\/produit\/pierres-et-mineraux-tresors-du-musee-de-la-mineralogie\/#breadcrumb\",\"itemListElement\":[{\"@type\":\"ListItem\",\"position\":1,\"name\":\"Accueil\",\"item\":\"https:\/\/librairie7l.com\/en\/\"},{\"@type\":\"ListItem\",\"position\":2,\"name\":\"Shop\",\"item\":\"https:\/\/librairie7l.com\/en\/shop\/\"},{\"@type\":\"ListItem\",\"position\":3,\"name\":\"PIERRES ET MIN\u00c9RAUX, TR\u00c9SORS DU MUS\u00c9E DE LA MIN\u00c9RALOGIE\"}]},{\"@type\":\"WebSite\",\"@id\":\"https:\/\/librairie7l.com\/en\/#website\",\"url\":\"https:\/\/librairie7l.com\/en\/\",\"name\":\"Librairie 7L\",\"description\":\"Librairie fond\u00e9e en 1999 par Karl Lagerfeld \u00e0 Paris\",\"publisher\":{\"@id\":\"https:\/\/librairie7l.com\/en\/#organization\"},\"potentialAction\":[{\"@type\":\"SearchAction\",\"target\":{\"@type\":\"EntryPoint\",\"urlTemplate\":\"https:\/\/librairie7l.com\/en\/?s={search_term_string}\"},\"query-input\":\"required name=search_term_string\"}],\"inLanguage\":\"en-US\"},{\"@type\":\"Organization\",\"@id\":\"https:\/\/librairie7l.com\/en\/#organization\",\"name\":\"Librairie 7L\",\"url\":\"https:\/\/librairie7l.com\/en\/\",\"logo\":{\"@type\":\"ImageObject\",\"inLanguage\":\"en-US\",\"@id\":\"https:\/\/librairie7l.com\/en\/#\/schema\/logo\/image\/\",\"url\":\"https:\/\/librairie7l.com\/wp-content\/uploads\/2022\/08\/logo-1.png\",\"contentUrl\":\"https:\/\/librairie7l.com\/wp-content\/uploads\/2022\/08\/logo-1.png\",\"width\":227,\"height\":301,\"caption\":\"Librairie 7L\"},\"image\":{\"@id\":\"https:\/\/librairie7l.com\/en\/#\/schema\/logo\/image\/\"}}]}<\/script>\n<!-- \/ Yoast SEO plugin. -->","yoast_head_json":{"title":"PIERRES ET MIN\u00c9RAUX, TR\u00c9SORS DU MUS\u00c9E DE LA MIN\u00c9RALOGIE - Librairie 7L","robots":{"index":"index","follow":"follow","max-snippet":"max-snippet:-1","max-image-preview":"max-image-preview:large","max-video-preview":"max-video-preview:-1"},"canonical":"https:\/\/librairie7l.com\/en\/produit\/pierres-et-mineraux-tresors-du-musee-de-la-mineralogie\/","og_locale":"en_US","og_type":"article","og_title":"PIERRES ET MIN\u00c9RAUX, TR\u00c9SORS DU MUS\u00c9E DE LA MIN\u00c9RALOGIE - Librairie 7L","og_description":"Nich\u00e9 au coeur du Quartier latin, le mus\u00e9e de Min\u00e9ralogie de l&#8217;\u00c9cole nationale sup\u00e9rieure des mines de Paris compte pr\u00e8s de 100000 min\u00e9raux, roches, m\u00e9t\u00e9orites et gemmes, qui constituent l&#8217;une des plus importantes collections patrimoniales de min\u00e9ralogie du monde. Cet \u00abinventaire de la Terre\u00bb, r\u00e9alis\u00e9 depuis 1794 \u00e0 des fins scientifiques, p\u00e9dagogiques et industrielles, se [&hellip;]","og_url":"https:\/\/librairie7l.com\/en\/produit\/pierres-et-mineraux-tresors-du-musee-de-la-mineralogie\/","og_site_name":"Librairie 7L","article_modified_time":"2026-04-17T00:11:18+00:00","og_image":[{"width":600,"height":787,"url":"https:\/\/librairie7l.com\/wp-content\/uploads\/2022\/08\/9782072959431_1_75.jpg","type":"image\/jpeg"}],"twitter_card":"summary_large_image","twitter_misc":{"Est. reading time":"1 minute"},"schema":{"@context":"https:\/\/schema.org","@graph":[{"@type":"WebPage","@id":"https:\/\/librairie7l.com\/en\/produit\/pierres-et-mineraux-tresors-du-musee-de-la-mineralogie\/","url":"https:\/\/librairie7l.com\/en\/produit\/pierres-et-mineraux-tresors-du-musee-de-la-mineralogie\/","name":"PIERRES ET MIN\u00c9RAUX, TR\u00c9SORS DU MUS\u00c9E DE LA MIN\u00c9RALOGIE - Librairie 7L","isPartOf":{"@id":"https:\/\/librairie7l.com\/en\/#website"},"datePublished":"2023-05-09T15:23:49+00:00","dateModified":"2026-04-17T00:11:18+00:00","breadcrumb":{"@id":"https:\/\/librairie7l.com\/en\/produit\/pierres-et-mineraux-tresors-du-musee-de-la-mineralogie\/#breadcrumb"},"inLanguage":"en-US","potentialAction":[{"@type":"ReadAction","target":["https:\/\/librairie7l.com\/en\/produit\/pierres-et-mineraux-tresors-du-musee-de-la-mineralogie\/"]}]},{"@type":"BreadcrumbList","@id":"https:\/\/librairie7l.com\/en\/produit\/pierres-et-mineraux-tresors-du-musee-de-la-mineralogie\/#breadcrumb","itemListElement":[{"@type":"ListItem","position":1,"name":"Accueil","item":"https:\/\/librairie7l.com\/en\/"},{"@type":"ListItem","position":2,"name":"Shop","item":"https:\/\/librairie7l.com\/en\/shop\/"},{"@type":"ListItem","position":3,"name":"PIERRES ET MIN\u00c9RAUX, TR\u00c9SORS DU MUS\u00c9E DE LA MIN\u00c9RALOGIE"}]},{"@type":"WebSite","@id":"https:\/\/librairie7l.com\/en\/#website","url":"https:\/\/librairie7l.com\/en\/","name":"Librairie 7L","description":"Librairie fond\u00e9e en 1999 par Karl Lagerfeld \u00e0 Paris","publisher":{"@id":"https:\/\/librairie7l.com\/en\/#organization"},"potentialAction":[{"@type":"SearchAction","target":{"@type":"EntryPoint","urlTemplate":"https:\/\/librairie7l.com\/en\/?s={search_term_string}"},"query-input":"required name=search_term_string"}],"inLanguage":"en-US"},{"@type":"Organization","@id":"https:\/\/librairie7l.com\/en\/#organization","name":"Librairie 7L","url":"https:\/\/librairie7l.com\/en\/","logo":{"@type":"ImageObject","inLanguage":"en-US","@id":"https:\/\/librairie7l.com\/en\/#\/schema\/logo\/image\/","url":"https:\/\/librairie7l.com\/wp-content\/uploads\/2022\/08\/logo-1.png","contentUrl":"https:\/\/librairie7l.com\/wp-content\/uploads\/2022\/08\/logo-1.png","width":227,"height":301,"caption":"Librairie 7L"},"image":{"@id":"https:\/\/librairie7l.com\/en\/#\/schema\/logo\/image\/"}}]}},"_links":{"self":[{"href":"https:\/\/librairie7l.com\/en\/wp-json\/wp\/v2\/product\/16915"}],"collection":[{"href":"https:\/\/librairie7l.com\/en\/wp-json\/wp\/v2\/product"}],"about":[{"href":"https:\/\/librairie7l.com\/en\/wp-json\/wp\/v2\/types\/product"}],"wp:featuredmedia":[{"embeddable":true,"href":"https:\/\/librairie7l.com\/en\/wp-json\/wp\/v2\/media\/16913"}],"wp:attachment":[{"href":"https:\/\/librairie7l.com\/en\/wp-json\/wp\/v2\/media?parent=16915"}],"wp:term":[{"taxonomy":"product_cat","embeddable":true,"href":"https:\/\/librairie7l.com\/en\/wp-json\/wp\/v2\/product_cat?post=16915"},{"taxonomy":"product_tag","embeddable":true,"href":"https:\/\/librairie7l.com\/en\/wp-json\/wp\/v2\/product_tag?post=16915"}],"curies":[{"name":"wp","href":"https:\/\/api.w.org\/{rel}","templated":true}]}}