{"id":16919,"date":"2023-05-09T17:23:52","date_gmt":"2023-05-09T15:23:52","guid":{"rendered":"https:\/\/librairie7l.com\/?post_type=product&#038;p=16919"},"modified":"2026-04-28T17:07:11","modified_gmt":"2026-04-28T15:07:11","slug":"architectures-art-nouveau-paris-et-environs","status":"publish","type":"product","link":"https:\/\/librairie7l.com\/en\/produit\/architectures-art-nouveau-paris-et-environs\/","title":{"rendered":"ARCHITECTURES ART NOUVEAU : PARIS ET ENVIRONS"},"content":{"rendered":"<p>S&#8217;\u00e9panouissant \u00e0 Bruxelles, \u00e0 Barcelone ou \u00e0 Vienne, l&#8217;Art nouveau s&#8217;illustre \u00e0 Paris d\u00e8s le milieu des ann\u00e9es 1890. D&#8217;abord dans les beaux quartiers avec des immeubles \u00e0 l&#8217;ornementation profuse destin\u00e9s \u00e0 une bourgeoisie avant-gardiste, puis dans la sph\u00e8re publique pour habiller les stations de m\u00e9tro ou les salles de restaurants. Il en identifie d&#8217;ailleurs le type au point de se voir qualifi\u00e9 de \u00ab style m\u00e9tro \u00bb ou de \u00ab style bistrot \u00bb. L&#8217;engouement est de courte dur\u00e9e, qui s&#8217;essouffle apr\u00e8s 1910 alors que l&#8217;esth\u00e9tique \u00e9pur\u00e9e du cubisme condamne les entrelacs v\u00e9g\u00e9taux et les lignes en coup de fouet. Pour faire bonne mesure, on d\u00e9truira au cours du xxe si\u00e8cle beaucoup de r\u00e9alisations Modern Style, et non des moindres.<br \/>\nEn voici cependant 100 exemples remarquables : immeubles d&#8217;habitation, maisons particuli\u00e8res, th\u00e9\u00e2tres, brasseries, commerces&#8230;<\/p>\n","protected":false},"excerpt":{"rendered":"<p>S&#8217;\u00e9panouissant \u00e0 Bruxelles, \u00e0 Barcelone ou \u00e0 Vienne, l&#8217;Art nouveau s&#8217;illustre \u00e0 Paris d\u00e8s le milieu des ann\u00e9es 1890. D&#8217;abord dans les beaux quartiers avec des immeubles \u00e0 l&#8217;ornementation profuse destin\u00e9s \u00e0 une bourgeoisie avant-gardiste, puis dans la sph\u00e8re publique pour habiller les stations de m\u00e9tro ou les salles de restaurants. Il en identifie d&#8217;ailleurs [&hellip;]<\/p>\n","protected":false},"featured_media":16917,"template":"","meta":[],"product_cat":[55,2948,22,2950],"product_tag":[],"acf":[],"yoast_head":"<!-- This site is optimized with the Yoast SEO plugin v20.11 - https:\/\/yoast.com\/wordpress\/plugins\/seo\/ -->\n<title>ARCHITECTURES ART NOUVEAU : PARIS ET ENVIRONS - Librairie 7L<\/title>\n<meta name=\"robots\" content=\"index, follow, max-snippet:-1, max-image-preview:large, max-video-preview:-1\" \/>\n<link rel=\"canonical\" href=\"https:\/\/librairie7l.com\/en\/produit\/architectures-art-nouveau-paris-et-environs\/\" \/>\n<meta property=\"og:locale\" content=\"en_US\" \/>\n<meta property=\"og:type\" content=\"article\" \/>\n<meta property=\"og:title\" content=\"ARCHITECTURES ART NOUVEAU : PARIS ET ENVIRONS - Librairie 7L\" \/>\n<meta property=\"og:description\" content=\"S&#8217;\u00e9panouissant \u00e0 Bruxelles, \u00e0 Barcelone ou \u00e0 Vienne, l&#8217;Art nouveau s&#8217;illustre \u00e0 Paris d\u00e8s le milieu des ann\u00e9es 1890. D&#8217;abord dans les beaux quartiers avec des immeubles \u00e0 l&#8217;ornementation profuse destin\u00e9s \u00e0 une bourgeoisie avant-gardiste, puis dans la sph\u00e8re publique pour habiller les stations de m\u00e9tro ou les salles de restaurants. Il en identifie d&#8217;ailleurs [&hellip;]\" \/>\n<meta property=\"og:url\" content=\"https:\/\/librairie7l.com\/en\/produit\/architectures-art-nouveau-paris-et-environs\/\" \/>\n<meta property=\"og:site_name\" content=\"Librairie 7L\" \/>\n<meta property=\"article:modified_time\" content=\"2026-04-28T15:07:11+00:00\" \/>\n<meta property=\"og:image\" content=\"https:\/\/librairie7l.com\/wp-content\/uploads\/2021\/09\/9782373951653_1_75.jpg\" \/>\n\t<meta property=\"og:image:width\" content=\"400\" \/>\n\t<meta property=\"og:image:height\" content=\"554\" \/>\n\t<meta property=\"og:image:type\" content=\"image\/jpeg\" \/>\n<meta name=\"twitter:card\" content=\"summary_large_image\" \/>\n<meta name=\"twitter:label1\" content=\"Est. reading time\" \/>\n\t<meta name=\"twitter:data1\" content=\"1 minute\" \/>\n<script type=\"application\/ld+json\" class=\"yoast-schema-graph\">{\"@context\":\"https:\/\/schema.org\",\"@graph\":[{\"@type\":\"WebPage\",\"@id\":\"https:\/\/librairie7l.com\/en\/produit\/architectures-art-nouveau-paris-et-environs\/\",\"url\":\"https:\/\/librairie7l.com\/en\/produit\/architectures-art-nouveau-paris-et-environs\/\",\"name\":\"ARCHITECTURES ART NOUVEAU : PARIS ET ENVIRONS - Librairie 7L\",\"isPartOf\":{\"@id\":\"https:\/\/librairie7l.com\/en\/#website\"},\"datePublished\":\"2023-05-09T15:23:52+00:00\",\"dateModified\":\"2026-04-28T15:07:11+00:00\",\"breadcrumb\":{\"@id\":\"https:\/\/librairie7l.com\/en\/produit\/architectures-art-nouveau-paris-et-environs\/#breadcrumb\"},\"inLanguage\":\"en-US\",\"potentialAction\":[{\"@type\":\"ReadAction\",\"target\":[\"https:\/\/librairie7l.com\/en\/produit\/architectures-art-nouveau-paris-et-environs\/\"]}]},{\"@type\":\"BreadcrumbList\",\"@id\":\"https:\/\/librairie7l.com\/en\/produit\/architectures-art-nouveau-paris-et-environs\/#breadcrumb\",\"itemListElement\":[{\"@type\":\"ListItem\",\"position\":1,\"name\":\"Accueil\",\"item\":\"https:\/\/librairie7l.com\/en\/\"},{\"@type\":\"ListItem\",\"position\":2,\"name\":\"Shop\",\"item\":\"https:\/\/librairie7l.com\/en\/shop\/\"},{\"@type\":\"ListItem\",\"position\":3,\"name\":\"ARCHITECTURES ART NOUVEAU : PARIS ET ENVIRONS\"}]},{\"@type\":\"WebSite\",\"@id\":\"https:\/\/librairie7l.com\/en\/#website\",\"url\":\"https:\/\/librairie7l.com\/en\/\",\"name\":\"Librairie 7L\",\"description\":\"Librairie fond\u00e9e en 1999 par Karl Lagerfeld \u00e0 Paris\",\"publisher\":{\"@id\":\"https:\/\/librairie7l.com\/en\/#organization\"},\"potentialAction\":[{\"@type\":\"SearchAction\",\"target\":{\"@type\":\"EntryPoint\",\"urlTemplate\":\"https:\/\/librairie7l.com\/en\/?s={search_term_string}\"},\"query-input\":\"required name=search_term_string\"}],\"inLanguage\":\"en-US\"},{\"@type\":\"Organization\",\"@id\":\"https:\/\/librairie7l.com\/en\/#organization\",\"name\":\"Librairie 7L\",\"url\":\"https:\/\/librairie7l.com\/en\/\",\"logo\":{\"@type\":\"ImageObject\",\"inLanguage\":\"en-US\",\"@id\":\"https:\/\/librairie7l.com\/en\/#\/schema\/logo\/image\/\",\"url\":\"https:\/\/librairie7l.com\/wp-content\/uploads\/2022\/08\/logo-1.png\",\"contentUrl\":\"https:\/\/librairie7l.com\/wp-content\/uploads\/2022\/08\/logo-1.png\",\"width\":227,\"height\":301,\"caption\":\"Librairie 7L\"},\"image\":{\"@id\":\"https:\/\/librairie7l.com\/en\/#\/schema\/logo\/image\/\"}}]}<\/script>\n<!-- \/ Yoast SEO plugin. -->","yoast_head_json":{"title":"ARCHITECTURES ART NOUVEAU : PARIS ET ENVIRONS - Librairie 7L","robots":{"index":"index","follow":"follow","max-snippet":"max-snippet:-1","max-image-preview":"max-image-preview:large","max-video-preview":"max-video-preview:-1"},"canonical":"https:\/\/librairie7l.com\/en\/produit\/architectures-art-nouveau-paris-et-environs\/","og_locale":"en_US","og_type":"article","og_title":"ARCHITECTURES ART NOUVEAU : PARIS ET ENVIRONS - Librairie 7L","og_description":"S&#8217;\u00e9panouissant \u00e0 Bruxelles, \u00e0 Barcelone ou \u00e0 Vienne, l&#8217;Art nouveau s&#8217;illustre \u00e0 Paris d\u00e8s le milieu des ann\u00e9es 1890. D&#8217;abord dans les beaux quartiers avec des immeubles \u00e0 l&#8217;ornementation profuse destin\u00e9s \u00e0 une bourgeoisie avant-gardiste, puis dans la sph\u00e8re publique pour habiller les stations de m\u00e9tro ou les salles de restaurants. Il en identifie d&#8217;ailleurs [&hellip;]","og_url":"https:\/\/librairie7l.com\/en\/produit\/architectures-art-nouveau-paris-et-environs\/","og_site_name":"Librairie 7L","article_modified_time":"2026-04-28T15:07:11+00:00","og_image":[{"width":400,"height":554,"url":"https:\/\/librairie7l.com\/wp-content\/uploads\/2021\/09\/9782373951653_1_75.jpg","type":"image\/jpeg"}],"twitter_card":"summary_large_image","twitter_misc":{"Est. reading time":"1 minute"},"schema":{"@context":"https:\/\/schema.org","@graph":[{"@type":"WebPage","@id":"https:\/\/librairie7l.com\/en\/produit\/architectures-art-nouveau-paris-et-environs\/","url":"https:\/\/librairie7l.com\/en\/produit\/architectures-art-nouveau-paris-et-environs\/","name":"ARCHITECTURES ART NOUVEAU : PARIS ET ENVIRONS - Librairie 7L","isPartOf":{"@id":"https:\/\/librairie7l.com\/en\/#website"},"datePublished":"2023-05-09T15:23:52+00:00","dateModified":"2026-04-28T15:07:11+00:00","breadcrumb":{"@id":"https:\/\/librairie7l.com\/en\/produit\/architectures-art-nouveau-paris-et-environs\/#breadcrumb"},"inLanguage":"en-US","potentialAction":[{"@type":"ReadAction","target":["https:\/\/librairie7l.com\/en\/produit\/architectures-art-nouveau-paris-et-environs\/"]}]},{"@type":"BreadcrumbList","@id":"https:\/\/librairie7l.com\/en\/produit\/architectures-art-nouveau-paris-et-environs\/#breadcrumb","itemListElement":[{"@type":"ListItem","position":1,"name":"Accueil","item":"https:\/\/librairie7l.com\/en\/"},{"@type":"ListItem","position":2,"name":"Shop","item":"https:\/\/librairie7l.com\/en\/shop\/"},{"@type":"ListItem","position":3,"name":"ARCHITECTURES ART NOUVEAU : PARIS ET ENVIRONS"}]},{"@type":"WebSite","@id":"https:\/\/librairie7l.com\/en\/#website","url":"https:\/\/librairie7l.com\/en\/","name":"Librairie 7L","description":"Librairie fond\u00e9e en 1999 par Karl Lagerfeld \u00e0 Paris","publisher":{"@id":"https:\/\/librairie7l.com\/en\/#organization"},"potentialAction":[{"@type":"SearchAction","target":{"@type":"EntryPoint","urlTemplate":"https:\/\/librairie7l.com\/en\/?s={search_term_string}"},"query-input":"required name=search_term_string"}],"inLanguage":"en-US"},{"@type":"Organization","@id":"https:\/\/librairie7l.com\/en\/#organization","name":"Librairie 7L","url":"https:\/\/librairie7l.com\/en\/","logo":{"@type":"ImageObject","inLanguage":"en-US","@id":"https:\/\/librairie7l.com\/en\/#\/schema\/logo\/image\/","url":"https:\/\/librairie7l.com\/wp-content\/uploads\/2022\/08\/logo-1.png","contentUrl":"https:\/\/librairie7l.com\/wp-content\/uploads\/2022\/08\/logo-1.png","width":227,"height":301,"caption":"Librairie 7L"},"image":{"@id":"https:\/\/librairie7l.com\/en\/#\/schema\/logo\/image\/"}}]}},"_links":{"self":[{"href":"https:\/\/librairie7l.com\/en\/wp-json\/wp\/v2\/product\/16919"}],"collection":[{"href":"https:\/\/librairie7l.com\/en\/wp-json\/wp\/v2\/product"}],"about":[{"href":"https:\/\/librairie7l.com\/en\/wp-json\/wp\/v2\/types\/product"}],"wp:featuredmedia":[{"embeddable":true,"href":"https:\/\/librairie7l.com\/en\/wp-json\/wp\/v2\/media\/16917"}],"wp:attachment":[{"href":"https:\/\/librairie7l.com\/en\/wp-json\/wp\/v2\/media?parent=16919"}],"wp:term":[{"taxonomy":"product_cat","embeddable":true,"href":"https:\/\/librairie7l.com\/en\/wp-json\/wp\/v2\/product_cat?post=16919"},{"taxonomy":"product_tag","embeddable":true,"href":"https:\/\/librairie7l.com\/en\/wp-json\/wp\/v2\/product_tag?post=16919"}],"curies":[{"name":"wp","href":"https:\/\/api.w.org\/{rel}","templated":true}]}}