{"id":16923,"date":"2023-05-09T17:23:55","date_gmt":"2023-05-09T15:23:55","guid":{"rendered":"https:\/\/librairie7l.com\/?post_type=product&#038;p=16923"},"modified":"2026-05-01T16:34:17","modified_gmt":"2026-05-01T14:34:17","slug":"tino-zervudachi-interieurs-autour-du-monde","status":"publish","type":"product","link":"https:\/\/librairie7l.com\/en\/produit\/tino-zervudachi-interieurs-autour-du-monde\/","title":{"rendered":"TINO ZERVUDACHI : INTERIEURS AUTOUR DU MONDE"},"content":{"rendered":"<p>Au cours des quarante derni\u00e8res ann\u00e9es, Tino Zervudachi s&#8217;est forg\u00e9 une r\u00e9putation internationale d&#8217;excellence. Il a b\u00e2ti sa carri\u00e8re en dessinant des int\u00e9rieurs somptueux dans le monde entier, de Paris \u00e0 Tokyo en passant par Londres, Rio de Janeiro, New York et Los Angeles. Apr\u00e8s avoir perfectionn\u00e9 son talent sous la direction du l\u00e9gendaire architecte d&#8217;int\u00e9rieur britannique David Mlinaric, Zervudachi a con\u00e7u sa premi\u00e8re maison \u00e0 l&#8217;\u00e2ge de vingt et un ans. Depuis qu&#8217;il s&#8217;est install\u00e9 \u00e0 Paris en 1990, il n&#8217;a cess\u00e9 d&#8217;affiner son approche audacieuse et \u00e9l\u00e9gante, faisant preuve d&#8217;une sensibilit\u00e9 rare pour les textures et d&#8217;une attention particuli\u00e8re aux r\u00e9f\u00e9rences historiques, ainsi que d&#8217;un amour pour l&#8217;excellence artisanale. Entre les mains de Zervudachi, m\u00eame la pi\u00e8ce la plus spectaculaire acquiert une qualit\u00e9 subtile, tandis que celles plus modestes deviennent grandioses : un savoir-faire qui lui a valu une liste de clients illustres comprenant les plus grands entrepreneurs, des collectionneurs d&#8217;art et des aristocrates boh\u00e8mes. Avec des photographies in\u00e9dites, des textes r\u00e9v\u00e9lateurs et des interviews de l&#8217;auteure Natasha A. Fraser, cet ouvrage capture le monde sublime et singulier du designer. Projet apr\u00e8s projet, ces pages t\u00e9moignent de la passion, de la pr\u00e9cision et de la curiosit\u00e9 que Tino Zervudachi apporte \u00e0 son m\u00e9tier. D&#8217;un ch\u00e2teau familial r\u00e9am\u00e9nag\u00e9 en France \u00e0 une \u00e9l\u00e9gante maison de plage aux Bahamas, en passant par un chalet de ski dans les Alpes, un yacht \u00e0 moteur d&#8217;\u00e9poque et une finca rustique transform\u00e9e en retraite sur une \u00eele espagnole, ce livre retrace l&#8217;inimitable capacit\u00e9 de Zervudachi \u00e0 transformer comme par magie les maisons de ses clients, en mettant en valeur leurs collections gr\u00e2ce \u00e0 ses choix de couleurs inhabituels, sa ma\u00eetrise de la lumi\u00e8re et ses associations audacieuses de textiles et de mobilier.<\/p>\n","protected":false},"excerpt":{"rendered":"<p>Au cours des quarante derni\u00e8res ann\u00e9es, Tino Zervudachi s&#8217;est forg\u00e9 une r\u00e9putation internationale d&#8217;excellence. Il a b\u00e2ti sa carri\u00e8re en dessinant des int\u00e9rieurs somptueux dans le monde entier, de Paris \u00e0 Tokyo en passant par Londres, Rio de Janeiro, New York et Los Angeles. Apr\u00e8s avoir perfectionn\u00e9 son talent sous la direction du l\u00e9gendaire architecte [&hellip;]<\/p>\n","protected":false},"featured_media":16921,"template":"","meta":[],"product_cat":[55,2948,46,2951],"product_tag":[],"acf":[],"yoast_head":"<!-- This site is optimized with the Yoast SEO plugin v20.11 - https:\/\/yoast.com\/wordpress\/plugins\/seo\/ -->\n<title>TINO ZERVUDACHI : INTERIEURS AUTOUR DU MONDE - Librairie 7L<\/title>\n<meta name=\"robots\" content=\"index, follow, max-snippet:-1, max-image-preview:large, max-video-preview:-1\" \/>\n<link rel=\"canonical\" href=\"https:\/\/librairie7l.com\/en\/produit\/tino-zervudachi-interieurs-autour-du-monde\/\" \/>\n<meta property=\"og:locale\" content=\"en_US\" \/>\n<meta property=\"og:type\" content=\"article\" \/>\n<meta property=\"og:title\" content=\"TINO ZERVUDACHI : INTERIEURS AUTOUR DU MONDE - Librairie 7L\" \/>\n<meta property=\"og:description\" content=\"Au cours des quarante derni\u00e8res ann\u00e9es, Tino Zervudachi s&#8217;est forg\u00e9 une r\u00e9putation internationale d&#8217;excellence. Il a b\u00e2ti sa carri\u00e8re en dessinant des int\u00e9rieurs somptueux dans le monde entier, de Paris \u00e0 Tokyo en passant par Londres, Rio de Janeiro, New York et Los Angeles. Apr\u00e8s avoir perfectionn\u00e9 son talent sous la direction du l\u00e9gendaire architecte [&hellip;]\" \/>\n<meta property=\"og:url\" content=\"https:\/\/librairie7l.com\/en\/produit\/tino-zervudachi-interieurs-autour-du-monde\/\" \/>\n<meta property=\"og:site_name\" content=\"Librairie 7L\" \/>\n<meta property=\"article:modified_time\" content=\"2026-05-01T14:34:17+00:00\" \/>\n<meta property=\"og:image\" content=\"https:\/\/librairie7l.com\/wp-content\/uploads\/2022\/10\/9782080255952_1_75.jpg\" \/>\n\t<meta property=\"og:image:width\" content=\"600\" \/>\n\t<meta property=\"og:image:height\" content=\"760\" \/>\n\t<meta property=\"og:image:type\" content=\"image\/jpeg\" \/>\n<meta name=\"twitter:card\" content=\"summary_large_image\" \/>\n<meta name=\"twitter:label1\" content=\"Est. reading time\" \/>\n\t<meta name=\"twitter:data1\" content=\"2 minutes\" \/>\n<script type=\"application\/ld+json\" class=\"yoast-schema-graph\">{\"@context\":\"https:\/\/schema.org\",\"@graph\":[{\"@type\":\"WebPage\",\"@id\":\"https:\/\/librairie7l.com\/en\/produit\/tino-zervudachi-interieurs-autour-du-monde\/\",\"url\":\"https:\/\/librairie7l.com\/en\/produit\/tino-zervudachi-interieurs-autour-du-monde\/\",\"name\":\"TINO ZERVUDACHI : INTERIEURS AUTOUR DU MONDE - Librairie 7L\",\"isPartOf\":{\"@id\":\"https:\/\/librairie7l.com\/en\/#website\"},\"datePublished\":\"2023-05-09T15:23:55+00:00\",\"dateModified\":\"2026-05-01T14:34:17+00:00\",\"breadcrumb\":{\"@id\":\"https:\/\/librairie7l.com\/en\/produit\/tino-zervudachi-interieurs-autour-du-monde\/#breadcrumb\"},\"inLanguage\":\"en-US\",\"potentialAction\":[{\"@type\":\"ReadAction\",\"target\":[\"https:\/\/librairie7l.com\/en\/produit\/tino-zervudachi-interieurs-autour-du-monde\/\"]}]},{\"@type\":\"BreadcrumbList\",\"@id\":\"https:\/\/librairie7l.com\/en\/produit\/tino-zervudachi-interieurs-autour-du-monde\/#breadcrumb\",\"itemListElement\":[{\"@type\":\"ListItem\",\"position\":1,\"name\":\"Accueil\",\"item\":\"https:\/\/librairie7l.com\/en\/\"},{\"@type\":\"ListItem\",\"position\":2,\"name\":\"Shop\",\"item\":\"https:\/\/librairie7l.com\/en\/shop\/\"},{\"@type\":\"ListItem\",\"position\":3,\"name\":\"TINO ZERVUDACHI : INTERIEURS AUTOUR DU MONDE\"}]},{\"@type\":\"WebSite\",\"@id\":\"https:\/\/librairie7l.com\/en\/#website\",\"url\":\"https:\/\/librairie7l.com\/en\/\",\"name\":\"Librairie 7L\",\"description\":\"Librairie fond\u00e9e en 1999 par Karl Lagerfeld \u00e0 Paris\",\"publisher\":{\"@id\":\"https:\/\/librairie7l.com\/en\/#organization\"},\"potentialAction\":[{\"@type\":\"SearchAction\",\"target\":{\"@type\":\"EntryPoint\",\"urlTemplate\":\"https:\/\/librairie7l.com\/en\/?s={search_term_string}\"},\"query-input\":\"required name=search_term_string\"}],\"inLanguage\":\"en-US\"},{\"@type\":\"Organization\",\"@id\":\"https:\/\/librairie7l.com\/en\/#organization\",\"name\":\"Librairie 7L\",\"url\":\"https:\/\/librairie7l.com\/en\/\",\"logo\":{\"@type\":\"ImageObject\",\"inLanguage\":\"en-US\",\"@id\":\"https:\/\/librairie7l.com\/en\/#\/schema\/logo\/image\/\",\"url\":\"https:\/\/librairie7l.com\/wp-content\/uploads\/2022\/08\/logo-1.png\",\"contentUrl\":\"https:\/\/librairie7l.com\/wp-content\/uploads\/2022\/08\/logo-1.png\",\"width\":227,\"height\":301,\"caption\":\"Librairie 7L\"},\"image\":{\"@id\":\"https:\/\/librairie7l.com\/en\/#\/schema\/logo\/image\/\"}}]}<\/script>\n<!-- \/ Yoast SEO plugin. -->","yoast_head_json":{"title":"TINO ZERVUDACHI : INTERIEURS AUTOUR DU MONDE - Librairie 7L","robots":{"index":"index","follow":"follow","max-snippet":"max-snippet:-1","max-image-preview":"max-image-preview:large","max-video-preview":"max-video-preview:-1"},"canonical":"https:\/\/librairie7l.com\/en\/produit\/tino-zervudachi-interieurs-autour-du-monde\/","og_locale":"en_US","og_type":"article","og_title":"TINO ZERVUDACHI : INTERIEURS AUTOUR DU MONDE - Librairie 7L","og_description":"Au cours des quarante derni\u00e8res ann\u00e9es, Tino Zervudachi s&#8217;est forg\u00e9 une r\u00e9putation internationale d&#8217;excellence. Il a b\u00e2ti sa carri\u00e8re en dessinant des int\u00e9rieurs somptueux dans le monde entier, de Paris \u00e0 Tokyo en passant par Londres, Rio de Janeiro, New York et Los Angeles. Apr\u00e8s avoir perfectionn\u00e9 son talent sous la direction du l\u00e9gendaire architecte [&hellip;]","og_url":"https:\/\/librairie7l.com\/en\/produit\/tino-zervudachi-interieurs-autour-du-monde\/","og_site_name":"Librairie 7L","article_modified_time":"2026-05-01T14:34:17+00:00","og_image":[{"width":600,"height":760,"url":"https:\/\/librairie7l.com\/wp-content\/uploads\/2022\/10\/9782080255952_1_75.jpg","type":"image\/jpeg"}],"twitter_card":"summary_large_image","twitter_misc":{"Est. reading time":"2 minutes"},"schema":{"@context":"https:\/\/schema.org","@graph":[{"@type":"WebPage","@id":"https:\/\/librairie7l.com\/en\/produit\/tino-zervudachi-interieurs-autour-du-monde\/","url":"https:\/\/librairie7l.com\/en\/produit\/tino-zervudachi-interieurs-autour-du-monde\/","name":"TINO ZERVUDACHI : INTERIEURS AUTOUR DU MONDE - Librairie 7L","isPartOf":{"@id":"https:\/\/librairie7l.com\/en\/#website"},"datePublished":"2023-05-09T15:23:55+00:00","dateModified":"2026-05-01T14:34:17+00:00","breadcrumb":{"@id":"https:\/\/librairie7l.com\/en\/produit\/tino-zervudachi-interieurs-autour-du-monde\/#breadcrumb"},"inLanguage":"en-US","potentialAction":[{"@type":"ReadAction","target":["https:\/\/librairie7l.com\/en\/produit\/tino-zervudachi-interieurs-autour-du-monde\/"]}]},{"@type":"BreadcrumbList","@id":"https:\/\/librairie7l.com\/en\/produit\/tino-zervudachi-interieurs-autour-du-monde\/#breadcrumb","itemListElement":[{"@type":"ListItem","position":1,"name":"Accueil","item":"https:\/\/librairie7l.com\/en\/"},{"@type":"ListItem","position":2,"name":"Shop","item":"https:\/\/librairie7l.com\/en\/shop\/"},{"@type":"ListItem","position":3,"name":"TINO ZERVUDACHI : INTERIEURS AUTOUR DU MONDE"}]},{"@type":"WebSite","@id":"https:\/\/librairie7l.com\/en\/#website","url":"https:\/\/librairie7l.com\/en\/","name":"Librairie 7L","description":"Librairie fond\u00e9e en 1999 par Karl Lagerfeld \u00e0 Paris","publisher":{"@id":"https:\/\/librairie7l.com\/en\/#organization"},"potentialAction":[{"@type":"SearchAction","target":{"@type":"EntryPoint","urlTemplate":"https:\/\/librairie7l.com\/en\/?s={search_term_string}"},"query-input":"required name=search_term_string"}],"inLanguage":"en-US"},{"@type":"Organization","@id":"https:\/\/librairie7l.com\/en\/#organization","name":"Librairie 7L","url":"https:\/\/librairie7l.com\/en\/","logo":{"@type":"ImageObject","inLanguage":"en-US","@id":"https:\/\/librairie7l.com\/en\/#\/schema\/logo\/image\/","url":"https:\/\/librairie7l.com\/wp-content\/uploads\/2022\/08\/logo-1.png","contentUrl":"https:\/\/librairie7l.com\/wp-content\/uploads\/2022\/08\/logo-1.png","width":227,"height":301,"caption":"Librairie 7L"},"image":{"@id":"https:\/\/librairie7l.com\/en\/#\/schema\/logo\/image\/"}}]}},"_links":{"self":[{"href":"https:\/\/librairie7l.com\/en\/wp-json\/wp\/v2\/product\/16923"}],"collection":[{"href":"https:\/\/librairie7l.com\/en\/wp-json\/wp\/v2\/product"}],"about":[{"href":"https:\/\/librairie7l.com\/en\/wp-json\/wp\/v2\/types\/product"}],"wp:featuredmedia":[{"embeddable":true,"href":"https:\/\/librairie7l.com\/en\/wp-json\/wp\/v2\/media\/16921"}],"wp:attachment":[{"href":"https:\/\/librairie7l.com\/en\/wp-json\/wp\/v2\/media?parent=16923"}],"wp:term":[{"taxonomy":"product_cat","embeddable":true,"href":"https:\/\/librairie7l.com\/en\/wp-json\/wp\/v2\/product_cat?post=16923"},{"taxonomy":"product_tag","embeddable":true,"href":"https:\/\/librairie7l.com\/en\/wp-json\/wp\/v2\/product_tag?post=16923"}],"curies":[{"name":"wp","href":"https:\/\/api.w.org\/{rel}","templated":true}]}}