{"id":16947,"date":"2023-05-09T17:24:16","date_gmt":"2023-05-09T15:24:16","guid":{"rendered":"https:\/\/librairie7l.com\/?post_type=product&#038;p=16947"},"modified":"2026-04-09T00:14:51","modified_gmt":"2026-04-08T22:14:51","slug":"guide-illustre-du-japon-traditionnel-t-1-architecture-et-objets-du-quotidien","status":"publish","type":"product","link":"https:\/\/librairie7l.com\/en\/produit\/guide-illustre-du-japon-traditionnel-t-1-architecture-et-objets-du-quotidien\/","title":{"rendered":"GUIDE ILLUSTR\u00c9 DU JAPON TRADITIONNEL T.1 ; ARCHITECTURE ET OBJETS DU QUOTIDIEN"},"content":{"rendered":"<p>Pays d&#8217;une incroyable modernit\u00e9 et de l&#8217;excellence technique, le Japon a un autre visage plus ancien, plus discret qu&#8217;il a h\u00e9rit\u00e9 de son histoire ainsi que de la culture, des coutumes, des croyances, des savoir-faire et de l&#8217;art de vivre qui s&#8217;y sont d\u00e9velopp\u00e9s au fil du temps. C&#8217;est ce que nous fait d\u00e9couvrir ce Guide illustr\u00e9 du Japon traditionnel.<br \/>\nCe volume se compose de deux parties. La premi\u00e8re est consacr\u00e9e \u00e0 l&#8217;architecture, en particulier aux maisons, pavillons de th\u00e9 (chashitsu), jardins, bains publics et en plein air, sanctuaires shint\u00f4, temples bouddhiques et autres ch\u00e2teaux de l&#8217;Archipel. La seconde donne un aper\u00e7u des objets et du mat\u00e9riel utilis\u00e9s traditionnellement par les Japonais en guise de mobilier, pour s&#8217;\u00e9clairer, se chauffer, offrir des cadeaux, s&#8217;adonner \u00e0 l&#8217;art de la calligraphie (shod\u00f4) ou \u00e0 la voie de l&#8217;encens (k\u00f4d\u00f4), et v\u00e9n\u00e9rer leurs anc\u00eatres, les divinit\u00e9s shint\u00f4 et le Bouddha.<br \/>\nCet ouvrage s&#8217;adresse aussi bien aux voyageurs qu&#8217;aux esprits curieux en qu\u00eate d&#8217;informations pr\u00e9cises et d\u00e9taill\u00e9es. Il a \u00e9t\u00e9 con\u00e7u pour donner un avant-go\u00fbt des traditions d&#8217;un pays \u00e9tonnant, capable de se tourner r\u00e9solument vers l&#8217;avenir sans rien perdre de l&#8217;essence m\u00eame de son identit\u00e9, \u00e0 savoir une harmonie profonde entre l&#8217;homme et la nature, une conscience aigu\u00eb de la pr\u00e9carit\u00e9 de l&#8217;existence et le sens inn\u00e9 de la po\u00e9sie.<\/p>\n","protected":false},"excerpt":{"rendered":"<p>Pays d&#8217;une incroyable modernit\u00e9 et de l&#8217;excellence technique, le Japon a un autre visage plus ancien, plus discret qu&#8217;il a h\u00e9rit\u00e9 de son histoire ainsi que de la culture, des coutumes, des croyances, des savoir-faire et de l&#8217;art de vivre qui s&#8217;y sont d\u00e9velopp\u00e9s au fil du temps. C&#8217;est ce que nous fait d\u00e9couvrir ce [&hellip;]<\/p>\n","protected":false},"featured_media":16945,"template":"","meta":[],"product_cat":[55,2948,18,2952],"product_tag":[],"acf":[],"yoast_head":"<!-- This site is optimized with the Yoast SEO plugin v20.11 - https:\/\/yoast.com\/wordpress\/plugins\/seo\/ -->\n<title>GUIDE ILLUSTR\u00c9 DU JAPON TRADITIONNEL T.1 ; ARCHITECTURE ET OBJETS DU QUOTIDIEN - Librairie 7L<\/title>\n<meta name=\"robots\" content=\"index, follow, max-snippet:-1, max-image-preview:large, max-video-preview:-1\" \/>\n<link rel=\"canonical\" href=\"https:\/\/librairie7l.com\/en\/produit\/guide-illustre-du-japon-traditionnel-t-1-architecture-et-objets-du-quotidien\/\" \/>\n<meta property=\"og:locale\" content=\"en_US\" \/>\n<meta property=\"og:type\" content=\"article\" \/>\n<meta property=\"og:title\" content=\"GUIDE ILLUSTR\u00c9 DU JAPON TRADITIONNEL T.1 ; ARCHITECTURE ET OBJETS DU QUOTIDIEN - Librairie 7L\" \/>\n<meta property=\"og:description\" content=\"Pays d&#8217;une incroyable modernit\u00e9 et de l&#8217;excellence technique, le Japon a un autre visage plus ancien, plus discret qu&#8217;il a h\u00e9rit\u00e9 de son histoire ainsi que de la culture, des coutumes, des croyances, des savoir-faire et de l&#8217;art de vivre qui s&#8217;y sont d\u00e9velopp\u00e9s au fil du temps. C&#8217;est ce que nous fait d\u00e9couvrir ce [&hellip;]\" \/>\n<meta property=\"og:url\" content=\"https:\/\/librairie7l.com\/en\/produit\/guide-illustre-du-japon-traditionnel-t-1-architecture-et-objets-du-quotidien\/\" \/>\n<meta property=\"og:site_name\" content=\"Librairie 7L\" \/>\n<meta property=\"article:modified_time\" content=\"2026-04-08T22:14:51+00:00\" \/>\n<meta property=\"og:image\" content=\"https:\/\/librairie7l.com\/wp-content\/uploads\/2019\/07\/9782354323219_1_75.jpg\" \/>\n\t<meta property=\"og:image:width\" content=\"600\" \/>\n\t<meta property=\"og:image:height\" content=\"900\" \/>\n\t<meta property=\"og:image:type\" content=\"image\/jpeg\" \/>\n<meta name=\"twitter:card\" content=\"summary_large_image\" \/>\n<meta name=\"twitter:label1\" content=\"Est. reading time\" \/>\n\t<meta name=\"twitter:data1\" content=\"1 minute\" \/>\n<script type=\"application\/ld+json\" class=\"yoast-schema-graph\">{\"@context\":\"https:\/\/schema.org\",\"@graph\":[{\"@type\":\"WebPage\",\"@id\":\"https:\/\/librairie7l.com\/en\/produit\/guide-illustre-du-japon-traditionnel-t-1-architecture-et-objets-du-quotidien\/\",\"url\":\"https:\/\/librairie7l.com\/en\/produit\/guide-illustre-du-japon-traditionnel-t-1-architecture-et-objets-du-quotidien\/\",\"name\":\"GUIDE ILLUSTR\u00c9 DU JAPON TRADITIONNEL T.1 ; ARCHITECTURE ET OBJETS DU QUOTIDIEN - Librairie 7L\",\"isPartOf\":{\"@id\":\"https:\/\/librairie7l.com\/en\/#website\"},\"datePublished\":\"2023-05-09T15:24:16+00:00\",\"dateModified\":\"2026-04-08T22:14:51+00:00\",\"breadcrumb\":{\"@id\":\"https:\/\/librairie7l.com\/en\/produit\/guide-illustre-du-japon-traditionnel-t-1-architecture-et-objets-du-quotidien\/#breadcrumb\"},\"inLanguage\":\"en-US\",\"potentialAction\":[{\"@type\":\"ReadAction\",\"target\":[\"https:\/\/librairie7l.com\/en\/produit\/guide-illustre-du-japon-traditionnel-t-1-architecture-et-objets-du-quotidien\/\"]}]},{\"@type\":\"BreadcrumbList\",\"@id\":\"https:\/\/librairie7l.com\/en\/produit\/guide-illustre-du-japon-traditionnel-t-1-architecture-et-objets-du-quotidien\/#breadcrumb\",\"itemListElement\":[{\"@type\":\"ListItem\",\"position\":1,\"name\":\"Accueil\",\"item\":\"https:\/\/librairie7l.com\/en\/\"},{\"@type\":\"ListItem\",\"position\":2,\"name\":\"Shop\",\"item\":\"https:\/\/librairie7l.com\/en\/shop\/\"},{\"@type\":\"ListItem\",\"position\":3,\"name\":\"GUIDE ILLUSTR\u00c9 DU JAPON TRADITIONNEL T.1 ; ARCHITECTURE ET OBJETS DU QUOTIDIEN\"}]},{\"@type\":\"WebSite\",\"@id\":\"https:\/\/librairie7l.com\/en\/#website\",\"url\":\"https:\/\/librairie7l.com\/en\/\",\"name\":\"Librairie 7L\",\"description\":\"Librairie fond\u00e9e en 1999 par Karl Lagerfeld \u00e0 Paris\",\"publisher\":{\"@id\":\"https:\/\/librairie7l.com\/en\/#organization\"},\"potentialAction\":[{\"@type\":\"SearchAction\",\"target\":{\"@type\":\"EntryPoint\",\"urlTemplate\":\"https:\/\/librairie7l.com\/en\/?s={search_term_string}\"},\"query-input\":\"required name=search_term_string\"}],\"inLanguage\":\"en-US\"},{\"@type\":\"Organization\",\"@id\":\"https:\/\/librairie7l.com\/en\/#organization\",\"name\":\"Librairie 7L\",\"url\":\"https:\/\/librairie7l.com\/en\/\",\"logo\":{\"@type\":\"ImageObject\",\"inLanguage\":\"en-US\",\"@id\":\"https:\/\/librairie7l.com\/en\/#\/schema\/logo\/image\/\",\"url\":\"https:\/\/librairie7l.com\/wp-content\/uploads\/2022\/08\/logo-1.png\",\"contentUrl\":\"https:\/\/librairie7l.com\/wp-content\/uploads\/2022\/08\/logo-1.png\",\"width\":227,\"height\":301,\"caption\":\"Librairie 7L\"},\"image\":{\"@id\":\"https:\/\/librairie7l.com\/en\/#\/schema\/logo\/image\/\"}}]}<\/script>\n<!-- \/ Yoast SEO plugin. -->","yoast_head_json":{"title":"GUIDE ILLUSTR\u00c9 DU JAPON TRADITIONNEL T.1 ; ARCHITECTURE ET OBJETS DU QUOTIDIEN - Librairie 7L","robots":{"index":"index","follow":"follow","max-snippet":"max-snippet:-1","max-image-preview":"max-image-preview:large","max-video-preview":"max-video-preview:-1"},"canonical":"https:\/\/librairie7l.com\/en\/produit\/guide-illustre-du-japon-traditionnel-t-1-architecture-et-objets-du-quotidien\/","og_locale":"en_US","og_type":"article","og_title":"GUIDE ILLUSTR\u00c9 DU JAPON TRADITIONNEL T.1 ; ARCHITECTURE ET OBJETS DU QUOTIDIEN - Librairie 7L","og_description":"Pays d&#8217;une incroyable modernit\u00e9 et de l&#8217;excellence technique, le Japon a un autre visage plus ancien, plus discret qu&#8217;il a h\u00e9rit\u00e9 de son histoire ainsi que de la culture, des coutumes, des croyances, des savoir-faire et de l&#8217;art de vivre qui s&#8217;y sont d\u00e9velopp\u00e9s au fil du temps. C&#8217;est ce que nous fait d\u00e9couvrir ce [&hellip;]","og_url":"https:\/\/librairie7l.com\/en\/produit\/guide-illustre-du-japon-traditionnel-t-1-architecture-et-objets-du-quotidien\/","og_site_name":"Librairie 7L","article_modified_time":"2026-04-08T22:14:51+00:00","og_image":[{"width":600,"height":900,"url":"https:\/\/librairie7l.com\/wp-content\/uploads\/2019\/07\/9782354323219_1_75.jpg","type":"image\/jpeg"}],"twitter_card":"summary_large_image","twitter_misc":{"Est. reading time":"1 minute"},"schema":{"@context":"https:\/\/schema.org","@graph":[{"@type":"WebPage","@id":"https:\/\/librairie7l.com\/en\/produit\/guide-illustre-du-japon-traditionnel-t-1-architecture-et-objets-du-quotidien\/","url":"https:\/\/librairie7l.com\/en\/produit\/guide-illustre-du-japon-traditionnel-t-1-architecture-et-objets-du-quotidien\/","name":"GUIDE ILLUSTR\u00c9 DU JAPON TRADITIONNEL T.1 ; ARCHITECTURE ET OBJETS DU QUOTIDIEN - Librairie 7L","isPartOf":{"@id":"https:\/\/librairie7l.com\/en\/#website"},"datePublished":"2023-05-09T15:24:16+00:00","dateModified":"2026-04-08T22:14:51+00:00","breadcrumb":{"@id":"https:\/\/librairie7l.com\/en\/produit\/guide-illustre-du-japon-traditionnel-t-1-architecture-et-objets-du-quotidien\/#breadcrumb"},"inLanguage":"en-US","potentialAction":[{"@type":"ReadAction","target":["https:\/\/librairie7l.com\/en\/produit\/guide-illustre-du-japon-traditionnel-t-1-architecture-et-objets-du-quotidien\/"]}]},{"@type":"BreadcrumbList","@id":"https:\/\/librairie7l.com\/en\/produit\/guide-illustre-du-japon-traditionnel-t-1-architecture-et-objets-du-quotidien\/#breadcrumb","itemListElement":[{"@type":"ListItem","position":1,"name":"Accueil","item":"https:\/\/librairie7l.com\/en\/"},{"@type":"ListItem","position":2,"name":"Shop","item":"https:\/\/librairie7l.com\/en\/shop\/"},{"@type":"ListItem","position":3,"name":"GUIDE ILLUSTR\u00c9 DU JAPON TRADITIONNEL T.1 ; ARCHITECTURE ET OBJETS DU QUOTIDIEN"}]},{"@type":"WebSite","@id":"https:\/\/librairie7l.com\/en\/#website","url":"https:\/\/librairie7l.com\/en\/","name":"Librairie 7L","description":"Librairie fond\u00e9e en 1999 par Karl Lagerfeld \u00e0 Paris","publisher":{"@id":"https:\/\/librairie7l.com\/en\/#organization"},"potentialAction":[{"@type":"SearchAction","target":{"@type":"EntryPoint","urlTemplate":"https:\/\/librairie7l.com\/en\/?s={search_term_string}"},"query-input":"required name=search_term_string"}],"inLanguage":"en-US"},{"@type":"Organization","@id":"https:\/\/librairie7l.com\/en\/#organization","name":"Librairie 7L","url":"https:\/\/librairie7l.com\/en\/","logo":{"@type":"ImageObject","inLanguage":"en-US","@id":"https:\/\/librairie7l.com\/en\/#\/schema\/logo\/image\/","url":"https:\/\/librairie7l.com\/wp-content\/uploads\/2022\/08\/logo-1.png","contentUrl":"https:\/\/librairie7l.com\/wp-content\/uploads\/2022\/08\/logo-1.png","width":227,"height":301,"caption":"Librairie 7L"},"image":{"@id":"https:\/\/librairie7l.com\/en\/#\/schema\/logo\/image\/"}}]}},"_links":{"self":[{"href":"https:\/\/librairie7l.com\/en\/wp-json\/wp\/v2\/product\/16947"}],"collection":[{"href":"https:\/\/librairie7l.com\/en\/wp-json\/wp\/v2\/product"}],"about":[{"href":"https:\/\/librairie7l.com\/en\/wp-json\/wp\/v2\/types\/product"}],"wp:featuredmedia":[{"embeddable":true,"href":"https:\/\/librairie7l.com\/en\/wp-json\/wp\/v2\/media\/16945"}],"wp:attachment":[{"href":"https:\/\/librairie7l.com\/en\/wp-json\/wp\/v2\/media?parent=16947"}],"wp:term":[{"taxonomy":"product_cat","embeddable":true,"href":"https:\/\/librairie7l.com\/en\/wp-json\/wp\/v2\/product_cat?post=16947"},{"taxonomy":"product_tag","embeddable":true,"href":"https:\/\/librairie7l.com\/en\/wp-json\/wp\/v2\/product_tag?post=16947"}],"curies":[{"name":"wp","href":"https:\/\/api.w.org\/{rel}","templated":true}]}}