{"id":16999,"date":"2023-05-09T17:25:04","date_gmt":"2023-05-09T15:25:04","guid":{"rendered":"https:\/\/librairie7l.com\/?post_type=product&#038;p=16999"},"modified":"2026-04-25T22:05:46","modified_gmt":"2026-04-25T20:05:46","slug":"seduction-et-pouvoir-lart-de-sappreter-a-la-cour-aux-xviie-et-xviiie-siecles","status":"publish","type":"product","link":"https:\/\/librairie7l.com\/en\/produit\/seduction-et-pouvoir-lart-de-sappreter-a-la-cour-aux-xviie-et-xviiie-siecles\/","title":{"rendered":"S\u00c9DUCTION ET POUVOIR : L&#8217;ART DE S&#8217;APPR\u00caTER \u00c0 LA COUR AUX XVIIE ET XVIIIE SI\u00c8CLES"},"content":{"rendered":"<p>Entre les r\u00e8gnes de LouisXIV et de LouisXVI, Versailles puis Paris sedisputent letitre decapitale de la mode. Entre d\u00e9sir des\u00e9duction, affirmation du pouvoir etd\u00e9sir de signifier un statut social, les accessoires de mode et de beaut\u00e9 viennent appuyer sous l&#8217;Ancien R\u00e9gime une nouvelle mise en sc\u00e8ne de soi. Chaque parure, chaque geste, chaque attitude r\u00e9pond \u00e0des codes qui ne cessent d&#8217;\u00e9voluer et accompagnent ainsi les modes et les moeurs. Lecorps est par\u00e9 de divers artifices qui rivalisent d&#8217;audace et dedistinction. Quels r\u00f4les jouent ces ornements dans lecontexte de la cour ?L&#8217;exposition du Mus\u00e9e duDomaine royal deMarly retrace les usages de cesobjets, de la t\u00eate aux pieds: coiffes, perruques, maquillage, parfums, ornements du v\u00eatement, bijoux, objets de galanterie, chaussures.<\/p>\n","protected":false},"excerpt":{"rendered":"<p>Entre les r\u00e8gnes de LouisXIV et de LouisXVI, Versailles puis Paris sedisputent letitre decapitale de la mode. Entre d\u00e9sir des\u00e9duction, affirmation du pouvoir etd\u00e9sir de signifier un statut social, les accessoires de mode et de beaut\u00e9 viennent appuyer sous l&#8217;Ancien R\u00e9gime une nouvelle mise en sc\u00e8ne de soi. Chaque parure, chaque geste, chaque attitude r\u00e9pond [&hellip;]<\/p>\n","protected":false},"featured_media":16997,"template":"","meta":[],"product_cat":[55,2948,2957,19],"product_tag":[],"acf":[],"yoast_head":"<!-- This site is optimized with the Yoast SEO plugin v20.11 - https:\/\/yoast.com\/wordpress\/plugins\/seo\/ -->\n<title>S\u00c9DUCTION ET POUVOIR : L&#039;ART DE S&#039;APPR\u00caTER \u00c0 LA COUR AUX XVIIE ET XVIIIE SI\u00c8CLES - Librairie 7L<\/title>\n<meta name=\"robots\" content=\"index, follow, max-snippet:-1, max-image-preview:large, max-video-preview:-1\" \/>\n<link rel=\"canonical\" href=\"https:\/\/librairie7l.com\/en\/produit\/seduction-et-pouvoir-lart-de-sappreter-a-la-cour-aux-xviie-et-xviiie-siecles\/\" \/>\n<meta property=\"og:locale\" content=\"en_US\" \/>\n<meta property=\"og:type\" content=\"article\" \/>\n<meta property=\"og:title\" content=\"S\u00c9DUCTION ET POUVOIR : L&#039;ART DE S&#039;APPR\u00caTER \u00c0 LA COUR AUX XVIIE ET XVIIIE SI\u00c8CLES - Librairie 7L\" \/>\n<meta property=\"og:description\" content=\"Entre les r\u00e8gnes de LouisXIV et de LouisXVI, Versailles puis Paris sedisputent letitre decapitale de la mode. Entre d\u00e9sir des\u00e9duction, affirmation du pouvoir etd\u00e9sir de signifier un statut social, les accessoires de mode et de beaut\u00e9 viennent appuyer sous l&#8217;Ancien R\u00e9gime une nouvelle mise en sc\u00e8ne de soi. Chaque parure, chaque geste, chaque attitude r\u00e9pond [&hellip;]\" \/>\n<meta property=\"og:url\" content=\"https:\/\/librairie7l.com\/en\/produit\/seduction-et-pouvoir-lart-de-sappreter-a-la-cour-aux-xviie-et-xviiie-siecles\/\" \/>\n<meta property=\"og:site_name\" content=\"Librairie 7L\" \/>\n<meta property=\"article:modified_time\" content=\"2026-04-25T20:05:46+00:00\" \/>\n<meta property=\"og:image\" content=\"https:\/\/librairie7l.com\/wp-content\/uploads\/2023\/04\/9782382031179_1_75.jpg\" \/>\n\t<meta property=\"og:image:width\" content=\"600\" \/>\n\t<meta property=\"og:image:height\" content=\"818\" \/>\n\t<meta property=\"og:image:type\" content=\"image\/jpeg\" \/>\n<meta name=\"twitter:card\" content=\"summary_large_image\" \/>\n<meta name=\"twitter:label1\" content=\"Est. reading time\" \/>\n\t<meta name=\"twitter:data1\" content=\"1 minute\" \/>\n<script type=\"application\/ld+json\" class=\"yoast-schema-graph\">{\"@context\":\"https:\/\/schema.org\",\"@graph\":[{\"@type\":\"WebPage\",\"@id\":\"https:\/\/librairie7l.com\/en\/produit\/seduction-et-pouvoir-lart-de-sappreter-a-la-cour-aux-xviie-et-xviiie-siecles\/\",\"url\":\"https:\/\/librairie7l.com\/en\/produit\/seduction-et-pouvoir-lart-de-sappreter-a-la-cour-aux-xviie-et-xviiie-siecles\/\",\"name\":\"S\u00c9DUCTION ET POUVOIR : L'ART DE S'APPR\u00caTER \u00c0 LA COUR AUX XVIIE ET XVIIIE SI\u00c8CLES - Librairie 7L\",\"isPartOf\":{\"@id\":\"https:\/\/librairie7l.com\/en\/#website\"},\"datePublished\":\"2023-05-09T15:25:04+00:00\",\"dateModified\":\"2026-04-25T20:05:46+00:00\",\"breadcrumb\":{\"@id\":\"https:\/\/librairie7l.com\/en\/produit\/seduction-et-pouvoir-lart-de-sappreter-a-la-cour-aux-xviie-et-xviiie-siecles\/#breadcrumb\"},\"inLanguage\":\"en-US\",\"potentialAction\":[{\"@type\":\"ReadAction\",\"target\":[\"https:\/\/librairie7l.com\/en\/produit\/seduction-et-pouvoir-lart-de-sappreter-a-la-cour-aux-xviie-et-xviiie-siecles\/\"]}]},{\"@type\":\"BreadcrumbList\",\"@id\":\"https:\/\/librairie7l.com\/en\/produit\/seduction-et-pouvoir-lart-de-sappreter-a-la-cour-aux-xviie-et-xviiie-siecles\/#breadcrumb\",\"itemListElement\":[{\"@type\":\"ListItem\",\"position\":1,\"name\":\"Accueil\",\"item\":\"https:\/\/librairie7l.com\/en\/\"},{\"@type\":\"ListItem\",\"position\":2,\"name\":\"Shop\",\"item\":\"https:\/\/librairie7l.com\/en\/shop\/\"},{\"@type\":\"ListItem\",\"position\":3,\"name\":\"S\u00c9DUCTION ET POUVOIR : L&#8217;ART DE S&#8217;APPR\u00caTER \u00c0 LA COUR AUX XVIIE ET XVIIIE SI\u00c8CLES\"}]},{\"@type\":\"WebSite\",\"@id\":\"https:\/\/librairie7l.com\/en\/#website\",\"url\":\"https:\/\/librairie7l.com\/en\/\",\"name\":\"Librairie 7L\",\"description\":\"Librairie fond\u00e9e en 1999 par Karl Lagerfeld \u00e0 Paris\",\"publisher\":{\"@id\":\"https:\/\/librairie7l.com\/en\/#organization\"},\"potentialAction\":[{\"@type\":\"SearchAction\",\"target\":{\"@type\":\"EntryPoint\",\"urlTemplate\":\"https:\/\/librairie7l.com\/en\/?s={search_term_string}\"},\"query-input\":\"required name=search_term_string\"}],\"inLanguage\":\"en-US\"},{\"@type\":\"Organization\",\"@id\":\"https:\/\/librairie7l.com\/en\/#organization\",\"name\":\"Librairie 7L\",\"url\":\"https:\/\/librairie7l.com\/en\/\",\"logo\":{\"@type\":\"ImageObject\",\"inLanguage\":\"en-US\",\"@id\":\"https:\/\/librairie7l.com\/en\/#\/schema\/logo\/image\/\",\"url\":\"https:\/\/librairie7l.com\/wp-content\/uploads\/2022\/08\/logo-1.png\",\"contentUrl\":\"https:\/\/librairie7l.com\/wp-content\/uploads\/2022\/08\/logo-1.png\",\"width\":227,\"height\":301,\"caption\":\"Librairie 7L\"},\"image\":{\"@id\":\"https:\/\/librairie7l.com\/en\/#\/schema\/logo\/image\/\"}}]}<\/script>\n<!-- \/ Yoast SEO plugin. -->","yoast_head_json":{"title":"S\u00c9DUCTION ET POUVOIR : L'ART DE S'APPR\u00caTER \u00c0 LA COUR AUX XVIIE ET XVIIIE SI\u00c8CLES - Librairie 7L","robots":{"index":"index","follow":"follow","max-snippet":"max-snippet:-1","max-image-preview":"max-image-preview:large","max-video-preview":"max-video-preview:-1"},"canonical":"https:\/\/librairie7l.com\/en\/produit\/seduction-et-pouvoir-lart-de-sappreter-a-la-cour-aux-xviie-et-xviiie-siecles\/","og_locale":"en_US","og_type":"article","og_title":"S\u00c9DUCTION ET POUVOIR : L'ART DE S'APPR\u00caTER \u00c0 LA COUR AUX XVIIE ET XVIIIE SI\u00c8CLES - Librairie 7L","og_description":"Entre les r\u00e8gnes de LouisXIV et de LouisXVI, Versailles puis Paris sedisputent letitre decapitale de la mode. Entre d\u00e9sir des\u00e9duction, affirmation du pouvoir etd\u00e9sir de signifier un statut social, les accessoires de mode et de beaut\u00e9 viennent appuyer sous l&#8217;Ancien R\u00e9gime une nouvelle mise en sc\u00e8ne de soi. Chaque parure, chaque geste, chaque attitude r\u00e9pond [&hellip;]","og_url":"https:\/\/librairie7l.com\/en\/produit\/seduction-et-pouvoir-lart-de-sappreter-a-la-cour-aux-xviie-et-xviiie-siecles\/","og_site_name":"Librairie 7L","article_modified_time":"2026-04-25T20:05:46+00:00","og_image":[{"width":600,"height":818,"url":"https:\/\/librairie7l.com\/wp-content\/uploads\/2023\/04\/9782382031179_1_75.jpg","type":"image\/jpeg"}],"twitter_card":"summary_large_image","twitter_misc":{"Est. reading time":"1 minute"},"schema":{"@context":"https:\/\/schema.org","@graph":[{"@type":"WebPage","@id":"https:\/\/librairie7l.com\/en\/produit\/seduction-et-pouvoir-lart-de-sappreter-a-la-cour-aux-xviie-et-xviiie-siecles\/","url":"https:\/\/librairie7l.com\/en\/produit\/seduction-et-pouvoir-lart-de-sappreter-a-la-cour-aux-xviie-et-xviiie-siecles\/","name":"S\u00c9DUCTION ET POUVOIR : L'ART DE S'APPR\u00caTER \u00c0 LA COUR AUX XVIIE ET XVIIIE SI\u00c8CLES - Librairie 7L","isPartOf":{"@id":"https:\/\/librairie7l.com\/en\/#website"},"datePublished":"2023-05-09T15:25:04+00:00","dateModified":"2026-04-25T20:05:46+00:00","breadcrumb":{"@id":"https:\/\/librairie7l.com\/en\/produit\/seduction-et-pouvoir-lart-de-sappreter-a-la-cour-aux-xviie-et-xviiie-siecles\/#breadcrumb"},"inLanguage":"en-US","potentialAction":[{"@type":"ReadAction","target":["https:\/\/librairie7l.com\/en\/produit\/seduction-et-pouvoir-lart-de-sappreter-a-la-cour-aux-xviie-et-xviiie-siecles\/"]}]},{"@type":"BreadcrumbList","@id":"https:\/\/librairie7l.com\/en\/produit\/seduction-et-pouvoir-lart-de-sappreter-a-la-cour-aux-xviie-et-xviiie-siecles\/#breadcrumb","itemListElement":[{"@type":"ListItem","position":1,"name":"Accueil","item":"https:\/\/librairie7l.com\/en\/"},{"@type":"ListItem","position":2,"name":"Shop","item":"https:\/\/librairie7l.com\/en\/shop\/"},{"@type":"ListItem","position":3,"name":"S\u00c9DUCTION ET POUVOIR : L&#8217;ART DE S&#8217;APPR\u00caTER \u00c0 LA COUR AUX XVIIE ET XVIIIE SI\u00c8CLES"}]},{"@type":"WebSite","@id":"https:\/\/librairie7l.com\/en\/#website","url":"https:\/\/librairie7l.com\/en\/","name":"Librairie 7L","description":"Librairie fond\u00e9e en 1999 par Karl Lagerfeld \u00e0 Paris","publisher":{"@id":"https:\/\/librairie7l.com\/en\/#organization"},"potentialAction":[{"@type":"SearchAction","target":{"@type":"EntryPoint","urlTemplate":"https:\/\/librairie7l.com\/en\/?s={search_term_string}"},"query-input":"required name=search_term_string"}],"inLanguage":"en-US"},{"@type":"Organization","@id":"https:\/\/librairie7l.com\/en\/#organization","name":"Librairie 7L","url":"https:\/\/librairie7l.com\/en\/","logo":{"@type":"ImageObject","inLanguage":"en-US","@id":"https:\/\/librairie7l.com\/en\/#\/schema\/logo\/image\/","url":"https:\/\/librairie7l.com\/wp-content\/uploads\/2022\/08\/logo-1.png","contentUrl":"https:\/\/librairie7l.com\/wp-content\/uploads\/2022\/08\/logo-1.png","width":227,"height":301,"caption":"Librairie 7L"},"image":{"@id":"https:\/\/librairie7l.com\/en\/#\/schema\/logo\/image\/"}}]}},"_links":{"self":[{"href":"https:\/\/librairie7l.com\/en\/wp-json\/wp\/v2\/product\/16999"}],"collection":[{"href":"https:\/\/librairie7l.com\/en\/wp-json\/wp\/v2\/product"}],"about":[{"href":"https:\/\/librairie7l.com\/en\/wp-json\/wp\/v2\/types\/product"}],"wp:featuredmedia":[{"embeddable":true,"href":"https:\/\/librairie7l.com\/en\/wp-json\/wp\/v2\/media\/16997"}],"wp:attachment":[{"href":"https:\/\/librairie7l.com\/en\/wp-json\/wp\/v2\/media?parent=16999"}],"wp:term":[{"taxonomy":"product_cat","embeddable":true,"href":"https:\/\/librairie7l.com\/en\/wp-json\/wp\/v2\/product_cat?post=16999"},{"taxonomy":"product_tag","embeddable":true,"href":"https:\/\/librairie7l.com\/en\/wp-json\/wp\/v2\/product_tag?post=16999"}],"curies":[{"name":"wp","href":"https:\/\/api.w.org\/{rel}","templated":true}]}}