{"id":17003,"date":"2023-05-09T17:25:08","date_gmt":"2023-05-09T15:25:08","guid":{"rendered":"https:\/\/librairie7l.com\/?post_type=product&#038;p=17003"},"modified":"2026-04-12T16:51:37","modified_gmt":"2026-04-12T14:51:37","slug":"rever-lorient","status":"publish","type":"product","link":"https:\/\/librairie7l.com\/en\/produit\/rever-lorient\/","title":{"rendered":"R\u00caVER L&#8217;ORIENT"},"content":{"rendered":"<p>Aimer l&#8217;Orient est une travers\u00e9e du XIXe si\u00e8cle, temps fort pour les artistes qui assouvissent leurs d\u00e9sirs de d\u00e9couverte et d&#8217;inspiration \u00e0 travers l&#8217;univers esth\u00e9tique oriental, depuis les terres d&#8217;Afrique du nord \u00e0 celles du Moyen-Orient. Trois chapitres sur l&#8217;orientalisme et plus de 300 illustrations, propices aux r\u00eaves et aux fantasmes composent ce livre. Le premier est celui d&#8217;un Orient imaginaire, que les artistes r\u00eavent et retranscrivent, selon les r\u00e9cits. Cette fascination ancienne, mais grandissante se renouvelle avec les exp\u00e9ditions et les d\u00e9couvertes. Les artistes profitent de la r\u00e9volution des transports et de la colonisation des pays du Maghreb pour d\u00e9couvrir l&#8217;Orient v\u00e9ritable. Delacroix, Decamps, Berch\u00e8re, Bridgman, Ziem, G\u00e9r\u00f4me, Corrodi, Dinet, Matisse, Majorelle et bien d&#8217;autres s&#8217;impr\u00e8gnent de ses motifs, de ses couleurs et de ses lumi\u00e8res, venant enrichir le r\u00e9pertoire acad\u00e9mique. Le deuxi\u00e8me chapitre est celui d&#8217;un retour en Europe. Les artistes sont nombreux \u00e0 vouloir faire revivre ce moment unique de leur vie, en collectionnant des oeuvres, en peignant ou en \u00e9crivant leurs m\u00e9moires. Croquis \u00e0 l&#8217;aquarelle et carnets de voyage laissent place \u00e0 des chefs-d&#8217;oeuvre de la peinture et de la litt\u00e9rature. En essayant de se d\u00e9tacher des clich\u00e9s \u00ab exotiques \u00bb, ils d\u00e9peignent l&#8217;atmosph\u00e8re de l&#8217;Orient, des sc\u00e8nes de vie quotidienne. D&#8217;autres artistes plus fascin\u00e9s encore, voyant en l&#8217;Orient, l&#8217;un des berceaux de la civilisation humaine, s&#8217;y installent. Ils sont l&#8217;objet du troisi\u00e8me chapitre, derni\u00e8re \u00e9tape du voyage. Ce f\u00fbt le cas de Dinet qui passa une grande partie de sa vie en Alg\u00e9rie ou de Majorelle, surnomm\u00e9 le \u00ab peintre de Marrakech \u00bb. \u00c0 travers leurs yeux se d\u00e9voile un Orient multiple, pittoresque, intimiste et plein de nuances. Architecture, sculpture, objets d&#8217;art et musique sont autant de domaines o\u00f9 se dessinent les contours de l&#8217;Orient.<\/p>\n","protected":false},"excerpt":{"rendered":"<p>Aimer l&#8217;Orient est une travers\u00e9e du XIXe si\u00e8cle, temps fort pour les artistes qui assouvissent leurs d\u00e9sirs de d\u00e9couverte et d&#8217;inspiration \u00e0 travers l&#8217;univers esth\u00e9tique oriental, depuis les terres d&#8217;Afrique du nord \u00e0 celles du Moyen-Orient. Trois chapitres sur l&#8217;orientalisme et plus de 300 illustrations, propices aux r\u00eaves et aux fantasmes composent ce livre. Le [&hellip;]<\/p>\n","protected":false},"featured_media":42721,"template":"","meta":[],"product_cat":[55,2948,47,2953],"product_tag":[],"acf":[],"yoast_head":"<!-- This site is optimized with the Yoast SEO plugin v20.11 - https:\/\/yoast.com\/wordpress\/plugins\/seo\/ -->\n<title>R\u00caVER L&#039;ORIENT - Librairie 7L<\/title>\n<meta name=\"robots\" content=\"index, follow, max-snippet:-1, max-image-preview:large, max-video-preview:-1\" \/>\n<link rel=\"canonical\" href=\"https:\/\/librairie7l.com\/en\/produit\/rever-lorient\/\" \/>\n<meta property=\"og:locale\" content=\"en_US\" \/>\n<meta property=\"og:type\" content=\"article\" \/>\n<meta property=\"og:title\" content=\"R\u00caVER L&#039;ORIENT - Librairie 7L\" \/>\n<meta property=\"og:description\" content=\"Aimer l&#8217;Orient est une travers\u00e9e du XIXe si\u00e8cle, temps fort pour les artistes qui assouvissent leurs d\u00e9sirs de d\u00e9couverte et d&#8217;inspiration \u00e0 travers l&#8217;univers esth\u00e9tique oriental, depuis les terres d&#8217;Afrique du nord \u00e0 celles du Moyen-Orient. Trois chapitres sur l&#8217;orientalisme et plus de 300 illustrations, propices aux r\u00eaves et aux fantasmes composent ce livre. Le [&hellip;]\" \/>\n<meta property=\"og:url\" content=\"https:\/\/librairie7l.com\/en\/produit\/rever-lorient\/\" \/>\n<meta property=\"og:site_name\" content=\"Librairie 7L\" \/>\n<meta property=\"article:modified_time\" content=\"2026-04-12T14:51:37+00:00\" \/>\n<meta name=\"twitter:card\" content=\"summary_large_image\" \/>\n<meta name=\"twitter:label1\" content=\"Est. reading time\" \/>\n\t<meta name=\"twitter:data1\" content=\"2 minutes\" \/>\n<script type=\"application\/ld+json\" class=\"yoast-schema-graph\">{\"@context\":\"https:\/\/schema.org\",\"@graph\":[{\"@type\":\"WebPage\",\"@id\":\"https:\/\/librairie7l.com\/en\/produit\/rever-lorient\/\",\"url\":\"https:\/\/librairie7l.com\/en\/produit\/rever-lorient\/\",\"name\":\"R\u00caVER L'ORIENT - Librairie 7L\",\"isPartOf\":{\"@id\":\"https:\/\/librairie7l.com\/en\/#website\"},\"datePublished\":\"2023-05-09T15:25:08+00:00\",\"dateModified\":\"2026-04-12T14:51:37+00:00\",\"breadcrumb\":{\"@id\":\"https:\/\/librairie7l.com\/en\/produit\/rever-lorient\/#breadcrumb\"},\"inLanguage\":\"en-US\",\"potentialAction\":[{\"@type\":\"ReadAction\",\"target\":[\"https:\/\/librairie7l.com\/en\/produit\/rever-lorient\/\"]}]},{\"@type\":\"BreadcrumbList\",\"@id\":\"https:\/\/librairie7l.com\/en\/produit\/rever-lorient\/#breadcrumb\",\"itemListElement\":[{\"@type\":\"ListItem\",\"position\":1,\"name\":\"Accueil\",\"item\":\"https:\/\/librairie7l.com\/en\/\"},{\"@type\":\"ListItem\",\"position\":2,\"name\":\"Shop\",\"item\":\"https:\/\/librairie7l.com\/en\/shop\/\"},{\"@type\":\"ListItem\",\"position\":3,\"name\":\"R\u00caVER L&#8217;ORIENT\"}]},{\"@type\":\"WebSite\",\"@id\":\"https:\/\/librairie7l.com\/en\/#website\",\"url\":\"https:\/\/librairie7l.com\/en\/\",\"name\":\"Librairie 7L\",\"description\":\"Librairie fond\u00e9e en 1999 par Karl Lagerfeld \u00e0 Paris\",\"publisher\":{\"@id\":\"https:\/\/librairie7l.com\/en\/#organization\"},\"potentialAction\":[{\"@type\":\"SearchAction\",\"target\":{\"@type\":\"EntryPoint\",\"urlTemplate\":\"https:\/\/librairie7l.com\/en\/?s={search_term_string}\"},\"query-input\":\"required name=search_term_string\"}],\"inLanguage\":\"en-US\"},{\"@type\":\"Organization\",\"@id\":\"https:\/\/librairie7l.com\/en\/#organization\",\"name\":\"Librairie 7L\",\"url\":\"https:\/\/librairie7l.com\/en\/\",\"logo\":{\"@type\":\"ImageObject\",\"inLanguage\":\"en-US\",\"@id\":\"https:\/\/librairie7l.com\/en\/#\/schema\/logo\/image\/\",\"url\":\"https:\/\/librairie7l.com\/wp-content\/uploads\/2022\/08\/logo-1.png\",\"contentUrl\":\"https:\/\/librairie7l.com\/wp-content\/uploads\/2022\/08\/logo-1.png\",\"width\":227,\"height\":301,\"caption\":\"Librairie 7L\"},\"image\":{\"@id\":\"https:\/\/librairie7l.com\/en\/#\/schema\/logo\/image\/\"}}]}<\/script>\n<!-- \/ Yoast SEO plugin. -->","yoast_head_json":{"title":"R\u00caVER L'ORIENT - Librairie 7L","robots":{"index":"index","follow":"follow","max-snippet":"max-snippet:-1","max-image-preview":"max-image-preview:large","max-video-preview":"max-video-preview:-1"},"canonical":"https:\/\/librairie7l.com\/en\/produit\/rever-lorient\/","og_locale":"en_US","og_type":"article","og_title":"R\u00caVER L'ORIENT - Librairie 7L","og_description":"Aimer l&#8217;Orient est une travers\u00e9e du XIXe si\u00e8cle, temps fort pour les artistes qui assouvissent leurs d\u00e9sirs de d\u00e9couverte et d&#8217;inspiration \u00e0 travers l&#8217;univers esth\u00e9tique oriental, depuis les terres d&#8217;Afrique du nord \u00e0 celles du Moyen-Orient. Trois chapitres sur l&#8217;orientalisme et plus de 300 illustrations, propices aux r\u00eaves et aux fantasmes composent ce livre. Le [&hellip;]","og_url":"https:\/\/librairie7l.com\/en\/produit\/rever-lorient\/","og_site_name":"Librairie 7L","article_modified_time":"2026-04-12T14:51:37+00:00","twitter_card":"summary_large_image","twitter_misc":{"Est. reading time":"2 minutes"},"schema":{"@context":"https:\/\/schema.org","@graph":[{"@type":"WebPage","@id":"https:\/\/librairie7l.com\/en\/produit\/rever-lorient\/","url":"https:\/\/librairie7l.com\/en\/produit\/rever-lorient\/","name":"R\u00caVER L'ORIENT - Librairie 7L","isPartOf":{"@id":"https:\/\/librairie7l.com\/en\/#website"},"datePublished":"2023-05-09T15:25:08+00:00","dateModified":"2026-04-12T14:51:37+00:00","breadcrumb":{"@id":"https:\/\/librairie7l.com\/en\/produit\/rever-lorient\/#breadcrumb"},"inLanguage":"en-US","potentialAction":[{"@type":"ReadAction","target":["https:\/\/librairie7l.com\/en\/produit\/rever-lorient\/"]}]},{"@type":"BreadcrumbList","@id":"https:\/\/librairie7l.com\/en\/produit\/rever-lorient\/#breadcrumb","itemListElement":[{"@type":"ListItem","position":1,"name":"Accueil","item":"https:\/\/librairie7l.com\/en\/"},{"@type":"ListItem","position":2,"name":"Shop","item":"https:\/\/librairie7l.com\/en\/shop\/"},{"@type":"ListItem","position":3,"name":"R\u00caVER L&#8217;ORIENT"}]},{"@type":"WebSite","@id":"https:\/\/librairie7l.com\/en\/#website","url":"https:\/\/librairie7l.com\/en\/","name":"Librairie 7L","description":"Librairie fond\u00e9e en 1999 par Karl Lagerfeld \u00e0 Paris","publisher":{"@id":"https:\/\/librairie7l.com\/en\/#organization"},"potentialAction":[{"@type":"SearchAction","target":{"@type":"EntryPoint","urlTemplate":"https:\/\/librairie7l.com\/en\/?s={search_term_string}"},"query-input":"required name=search_term_string"}],"inLanguage":"en-US"},{"@type":"Organization","@id":"https:\/\/librairie7l.com\/en\/#organization","name":"Librairie 7L","url":"https:\/\/librairie7l.com\/en\/","logo":{"@type":"ImageObject","inLanguage":"en-US","@id":"https:\/\/librairie7l.com\/en\/#\/schema\/logo\/image\/","url":"https:\/\/librairie7l.com\/wp-content\/uploads\/2022\/08\/logo-1.png","contentUrl":"https:\/\/librairie7l.com\/wp-content\/uploads\/2022\/08\/logo-1.png","width":227,"height":301,"caption":"Librairie 7L"},"image":{"@id":"https:\/\/librairie7l.com\/en\/#\/schema\/logo\/image\/"}}]}},"_links":{"self":[{"href":"https:\/\/librairie7l.com\/en\/wp-json\/wp\/v2\/product\/17003"}],"collection":[{"href":"https:\/\/librairie7l.com\/en\/wp-json\/wp\/v2\/product"}],"about":[{"href":"https:\/\/librairie7l.com\/en\/wp-json\/wp\/v2\/types\/product"}],"wp:featuredmedia":[{"embeddable":true,"href":"https:\/\/librairie7l.com\/en\/wp-json\/wp\/v2\/media\/42721"}],"wp:attachment":[{"href":"https:\/\/librairie7l.com\/en\/wp-json\/wp\/v2\/media?parent=17003"}],"wp:term":[{"taxonomy":"product_cat","embeddable":true,"href":"https:\/\/librairie7l.com\/en\/wp-json\/wp\/v2\/product_cat?post=17003"},{"taxonomy":"product_tag","embeddable":true,"href":"https:\/\/librairie7l.com\/en\/wp-json\/wp\/v2\/product_tag?post=17003"}],"curies":[{"name":"wp","href":"https:\/\/api.w.org\/{rel}","templated":true}]}}