{"id":17055,"date":"2023-05-09T17:25:50","date_gmt":"2023-05-09T15:25:50","guid":{"rendered":"https:\/\/librairie7l.com\/?post_type=product&#038;p=17055"},"modified":"2026-04-25T22:13:04","modified_gmt":"2026-04-25T20:13:04","slug":"little-book-of-yves-saint-laurent","status":"publish","type":"product","link":"https:\/\/librairie7l.com\/en\/produit\/little-book-of-yves-saint-laurent\/","title":{"rendered":"LITTLE BOOK OF YVES SAINT LAURENT : THE STORY OF THE ICONIC FASHION DESIGNER"},"content":{"rendered":"<p>Little Book of Yves Saint Laurent est l&#8217;histoire de poche et superbement illustr\u00e9e de 60 ans de cr\u00e9ation de mode innovante. Cr\u00e9ateur \u00e9nigmatique, audacieux et \u00e9tonnamment cr\u00e9atif, Yves Saint Laurent est cr\u00e9dit\u00e9 de l&#8217;\u00e9l\u00e9vation de la haute couture aux beaux-arts, transformant le d\u00e9fil\u00e9 de mode en un spectacle aux proportions \u00e9poustouflantes et r\u00e9volutionnant les normes genr\u00e9es de la mode f\u00e9minine. D\u00e9crivant les d\u00e9buts de Saint Laurent en Alg\u00e9rie comme un gar\u00e7on pr\u00e9coce fabriquant des v\u00eatements miniatures \u00e0 partir de chutes de tissu, le Petit livre d&#8217;Yves Saint Laurent d\u00e9crit l&#8217;ascension du cr\u00e9ateur d&#8217;\u00e9tudiant en mode \u00e0 la main droite de Christian Dior. Fondant sa propre maison de couture en 1961, Saint Laurent cr\u00e9e son c\u00e9l\u00e8bre tailleur-pantalon &#8220;le smoking&#8221;, fait entrer la veste en cuir dans le grand public et \u00e9tonne le monde de la mode avec son m\u00e9lange d&#8217;\u00e9l\u00e9gance et de drame artistique. Le petit livre d&#8217;Yves Saint Laurent documente le talent d&#8217;un cr\u00e9ateur visionnaire dans un cadeau parfait pour tout amateur de mode. Ayant \u00e9tudi\u00e9 la mode au Central Saint Martins College of Art and Design et l&#8217;histoire de l&#8217;art \u00e0 l&#8217;Universit\u00e9 de Bristol, Emma Baxter-Wright a enseign\u00e9 au London College of Fashion. Elle a contribu\u00e9 \u00e0 de nombreuses publications, telles que The Face, Cosmopolitan et Marie Claire.<\/p>\n","protected":false},"excerpt":{"rendered":"<p>Little Book of Yves Saint Laurent est l&#8217;histoire de poche et superbement illustr\u00e9e de 60 ans de cr\u00e9ation de mode innovante. Cr\u00e9ateur \u00e9nigmatique, audacieux et \u00e9tonnamment cr\u00e9atif, Yves Saint Laurent est cr\u00e9dit\u00e9 de l&#8217;\u00e9l\u00e9vation de la haute couture aux beaux-arts, transformant le d\u00e9fil\u00e9 de mode en un spectacle aux proportions \u00e9poustouflantes et r\u00e9volutionnant les normes [&hellip;]<\/p>\n","protected":false},"featured_media":17053,"template":"","meta":[],"product_cat":[55,2948,2957,19],"product_tag":[],"acf":[],"yoast_head":"<!-- This site is optimized with the Yoast SEO plugin v20.11 - https:\/\/yoast.com\/wordpress\/plugins\/seo\/ -->\n<title>LITTLE BOOK OF YVES SAINT LAURENT : THE STORY OF THE ICONIC FASHION DESIGNER - Librairie 7L<\/title>\n<meta name=\"robots\" content=\"index, follow, max-snippet:-1, max-image-preview:large, max-video-preview:-1\" \/>\n<link rel=\"canonical\" href=\"https:\/\/librairie7l.com\/en\/produit\/little-book-of-yves-saint-laurent\/\" \/>\n<meta property=\"og:locale\" content=\"en_US\" \/>\n<meta property=\"og:type\" content=\"article\" \/>\n<meta property=\"og:title\" content=\"LITTLE BOOK OF YVES SAINT LAURENT : THE STORY OF THE ICONIC FASHION DESIGNER - Librairie 7L\" \/>\n<meta property=\"og:description\" content=\"Little Book of Yves Saint Laurent est l&#8217;histoire de poche et superbement illustr\u00e9e de 60 ans de cr\u00e9ation de mode innovante. Cr\u00e9ateur \u00e9nigmatique, audacieux et \u00e9tonnamment cr\u00e9atif, Yves Saint Laurent est cr\u00e9dit\u00e9 de l&#8217;\u00e9l\u00e9vation de la haute couture aux beaux-arts, transformant le d\u00e9fil\u00e9 de mode en un spectacle aux proportions \u00e9poustouflantes et r\u00e9volutionnant les normes [&hellip;]\" \/>\n<meta property=\"og:url\" content=\"https:\/\/librairie7l.com\/en\/produit\/little-book-of-yves-saint-laurent\/\" \/>\n<meta property=\"og:site_name\" content=\"Librairie 7L\" \/>\n<meta property=\"article:modified_time\" content=\"2026-04-25T20:13:04+00:00\" \/>\n<meta property=\"og:image\" content=\"https:\/\/librairie7l.com\/wp-content\/uploads\/2021\/03\/9781787395541_1_75.jpg\" \/>\n\t<meta property=\"og:image:width\" content=\"350\" \/>\n\t<meta property=\"og:image:height\" content=\"500\" \/>\n\t<meta property=\"og:image:type\" content=\"image\/jpeg\" \/>\n<meta name=\"twitter:card\" content=\"summary_large_image\" \/>\n<meta name=\"twitter:label1\" content=\"Est. reading time\" \/>\n\t<meta name=\"twitter:data1\" content=\"1 minute\" \/>\n<script type=\"application\/ld+json\" class=\"yoast-schema-graph\">{\"@context\":\"https:\/\/schema.org\",\"@graph\":[{\"@type\":\"WebPage\",\"@id\":\"https:\/\/librairie7l.com\/en\/produit\/little-book-of-yves-saint-laurent\/\",\"url\":\"https:\/\/librairie7l.com\/en\/produit\/little-book-of-yves-saint-laurent\/\",\"name\":\"LITTLE BOOK OF YVES SAINT LAURENT : THE STORY OF THE ICONIC FASHION DESIGNER - Librairie 7L\",\"isPartOf\":{\"@id\":\"https:\/\/librairie7l.com\/en\/#website\"},\"datePublished\":\"2023-05-09T15:25:50+00:00\",\"dateModified\":\"2026-04-25T20:13:04+00:00\",\"breadcrumb\":{\"@id\":\"https:\/\/librairie7l.com\/en\/produit\/little-book-of-yves-saint-laurent\/#breadcrumb\"},\"inLanguage\":\"en-US\",\"potentialAction\":[{\"@type\":\"ReadAction\",\"target\":[\"https:\/\/librairie7l.com\/en\/produit\/little-book-of-yves-saint-laurent\/\"]}]},{\"@type\":\"BreadcrumbList\",\"@id\":\"https:\/\/librairie7l.com\/en\/produit\/little-book-of-yves-saint-laurent\/#breadcrumb\",\"itemListElement\":[{\"@type\":\"ListItem\",\"position\":1,\"name\":\"Accueil\",\"item\":\"https:\/\/librairie7l.com\/en\/\"},{\"@type\":\"ListItem\",\"position\":2,\"name\":\"Shop\",\"item\":\"https:\/\/librairie7l.com\/en\/shop\/\"},{\"@type\":\"ListItem\",\"position\":3,\"name\":\"LITTLE BOOK OF YVES SAINT LAURENT : THE STORY OF THE ICONIC FASHION DESIGNER\"}]},{\"@type\":\"WebSite\",\"@id\":\"https:\/\/librairie7l.com\/en\/#website\",\"url\":\"https:\/\/librairie7l.com\/en\/\",\"name\":\"Librairie 7L\",\"description\":\"Librairie fond\u00e9e en 1999 par Karl Lagerfeld \u00e0 Paris\",\"publisher\":{\"@id\":\"https:\/\/librairie7l.com\/en\/#organization\"},\"potentialAction\":[{\"@type\":\"SearchAction\",\"target\":{\"@type\":\"EntryPoint\",\"urlTemplate\":\"https:\/\/librairie7l.com\/en\/?s={search_term_string}\"},\"query-input\":\"required name=search_term_string\"}],\"inLanguage\":\"en-US\"},{\"@type\":\"Organization\",\"@id\":\"https:\/\/librairie7l.com\/en\/#organization\",\"name\":\"Librairie 7L\",\"url\":\"https:\/\/librairie7l.com\/en\/\",\"logo\":{\"@type\":\"ImageObject\",\"inLanguage\":\"en-US\",\"@id\":\"https:\/\/librairie7l.com\/en\/#\/schema\/logo\/image\/\",\"url\":\"https:\/\/librairie7l.com\/wp-content\/uploads\/2022\/08\/logo-1.png\",\"contentUrl\":\"https:\/\/librairie7l.com\/wp-content\/uploads\/2022\/08\/logo-1.png\",\"width\":227,\"height\":301,\"caption\":\"Librairie 7L\"},\"image\":{\"@id\":\"https:\/\/librairie7l.com\/en\/#\/schema\/logo\/image\/\"}}]}<\/script>\n<!-- \/ Yoast SEO plugin. -->","yoast_head_json":{"title":"LITTLE BOOK OF YVES SAINT LAURENT : THE STORY OF THE ICONIC FASHION DESIGNER - Librairie 7L","robots":{"index":"index","follow":"follow","max-snippet":"max-snippet:-1","max-image-preview":"max-image-preview:large","max-video-preview":"max-video-preview:-1"},"canonical":"https:\/\/librairie7l.com\/en\/produit\/little-book-of-yves-saint-laurent\/","og_locale":"en_US","og_type":"article","og_title":"LITTLE BOOK OF YVES SAINT LAURENT : THE STORY OF THE ICONIC FASHION DESIGNER - Librairie 7L","og_description":"Little Book of Yves Saint Laurent est l&#8217;histoire de poche et superbement illustr\u00e9e de 60 ans de cr\u00e9ation de mode innovante. Cr\u00e9ateur \u00e9nigmatique, audacieux et \u00e9tonnamment cr\u00e9atif, Yves Saint Laurent est cr\u00e9dit\u00e9 de l&#8217;\u00e9l\u00e9vation de la haute couture aux beaux-arts, transformant le d\u00e9fil\u00e9 de mode en un spectacle aux proportions \u00e9poustouflantes et r\u00e9volutionnant les normes [&hellip;]","og_url":"https:\/\/librairie7l.com\/en\/produit\/little-book-of-yves-saint-laurent\/","og_site_name":"Librairie 7L","article_modified_time":"2026-04-25T20:13:04+00:00","og_image":[{"width":350,"height":500,"url":"https:\/\/librairie7l.com\/wp-content\/uploads\/2021\/03\/9781787395541_1_75.jpg","type":"image\/jpeg"}],"twitter_card":"summary_large_image","twitter_misc":{"Est. reading time":"1 minute"},"schema":{"@context":"https:\/\/schema.org","@graph":[{"@type":"WebPage","@id":"https:\/\/librairie7l.com\/en\/produit\/little-book-of-yves-saint-laurent\/","url":"https:\/\/librairie7l.com\/en\/produit\/little-book-of-yves-saint-laurent\/","name":"LITTLE BOOK OF YVES SAINT LAURENT : THE STORY OF THE ICONIC FASHION DESIGNER - Librairie 7L","isPartOf":{"@id":"https:\/\/librairie7l.com\/en\/#website"},"datePublished":"2023-05-09T15:25:50+00:00","dateModified":"2026-04-25T20:13:04+00:00","breadcrumb":{"@id":"https:\/\/librairie7l.com\/en\/produit\/little-book-of-yves-saint-laurent\/#breadcrumb"},"inLanguage":"en-US","potentialAction":[{"@type":"ReadAction","target":["https:\/\/librairie7l.com\/en\/produit\/little-book-of-yves-saint-laurent\/"]}]},{"@type":"BreadcrumbList","@id":"https:\/\/librairie7l.com\/en\/produit\/little-book-of-yves-saint-laurent\/#breadcrumb","itemListElement":[{"@type":"ListItem","position":1,"name":"Accueil","item":"https:\/\/librairie7l.com\/en\/"},{"@type":"ListItem","position":2,"name":"Shop","item":"https:\/\/librairie7l.com\/en\/shop\/"},{"@type":"ListItem","position":3,"name":"LITTLE BOOK OF YVES SAINT LAURENT : THE STORY OF THE ICONIC FASHION DESIGNER"}]},{"@type":"WebSite","@id":"https:\/\/librairie7l.com\/en\/#website","url":"https:\/\/librairie7l.com\/en\/","name":"Librairie 7L","description":"Librairie fond\u00e9e en 1999 par Karl Lagerfeld \u00e0 Paris","publisher":{"@id":"https:\/\/librairie7l.com\/en\/#organization"},"potentialAction":[{"@type":"SearchAction","target":{"@type":"EntryPoint","urlTemplate":"https:\/\/librairie7l.com\/en\/?s={search_term_string}"},"query-input":"required name=search_term_string"}],"inLanguage":"en-US"},{"@type":"Organization","@id":"https:\/\/librairie7l.com\/en\/#organization","name":"Librairie 7L","url":"https:\/\/librairie7l.com\/en\/","logo":{"@type":"ImageObject","inLanguage":"en-US","@id":"https:\/\/librairie7l.com\/en\/#\/schema\/logo\/image\/","url":"https:\/\/librairie7l.com\/wp-content\/uploads\/2022\/08\/logo-1.png","contentUrl":"https:\/\/librairie7l.com\/wp-content\/uploads\/2022\/08\/logo-1.png","width":227,"height":301,"caption":"Librairie 7L"},"image":{"@id":"https:\/\/librairie7l.com\/en\/#\/schema\/logo\/image\/"}}]}},"_links":{"self":[{"href":"https:\/\/librairie7l.com\/en\/wp-json\/wp\/v2\/product\/17055"}],"collection":[{"href":"https:\/\/librairie7l.com\/en\/wp-json\/wp\/v2\/product"}],"about":[{"href":"https:\/\/librairie7l.com\/en\/wp-json\/wp\/v2\/types\/product"}],"wp:featuredmedia":[{"embeddable":true,"href":"https:\/\/librairie7l.com\/en\/wp-json\/wp\/v2\/media\/17053"}],"wp:attachment":[{"href":"https:\/\/librairie7l.com\/en\/wp-json\/wp\/v2\/media?parent=17055"}],"wp:term":[{"taxonomy":"product_cat","embeddable":true,"href":"https:\/\/librairie7l.com\/en\/wp-json\/wp\/v2\/product_cat?post=17055"},{"taxonomy":"product_tag","embeddable":true,"href":"https:\/\/librairie7l.com\/en\/wp-json\/wp\/v2\/product_tag?post=17055"}],"curies":[{"name":"wp","href":"https:\/\/api.w.org\/{rel}","templated":true}]}}