{"id":17075,"date":"2023-05-09T17:26:05","date_gmt":"2023-05-09T15:26:05","guid":{"rendered":"https:\/\/librairie7l.com\/?post_type=product&#038;p=17075"},"modified":"2026-04-25T21:56:55","modified_gmt":"2026-04-25T19:56:55","slug":"en-habillant-lepoque","status":"publish","type":"product","link":"https:\/\/librairie7l.com\/en\/produit\/en-habillant-lepoque\/","title":{"rendered":"EN HABILLANT L&#8217;\u00c9POQUE"},"content":{"rendered":"<p>Paul Poiret est non seulement le premier couturier c\u00e9l\u00e8bre de l&#8217;histoire, mais le premier \u00e0 avoir \u00e9crit des m\u00e9moires. Dans ce livre pour la premi\u00e8re fois publi\u00e9 chez Grasset en 1930, il raconte non seulement les d\u00e9buts et le succ\u00e8s de sa maison de couture, qui habillait les divas du th\u00e9\u00e2tre aussi bien que les femmes du monde, mais aussi un certain Paris, et qui n&#8217;est pas que le Paris du luxe. Il est en effet n\u00e9 dans le quartier des Halles, d&#8217;un p\u00e8re marchand drapier.<br \/>\nA l&#8217;\u00e9poque o\u00f9 il l&#8217;\u00e9crit, il n&#8217;a plus d&#8217;argent, sa maison a ferm\u00e9 ; aucune aigreur pourtant, son enthousiasme reste intact. Avec quel plaisir il \u00e9voque ses cr\u00e9ations, les mati\u00e8res, les formes  ! Ce livre, c&#8217;est aussi et surtout un t\u00e9moignage plein d&#8217;intelligence et de dr\u00f4lerie sur \u00ab  une \u00e9poque b\u00e9nie, o\u00f9 les soucis et les contrari\u00e9t\u00e9s de la vie, les tracasseries des percepteurs et les menaces socialistes n&#8217;\u00e9crasaient pas encore la pens\u00e9e et la joie de vivre  \u00bb. En habillant l&#8217;\u00e9poque est  le portrait d&#8217;un Paris en pleine effervescence artistique et intellectuelle, et de l&#8217;Europe et des Etats-Unis au d\u00e9but du XXe si\u00e8cle. Poiret a beaucoup voyag\u00e9. Et il est heureux de constater, pour le bien des affaires et la vari\u00e9t\u00e9 du go\u00fbt,  que, dans le monde entier, \u00ab les femmes sont toujours du m\u00eame avis que la mode, qui en change tout le temps \u00bb.<\/p>\n","protected":false},"excerpt":{"rendered":"<p>Paul Poiret est non seulement le premier couturier c\u00e9l\u00e8bre de l&#8217;histoire, mais le premier \u00e0 avoir \u00e9crit des m\u00e9moires. Dans ce livre pour la premi\u00e8re fois publi\u00e9 chez Grasset en 1930, il raconte non seulement les d\u00e9buts et le succ\u00e8s de sa maison de couture, qui habillait les divas du th\u00e9\u00e2tre aussi bien que les [&hellip;]<\/p>\n","protected":false},"featured_media":17073,"template":"","meta":[],"product_cat":[55,2948,2957,19],"product_tag":[],"acf":[],"yoast_head":"<!-- This site is optimized with the Yoast SEO plugin v20.11 - https:\/\/yoast.com\/wordpress\/plugins\/seo\/ -->\n<title>EN HABILLANT L&#039;\u00c9POQUE - Librairie 7L<\/title>\n<meta name=\"robots\" content=\"index, follow, max-snippet:-1, max-image-preview:large, max-video-preview:-1\" \/>\n<link rel=\"canonical\" href=\"https:\/\/librairie7l.com\/en\/produit\/en-habillant-lepoque\/\" \/>\n<meta property=\"og:locale\" content=\"en_US\" \/>\n<meta property=\"og:type\" content=\"article\" \/>\n<meta property=\"og:title\" content=\"EN HABILLANT L&#039;\u00c9POQUE - Librairie 7L\" \/>\n<meta property=\"og:description\" content=\"Paul Poiret est non seulement le premier couturier c\u00e9l\u00e8bre de l&#8217;histoire, mais le premier \u00e0 avoir \u00e9crit des m\u00e9moires. Dans ce livre pour la premi\u00e8re fois publi\u00e9 chez Grasset en 1930, il raconte non seulement les d\u00e9buts et le succ\u00e8s de sa maison de couture, qui habillait les divas du th\u00e9\u00e2tre aussi bien que les [&hellip;]\" \/>\n<meta property=\"og:url\" content=\"https:\/\/librairie7l.com\/en\/produit\/en-habillant-lepoque\/\" \/>\n<meta property=\"og:site_name\" content=\"Librairie 7L\" \/>\n<meta property=\"article:modified_time\" content=\"2026-04-25T19:56:55+00:00\" \/>\n<meta property=\"og:image\" content=\"https:\/\/librairie7l.com\/wp-content\/uploads\/2022\/05\/9782246830900_1_75.jpg\" \/>\n\t<meta property=\"og:image:width\" content=\"600\" \/>\n\t<meta property=\"og:image:height\" content=\"941\" \/>\n\t<meta property=\"og:image:type\" content=\"image\/jpeg\" \/>\n<meta name=\"twitter:card\" content=\"summary_large_image\" \/>\n<meta name=\"twitter:label1\" content=\"Est. reading time\" \/>\n\t<meta name=\"twitter:data1\" content=\"1 minute\" \/>\n<script type=\"application\/ld+json\" class=\"yoast-schema-graph\">{\"@context\":\"https:\/\/schema.org\",\"@graph\":[{\"@type\":\"WebPage\",\"@id\":\"https:\/\/librairie7l.com\/en\/produit\/en-habillant-lepoque\/\",\"url\":\"https:\/\/librairie7l.com\/en\/produit\/en-habillant-lepoque\/\",\"name\":\"EN HABILLANT L'\u00c9POQUE - Librairie 7L\",\"isPartOf\":{\"@id\":\"https:\/\/librairie7l.com\/en\/#website\"},\"datePublished\":\"2023-05-09T15:26:05+00:00\",\"dateModified\":\"2026-04-25T19:56:55+00:00\",\"breadcrumb\":{\"@id\":\"https:\/\/librairie7l.com\/en\/produit\/en-habillant-lepoque\/#breadcrumb\"},\"inLanguage\":\"en-US\",\"potentialAction\":[{\"@type\":\"ReadAction\",\"target\":[\"https:\/\/librairie7l.com\/en\/produit\/en-habillant-lepoque\/\"]}]},{\"@type\":\"BreadcrumbList\",\"@id\":\"https:\/\/librairie7l.com\/en\/produit\/en-habillant-lepoque\/#breadcrumb\",\"itemListElement\":[{\"@type\":\"ListItem\",\"position\":1,\"name\":\"Accueil\",\"item\":\"https:\/\/librairie7l.com\/en\/\"},{\"@type\":\"ListItem\",\"position\":2,\"name\":\"Shop\",\"item\":\"https:\/\/librairie7l.com\/en\/shop\/\"},{\"@type\":\"ListItem\",\"position\":3,\"name\":\"EN HABILLANT L&#8217;\u00c9POQUE\"}]},{\"@type\":\"WebSite\",\"@id\":\"https:\/\/librairie7l.com\/en\/#website\",\"url\":\"https:\/\/librairie7l.com\/en\/\",\"name\":\"Librairie 7L\",\"description\":\"Librairie fond\u00e9e en 1999 par Karl Lagerfeld \u00e0 Paris\",\"publisher\":{\"@id\":\"https:\/\/librairie7l.com\/en\/#organization\"},\"potentialAction\":[{\"@type\":\"SearchAction\",\"target\":{\"@type\":\"EntryPoint\",\"urlTemplate\":\"https:\/\/librairie7l.com\/en\/?s={search_term_string}\"},\"query-input\":\"required name=search_term_string\"}],\"inLanguage\":\"en-US\"},{\"@type\":\"Organization\",\"@id\":\"https:\/\/librairie7l.com\/en\/#organization\",\"name\":\"Librairie 7L\",\"url\":\"https:\/\/librairie7l.com\/en\/\",\"logo\":{\"@type\":\"ImageObject\",\"inLanguage\":\"en-US\",\"@id\":\"https:\/\/librairie7l.com\/en\/#\/schema\/logo\/image\/\",\"url\":\"https:\/\/librairie7l.com\/wp-content\/uploads\/2022\/08\/logo-1.png\",\"contentUrl\":\"https:\/\/librairie7l.com\/wp-content\/uploads\/2022\/08\/logo-1.png\",\"width\":227,\"height\":301,\"caption\":\"Librairie 7L\"},\"image\":{\"@id\":\"https:\/\/librairie7l.com\/en\/#\/schema\/logo\/image\/\"}}]}<\/script>\n<!-- \/ Yoast SEO plugin. -->","yoast_head_json":{"title":"EN HABILLANT L'\u00c9POQUE - Librairie 7L","robots":{"index":"index","follow":"follow","max-snippet":"max-snippet:-1","max-image-preview":"max-image-preview:large","max-video-preview":"max-video-preview:-1"},"canonical":"https:\/\/librairie7l.com\/en\/produit\/en-habillant-lepoque\/","og_locale":"en_US","og_type":"article","og_title":"EN HABILLANT L'\u00c9POQUE - Librairie 7L","og_description":"Paul Poiret est non seulement le premier couturier c\u00e9l\u00e8bre de l&#8217;histoire, mais le premier \u00e0 avoir \u00e9crit des m\u00e9moires. Dans ce livre pour la premi\u00e8re fois publi\u00e9 chez Grasset en 1930, il raconte non seulement les d\u00e9buts et le succ\u00e8s de sa maison de couture, qui habillait les divas du th\u00e9\u00e2tre aussi bien que les [&hellip;]","og_url":"https:\/\/librairie7l.com\/en\/produit\/en-habillant-lepoque\/","og_site_name":"Librairie 7L","article_modified_time":"2026-04-25T19:56:55+00:00","og_image":[{"width":600,"height":941,"url":"https:\/\/librairie7l.com\/wp-content\/uploads\/2022\/05\/9782246830900_1_75.jpg","type":"image\/jpeg"}],"twitter_card":"summary_large_image","twitter_misc":{"Est. reading time":"1 minute"},"schema":{"@context":"https:\/\/schema.org","@graph":[{"@type":"WebPage","@id":"https:\/\/librairie7l.com\/en\/produit\/en-habillant-lepoque\/","url":"https:\/\/librairie7l.com\/en\/produit\/en-habillant-lepoque\/","name":"EN HABILLANT L'\u00c9POQUE - Librairie 7L","isPartOf":{"@id":"https:\/\/librairie7l.com\/en\/#website"},"datePublished":"2023-05-09T15:26:05+00:00","dateModified":"2026-04-25T19:56:55+00:00","breadcrumb":{"@id":"https:\/\/librairie7l.com\/en\/produit\/en-habillant-lepoque\/#breadcrumb"},"inLanguage":"en-US","potentialAction":[{"@type":"ReadAction","target":["https:\/\/librairie7l.com\/en\/produit\/en-habillant-lepoque\/"]}]},{"@type":"BreadcrumbList","@id":"https:\/\/librairie7l.com\/en\/produit\/en-habillant-lepoque\/#breadcrumb","itemListElement":[{"@type":"ListItem","position":1,"name":"Accueil","item":"https:\/\/librairie7l.com\/en\/"},{"@type":"ListItem","position":2,"name":"Shop","item":"https:\/\/librairie7l.com\/en\/shop\/"},{"@type":"ListItem","position":3,"name":"EN HABILLANT L&#8217;\u00c9POQUE"}]},{"@type":"WebSite","@id":"https:\/\/librairie7l.com\/en\/#website","url":"https:\/\/librairie7l.com\/en\/","name":"Librairie 7L","description":"Librairie fond\u00e9e en 1999 par Karl Lagerfeld \u00e0 Paris","publisher":{"@id":"https:\/\/librairie7l.com\/en\/#organization"},"potentialAction":[{"@type":"SearchAction","target":{"@type":"EntryPoint","urlTemplate":"https:\/\/librairie7l.com\/en\/?s={search_term_string}"},"query-input":"required name=search_term_string"}],"inLanguage":"en-US"},{"@type":"Organization","@id":"https:\/\/librairie7l.com\/en\/#organization","name":"Librairie 7L","url":"https:\/\/librairie7l.com\/en\/","logo":{"@type":"ImageObject","inLanguage":"en-US","@id":"https:\/\/librairie7l.com\/en\/#\/schema\/logo\/image\/","url":"https:\/\/librairie7l.com\/wp-content\/uploads\/2022\/08\/logo-1.png","contentUrl":"https:\/\/librairie7l.com\/wp-content\/uploads\/2022\/08\/logo-1.png","width":227,"height":301,"caption":"Librairie 7L"},"image":{"@id":"https:\/\/librairie7l.com\/en\/#\/schema\/logo\/image\/"}}]}},"_links":{"self":[{"href":"https:\/\/librairie7l.com\/en\/wp-json\/wp\/v2\/product\/17075"}],"collection":[{"href":"https:\/\/librairie7l.com\/en\/wp-json\/wp\/v2\/product"}],"about":[{"href":"https:\/\/librairie7l.com\/en\/wp-json\/wp\/v2\/types\/product"}],"wp:featuredmedia":[{"embeddable":true,"href":"https:\/\/librairie7l.com\/en\/wp-json\/wp\/v2\/media\/17073"}],"wp:attachment":[{"href":"https:\/\/librairie7l.com\/en\/wp-json\/wp\/v2\/media?parent=17075"}],"wp:term":[{"taxonomy":"product_cat","embeddable":true,"href":"https:\/\/librairie7l.com\/en\/wp-json\/wp\/v2\/product_cat?post=17075"},{"taxonomy":"product_tag","embeddable":true,"href":"https:\/\/librairie7l.com\/en\/wp-json\/wp\/v2\/product_tag?post=17075"}],"curies":[{"name":"wp","href":"https:\/\/api.w.org\/{rel}","templated":true}]}}