{"id":17083,"date":"2023-05-09T17:26:12","date_gmt":"2023-05-09T15:26:12","guid":{"rendered":"https:\/\/librairie7l.com\/?post_type=product&#038;p=17083"},"modified":"2026-04-15T02:23:01","modified_gmt":"2026-04-15T00:23:01","slug":"jose-quiroga-peinture-de-limaginaire","status":"publish","type":"product","link":"https:\/\/librairie7l.com\/en\/produit\/jose-quiroga-peinture-de-limaginaire\/","title":{"rendered":"JOS\u00c9 QUIROGA : PEINTURE DE L&#8217;IMAGINAIRE"},"content":{"rendered":"<p>N\u00e9 en 1930 \u00e0 Paris, Jos\u00e9 Quiroga fut peintre, dessinateur et d\u00e9corateur de th\u00e9\u00e2tre. Son travail et son parcours furent marqu\u00e9s par des rencontres et des collaborations avec des metteurs en sc\u00e8ne tels que Nicolas Bataille, Jean Bollery. Sa rencontre avec le d\u00e9corateur Christian B\u00e9rard fut d\u00e9terminante, elle lui donna le go\u00fbt de l&#8217;art et du th\u00e9\u00e2tre.<br \/>\nN\u00e9 en 1930 \u00e0 Paris, d&#8217;une m\u00e8re fran\u00e7aise et d&#8217;un p\u00e8re bolivien, Jos\u00e9 Quiroga fut peintre, dessinateur et d\u00e9corateur de th\u00e9\u00e2tre. Son travail et son parcours furent marqu\u00e9s par des rencontres et des collaborations avec des metteurs en sc\u00e8ne tels que Nicolas Bataille, Maurice Jacquemont, Henri Ronse et Jean Bollery. Sa rencontre avec le d\u00e9corateur Christian B\u00e9rard fut d\u00e9terminante, elle lui donna le go\u00fbt de l&#8217;art et du th\u00e9\u00e2tre.<br \/>\nEn \u00e9ditant un premier volume intitul\u00e9 Jos\u00e9 Quiroga, d\u00e9corateur de th\u00e9\u00e2tre, les Editions du Regard ont mis en lumi\u00e8re une activit\u00e9 artistique essentielle de Quiroga, mais qui n&#8217;a jamais \u00e9t\u00e9 dissoci\u00e9e d&#8217;une autre tout aussi essentielle, plus secr\u00e8te, plus intime, plus libre, celle de l&#8217;artiste peintre, et d&#8217;un peintre qui aime \u00e0 r\u00eaver d&#8217;ailleurs, ce que r\u00e9v\u00e8lent les dessins et les gouaches.<br \/>\nSuivant un processus d&#8217;assimilation et de m\u00e9tamorphose o\u00f9 l&#8217;on reconna\u00eet l&#8217;un des motifs obsessifs de l&#8217;oeuvre de Quiroga dans le paysage qui l&#8217;entoure, l&#8217;absorbe, et dans lequel elle semble se diffuser comme par capillarit\u00e9. Ce r\u00e9seau, ne serait-il pas une r\u00e9ponse possible \u00e0 notre \u00e9nigme initiale comme suivie par la pointe d&#8217;un sismographe, la m\u00e9ticuleuse finesse de la plume, la douce min\u00e9ralit\u00e9 des gouaches ?<\/p>\n","protected":false},"excerpt":{"rendered":"<p>N\u00e9 en 1930 \u00e0 Paris, Jos\u00e9 Quiroga fut peintre, dessinateur et d\u00e9corateur de th\u00e9\u00e2tre. Son travail et son parcours furent marqu\u00e9s par des rencontres et des collaborations avec des metteurs en sc\u00e8ne tels que Nicolas Bataille, Jean Bollery. Sa rencontre avec le d\u00e9corateur Christian B\u00e9rard fut d\u00e9terminante, elle lui donna le go\u00fbt de l&#8217;art et [&hellip;]<\/p>\n","protected":false},"featured_media":17081,"template":"","meta":[],"product_cat":[55,2948,47,2953],"product_tag":[],"acf":[],"yoast_head":"<!-- This site is optimized with the Yoast SEO plugin v20.11 - https:\/\/yoast.com\/wordpress\/plugins\/seo\/ -->\n<title>JOS\u00c9 QUIROGA : PEINTURE DE L&#039;IMAGINAIRE - Librairie 7L<\/title>\n<meta name=\"robots\" content=\"index, follow, max-snippet:-1, max-image-preview:large, max-video-preview:-1\" \/>\n<link rel=\"canonical\" href=\"https:\/\/librairie7l.com\/en\/produit\/jose-quiroga-peinture-de-limaginaire\/\" \/>\n<meta property=\"og:locale\" content=\"en_US\" \/>\n<meta property=\"og:type\" content=\"article\" \/>\n<meta property=\"og:title\" content=\"JOS\u00c9 QUIROGA : PEINTURE DE L&#039;IMAGINAIRE - Librairie 7L\" \/>\n<meta property=\"og:description\" content=\"N\u00e9 en 1930 \u00e0 Paris, Jos\u00e9 Quiroga fut peintre, dessinateur et d\u00e9corateur de th\u00e9\u00e2tre. Son travail et son parcours furent marqu\u00e9s par des rencontres et des collaborations avec des metteurs en sc\u00e8ne tels que Nicolas Bataille, Jean Bollery. Sa rencontre avec le d\u00e9corateur Christian B\u00e9rard fut d\u00e9terminante, elle lui donna le go\u00fbt de l&#8217;art et [&hellip;]\" \/>\n<meta property=\"og:url\" content=\"https:\/\/librairie7l.com\/en\/produit\/jose-quiroga-peinture-de-limaginaire\/\" \/>\n<meta property=\"og:site_name\" content=\"Librairie 7L\" \/>\n<meta property=\"article:modified_time\" content=\"2026-04-15T00:23:01+00:00\" \/>\n<meta property=\"og:image\" content=\"https:\/\/librairie7l.com\/wp-content\/uploads\/2023\/05\/9782841054220_1_75.jpg\" \/>\n\t<meta property=\"og:image:width\" content=\"400\" \/>\n\t<meta property=\"og:image:height\" content=\"481\" \/>\n\t<meta property=\"og:image:type\" content=\"image\/jpeg\" \/>\n<meta name=\"twitter:card\" content=\"summary_large_image\" \/>\n<meta name=\"twitter:label1\" content=\"Est. reading time\" \/>\n\t<meta name=\"twitter:data1\" content=\"1 minute\" \/>\n<script type=\"application\/ld+json\" class=\"yoast-schema-graph\">{\"@context\":\"https:\/\/schema.org\",\"@graph\":[{\"@type\":\"WebPage\",\"@id\":\"https:\/\/librairie7l.com\/en\/produit\/jose-quiroga-peinture-de-limaginaire\/\",\"url\":\"https:\/\/librairie7l.com\/en\/produit\/jose-quiroga-peinture-de-limaginaire\/\",\"name\":\"JOS\u00c9 QUIROGA : PEINTURE DE L'IMAGINAIRE - Librairie 7L\",\"isPartOf\":{\"@id\":\"https:\/\/librairie7l.com\/en\/#website\"},\"datePublished\":\"2023-05-09T15:26:12+00:00\",\"dateModified\":\"2026-04-15T00:23:01+00:00\",\"breadcrumb\":{\"@id\":\"https:\/\/librairie7l.com\/en\/produit\/jose-quiroga-peinture-de-limaginaire\/#breadcrumb\"},\"inLanguage\":\"en-US\",\"potentialAction\":[{\"@type\":\"ReadAction\",\"target\":[\"https:\/\/librairie7l.com\/en\/produit\/jose-quiroga-peinture-de-limaginaire\/\"]}]},{\"@type\":\"BreadcrumbList\",\"@id\":\"https:\/\/librairie7l.com\/en\/produit\/jose-quiroga-peinture-de-limaginaire\/#breadcrumb\",\"itemListElement\":[{\"@type\":\"ListItem\",\"position\":1,\"name\":\"Accueil\",\"item\":\"https:\/\/librairie7l.com\/en\/\"},{\"@type\":\"ListItem\",\"position\":2,\"name\":\"Shop\",\"item\":\"https:\/\/librairie7l.com\/en\/shop\/\"},{\"@type\":\"ListItem\",\"position\":3,\"name\":\"JOS\u00c9 QUIROGA : PEINTURE DE L&#8217;IMAGINAIRE\"}]},{\"@type\":\"WebSite\",\"@id\":\"https:\/\/librairie7l.com\/en\/#website\",\"url\":\"https:\/\/librairie7l.com\/en\/\",\"name\":\"Librairie 7L\",\"description\":\"Librairie fond\u00e9e en 1999 par Karl Lagerfeld \u00e0 Paris\",\"publisher\":{\"@id\":\"https:\/\/librairie7l.com\/en\/#organization\"},\"potentialAction\":[{\"@type\":\"SearchAction\",\"target\":{\"@type\":\"EntryPoint\",\"urlTemplate\":\"https:\/\/librairie7l.com\/en\/?s={search_term_string}\"},\"query-input\":\"required name=search_term_string\"}],\"inLanguage\":\"en-US\"},{\"@type\":\"Organization\",\"@id\":\"https:\/\/librairie7l.com\/en\/#organization\",\"name\":\"Librairie 7L\",\"url\":\"https:\/\/librairie7l.com\/en\/\",\"logo\":{\"@type\":\"ImageObject\",\"inLanguage\":\"en-US\",\"@id\":\"https:\/\/librairie7l.com\/en\/#\/schema\/logo\/image\/\",\"url\":\"https:\/\/librairie7l.com\/wp-content\/uploads\/2022\/08\/logo-1.png\",\"contentUrl\":\"https:\/\/librairie7l.com\/wp-content\/uploads\/2022\/08\/logo-1.png\",\"width\":227,\"height\":301,\"caption\":\"Librairie 7L\"},\"image\":{\"@id\":\"https:\/\/librairie7l.com\/en\/#\/schema\/logo\/image\/\"}}]}<\/script>\n<!-- \/ Yoast SEO plugin. -->","yoast_head_json":{"title":"JOS\u00c9 QUIROGA : PEINTURE DE L'IMAGINAIRE - Librairie 7L","robots":{"index":"index","follow":"follow","max-snippet":"max-snippet:-1","max-image-preview":"max-image-preview:large","max-video-preview":"max-video-preview:-1"},"canonical":"https:\/\/librairie7l.com\/en\/produit\/jose-quiroga-peinture-de-limaginaire\/","og_locale":"en_US","og_type":"article","og_title":"JOS\u00c9 QUIROGA : PEINTURE DE L'IMAGINAIRE - Librairie 7L","og_description":"N\u00e9 en 1930 \u00e0 Paris, Jos\u00e9 Quiroga fut peintre, dessinateur et d\u00e9corateur de th\u00e9\u00e2tre. Son travail et son parcours furent marqu\u00e9s par des rencontres et des collaborations avec des metteurs en sc\u00e8ne tels que Nicolas Bataille, Jean Bollery. Sa rencontre avec le d\u00e9corateur Christian B\u00e9rard fut d\u00e9terminante, elle lui donna le go\u00fbt de l&#8217;art et [&hellip;]","og_url":"https:\/\/librairie7l.com\/en\/produit\/jose-quiroga-peinture-de-limaginaire\/","og_site_name":"Librairie 7L","article_modified_time":"2026-04-15T00:23:01+00:00","og_image":[{"width":400,"height":481,"url":"https:\/\/librairie7l.com\/wp-content\/uploads\/2023\/05\/9782841054220_1_75.jpg","type":"image\/jpeg"}],"twitter_card":"summary_large_image","twitter_misc":{"Est. reading time":"1 minute"},"schema":{"@context":"https:\/\/schema.org","@graph":[{"@type":"WebPage","@id":"https:\/\/librairie7l.com\/en\/produit\/jose-quiroga-peinture-de-limaginaire\/","url":"https:\/\/librairie7l.com\/en\/produit\/jose-quiroga-peinture-de-limaginaire\/","name":"JOS\u00c9 QUIROGA : PEINTURE DE L'IMAGINAIRE - Librairie 7L","isPartOf":{"@id":"https:\/\/librairie7l.com\/en\/#website"},"datePublished":"2023-05-09T15:26:12+00:00","dateModified":"2026-04-15T00:23:01+00:00","breadcrumb":{"@id":"https:\/\/librairie7l.com\/en\/produit\/jose-quiroga-peinture-de-limaginaire\/#breadcrumb"},"inLanguage":"en-US","potentialAction":[{"@type":"ReadAction","target":["https:\/\/librairie7l.com\/en\/produit\/jose-quiroga-peinture-de-limaginaire\/"]}]},{"@type":"BreadcrumbList","@id":"https:\/\/librairie7l.com\/en\/produit\/jose-quiroga-peinture-de-limaginaire\/#breadcrumb","itemListElement":[{"@type":"ListItem","position":1,"name":"Accueil","item":"https:\/\/librairie7l.com\/en\/"},{"@type":"ListItem","position":2,"name":"Shop","item":"https:\/\/librairie7l.com\/en\/shop\/"},{"@type":"ListItem","position":3,"name":"JOS\u00c9 QUIROGA : PEINTURE DE L&#8217;IMAGINAIRE"}]},{"@type":"WebSite","@id":"https:\/\/librairie7l.com\/en\/#website","url":"https:\/\/librairie7l.com\/en\/","name":"Librairie 7L","description":"Librairie fond\u00e9e en 1999 par Karl Lagerfeld \u00e0 Paris","publisher":{"@id":"https:\/\/librairie7l.com\/en\/#organization"},"potentialAction":[{"@type":"SearchAction","target":{"@type":"EntryPoint","urlTemplate":"https:\/\/librairie7l.com\/en\/?s={search_term_string}"},"query-input":"required name=search_term_string"}],"inLanguage":"en-US"},{"@type":"Organization","@id":"https:\/\/librairie7l.com\/en\/#organization","name":"Librairie 7L","url":"https:\/\/librairie7l.com\/en\/","logo":{"@type":"ImageObject","inLanguage":"en-US","@id":"https:\/\/librairie7l.com\/en\/#\/schema\/logo\/image\/","url":"https:\/\/librairie7l.com\/wp-content\/uploads\/2022\/08\/logo-1.png","contentUrl":"https:\/\/librairie7l.com\/wp-content\/uploads\/2022\/08\/logo-1.png","width":227,"height":301,"caption":"Librairie 7L"},"image":{"@id":"https:\/\/librairie7l.com\/en\/#\/schema\/logo\/image\/"}}]}},"_links":{"self":[{"href":"https:\/\/librairie7l.com\/en\/wp-json\/wp\/v2\/product\/17083"}],"collection":[{"href":"https:\/\/librairie7l.com\/en\/wp-json\/wp\/v2\/product"}],"about":[{"href":"https:\/\/librairie7l.com\/en\/wp-json\/wp\/v2\/types\/product"}],"wp:featuredmedia":[{"embeddable":true,"href":"https:\/\/librairie7l.com\/en\/wp-json\/wp\/v2\/media\/17081"}],"wp:attachment":[{"href":"https:\/\/librairie7l.com\/en\/wp-json\/wp\/v2\/media?parent=17083"}],"wp:term":[{"taxonomy":"product_cat","embeddable":true,"href":"https:\/\/librairie7l.com\/en\/wp-json\/wp\/v2\/product_cat?post=17083"},{"taxonomy":"product_tag","embeddable":true,"href":"https:\/\/librairie7l.com\/en\/wp-json\/wp\/v2\/product_tag?post=17083"}],"curies":[{"name":"wp","href":"https:\/\/api.w.org\/{rel}","templated":true}]}}