{"id":17087,"date":"2023-05-09T17:26:15","date_gmt":"2023-05-09T15:26:15","guid":{"rendered":"https:\/\/librairie7l.com\/?post_type=product&#038;p=17087"},"modified":"2026-04-19T16:25:02","modified_gmt":"2026-04-19T14:25:02","slug":"les-whistler-de-la-frick-collection","status":"publish","type":"product","link":"https:\/\/librairie7l.com\/en\/produit\/les-whistler-de-la-frick-collection\/","title":{"rendered":"LES WHISTLER DE LA FRICK COLLECTION"},"content":{"rendered":"<p>Dessinateur talentueux, ma\u00eetre graveur et peintre controvers\u00e9, l&#8217;Am\u00e9ricain James Abbott McNeill Whistler (1834-1903), qui partagea sa carri\u00e8re entre Paris et Londres, est l&#8217;auteur de chefs-d&#8217;oeuvre atmosph\u00e9riques misant sur l&#8217;harmonie des formes et des couleurs, la stylisation prenant rapidement le pas sur l&#8217;esth\u00e9tique r\u00e9aliste de ses d\u00e9buts. Mondialement connu de son vivant, il est l&#8217;un des mod\u00e8les du personnage d&#8217;Elstir d&#8217;A la recherche du temps perdu de Proust. Apr\u00e8s son mariage en 1888, il revient habiter Paris au d\u00e9but des ann\u00e9es 1890. Intime de Mallarm\u00e9, il est par lui en relation avec la mouvance symboliste, tout en fr\u00e9quentant, gr\u00e2ce au comte Robert de Montesquiou-Fezensac (autre mod\u00e8le proustien), le monde de l&#8217;aristocratie fortun\u00e9e et cultiv\u00e9e.<br \/>\nEntre 1914 et 1919, le m\u00e9c\u00e8ne et collectionneur Henry Clay Frick (1849-1919), magnat de l&#8217;acier qui dut son immense fortune \u00e0 l&#8217;essor des chemins de fer puis des gratteciel, acquit une vingtaine d&#8217;oeuvres de Whistler : cinq peintures, trois pastels et douze eaux-fortes, qui constituent un ensemble remarquable, repr\u00e9sentatif de la richesse de l&#8217;activit\u00e9 de Whistler et de l&#8217;\u00e9volution de son art \u00e0 partir des ann\u00e9es 1860. Cet ensemble t\u00e9moigne \u00e9galement du go\u00fbt et de l&#8217;acuit\u00e9 du regard de Henry Flick, qui constitua l&#8217;une des plus grandes collections particuli\u00e8res au monde.<br \/>\nA Orsay s&#8217;exposent ainsi, en regard de l&#8217;iconique Arrangement en gris et noir n\u00b0 1 : la m\u00e8re de l&#8217;artiste (1871) appartenant aux collections du mus\u00e9e, les oeuvres embl\u00e9matiques de la Frick Collection qui marquent autant de jalons dans l&#8217;oeuvre de Whistler, tels la Symphonie en gris et vert : l&#8217;oc\u00e9an (1866) ou Arrangement en noir et or : le comte Robert de Montesquiou-Fezensac (1891-1892), portrait o\u00f9 se ressent l&#8217;influence de V\u00e9lasquez. Sont \u00e9galement pr\u00e9sent\u00e9s plusieurs pastels et eaux-fortes de Venise, o\u00f9 le peintre s\u00e9journa en 1879 et 1880, et qui marque un tournant dans sa production.<br \/>\nWhistler y livre une vision renouvel\u00e9e de Venise, n&#8217;h\u00e9sitant pas \u00e0 s&#8217;aventurer sur les canaux, dans les cours inconnus, ou \u00e0 d\u00e9crire la lagune de nuit, montrant une ville vivante, avec ses habitants et son activit\u00e9 quotidienne.<br \/>\nA travers les destins crois\u00e9s de Henry Frick et de James Whistler, l&#8217;ouvrage, en retra\u00e7ant l&#8217;histoire de la prestigieuse Frick Collection, explore les ressorts et les \u00e9volutions du march\u00e9<\/p>\n","protected":false},"excerpt":{"rendered":"<p>Dessinateur talentueux, ma\u00eetre graveur et peintre controvers\u00e9, l&#8217;Am\u00e9ricain James Abbott McNeill Whistler (1834-1903), qui partagea sa carri\u00e8re entre Paris et Londres, est l&#8217;auteur de chefs-d&#8217;oeuvre atmosph\u00e9riques misant sur l&#8217;harmonie des formes et des couleurs, la stylisation prenant rapidement le pas sur l&#8217;esth\u00e9tique r\u00e9aliste de ses d\u00e9buts. Mondialement connu de son vivant, il est l&#8217;un des [&hellip;]<\/p>\n","protected":false},"featured_media":17085,"template":"","meta":[],"product_cat":[55,2948,47,2953],"product_tag":[],"acf":[],"yoast_head":"<!-- This site is optimized with the Yoast SEO plugin v20.11 - https:\/\/yoast.com\/wordpress\/plugins\/seo\/ -->\n<title>LES WHISTLER DE LA FRICK COLLECTION - Librairie 7L<\/title>\n<meta name=\"robots\" content=\"index, follow, max-snippet:-1, max-image-preview:large, max-video-preview:-1\" \/>\n<link rel=\"canonical\" href=\"https:\/\/librairie7l.com\/en\/produit\/les-whistler-de-la-frick-collection\/\" \/>\n<meta property=\"og:locale\" content=\"en_US\" \/>\n<meta property=\"og:type\" content=\"article\" \/>\n<meta property=\"og:title\" content=\"LES WHISTLER DE LA FRICK COLLECTION - Librairie 7L\" \/>\n<meta property=\"og:description\" content=\"Dessinateur talentueux, ma\u00eetre graveur et peintre controvers\u00e9, l&#8217;Am\u00e9ricain James Abbott McNeill Whistler (1834-1903), qui partagea sa carri\u00e8re entre Paris et Londres, est l&#8217;auteur de chefs-d&#8217;oeuvre atmosph\u00e9riques misant sur l&#8217;harmonie des formes et des couleurs, la stylisation prenant rapidement le pas sur l&#8217;esth\u00e9tique r\u00e9aliste de ses d\u00e9buts. Mondialement connu de son vivant, il est l&#8217;un des [&hellip;]\" \/>\n<meta property=\"og:url\" content=\"https:\/\/librairie7l.com\/en\/produit\/les-whistler-de-la-frick-collection\/\" \/>\n<meta property=\"og:site_name\" content=\"Librairie 7L\" \/>\n<meta property=\"article:modified_time\" content=\"2026-04-19T14:25:02+00:00\" \/>\n<meta property=\"og:image\" content=\"https:\/\/librairie7l.com\/wp-content\/uploads\/2022\/02\/9782711879113_1_75.jpg\" \/>\n\t<meta property=\"og:image:width\" content=\"600\" \/>\n\t<meta property=\"og:image:height\" content=\"738\" \/>\n\t<meta property=\"og:image:type\" content=\"image\/jpeg\" \/>\n<meta name=\"twitter:card\" content=\"summary_large_image\" \/>\n<meta name=\"twitter:label1\" content=\"Est. reading time\" \/>\n\t<meta name=\"twitter:data1\" content=\"2 minutes\" \/>\n<script type=\"application\/ld+json\" class=\"yoast-schema-graph\">{\"@context\":\"https:\/\/schema.org\",\"@graph\":[{\"@type\":\"WebPage\",\"@id\":\"https:\/\/librairie7l.com\/en\/produit\/les-whistler-de-la-frick-collection\/\",\"url\":\"https:\/\/librairie7l.com\/en\/produit\/les-whistler-de-la-frick-collection\/\",\"name\":\"LES WHISTLER DE LA FRICK COLLECTION - Librairie 7L\",\"isPartOf\":{\"@id\":\"https:\/\/librairie7l.com\/en\/#website\"},\"datePublished\":\"2023-05-09T15:26:15+00:00\",\"dateModified\":\"2026-04-19T14:25:02+00:00\",\"breadcrumb\":{\"@id\":\"https:\/\/librairie7l.com\/en\/produit\/les-whistler-de-la-frick-collection\/#breadcrumb\"},\"inLanguage\":\"en-US\",\"potentialAction\":[{\"@type\":\"ReadAction\",\"target\":[\"https:\/\/librairie7l.com\/en\/produit\/les-whistler-de-la-frick-collection\/\"]}]},{\"@type\":\"BreadcrumbList\",\"@id\":\"https:\/\/librairie7l.com\/en\/produit\/les-whistler-de-la-frick-collection\/#breadcrumb\",\"itemListElement\":[{\"@type\":\"ListItem\",\"position\":1,\"name\":\"Accueil\",\"item\":\"https:\/\/librairie7l.com\/en\/\"},{\"@type\":\"ListItem\",\"position\":2,\"name\":\"Shop\",\"item\":\"https:\/\/librairie7l.com\/en\/shop\/\"},{\"@type\":\"ListItem\",\"position\":3,\"name\":\"LES WHISTLER DE LA FRICK COLLECTION\"}]},{\"@type\":\"WebSite\",\"@id\":\"https:\/\/librairie7l.com\/en\/#website\",\"url\":\"https:\/\/librairie7l.com\/en\/\",\"name\":\"Librairie 7L\",\"description\":\"Librairie fond\u00e9e en 1999 par Karl Lagerfeld \u00e0 Paris\",\"publisher\":{\"@id\":\"https:\/\/librairie7l.com\/en\/#organization\"},\"potentialAction\":[{\"@type\":\"SearchAction\",\"target\":{\"@type\":\"EntryPoint\",\"urlTemplate\":\"https:\/\/librairie7l.com\/en\/?s={search_term_string}\"},\"query-input\":\"required name=search_term_string\"}],\"inLanguage\":\"en-US\"},{\"@type\":\"Organization\",\"@id\":\"https:\/\/librairie7l.com\/en\/#organization\",\"name\":\"Librairie 7L\",\"url\":\"https:\/\/librairie7l.com\/en\/\",\"logo\":{\"@type\":\"ImageObject\",\"inLanguage\":\"en-US\",\"@id\":\"https:\/\/librairie7l.com\/en\/#\/schema\/logo\/image\/\",\"url\":\"https:\/\/librairie7l.com\/wp-content\/uploads\/2022\/08\/logo-1.png\",\"contentUrl\":\"https:\/\/librairie7l.com\/wp-content\/uploads\/2022\/08\/logo-1.png\",\"width\":227,\"height\":301,\"caption\":\"Librairie 7L\"},\"image\":{\"@id\":\"https:\/\/librairie7l.com\/en\/#\/schema\/logo\/image\/\"}}]}<\/script>\n<!-- \/ Yoast SEO plugin. -->","yoast_head_json":{"title":"LES WHISTLER DE LA FRICK COLLECTION - Librairie 7L","robots":{"index":"index","follow":"follow","max-snippet":"max-snippet:-1","max-image-preview":"max-image-preview:large","max-video-preview":"max-video-preview:-1"},"canonical":"https:\/\/librairie7l.com\/en\/produit\/les-whistler-de-la-frick-collection\/","og_locale":"en_US","og_type":"article","og_title":"LES WHISTLER DE LA FRICK COLLECTION - Librairie 7L","og_description":"Dessinateur talentueux, ma\u00eetre graveur et peintre controvers\u00e9, l&#8217;Am\u00e9ricain James Abbott McNeill Whistler (1834-1903), qui partagea sa carri\u00e8re entre Paris et Londres, est l&#8217;auteur de chefs-d&#8217;oeuvre atmosph\u00e9riques misant sur l&#8217;harmonie des formes et des couleurs, la stylisation prenant rapidement le pas sur l&#8217;esth\u00e9tique r\u00e9aliste de ses d\u00e9buts. Mondialement connu de son vivant, il est l&#8217;un des [&hellip;]","og_url":"https:\/\/librairie7l.com\/en\/produit\/les-whistler-de-la-frick-collection\/","og_site_name":"Librairie 7L","article_modified_time":"2026-04-19T14:25:02+00:00","og_image":[{"width":600,"height":738,"url":"https:\/\/librairie7l.com\/wp-content\/uploads\/2022\/02\/9782711879113_1_75.jpg","type":"image\/jpeg"}],"twitter_card":"summary_large_image","twitter_misc":{"Est. reading time":"2 minutes"},"schema":{"@context":"https:\/\/schema.org","@graph":[{"@type":"WebPage","@id":"https:\/\/librairie7l.com\/en\/produit\/les-whistler-de-la-frick-collection\/","url":"https:\/\/librairie7l.com\/en\/produit\/les-whistler-de-la-frick-collection\/","name":"LES WHISTLER DE LA FRICK COLLECTION - Librairie 7L","isPartOf":{"@id":"https:\/\/librairie7l.com\/en\/#website"},"datePublished":"2023-05-09T15:26:15+00:00","dateModified":"2026-04-19T14:25:02+00:00","breadcrumb":{"@id":"https:\/\/librairie7l.com\/en\/produit\/les-whistler-de-la-frick-collection\/#breadcrumb"},"inLanguage":"en-US","potentialAction":[{"@type":"ReadAction","target":["https:\/\/librairie7l.com\/en\/produit\/les-whistler-de-la-frick-collection\/"]}]},{"@type":"BreadcrumbList","@id":"https:\/\/librairie7l.com\/en\/produit\/les-whistler-de-la-frick-collection\/#breadcrumb","itemListElement":[{"@type":"ListItem","position":1,"name":"Accueil","item":"https:\/\/librairie7l.com\/en\/"},{"@type":"ListItem","position":2,"name":"Shop","item":"https:\/\/librairie7l.com\/en\/shop\/"},{"@type":"ListItem","position":3,"name":"LES WHISTLER DE LA FRICK COLLECTION"}]},{"@type":"WebSite","@id":"https:\/\/librairie7l.com\/en\/#website","url":"https:\/\/librairie7l.com\/en\/","name":"Librairie 7L","description":"Librairie fond\u00e9e en 1999 par Karl Lagerfeld \u00e0 Paris","publisher":{"@id":"https:\/\/librairie7l.com\/en\/#organization"},"potentialAction":[{"@type":"SearchAction","target":{"@type":"EntryPoint","urlTemplate":"https:\/\/librairie7l.com\/en\/?s={search_term_string}"},"query-input":"required name=search_term_string"}],"inLanguage":"en-US"},{"@type":"Organization","@id":"https:\/\/librairie7l.com\/en\/#organization","name":"Librairie 7L","url":"https:\/\/librairie7l.com\/en\/","logo":{"@type":"ImageObject","inLanguage":"en-US","@id":"https:\/\/librairie7l.com\/en\/#\/schema\/logo\/image\/","url":"https:\/\/librairie7l.com\/wp-content\/uploads\/2022\/08\/logo-1.png","contentUrl":"https:\/\/librairie7l.com\/wp-content\/uploads\/2022\/08\/logo-1.png","width":227,"height":301,"caption":"Librairie 7L"},"image":{"@id":"https:\/\/librairie7l.com\/en\/#\/schema\/logo\/image\/"}}]}},"_links":{"self":[{"href":"https:\/\/librairie7l.com\/en\/wp-json\/wp\/v2\/product\/17087"}],"collection":[{"href":"https:\/\/librairie7l.com\/en\/wp-json\/wp\/v2\/product"}],"about":[{"href":"https:\/\/librairie7l.com\/en\/wp-json\/wp\/v2\/types\/product"}],"wp:featuredmedia":[{"embeddable":true,"href":"https:\/\/librairie7l.com\/en\/wp-json\/wp\/v2\/media\/17085"}],"wp:attachment":[{"href":"https:\/\/librairie7l.com\/en\/wp-json\/wp\/v2\/media?parent=17087"}],"wp:term":[{"taxonomy":"product_cat","embeddable":true,"href":"https:\/\/librairie7l.com\/en\/wp-json\/wp\/v2\/product_cat?post=17087"},{"taxonomy":"product_tag","embeddable":true,"href":"https:\/\/librairie7l.com\/en\/wp-json\/wp\/v2\/product_tag?post=17087"}],"curies":[{"name":"wp","href":"https:\/\/api.w.org\/{rel}","templated":true}]}}