{"id":17091,"date":"2023-05-09T17:26:19","date_gmt":"2023-05-09T15:26:19","guid":{"rendered":"https:\/\/librairie7l.com\/?post_type=product&#038;p=17091"},"modified":"2026-04-12T16:51:34","modified_gmt":"2026-04-12T14:51:34","slug":"antidesign-galerie-avant-scene","status":"publish","type":"product","link":"https:\/\/librairie7l.com\/en\/produit\/antidesign-galerie-avant-scene\/","title":{"rendered":"ANTIDESIGN : GAL\u00c9RIE AVANT-SC\u00c8NE"},"content":{"rendered":"<p>Les ann\u00e9es 80 vibrionnent d&#8217;\u00e9nergie. Dans leur tourbillon, une g\u00e9n\u00e9ration de cr\u00e9ateurs a \u00e9merg\u00e9, porteuse d&#8217;arts de vivre diff\u00e9rents de ceux du pass\u00e9 : Mark Brazier-Jones, Franck Evennou, Elizabeth Garouste, Marco de Gueltzl, Hubert Le Gall, Thierry Peltrault, Laurence Picot, Andrea Salvetti ou encore Claude de Wulf. Afin de donner chair \u00e0 cette \u00e9poque en France, cet ouvrage a recueilli la parole d&#8217;un t\u00e9moin de ses acteurs, Elisabeth Delacarte dont la galerie Avant-Sc\u00e8ne est l&#8217;une des seules \u00e0 avoir perdur\u00e9 jusqu&#8217;\u00e0 aujourd&#8217;hui. Depuis bient\u00f4t 40 ans, elle d\u00e9fend des artistes singuliers devenus incontournables en leur domaine. De la France \u00e0 l&#8217;Angleterre, l&#8217;Italie ou la Russie, les portraits fouill\u00e9s qui leur sont d\u00e9di\u00e9s \u00e9voquent l&#8217;ambiance et les actualit\u00e9s qui les accompagnent. Chacun incarne l&#8217;importance de l&#8217;artisanat d&#8217;art, et tous empruntent des chemins particuliers afin d&#8217;exprimer \u00e0 leurs fa\u00e7ons des \u00e9motions universelles. Les grands sujets d&#8217;aujourd&#8217;hui se d\u00e9clinent au long de leurs parcours. On y d\u00e9couvre l&#8217;upcycling avant l&#8217;heure avec le fougueux Marco de Gueltzl et les d\u00e9buts du libertin punk Mark Brazier-Jones, le besoin vital de nature dans les oeuvres de Frank Evennou ou du sculpteur cuisinier Andrea Salvetti, le romantisme pr\u00f4n\u00e9 par Laurence Picot, la po\u00e9sie joyeuse d&#8217;Elizabeth Garouste, la fantaisie teint\u00e9e d&#8217;humour d&#8217;Hubert Le Gall. Ils ont en commun d&#8217;avoir chang\u00e9 de vie pour se consacrer au mobilier d&#8217;art. C&#8217;est aussi le cas d&#8217;Elisabeth Delacarte. Son point de vue personnel \u00e9claire de l&#8217;int\u00e9rieur les mutations des arts d\u00e9coratifs \u00e0 la fin du XXe si\u00e8cle. Mettant en sc\u00e8ne les productions de chaque artiste, des chantiers de d\u00e9coration rythment le livre et laissent place \u00e0 la contemplation.<\/p>\n","protected":false},"excerpt":{"rendered":"<p>Les ann\u00e9es 80 vibrionnent d&#8217;\u00e9nergie. Dans leur tourbillon, une g\u00e9n\u00e9ration de cr\u00e9ateurs a \u00e9merg\u00e9, porteuse d&#8217;arts de vivre diff\u00e9rents de ceux du pass\u00e9 : Mark Brazier-Jones, Franck Evennou, Elizabeth Garouste, Marco de Gueltzl, Hubert Le Gall, Thierry Peltrault, Laurence Picot, Andrea Salvetti ou encore Claude de Wulf. Afin de donner chair \u00e0 cette \u00e9poque en [&hellip;]<\/p>\n","protected":false},"featured_media":17089,"template":"","meta":[],"product_cat":[55,2948,18,2952],"product_tag":[],"acf":[],"yoast_head":"<!-- This site is optimized with the Yoast SEO plugin v20.11 - https:\/\/yoast.com\/wordpress\/plugins\/seo\/ -->\n<title>ANTIDESIGN : GAL\u00c9RIE AVANT-SC\u00c8NE - Librairie 7L<\/title>\n<meta name=\"robots\" content=\"index, follow, max-snippet:-1, max-image-preview:large, max-video-preview:-1\" \/>\n<link rel=\"canonical\" href=\"https:\/\/librairie7l.com\/en\/produit\/antidesign-galerie-avant-scene\/\" \/>\n<meta property=\"og:locale\" content=\"en_US\" \/>\n<meta property=\"og:type\" content=\"article\" \/>\n<meta property=\"og:title\" content=\"ANTIDESIGN : GAL\u00c9RIE AVANT-SC\u00c8NE - Librairie 7L\" \/>\n<meta property=\"og:description\" content=\"Les ann\u00e9es 80 vibrionnent d&#8217;\u00e9nergie. Dans leur tourbillon, une g\u00e9n\u00e9ration de cr\u00e9ateurs a \u00e9merg\u00e9, porteuse d&#8217;arts de vivre diff\u00e9rents de ceux du pass\u00e9 : Mark Brazier-Jones, Franck Evennou, Elizabeth Garouste, Marco de Gueltzl, Hubert Le Gall, Thierry Peltrault, Laurence Picot, Andrea Salvetti ou encore Claude de Wulf. Afin de donner chair \u00e0 cette \u00e9poque en [&hellip;]\" \/>\n<meta property=\"og:url\" content=\"https:\/\/librairie7l.com\/en\/produit\/antidesign-galerie-avant-scene\/\" \/>\n<meta property=\"og:site_name\" content=\"Librairie 7L\" \/>\n<meta property=\"article:modified_time\" content=\"2026-04-12T14:51:34+00:00\" \/>\n<meta property=\"og:image\" content=\"https:\/\/librairie7l.com\/wp-content\/uploads\/2022\/12\/9782376660743_1_75.jpg\" \/>\n\t<meta property=\"og:image:width\" content=\"200\" \/>\n\t<meta property=\"og:image:height\" content=\"276\" \/>\n\t<meta property=\"og:image:type\" content=\"image\/jpeg\" \/>\n<meta name=\"twitter:card\" content=\"summary_large_image\" \/>\n<meta name=\"twitter:label1\" content=\"Est. reading time\" \/>\n\t<meta name=\"twitter:data1\" content=\"1 minute\" \/>\n<script type=\"application\/ld+json\" class=\"yoast-schema-graph\">{\"@context\":\"https:\/\/schema.org\",\"@graph\":[{\"@type\":\"WebPage\",\"@id\":\"https:\/\/librairie7l.com\/en\/produit\/antidesign-galerie-avant-scene\/\",\"url\":\"https:\/\/librairie7l.com\/en\/produit\/antidesign-galerie-avant-scene\/\",\"name\":\"ANTIDESIGN : GAL\u00c9RIE AVANT-SC\u00c8NE - Librairie 7L\",\"isPartOf\":{\"@id\":\"https:\/\/librairie7l.com\/en\/#website\"},\"datePublished\":\"2023-05-09T15:26:19+00:00\",\"dateModified\":\"2026-04-12T14:51:34+00:00\",\"breadcrumb\":{\"@id\":\"https:\/\/librairie7l.com\/en\/produit\/antidesign-galerie-avant-scene\/#breadcrumb\"},\"inLanguage\":\"en-US\",\"potentialAction\":[{\"@type\":\"ReadAction\",\"target\":[\"https:\/\/librairie7l.com\/en\/produit\/antidesign-galerie-avant-scene\/\"]}]},{\"@type\":\"BreadcrumbList\",\"@id\":\"https:\/\/librairie7l.com\/en\/produit\/antidesign-galerie-avant-scene\/#breadcrumb\",\"itemListElement\":[{\"@type\":\"ListItem\",\"position\":1,\"name\":\"Accueil\",\"item\":\"https:\/\/librairie7l.com\/en\/\"},{\"@type\":\"ListItem\",\"position\":2,\"name\":\"Shop\",\"item\":\"https:\/\/librairie7l.com\/en\/shop\/\"},{\"@type\":\"ListItem\",\"position\":3,\"name\":\"ANTIDESIGN : GAL\u00c9RIE AVANT-SC\u00c8NE\"}]},{\"@type\":\"WebSite\",\"@id\":\"https:\/\/librairie7l.com\/en\/#website\",\"url\":\"https:\/\/librairie7l.com\/en\/\",\"name\":\"Librairie 7L\",\"description\":\"Librairie fond\u00e9e en 1999 par Karl Lagerfeld \u00e0 Paris\",\"publisher\":{\"@id\":\"https:\/\/librairie7l.com\/en\/#organization\"},\"potentialAction\":[{\"@type\":\"SearchAction\",\"target\":{\"@type\":\"EntryPoint\",\"urlTemplate\":\"https:\/\/librairie7l.com\/en\/?s={search_term_string}\"},\"query-input\":\"required name=search_term_string\"}],\"inLanguage\":\"en-US\"},{\"@type\":\"Organization\",\"@id\":\"https:\/\/librairie7l.com\/en\/#organization\",\"name\":\"Librairie 7L\",\"url\":\"https:\/\/librairie7l.com\/en\/\",\"logo\":{\"@type\":\"ImageObject\",\"inLanguage\":\"en-US\",\"@id\":\"https:\/\/librairie7l.com\/en\/#\/schema\/logo\/image\/\",\"url\":\"https:\/\/librairie7l.com\/wp-content\/uploads\/2022\/08\/logo-1.png\",\"contentUrl\":\"https:\/\/librairie7l.com\/wp-content\/uploads\/2022\/08\/logo-1.png\",\"width\":227,\"height\":301,\"caption\":\"Librairie 7L\"},\"image\":{\"@id\":\"https:\/\/librairie7l.com\/en\/#\/schema\/logo\/image\/\"}}]}<\/script>\n<!-- \/ Yoast SEO plugin. -->","yoast_head_json":{"title":"ANTIDESIGN : GAL\u00c9RIE AVANT-SC\u00c8NE - Librairie 7L","robots":{"index":"index","follow":"follow","max-snippet":"max-snippet:-1","max-image-preview":"max-image-preview:large","max-video-preview":"max-video-preview:-1"},"canonical":"https:\/\/librairie7l.com\/en\/produit\/antidesign-galerie-avant-scene\/","og_locale":"en_US","og_type":"article","og_title":"ANTIDESIGN : GAL\u00c9RIE AVANT-SC\u00c8NE - Librairie 7L","og_description":"Les ann\u00e9es 80 vibrionnent d&#8217;\u00e9nergie. Dans leur tourbillon, une g\u00e9n\u00e9ration de cr\u00e9ateurs a \u00e9merg\u00e9, porteuse d&#8217;arts de vivre diff\u00e9rents de ceux du pass\u00e9 : Mark Brazier-Jones, Franck Evennou, Elizabeth Garouste, Marco de Gueltzl, Hubert Le Gall, Thierry Peltrault, Laurence Picot, Andrea Salvetti ou encore Claude de Wulf. Afin de donner chair \u00e0 cette \u00e9poque en [&hellip;]","og_url":"https:\/\/librairie7l.com\/en\/produit\/antidesign-galerie-avant-scene\/","og_site_name":"Librairie 7L","article_modified_time":"2026-04-12T14:51:34+00:00","og_image":[{"width":200,"height":276,"url":"https:\/\/librairie7l.com\/wp-content\/uploads\/2022\/12\/9782376660743_1_75.jpg","type":"image\/jpeg"}],"twitter_card":"summary_large_image","twitter_misc":{"Est. reading time":"1 minute"},"schema":{"@context":"https:\/\/schema.org","@graph":[{"@type":"WebPage","@id":"https:\/\/librairie7l.com\/en\/produit\/antidesign-galerie-avant-scene\/","url":"https:\/\/librairie7l.com\/en\/produit\/antidesign-galerie-avant-scene\/","name":"ANTIDESIGN : GAL\u00c9RIE AVANT-SC\u00c8NE - Librairie 7L","isPartOf":{"@id":"https:\/\/librairie7l.com\/en\/#website"},"datePublished":"2023-05-09T15:26:19+00:00","dateModified":"2026-04-12T14:51:34+00:00","breadcrumb":{"@id":"https:\/\/librairie7l.com\/en\/produit\/antidesign-galerie-avant-scene\/#breadcrumb"},"inLanguage":"en-US","potentialAction":[{"@type":"ReadAction","target":["https:\/\/librairie7l.com\/en\/produit\/antidesign-galerie-avant-scene\/"]}]},{"@type":"BreadcrumbList","@id":"https:\/\/librairie7l.com\/en\/produit\/antidesign-galerie-avant-scene\/#breadcrumb","itemListElement":[{"@type":"ListItem","position":1,"name":"Accueil","item":"https:\/\/librairie7l.com\/en\/"},{"@type":"ListItem","position":2,"name":"Shop","item":"https:\/\/librairie7l.com\/en\/shop\/"},{"@type":"ListItem","position":3,"name":"ANTIDESIGN : GAL\u00c9RIE AVANT-SC\u00c8NE"}]},{"@type":"WebSite","@id":"https:\/\/librairie7l.com\/en\/#website","url":"https:\/\/librairie7l.com\/en\/","name":"Librairie 7L","description":"Librairie fond\u00e9e en 1999 par Karl Lagerfeld \u00e0 Paris","publisher":{"@id":"https:\/\/librairie7l.com\/en\/#organization"},"potentialAction":[{"@type":"SearchAction","target":{"@type":"EntryPoint","urlTemplate":"https:\/\/librairie7l.com\/en\/?s={search_term_string}"},"query-input":"required name=search_term_string"}],"inLanguage":"en-US"},{"@type":"Organization","@id":"https:\/\/librairie7l.com\/en\/#organization","name":"Librairie 7L","url":"https:\/\/librairie7l.com\/en\/","logo":{"@type":"ImageObject","inLanguage":"en-US","@id":"https:\/\/librairie7l.com\/en\/#\/schema\/logo\/image\/","url":"https:\/\/librairie7l.com\/wp-content\/uploads\/2022\/08\/logo-1.png","contentUrl":"https:\/\/librairie7l.com\/wp-content\/uploads\/2022\/08\/logo-1.png","width":227,"height":301,"caption":"Librairie 7L"},"image":{"@id":"https:\/\/librairie7l.com\/en\/#\/schema\/logo\/image\/"}}]}},"_links":{"self":[{"href":"https:\/\/librairie7l.com\/en\/wp-json\/wp\/v2\/product\/17091"}],"collection":[{"href":"https:\/\/librairie7l.com\/en\/wp-json\/wp\/v2\/product"}],"about":[{"href":"https:\/\/librairie7l.com\/en\/wp-json\/wp\/v2\/types\/product"}],"wp:featuredmedia":[{"embeddable":true,"href":"https:\/\/librairie7l.com\/en\/wp-json\/wp\/v2\/media\/17089"}],"wp:attachment":[{"href":"https:\/\/librairie7l.com\/en\/wp-json\/wp\/v2\/media?parent=17091"}],"wp:term":[{"taxonomy":"product_cat","embeddable":true,"href":"https:\/\/librairie7l.com\/en\/wp-json\/wp\/v2\/product_cat?post=17091"},{"taxonomy":"product_tag","embeddable":true,"href":"https:\/\/librairie7l.com\/en\/wp-json\/wp\/v2\/product_tag?post=17091"}],"curies":[{"name":"wp","href":"https:\/\/api.w.org\/{rel}","templated":true}]}}