{"id":17099,"date":"2023-05-09T17:26:24","date_gmt":"2023-05-09T15:26:24","guid":{"rendered":"https:\/\/librairie7l.com\/?post_type=product&#038;p=17099"},"modified":"2026-04-25T21:58:54","modified_gmt":"2026-04-25T19:58:54","slug":"couleurs-et-motifs-dans-lart-textile","status":"publish","type":"product","link":"https:\/\/librairie7l.com\/en\/produit\/couleurs-et-motifs-dans-lart-textile\/","title":{"rendered":"COULEURS ET MOTIFS DANS L&#8217;ART TEXTILE"},"content":{"rendered":"<p>Des tapisseries m\u00e9di\u00e9vales aux chintz indiens en passant par les broderies Renaissance, chaque textile ou papier peint, pr\u00e9sent\u00e9 par ordre chronologique, est accompagn\u00e9 d&#8217;une grille de couleur proportionnelle tr\u00e8s simple. Ces palettes montrent clairement les associations de couleurs qui, \u00e0 travers l&#8217;histoire, ont permis de cr\u00e9er les splendides motifs aujourd&#8217;hui encore admir\u00e9s et reproduits.<br \/>\nChaque \u00e9chantillon est \u00e9tiquet\u00e9 avec sa valeur CMJN, permettant ainsi au lecteur de reproduire les diff\u00e9rentes associations pr\u00e9sent\u00e9es. Tous les cr\u00e9ateurs, aussi bien amateurs que professionnels, trouveront leur inspiration dans ce livre-r\u00e9f\u00e9rence unique en son genre.<\/p>\n","protected":false},"excerpt":{"rendered":"<p>Des tapisseries m\u00e9di\u00e9vales aux chintz indiens en passant par les broderies Renaissance, chaque textile ou papier peint, pr\u00e9sent\u00e9 par ordre chronologique, est accompagn\u00e9 d&#8217;une grille de couleur proportionnelle tr\u00e8s simple. Ces palettes montrent clairement les associations de couleurs qui, \u00e0 travers l&#8217;histoire, ont permis de cr\u00e9er les splendides motifs aujourd&#8217;hui encore admir\u00e9s et reproduits. Chaque [&hellip;]<\/p>\n","protected":false},"featured_media":17097,"template":"","meta":[],"product_cat":[55,2948,2957,19],"product_tag":[],"acf":[],"yoast_head":"<!-- This site is optimized with the Yoast SEO plugin v20.11 - https:\/\/yoast.com\/wordpress\/plugins\/seo\/ -->\n<title>COULEURS ET MOTIFS DANS L&#039;ART TEXTILE - Librairie 7L<\/title>\n<meta name=\"robots\" content=\"index, follow, max-snippet:-1, max-image-preview:large, max-video-preview:-1\" \/>\n<link rel=\"canonical\" href=\"https:\/\/librairie7l.com\/en\/produit\/couleurs-et-motifs-dans-lart-textile\/\" \/>\n<meta property=\"og:locale\" content=\"en_US\" \/>\n<meta property=\"og:type\" content=\"article\" \/>\n<meta property=\"og:title\" content=\"COULEURS ET MOTIFS DANS L&#039;ART TEXTILE - Librairie 7L\" \/>\n<meta property=\"og:description\" content=\"Des tapisseries m\u00e9di\u00e9vales aux chintz indiens en passant par les broderies Renaissance, chaque textile ou papier peint, pr\u00e9sent\u00e9 par ordre chronologique, est accompagn\u00e9 d&#8217;une grille de couleur proportionnelle tr\u00e8s simple. Ces palettes montrent clairement les associations de couleurs qui, \u00e0 travers l&#8217;histoire, ont permis de cr\u00e9er les splendides motifs aujourd&#8217;hui encore admir\u00e9s et reproduits. Chaque [&hellip;]\" \/>\n<meta property=\"og:url\" content=\"https:\/\/librairie7l.com\/en\/produit\/couleurs-et-motifs-dans-lart-textile\/\" \/>\n<meta property=\"og:site_name\" content=\"Librairie 7L\" \/>\n<meta property=\"article:modified_time\" content=\"2026-04-25T19:58:54+00:00\" \/>\n<meta property=\"og:image\" content=\"https:\/\/librairie7l.com\/wp-content\/uploads\/2018\/10\/9782350174365_1_75.jpg\" \/>\n\t<meta property=\"og:image:width\" content=\"600\" \/>\n\t<meta property=\"og:image:height\" content=\"786\" \/>\n\t<meta property=\"og:image:type\" content=\"image\/jpeg\" \/>\n<meta name=\"twitter:card\" content=\"summary_large_image\" \/>\n<meta name=\"twitter:label1\" content=\"Est. reading time\" \/>\n\t<meta name=\"twitter:data1\" content=\"1 minute\" \/>\n<script type=\"application\/ld+json\" class=\"yoast-schema-graph\">{\"@context\":\"https:\/\/schema.org\",\"@graph\":[{\"@type\":\"WebPage\",\"@id\":\"https:\/\/librairie7l.com\/en\/produit\/couleurs-et-motifs-dans-lart-textile\/\",\"url\":\"https:\/\/librairie7l.com\/en\/produit\/couleurs-et-motifs-dans-lart-textile\/\",\"name\":\"COULEURS ET MOTIFS DANS L'ART TEXTILE - Librairie 7L\",\"isPartOf\":{\"@id\":\"https:\/\/librairie7l.com\/en\/#website\"},\"datePublished\":\"2023-05-09T15:26:24+00:00\",\"dateModified\":\"2026-04-25T19:58:54+00:00\",\"breadcrumb\":{\"@id\":\"https:\/\/librairie7l.com\/en\/produit\/couleurs-et-motifs-dans-lart-textile\/#breadcrumb\"},\"inLanguage\":\"en-US\",\"potentialAction\":[{\"@type\":\"ReadAction\",\"target\":[\"https:\/\/librairie7l.com\/en\/produit\/couleurs-et-motifs-dans-lart-textile\/\"]}]},{\"@type\":\"BreadcrumbList\",\"@id\":\"https:\/\/librairie7l.com\/en\/produit\/couleurs-et-motifs-dans-lart-textile\/#breadcrumb\",\"itemListElement\":[{\"@type\":\"ListItem\",\"position\":1,\"name\":\"Accueil\",\"item\":\"https:\/\/librairie7l.com\/en\/\"},{\"@type\":\"ListItem\",\"position\":2,\"name\":\"Shop\",\"item\":\"https:\/\/librairie7l.com\/en\/shop\/\"},{\"@type\":\"ListItem\",\"position\":3,\"name\":\"COULEURS ET MOTIFS DANS L&#8217;ART TEXTILE\"}]},{\"@type\":\"WebSite\",\"@id\":\"https:\/\/librairie7l.com\/en\/#website\",\"url\":\"https:\/\/librairie7l.com\/en\/\",\"name\":\"Librairie 7L\",\"description\":\"Librairie fond\u00e9e en 1999 par Karl Lagerfeld \u00e0 Paris\",\"publisher\":{\"@id\":\"https:\/\/librairie7l.com\/en\/#organization\"},\"potentialAction\":[{\"@type\":\"SearchAction\",\"target\":{\"@type\":\"EntryPoint\",\"urlTemplate\":\"https:\/\/librairie7l.com\/en\/?s={search_term_string}\"},\"query-input\":\"required name=search_term_string\"}],\"inLanguage\":\"en-US\"},{\"@type\":\"Organization\",\"@id\":\"https:\/\/librairie7l.com\/en\/#organization\",\"name\":\"Librairie 7L\",\"url\":\"https:\/\/librairie7l.com\/en\/\",\"logo\":{\"@type\":\"ImageObject\",\"inLanguage\":\"en-US\",\"@id\":\"https:\/\/librairie7l.com\/en\/#\/schema\/logo\/image\/\",\"url\":\"https:\/\/librairie7l.com\/wp-content\/uploads\/2022\/08\/logo-1.png\",\"contentUrl\":\"https:\/\/librairie7l.com\/wp-content\/uploads\/2022\/08\/logo-1.png\",\"width\":227,\"height\":301,\"caption\":\"Librairie 7L\"},\"image\":{\"@id\":\"https:\/\/librairie7l.com\/en\/#\/schema\/logo\/image\/\"}}]}<\/script>\n<!-- \/ Yoast SEO plugin. -->","yoast_head_json":{"title":"COULEURS ET MOTIFS DANS L'ART TEXTILE - Librairie 7L","robots":{"index":"index","follow":"follow","max-snippet":"max-snippet:-1","max-image-preview":"max-image-preview:large","max-video-preview":"max-video-preview:-1"},"canonical":"https:\/\/librairie7l.com\/en\/produit\/couleurs-et-motifs-dans-lart-textile\/","og_locale":"en_US","og_type":"article","og_title":"COULEURS ET MOTIFS DANS L'ART TEXTILE - Librairie 7L","og_description":"Des tapisseries m\u00e9di\u00e9vales aux chintz indiens en passant par les broderies Renaissance, chaque textile ou papier peint, pr\u00e9sent\u00e9 par ordre chronologique, est accompagn\u00e9 d&#8217;une grille de couleur proportionnelle tr\u00e8s simple. Ces palettes montrent clairement les associations de couleurs qui, \u00e0 travers l&#8217;histoire, ont permis de cr\u00e9er les splendides motifs aujourd&#8217;hui encore admir\u00e9s et reproduits. Chaque [&hellip;]","og_url":"https:\/\/librairie7l.com\/en\/produit\/couleurs-et-motifs-dans-lart-textile\/","og_site_name":"Librairie 7L","article_modified_time":"2026-04-25T19:58:54+00:00","og_image":[{"width":600,"height":786,"url":"https:\/\/librairie7l.com\/wp-content\/uploads\/2018\/10\/9782350174365_1_75.jpg","type":"image\/jpeg"}],"twitter_card":"summary_large_image","twitter_misc":{"Est. reading time":"1 minute"},"schema":{"@context":"https:\/\/schema.org","@graph":[{"@type":"WebPage","@id":"https:\/\/librairie7l.com\/en\/produit\/couleurs-et-motifs-dans-lart-textile\/","url":"https:\/\/librairie7l.com\/en\/produit\/couleurs-et-motifs-dans-lart-textile\/","name":"COULEURS ET MOTIFS DANS L'ART TEXTILE - Librairie 7L","isPartOf":{"@id":"https:\/\/librairie7l.com\/en\/#website"},"datePublished":"2023-05-09T15:26:24+00:00","dateModified":"2026-04-25T19:58:54+00:00","breadcrumb":{"@id":"https:\/\/librairie7l.com\/en\/produit\/couleurs-et-motifs-dans-lart-textile\/#breadcrumb"},"inLanguage":"en-US","potentialAction":[{"@type":"ReadAction","target":["https:\/\/librairie7l.com\/en\/produit\/couleurs-et-motifs-dans-lart-textile\/"]}]},{"@type":"BreadcrumbList","@id":"https:\/\/librairie7l.com\/en\/produit\/couleurs-et-motifs-dans-lart-textile\/#breadcrumb","itemListElement":[{"@type":"ListItem","position":1,"name":"Accueil","item":"https:\/\/librairie7l.com\/en\/"},{"@type":"ListItem","position":2,"name":"Shop","item":"https:\/\/librairie7l.com\/en\/shop\/"},{"@type":"ListItem","position":3,"name":"COULEURS ET MOTIFS DANS L&#8217;ART TEXTILE"}]},{"@type":"WebSite","@id":"https:\/\/librairie7l.com\/en\/#website","url":"https:\/\/librairie7l.com\/en\/","name":"Librairie 7L","description":"Librairie fond\u00e9e en 1999 par Karl Lagerfeld \u00e0 Paris","publisher":{"@id":"https:\/\/librairie7l.com\/en\/#organization"},"potentialAction":[{"@type":"SearchAction","target":{"@type":"EntryPoint","urlTemplate":"https:\/\/librairie7l.com\/en\/?s={search_term_string}"},"query-input":"required name=search_term_string"}],"inLanguage":"en-US"},{"@type":"Organization","@id":"https:\/\/librairie7l.com\/en\/#organization","name":"Librairie 7L","url":"https:\/\/librairie7l.com\/en\/","logo":{"@type":"ImageObject","inLanguage":"en-US","@id":"https:\/\/librairie7l.com\/en\/#\/schema\/logo\/image\/","url":"https:\/\/librairie7l.com\/wp-content\/uploads\/2022\/08\/logo-1.png","contentUrl":"https:\/\/librairie7l.com\/wp-content\/uploads\/2022\/08\/logo-1.png","width":227,"height":301,"caption":"Librairie 7L"},"image":{"@id":"https:\/\/librairie7l.com\/en\/#\/schema\/logo\/image\/"}}]}},"_links":{"self":[{"href":"https:\/\/librairie7l.com\/en\/wp-json\/wp\/v2\/product\/17099"}],"collection":[{"href":"https:\/\/librairie7l.com\/en\/wp-json\/wp\/v2\/product"}],"about":[{"href":"https:\/\/librairie7l.com\/en\/wp-json\/wp\/v2\/types\/product"}],"wp:featuredmedia":[{"embeddable":true,"href":"https:\/\/librairie7l.com\/en\/wp-json\/wp\/v2\/media\/17097"}],"wp:attachment":[{"href":"https:\/\/librairie7l.com\/en\/wp-json\/wp\/v2\/media?parent=17099"}],"wp:term":[{"taxonomy":"product_cat","embeddable":true,"href":"https:\/\/librairie7l.com\/en\/wp-json\/wp\/v2\/product_cat?post=17099"},{"taxonomy":"product_tag","embeddable":true,"href":"https:\/\/librairie7l.com\/en\/wp-json\/wp\/v2\/product_tag?post=17099"}],"curies":[{"name":"wp","href":"https:\/\/api.w.org\/{rel}","templated":true}]}}