{"id":17103,"date":"2023-05-09T17:26:27","date_gmt":"2023-05-09T15:26:27","guid":{"rendered":"https:\/\/librairie7l.com\/?post_type=product&#038;p=17103"},"modified":"2026-04-09T00:14:52","modified_gmt":"2026-04-08T22:14:52","slug":"en-route-vers-limpressionnisme-le-paysage-dans-les-collections-du-musee-des-b","status":"publish","type":"product","link":"https:\/\/librairie7l.com\/en\/produit\/en-route-vers-limpressionnisme-le-paysage-dans-les-collections-du-musee-des-b\/","title":{"rendered":"EN ROUTE VERS L&#8217;IMPRESSIONNISME : LE PAYSAGE DANS LES COLLECTIONS DU MUS\u00c9E DES BEAUX-ARTS DE REIMS"},"content":{"rendered":"<p>Cet ouvrage illustre le cheminement qui, au XIX\u00e8me si\u00e8cle, lib\u00e8re la peinture de paysage du statut de genre mineur. Les artistes, en s&#8217;\u00e9loignant du \u00ab grand genre \u00bb, \u00e9taient \u00e0 la recherche de la v\u00e9rit\u00e9 des sensations \u00e9prouv\u00e9es devant la nature. Corot et Courbet, en peignant en plein air et non plus exclusivement en atelier, feront que le paysage va conna\u00eetre un v\u00e9ritable renouveau et une reconnaissance in\u00e9dite, et ouvrirons la voie aux impressionnistes. Des nouveaut\u00e9s techniques permettent \u00e0 ces peintres de passer leurs journ\u00e9es en plein air : le chemin de fer, l&#8217;invention des tubes de couleurs&#8230; Les fonds du Mus\u00e9e des Beaux-Arts de Reims ici pr\u00e9sent\u00e9s permettent de montrer l&#8217;\u00e9volution de cette nouvelle mani\u00e8re, en France, au XIX\u00e8me si\u00e8cle et au-del\u00e0 : Corot, l&#8217;un des premiers \u00e0 peindre sur site &#8211; onze de ses toiles, qui sont la richesse du mus\u00e9e r\u00e9mois, sont pr\u00e9sent\u00e9es dans cette publication &#8211; ; Courbet ; l&#8217;\u00e9cole de Barbizon, puis Boudin, Jongkind, Ziem et enfin Marquet, Monet, Renoir, Sisley, Thaulow entre autres, jusqu&#8217;aux modernes Bocquet, Esteban et Sima. Un art qui regagne aujourd&#8217;hui la faveur du public, en raison de notre sensibilit\u00e9 envers la nature menac\u00e9e.<\/p>\n","protected":false},"excerpt":{"rendered":"<p>Cet ouvrage illustre le cheminement qui, au XIX\u00e8me si\u00e8cle, lib\u00e8re la peinture de paysage du statut de genre mineur. Les artistes, en s&#8217;\u00e9loignant du \u00ab grand genre \u00bb, \u00e9taient \u00e0 la recherche de la v\u00e9rit\u00e9 des sensations \u00e9prouv\u00e9es devant la nature. Corot et Courbet, en peignant en plein air et non plus exclusivement en atelier, [&hellip;]<\/p>\n","protected":false},"featured_media":17101,"template":"","meta":[],"product_cat":[55,2948,47,2953],"product_tag":[],"acf":[],"yoast_head":"<!-- This site is optimized with the Yoast SEO plugin v20.11 - https:\/\/yoast.com\/wordpress\/plugins\/seo\/ -->\n<title>EN ROUTE VERS L&#039;IMPRESSIONNISME : LE PAYSAGE DANS LES COLLECTIONS DU MUS\u00c9E DES BEAUX-ARTS DE REIMS - Librairie 7L<\/title>\n<meta name=\"robots\" content=\"index, follow, max-snippet:-1, max-image-preview:large, max-video-preview:-1\" \/>\n<link rel=\"canonical\" href=\"https:\/\/librairie7l.com\/en\/produit\/en-route-vers-limpressionnisme-le-paysage-dans-les-collections-du-musee-des-b\/\" \/>\n<meta property=\"og:locale\" content=\"en_US\" \/>\n<meta property=\"og:type\" content=\"article\" \/>\n<meta property=\"og:title\" content=\"EN ROUTE VERS L&#039;IMPRESSIONNISME : LE PAYSAGE DANS LES COLLECTIONS DU MUS\u00c9E DES BEAUX-ARTS DE REIMS - Librairie 7L\" \/>\n<meta property=\"og:description\" content=\"Cet ouvrage illustre le cheminement qui, au XIX\u00e8me si\u00e8cle, lib\u00e8re la peinture de paysage du statut de genre mineur. Les artistes, en s&#8217;\u00e9loignant du \u00ab grand genre \u00bb, \u00e9taient \u00e0 la recherche de la v\u00e9rit\u00e9 des sensations \u00e9prouv\u00e9es devant la nature. Corot et Courbet, en peignant en plein air et non plus exclusivement en atelier, [&hellip;]\" \/>\n<meta property=\"og:url\" content=\"https:\/\/librairie7l.com\/en\/produit\/en-route-vers-limpressionnisme-le-paysage-dans-les-collections-du-musee-des-b\/\" \/>\n<meta property=\"og:site_name\" content=\"Librairie 7L\" \/>\n<meta property=\"article:modified_time\" content=\"2026-04-08T22:14:52+00:00\" \/>\n<meta property=\"og:image\" content=\"https:\/\/librairie7l.com\/wp-content\/uploads\/2022\/10\/9788836652433_1_75.jpg\" \/>\n\t<meta property=\"og:image:width\" content=\"600\" \/>\n\t<meta property=\"og:image:height\" content=\"681\" \/>\n\t<meta property=\"og:image:type\" content=\"image\/jpeg\" \/>\n<meta name=\"twitter:card\" content=\"summary_large_image\" \/>\n<meta name=\"twitter:label1\" content=\"Est. reading time\" \/>\n\t<meta name=\"twitter:data1\" content=\"1 minute\" \/>\n<script type=\"application\/ld+json\" class=\"yoast-schema-graph\">{\"@context\":\"https:\/\/schema.org\",\"@graph\":[{\"@type\":\"WebPage\",\"@id\":\"https:\/\/librairie7l.com\/en\/produit\/en-route-vers-limpressionnisme-le-paysage-dans-les-collections-du-musee-des-b\/\",\"url\":\"https:\/\/librairie7l.com\/en\/produit\/en-route-vers-limpressionnisme-le-paysage-dans-les-collections-du-musee-des-b\/\",\"name\":\"EN ROUTE VERS L'IMPRESSIONNISME : LE PAYSAGE DANS LES COLLECTIONS DU MUS\u00c9E DES BEAUX-ARTS DE REIMS - Librairie 7L\",\"isPartOf\":{\"@id\":\"https:\/\/librairie7l.com\/en\/#website\"},\"datePublished\":\"2023-05-09T15:26:27+00:00\",\"dateModified\":\"2026-04-08T22:14:52+00:00\",\"breadcrumb\":{\"@id\":\"https:\/\/librairie7l.com\/en\/produit\/en-route-vers-limpressionnisme-le-paysage-dans-les-collections-du-musee-des-b\/#breadcrumb\"},\"inLanguage\":\"en-US\",\"potentialAction\":[{\"@type\":\"ReadAction\",\"target\":[\"https:\/\/librairie7l.com\/en\/produit\/en-route-vers-limpressionnisme-le-paysage-dans-les-collections-du-musee-des-b\/\"]}]},{\"@type\":\"BreadcrumbList\",\"@id\":\"https:\/\/librairie7l.com\/en\/produit\/en-route-vers-limpressionnisme-le-paysage-dans-les-collections-du-musee-des-b\/#breadcrumb\",\"itemListElement\":[{\"@type\":\"ListItem\",\"position\":1,\"name\":\"Accueil\",\"item\":\"https:\/\/librairie7l.com\/en\/\"},{\"@type\":\"ListItem\",\"position\":2,\"name\":\"Shop\",\"item\":\"https:\/\/librairie7l.com\/en\/shop\/\"},{\"@type\":\"ListItem\",\"position\":3,\"name\":\"EN ROUTE VERS L&#8217;IMPRESSIONNISME : LE PAYSAGE DANS LES COLLECTIONS DU MUS\u00c9E DES BEAUX-ARTS DE REIMS\"}]},{\"@type\":\"WebSite\",\"@id\":\"https:\/\/librairie7l.com\/en\/#website\",\"url\":\"https:\/\/librairie7l.com\/en\/\",\"name\":\"Librairie 7L\",\"description\":\"Librairie fond\u00e9e en 1999 par Karl Lagerfeld \u00e0 Paris\",\"publisher\":{\"@id\":\"https:\/\/librairie7l.com\/en\/#organization\"},\"potentialAction\":[{\"@type\":\"SearchAction\",\"target\":{\"@type\":\"EntryPoint\",\"urlTemplate\":\"https:\/\/librairie7l.com\/en\/?s={search_term_string}\"},\"query-input\":\"required name=search_term_string\"}],\"inLanguage\":\"en-US\"},{\"@type\":\"Organization\",\"@id\":\"https:\/\/librairie7l.com\/en\/#organization\",\"name\":\"Librairie 7L\",\"url\":\"https:\/\/librairie7l.com\/en\/\",\"logo\":{\"@type\":\"ImageObject\",\"inLanguage\":\"en-US\",\"@id\":\"https:\/\/librairie7l.com\/en\/#\/schema\/logo\/image\/\",\"url\":\"https:\/\/librairie7l.com\/wp-content\/uploads\/2022\/08\/logo-1.png\",\"contentUrl\":\"https:\/\/librairie7l.com\/wp-content\/uploads\/2022\/08\/logo-1.png\",\"width\":227,\"height\":301,\"caption\":\"Librairie 7L\"},\"image\":{\"@id\":\"https:\/\/librairie7l.com\/en\/#\/schema\/logo\/image\/\"}}]}<\/script>\n<!-- \/ Yoast SEO plugin. -->","yoast_head_json":{"title":"EN ROUTE VERS L'IMPRESSIONNISME : LE PAYSAGE DANS LES COLLECTIONS DU MUS\u00c9E DES BEAUX-ARTS DE REIMS - Librairie 7L","robots":{"index":"index","follow":"follow","max-snippet":"max-snippet:-1","max-image-preview":"max-image-preview:large","max-video-preview":"max-video-preview:-1"},"canonical":"https:\/\/librairie7l.com\/en\/produit\/en-route-vers-limpressionnisme-le-paysage-dans-les-collections-du-musee-des-b\/","og_locale":"en_US","og_type":"article","og_title":"EN ROUTE VERS L'IMPRESSIONNISME : LE PAYSAGE DANS LES COLLECTIONS DU MUS\u00c9E DES BEAUX-ARTS DE REIMS - Librairie 7L","og_description":"Cet ouvrage illustre le cheminement qui, au XIX\u00e8me si\u00e8cle, lib\u00e8re la peinture de paysage du statut de genre mineur. Les artistes, en s&#8217;\u00e9loignant du \u00ab grand genre \u00bb, \u00e9taient \u00e0 la recherche de la v\u00e9rit\u00e9 des sensations \u00e9prouv\u00e9es devant la nature. Corot et Courbet, en peignant en plein air et non plus exclusivement en atelier, [&hellip;]","og_url":"https:\/\/librairie7l.com\/en\/produit\/en-route-vers-limpressionnisme-le-paysage-dans-les-collections-du-musee-des-b\/","og_site_name":"Librairie 7L","article_modified_time":"2026-04-08T22:14:52+00:00","og_image":[{"width":600,"height":681,"url":"https:\/\/librairie7l.com\/wp-content\/uploads\/2022\/10\/9788836652433_1_75.jpg","type":"image\/jpeg"}],"twitter_card":"summary_large_image","twitter_misc":{"Est. reading time":"1 minute"},"schema":{"@context":"https:\/\/schema.org","@graph":[{"@type":"WebPage","@id":"https:\/\/librairie7l.com\/en\/produit\/en-route-vers-limpressionnisme-le-paysage-dans-les-collections-du-musee-des-b\/","url":"https:\/\/librairie7l.com\/en\/produit\/en-route-vers-limpressionnisme-le-paysage-dans-les-collections-du-musee-des-b\/","name":"EN ROUTE VERS L'IMPRESSIONNISME : LE PAYSAGE DANS LES COLLECTIONS DU MUS\u00c9E DES BEAUX-ARTS DE REIMS - Librairie 7L","isPartOf":{"@id":"https:\/\/librairie7l.com\/en\/#website"},"datePublished":"2023-05-09T15:26:27+00:00","dateModified":"2026-04-08T22:14:52+00:00","breadcrumb":{"@id":"https:\/\/librairie7l.com\/en\/produit\/en-route-vers-limpressionnisme-le-paysage-dans-les-collections-du-musee-des-b\/#breadcrumb"},"inLanguage":"en-US","potentialAction":[{"@type":"ReadAction","target":["https:\/\/librairie7l.com\/en\/produit\/en-route-vers-limpressionnisme-le-paysage-dans-les-collections-du-musee-des-b\/"]}]},{"@type":"BreadcrumbList","@id":"https:\/\/librairie7l.com\/en\/produit\/en-route-vers-limpressionnisme-le-paysage-dans-les-collections-du-musee-des-b\/#breadcrumb","itemListElement":[{"@type":"ListItem","position":1,"name":"Accueil","item":"https:\/\/librairie7l.com\/en\/"},{"@type":"ListItem","position":2,"name":"Shop","item":"https:\/\/librairie7l.com\/en\/shop\/"},{"@type":"ListItem","position":3,"name":"EN ROUTE VERS L&#8217;IMPRESSIONNISME : LE PAYSAGE DANS LES COLLECTIONS DU MUS\u00c9E DES BEAUX-ARTS DE REIMS"}]},{"@type":"WebSite","@id":"https:\/\/librairie7l.com\/en\/#website","url":"https:\/\/librairie7l.com\/en\/","name":"Librairie 7L","description":"Librairie fond\u00e9e en 1999 par Karl Lagerfeld \u00e0 Paris","publisher":{"@id":"https:\/\/librairie7l.com\/en\/#organization"},"potentialAction":[{"@type":"SearchAction","target":{"@type":"EntryPoint","urlTemplate":"https:\/\/librairie7l.com\/en\/?s={search_term_string}"},"query-input":"required name=search_term_string"}],"inLanguage":"en-US"},{"@type":"Organization","@id":"https:\/\/librairie7l.com\/en\/#organization","name":"Librairie 7L","url":"https:\/\/librairie7l.com\/en\/","logo":{"@type":"ImageObject","inLanguage":"en-US","@id":"https:\/\/librairie7l.com\/en\/#\/schema\/logo\/image\/","url":"https:\/\/librairie7l.com\/wp-content\/uploads\/2022\/08\/logo-1.png","contentUrl":"https:\/\/librairie7l.com\/wp-content\/uploads\/2022\/08\/logo-1.png","width":227,"height":301,"caption":"Librairie 7L"},"image":{"@id":"https:\/\/librairie7l.com\/en\/#\/schema\/logo\/image\/"}}]}},"_links":{"self":[{"href":"https:\/\/librairie7l.com\/en\/wp-json\/wp\/v2\/product\/17103"}],"collection":[{"href":"https:\/\/librairie7l.com\/en\/wp-json\/wp\/v2\/product"}],"about":[{"href":"https:\/\/librairie7l.com\/en\/wp-json\/wp\/v2\/types\/product"}],"wp:featuredmedia":[{"embeddable":true,"href":"https:\/\/librairie7l.com\/en\/wp-json\/wp\/v2\/media\/17101"}],"wp:attachment":[{"href":"https:\/\/librairie7l.com\/en\/wp-json\/wp\/v2\/media?parent=17103"}],"wp:term":[{"taxonomy":"product_cat","embeddable":true,"href":"https:\/\/librairie7l.com\/en\/wp-json\/wp\/v2\/product_cat?post=17103"},{"taxonomy":"product_tag","embeddable":true,"href":"https:\/\/librairie7l.com\/en\/wp-json\/wp\/v2\/product_tag?post=17103"}],"curies":[{"name":"wp","href":"https:\/\/api.w.org\/{rel}","templated":true}]}}