{"id":17111,"date":"2023-05-09T17:26:35","date_gmt":"2023-05-09T15:26:35","guid":{"rendered":"https:\/\/librairie7l.com\/?post_type=product&#038;p=17111"},"modified":"2026-04-19T16:25:01","modified_gmt":"2026-04-19T14:25:01","slug":"pierre-entouree-de-chutes","status":"publish","type":"product","link":"https:\/\/librairie7l.com\/en\/produit\/pierre-entouree-de-chutes\/","title":{"rendered":"PIERRE ENTOUR\u00c9E DE CHUTES"},"content":{"rendered":"<p>Peintre des zoos, membre de la Figuration narrative, meurtrier symbolique de Marcel Duchamp, pr\u00e9sident du Salon de la Jeune Peinture de 1965 \u00e0 1969, d\u00e9corateur pour le th\u00e9\u00e2tre, philosophe, po\u00e8te, dramaturge?: les cat\u00e9gories qui d\u00e9crivent le travail de Gilles Aillaud sont aussi ce qui emp\u00eache d&#8217;y acc\u00e9der. S&#8217;en affranchir suppose moins un effort qu&#8217;un suspens devant son oeuvre. Ses tableaux et ses \u00e9crits produisent eux-m\u00eames cet arr\u00eat. Tandis que ses articles politiques des ann\u00e9es soixante s&#8217;engagent dans la lutte des classes, les essais critiques et les po\u00e8mes qu&#8217;il publie apr\u00e8s le reflux id\u00e9ologique des ann\u00e9es soixante-dix \u00e9tablissent une relation directe avec les choses. Alors que les premiers cherchent \u00e0 opposer d&#8217;autres notions \u00e0 celles de la culture bourgeoise, les seconds d\u00e9laissent les concepts organisateurs. Cette \u00e9volution n&#8217;est pas un abandon du projet socialiste, mais un \u00e9largissement de sa port\u00e9e, un approfondissement de ses conditions. Ouvrir les yeux, r\u00e9fl\u00e9chir au sens que prend l&#8217;histoire, se focaliser sur le soubassement relationnel qui pr\u00e9existe au lien social, est \u00e0 la fois ce qui anime Gilles Aillaud avant Mai 68 et ce sur quoi il se concentre particuli\u00e8rement dans la suite de son oeuvre. Et c&#8217;est aujourd&#8217;hui, o\u00f9 les activit\u00e9s dominantes emportent tout dans le chaos, notre propre urgence. Sont r\u00e9unis dans la premi\u00e8re partie de cet ouvrage tous les articles politiques de Gilles Aillaud, ses essais philosophiques, ses \u00e9crits de catalogue, un choix de po\u00e8mes et de proses po\u00e9tiques concernant l&#8217;art, ainsi que la transcription de quatre manuscrits in\u00e9dits. N&#8217;y sont pas reprises ses contributions \u00e0 L&#8217;Encyclop\u00e9die de tous les animaux y compris les min\u00e9raux, ni ses pi\u00e8ces de th\u00e9\u00e2tre, ni la plupart de ses po\u00e8mes. La seconde partie r\u00e9unit d&#8217;abord les entretiens les plus importants dans lesquels Gilles Aillaud aborde son travail de peintre et de d\u00e9corateur de th\u00e9\u00e2tre, puis en annexe les principales r\u00e9actions suscit\u00e9es par le meurtre symbolique de Marcel Duchamp. En tant que pr\u00e9sident du Salon entre 1965 et 1969, Gilles Aillaud est l&#8217;auteur des \u00e9ditoriaux des quatre premiers num\u00e9ros du Bulletin de la Jeune Peinture. Comme les autres articles du journal, ils n&#8217;\u00e9taient pas sign\u00e9s, par rejet de l&#8217;individualisme.<\/p>\n","protected":false},"excerpt":{"rendered":"<p>Peintre des zoos, membre de la Figuration narrative, meurtrier symbolique de Marcel Duchamp, pr\u00e9sident du Salon de la Jeune Peinture de 1965 \u00e0 1969, d\u00e9corateur pour le th\u00e9\u00e2tre, philosophe, po\u00e8te, dramaturge?: les cat\u00e9gories qui d\u00e9crivent le travail de Gilles Aillaud sont aussi ce qui emp\u00eache d&#8217;y acc\u00e9der. S&#8217;en affranchir suppose moins un effort qu&#8217;un suspens [&hellip;]<\/p>\n","protected":false},"featured_media":17109,"template":"","meta":[],"product_cat":[55,2948,47,2953],"product_tag":[],"acf":[],"yoast_head":"<!-- This site is optimized with the Yoast SEO plugin v20.11 - https:\/\/yoast.com\/wordpress\/plugins\/seo\/ -->\n<title>PIERRE ENTOUR\u00c9E DE CHUTES - Librairie 7L<\/title>\n<meta name=\"robots\" content=\"index, follow, max-snippet:-1, max-image-preview:large, max-video-preview:-1\" \/>\n<link rel=\"canonical\" href=\"https:\/\/librairie7l.com\/en\/produit\/pierre-entouree-de-chutes\/\" \/>\n<meta property=\"og:locale\" content=\"en_US\" \/>\n<meta property=\"og:type\" content=\"article\" \/>\n<meta property=\"og:title\" content=\"PIERRE ENTOUR\u00c9E DE CHUTES - Librairie 7L\" \/>\n<meta property=\"og:description\" content=\"Peintre des zoos, membre de la Figuration narrative, meurtrier symbolique de Marcel Duchamp, pr\u00e9sident du Salon de la Jeune Peinture de 1965 \u00e0 1969, d\u00e9corateur pour le th\u00e9\u00e2tre, philosophe, po\u00e8te, dramaturge?: les cat\u00e9gories qui d\u00e9crivent le travail de Gilles Aillaud sont aussi ce qui emp\u00eache d&#8217;y acc\u00e9der. S&#8217;en affranchir suppose moins un effort qu&#8217;un suspens [&hellip;]\" \/>\n<meta property=\"og:url\" content=\"https:\/\/librairie7l.com\/en\/produit\/pierre-entouree-de-chutes\/\" \/>\n<meta property=\"og:site_name\" content=\"Librairie 7L\" \/>\n<meta property=\"article:modified_time\" content=\"2026-04-19T14:25:01+00:00\" \/>\n<meta property=\"og:image\" content=\"https:\/\/librairie7l.com\/wp-content\/uploads\/2022\/11\/9782850350900_1_75.jpg\" \/>\n\t<meta property=\"og:image:width\" content=\"400\" \/>\n\t<meta property=\"og:image:height\" content=\"498\" \/>\n\t<meta property=\"og:image:type\" content=\"image\/jpeg\" \/>\n<meta name=\"twitter:card\" content=\"summary_large_image\" \/>\n<meta name=\"twitter:label1\" content=\"Est. reading time\" \/>\n\t<meta name=\"twitter:data1\" content=\"2 minutes\" \/>\n<script type=\"application\/ld+json\" class=\"yoast-schema-graph\">{\"@context\":\"https:\/\/schema.org\",\"@graph\":[{\"@type\":\"WebPage\",\"@id\":\"https:\/\/librairie7l.com\/en\/produit\/pierre-entouree-de-chutes\/\",\"url\":\"https:\/\/librairie7l.com\/en\/produit\/pierre-entouree-de-chutes\/\",\"name\":\"PIERRE ENTOUR\u00c9E DE CHUTES - Librairie 7L\",\"isPartOf\":{\"@id\":\"https:\/\/librairie7l.com\/en\/#website\"},\"datePublished\":\"2023-05-09T15:26:35+00:00\",\"dateModified\":\"2026-04-19T14:25:01+00:00\",\"breadcrumb\":{\"@id\":\"https:\/\/librairie7l.com\/en\/produit\/pierre-entouree-de-chutes\/#breadcrumb\"},\"inLanguage\":\"en-US\",\"potentialAction\":[{\"@type\":\"ReadAction\",\"target\":[\"https:\/\/librairie7l.com\/en\/produit\/pierre-entouree-de-chutes\/\"]}]},{\"@type\":\"BreadcrumbList\",\"@id\":\"https:\/\/librairie7l.com\/en\/produit\/pierre-entouree-de-chutes\/#breadcrumb\",\"itemListElement\":[{\"@type\":\"ListItem\",\"position\":1,\"name\":\"Accueil\",\"item\":\"https:\/\/librairie7l.com\/en\/\"},{\"@type\":\"ListItem\",\"position\":2,\"name\":\"Shop\",\"item\":\"https:\/\/librairie7l.com\/en\/shop\/\"},{\"@type\":\"ListItem\",\"position\":3,\"name\":\"PIERRE ENTOUR\u00c9E DE CHUTES\"}]},{\"@type\":\"WebSite\",\"@id\":\"https:\/\/librairie7l.com\/en\/#website\",\"url\":\"https:\/\/librairie7l.com\/en\/\",\"name\":\"Librairie 7L\",\"description\":\"Librairie fond\u00e9e en 1999 par Karl Lagerfeld \u00e0 Paris\",\"publisher\":{\"@id\":\"https:\/\/librairie7l.com\/en\/#organization\"},\"potentialAction\":[{\"@type\":\"SearchAction\",\"target\":{\"@type\":\"EntryPoint\",\"urlTemplate\":\"https:\/\/librairie7l.com\/en\/?s={search_term_string}\"},\"query-input\":\"required name=search_term_string\"}],\"inLanguage\":\"en-US\"},{\"@type\":\"Organization\",\"@id\":\"https:\/\/librairie7l.com\/en\/#organization\",\"name\":\"Librairie 7L\",\"url\":\"https:\/\/librairie7l.com\/en\/\",\"logo\":{\"@type\":\"ImageObject\",\"inLanguage\":\"en-US\",\"@id\":\"https:\/\/librairie7l.com\/en\/#\/schema\/logo\/image\/\",\"url\":\"https:\/\/librairie7l.com\/wp-content\/uploads\/2022\/08\/logo-1.png\",\"contentUrl\":\"https:\/\/librairie7l.com\/wp-content\/uploads\/2022\/08\/logo-1.png\",\"width\":227,\"height\":301,\"caption\":\"Librairie 7L\"},\"image\":{\"@id\":\"https:\/\/librairie7l.com\/en\/#\/schema\/logo\/image\/\"}}]}<\/script>\n<!-- \/ Yoast SEO plugin. -->","yoast_head_json":{"title":"PIERRE ENTOUR\u00c9E DE CHUTES - Librairie 7L","robots":{"index":"index","follow":"follow","max-snippet":"max-snippet:-1","max-image-preview":"max-image-preview:large","max-video-preview":"max-video-preview:-1"},"canonical":"https:\/\/librairie7l.com\/en\/produit\/pierre-entouree-de-chutes\/","og_locale":"en_US","og_type":"article","og_title":"PIERRE ENTOUR\u00c9E DE CHUTES - Librairie 7L","og_description":"Peintre des zoos, membre de la Figuration narrative, meurtrier symbolique de Marcel Duchamp, pr\u00e9sident du Salon de la Jeune Peinture de 1965 \u00e0 1969, d\u00e9corateur pour le th\u00e9\u00e2tre, philosophe, po\u00e8te, dramaturge?: les cat\u00e9gories qui d\u00e9crivent le travail de Gilles Aillaud sont aussi ce qui emp\u00eache d&#8217;y acc\u00e9der. S&#8217;en affranchir suppose moins un effort qu&#8217;un suspens [&hellip;]","og_url":"https:\/\/librairie7l.com\/en\/produit\/pierre-entouree-de-chutes\/","og_site_name":"Librairie 7L","article_modified_time":"2026-04-19T14:25:01+00:00","og_image":[{"width":400,"height":498,"url":"https:\/\/librairie7l.com\/wp-content\/uploads\/2022\/11\/9782850350900_1_75.jpg","type":"image\/jpeg"}],"twitter_card":"summary_large_image","twitter_misc":{"Est. reading time":"2 minutes"},"schema":{"@context":"https:\/\/schema.org","@graph":[{"@type":"WebPage","@id":"https:\/\/librairie7l.com\/en\/produit\/pierre-entouree-de-chutes\/","url":"https:\/\/librairie7l.com\/en\/produit\/pierre-entouree-de-chutes\/","name":"PIERRE ENTOUR\u00c9E DE CHUTES - Librairie 7L","isPartOf":{"@id":"https:\/\/librairie7l.com\/en\/#website"},"datePublished":"2023-05-09T15:26:35+00:00","dateModified":"2026-04-19T14:25:01+00:00","breadcrumb":{"@id":"https:\/\/librairie7l.com\/en\/produit\/pierre-entouree-de-chutes\/#breadcrumb"},"inLanguage":"en-US","potentialAction":[{"@type":"ReadAction","target":["https:\/\/librairie7l.com\/en\/produit\/pierre-entouree-de-chutes\/"]}]},{"@type":"BreadcrumbList","@id":"https:\/\/librairie7l.com\/en\/produit\/pierre-entouree-de-chutes\/#breadcrumb","itemListElement":[{"@type":"ListItem","position":1,"name":"Accueil","item":"https:\/\/librairie7l.com\/en\/"},{"@type":"ListItem","position":2,"name":"Shop","item":"https:\/\/librairie7l.com\/en\/shop\/"},{"@type":"ListItem","position":3,"name":"PIERRE ENTOUR\u00c9E DE CHUTES"}]},{"@type":"WebSite","@id":"https:\/\/librairie7l.com\/en\/#website","url":"https:\/\/librairie7l.com\/en\/","name":"Librairie 7L","description":"Librairie fond\u00e9e en 1999 par Karl Lagerfeld \u00e0 Paris","publisher":{"@id":"https:\/\/librairie7l.com\/en\/#organization"},"potentialAction":[{"@type":"SearchAction","target":{"@type":"EntryPoint","urlTemplate":"https:\/\/librairie7l.com\/en\/?s={search_term_string}"},"query-input":"required name=search_term_string"}],"inLanguage":"en-US"},{"@type":"Organization","@id":"https:\/\/librairie7l.com\/en\/#organization","name":"Librairie 7L","url":"https:\/\/librairie7l.com\/en\/","logo":{"@type":"ImageObject","inLanguage":"en-US","@id":"https:\/\/librairie7l.com\/en\/#\/schema\/logo\/image\/","url":"https:\/\/librairie7l.com\/wp-content\/uploads\/2022\/08\/logo-1.png","contentUrl":"https:\/\/librairie7l.com\/wp-content\/uploads\/2022\/08\/logo-1.png","width":227,"height":301,"caption":"Librairie 7L"},"image":{"@id":"https:\/\/librairie7l.com\/en\/#\/schema\/logo\/image\/"}}]}},"_links":{"self":[{"href":"https:\/\/librairie7l.com\/en\/wp-json\/wp\/v2\/product\/17111"}],"collection":[{"href":"https:\/\/librairie7l.com\/en\/wp-json\/wp\/v2\/product"}],"about":[{"href":"https:\/\/librairie7l.com\/en\/wp-json\/wp\/v2\/types\/product"}],"wp:featuredmedia":[{"embeddable":true,"href":"https:\/\/librairie7l.com\/en\/wp-json\/wp\/v2\/media\/17109"}],"wp:attachment":[{"href":"https:\/\/librairie7l.com\/en\/wp-json\/wp\/v2\/media?parent=17111"}],"wp:term":[{"taxonomy":"product_cat","embeddable":true,"href":"https:\/\/librairie7l.com\/en\/wp-json\/wp\/v2\/product_cat?post=17111"},{"taxonomy":"product_tag","embeddable":true,"href":"https:\/\/librairie7l.com\/en\/wp-json\/wp\/v2\/product_tag?post=17111"}],"curies":[{"name":"wp","href":"https:\/\/api.w.org\/{rel}","templated":true}]}}