{"id":17115,"date":"2023-05-09T17:26:38","date_gmt":"2023-05-09T15:26:38","guid":{"rendered":"https:\/\/librairie7l.com\/?post_type=product&#038;p=17115"},"modified":"2026-04-17T01:31:08","modified_gmt":"2026-04-16T23:31:08","slug":"platres-en-majeste-lunivers-du-platre","status":"publish","type":"product","link":"https:\/\/librairie7l.com\/en\/produit\/platres-en-majeste-lunivers-du-platre\/","title":{"rendered":"PL\u00c2TRES EN MAJEST\u00c9 : L&#8217;UNIVERS DU PL\u00c2TRE"},"content":{"rendered":"<p>N\u00e9 de l&#8217;alliance du gypse et du feu, le pl\u00e2tre accompagne l&#8217;histoire de l&#8217;homme depuis des millenaires. Pr\u00e9sent aujourd&#8217;hui dans les r\u00e9serves des mus\u00e9es, les d\u00e9cors des palais, les ateliers d&#8217;artistes, les folies architecturales et les les fa\u00e7ades d&#8217;immeubles, c&#8217;est une mati\u00e8re polyvalente, peu co\u00fbteuse mais un mat\u00e9riau aussi familier que mal connu.Depuis l&#8217;Antiquit\u00e9, le stuc a connu un grand essor en Europe sous la civilisation romaine et gallo-romaine. On le trouve alors dans les moulures, les panneaux d\u00e9coratifs et placages de faux marbres des habitations luxueuses. \u00c0 l&#8217;\u00e9poque m\u00e9rovingienne et au bas Moyen \u00c2ge il sert \u00e0 la confection de sarcophages ou souligne certains \u00e9l\u00e9ments d&#8217;architecture porteurs ou d\u00e9coratifs, colonnettes, chapiteaux, nervures de vo\u00fbtes&#8230;La technique d&#8217;utisation du pl\u00e2tre \u00e9volue et, \u00e0 l&#8217;art du stuc, se substitute celui du pl\u00e2tre moul\u00e9 et des \u00abgypseries\u00bb. \u00c0 la Renaissance puis aux xviie et xviii si\u00e8cles, son utilisation se g\u00e9n\u00e9ralise et il devient un \u00e9l\u00e9ment incontournable du d\u00e9cor des \u00e9glises, palais et hotels particuliers qu&#8217;on \u00e9l\u00e8ve aux quatre coins du continent europ\u00e9en. \u00c0 l&#8217;\u00e9poque baroque son usage conna\u00eet un essor particulier.<\/p>\n","protected":false},"excerpt":{"rendered":"<p>N\u00e9 de l&#8217;alliance du gypse et du feu, le pl\u00e2tre accompagne l&#8217;histoire de l&#8217;homme depuis des millenaires. Pr\u00e9sent aujourd&#8217;hui dans les r\u00e9serves des mus\u00e9es, les d\u00e9cors des palais, les ateliers d&#8217;artistes, les folies architecturales et les les fa\u00e7ades d&#8217;immeubles, c&#8217;est une mati\u00e8re polyvalente, peu co\u00fbteuse mais un mat\u00e9riau aussi familier que mal connu.Depuis l&#8217;Antiquit\u00e9, le [&hellip;]<\/p>\n","protected":false},"featured_media":17113,"template":"","meta":[],"product_cat":[55,2948,18,2952],"product_tag":[],"acf":[],"yoast_head":"<!-- This site is optimized with the Yoast SEO plugin v20.11 - https:\/\/yoast.com\/wordpress\/plugins\/seo\/ -->\n<title>PL\u00c2TRES EN MAJEST\u00c9 : L&#039;UNIVERS DU PL\u00c2TRE - Librairie 7L<\/title>\n<meta name=\"robots\" content=\"index, follow, max-snippet:-1, max-image-preview:large, max-video-preview:-1\" \/>\n<link rel=\"canonical\" href=\"https:\/\/librairie7l.com\/en\/produit\/platres-en-majeste-lunivers-du-platre\/\" \/>\n<meta property=\"og:locale\" content=\"en_US\" \/>\n<meta property=\"og:type\" content=\"article\" \/>\n<meta property=\"og:title\" content=\"PL\u00c2TRES EN MAJEST\u00c9 : L&#039;UNIVERS DU PL\u00c2TRE - Librairie 7L\" \/>\n<meta property=\"og:description\" content=\"N\u00e9 de l&#8217;alliance du gypse et du feu, le pl\u00e2tre accompagne l&#8217;histoire de l&#8217;homme depuis des millenaires. Pr\u00e9sent aujourd&#8217;hui dans les r\u00e9serves des mus\u00e9es, les d\u00e9cors des palais, les ateliers d&#8217;artistes, les folies architecturales et les les fa\u00e7ades d&#8217;immeubles, c&#8217;est une mati\u00e8re polyvalente, peu co\u00fbteuse mais un mat\u00e9riau aussi familier que mal connu.Depuis l&#8217;Antiquit\u00e9, le [&hellip;]\" \/>\n<meta property=\"og:url\" content=\"https:\/\/librairie7l.com\/en\/produit\/platres-en-majeste-lunivers-du-platre\/\" \/>\n<meta property=\"og:site_name\" content=\"Librairie 7L\" \/>\n<meta property=\"article:modified_time\" content=\"2026-04-16T23:31:08+00:00\" \/>\n<meta property=\"og:image\" content=\"https:\/\/librairie7l.com\/wp-content\/uploads\/2023\/02\/9782353403721_1_75.jpg\" \/>\n\t<meta property=\"og:image:width\" content=\"202\" \/>\n\t<meta property=\"og:image:height\" content=\"263\" \/>\n\t<meta property=\"og:image:type\" content=\"image\/jpeg\" \/>\n<meta name=\"twitter:card\" content=\"summary_large_image\" \/>\n<meta name=\"twitter:label1\" content=\"Est. reading time\" \/>\n\t<meta name=\"twitter:data1\" content=\"1 minute\" \/>\n<script type=\"application\/ld+json\" class=\"yoast-schema-graph\">{\"@context\":\"https:\/\/schema.org\",\"@graph\":[{\"@type\":\"WebPage\",\"@id\":\"https:\/\/librairie7l.com\/en\/produit\/platres-en-majeste-lunivers-du-platre\/\",\"url\":\"https:\/\/librairie7l.com\/en\/produit\/platres-en-majeste-lunivers-du-platre\/\",\"name\":\"PL\u00c2TRES EN MAJEST\u00c9 : L'UNIVERS DU PL\u00c2TRE - Librairie 7L\",\"isPartOf\":{\"@id\":\"https:\/\/librairie7l.com\/en\/#website\"},\"datePublished\":\"2023-05-09T15:26:38+00:00\",\"dateModified\":\"2026-04-16T23:31:08+00:00\",\"breadcrumb\":{\"@id\":\"https:\/\/librairie7l.com\/en\/produit\/platres-en-majeste-lunivers-du-platre\/#breadcrumb\"},\"inLanguage\":\"en-US\",\"potentialAction\":[{\"@type\":\"ReadAction\",\"target\":[\"https:\/\/librairie7l.com\/en\/produit\/platres-en-majeste-lunivers-du-platre\/\"]}]},{\"@type\":\"BreadcrumbList\",\"@id\":\"https:\/\/librairie7l.com\/en\/produit\/platres-en-majeste-lunivers-du-platre\/#breadcrumb\",\"itemListElement\":[{\"@type\":\"ListItem\",\"position\":1,\"name\":\"Accueil\",\"item\":\"https:\/\/librairie7l.com\/en\/\"},{\"@type\":\"ListItem\",\"position\":2,\"name\":\"Shop\",\"item\":\"https:\/\/librairie7l.com\/en\/shop\/\"},{\"@type\":\"ListItem\",\"position\":3,\"name\":\"PL\u00c2TRES EN MAJEST\u00c9 : L&#8217;UNIVERS DU PL\u00c2TRE\"}]},{\"@type\":\"WebSite\",\"@id\":\"https:\/\/librairie7l.com\/en\/#website\",\"url\":\"https:\/\/librairie7l.com\/en\/\",\"name\":\"Librairie 7L\",\"description\":\"Librairie fond\u00e9e en 1999 par Karl Lagerfeld \u00e0 Paris\",\"publisher\":{\"@id\":\"https:\/\/librairie7l.com\/en\/#organization\"},\"potentialAction\":[{\"@type\":\"SearchAction\",\"target\":{\"@type\":\"EntryPoint\",\"urlTemplate\":\"https:\/\/librairie7l.com\/en\/?s={search_term_string}\"},\"query-input\":\"required name=search_term_string\"}],\"inLanguage\":\"en-US\"},{\"@type\":\"Organization\",\"@id\":\"https:\/\/librairie7l.com\/en\/#organization\",\"name\":\"Librairie 7L\",\"url\":\"https:\/\/librairie7l.com\/en\/\",\"logo\":{\"@type\":\"ImageObject\",\"inLanguage\":\"en-US\",\"@id\":\"https:\/\/librairie7l.com\/en\/#\/schema\/logo\/image\/\",\"url\":\"https:\/\/librairie7l.com\/wp-content\/uploads\/2022\/08\/logo-1.png\",\"contentUrl\":\"https:\/\/librairie7l.com\/wp-content\/uploads\/2022\/08\/logo-1.png\",\"width\":227,\"height\":301,\"caption\":\"Librairie 7L\"},\"image\":{\"@id\":\"https:\/\/librairie7l.com\/en\/#\/schema\/logo\/image\/\"}}]}<\/script>\n<!-- \/ Yoast SEO plugin. -->","yoast_head_json":{"title":"PL\u00c2TRES EN MAJEST\u00c9 : L'UNIVERS DU PL\u00c2TRE - Librairie 7L","robots":{"index":"index","follow":"follow","max-snippet":"max-snippet:-1","max-image-preview":"max-image-preview:large","max-video-preview":"max-video-preview:-1"},"canonical":"https:\/\/librairie7l.com\/en\/produit\/platres-en-majeste-lunivers-du-platre\/","og_locale":"en_US","og_type":"article","og_title":"PL\u00c2TRES EN MAJEST\u00c9 : L'UNIVERS DU PL\u00c2TRE - Librairie 7L","og_description":"N\u00e9 de l&#8217;alliance du gypse et du feu, le pl\u00e2tre accompagne l&#8217;histoire de l&#8217;homme depuis des millenaires. Pr\u00e9sent aujourd&#8217;hui dans les r\u00e9serves des mus\u00e9es, les d\u00e9cors des palais, les ateliers d&#8217;artistes, les folies architecturales et les les fa\u00e7ades d&#8217;immeubles, c&#8217;est une mati\u00e8re polyvalente, peu co\u00fbteuse mais un mat\u00e9riau aussi familier que mal connu.Depuis l&#8217;Antiquit\u00e9, le [&hellip;]","og_url":"https:\/\/librairie7l.com\/en\/produit\/platres-en-majeste-lunivers-du-platre\/","og_site_name":"Librairie 7L","article_modified_time":"2026-04-16T23:31:08+00:00","og_image":[{"width":202,"height":263,"url":"https:\/\/librairie7l.com\/wp-content\/uploads\/2023\/02\/9782353403721_1_75.jpg","type":"image\/jpeg"}],"twitter_card":"summary_large_image","twitter_misc":{"Est. reading time":"1 minute"},"schema":{"@context":"https:\/\/schema.org","@graph":[{"@type":"WebPage","@id":"https:\/\/librairie7l.com\/en\/produit\/platres-en-majeste-lunivers-du-platre\/","url":"https:\/\/librairie7l.com\/en\/produit\/platres-en-majeste-lunivers-du-platre\/","name":"PL\u00c2TRES EN MAJEST\u00c9 : L'UNIVERS DU PL\u00c2TRE - Librairie 7L","isPartOf":{"@id":"https:\/\/librairie7l.com\/en\/#website"},"datePublished":"2023-05-09T15:26:38+00:00","dateModified":"2026-04-16T23:31:08+00:00","breadcrumb":{"@id":"https:\/\/librairie7l.com\/en\/produit\/platres-en-majeste-lunivers-du-platre\/#breadcrumb"},"inLanguage":"en-US","potentialAction":[{"@type":"ReadAction","target":["https:\/\/librairie7l.com\/en\/produit\/platres-en-majeste-lunivers-du-platre\/"]}]},{"@type":"BreadcrumbList","@id":"https:\/\/librairie7l.com\/en\/produit\/platres-en-majeste-lunivers-du-platre\/#breadcrumb","itemListElement":[{"@type":"ListItem","position":1,"name":"Accueil","item":"https:\/\/librairie7l.com\/en\/"},{"@type":"ListItem","position":2,"name":"Shop","item":"https:\/\/librairie7l.com\/en\/shop\/"},{"@type":"ListItem","position":3,"name":"PL\u00c2TRES EN MAJEST\u00c9 : L&#8217;UNIVERS DU PL\u00c2TRE"}]},{"@type":"WebSite","@id":"https:\/\/librairie7l.com\/en\/#website","url":"https:\/\/librairie7l.com\/en\/","name":"Librairie 7L","description":"Librairie fond\u00e9e en 1999 par Karl Lagerfeld \u00e0 Paris","publisher":{"@id":"https:\/\/librairie7l.com\/en\/#organization"},"potentialAction":[{"@type":"SearchAction","target":{"@type":"EntryPoint","urlTemplate":"https:\/\/librairie7l.com\/en\/?s={search_term_string}"},"query-input":"required name=search_term_string"}],"inLanguage":"en-US"},{"@type":"Organization","@id":"https:\/\/librairie7l.com\/en\/#organization","name":"Librairie 7L","url":"https:\/\/librairie7l.com\/en\/","logo":{"@type":"ImageObject","inLanguage":"en-US","@id":"https:\/\/librairie7l.com\/en\/#\/schema\/logo\/image\/","url":"https:\/\/librairie7l.com\/wp-content\/uploads\/2022\/08\/logo-1.png","contentUrl":"https:\/\/librairie7l.com\/wp-content\/uploads\/2022\/08\/logo-1.png","width":227,"height":301,"caption":"Librairie 7L"},"image":{"@id":"https:\/\/librairie7l.com\/en\/#\/schema\/logo\/image\/"}}]}},"_links":{"self":[{"href":"https:\/\/librairie7l.com\/en\/wp-json\/wp\/v2\/product\/17115"}],"collection":[{"href":"https:\/\/librairie7l.com\/en\/wp-json\/wp\/v2\/product"}],"about":[{"href":"https:\/\/librairie7l.com\/en\/wp-json\/wp\/v2\/types\/product"}],"wp:featuredmedia":[{"embeddable":true,"href":"https:\/\/librairie7l.com\/en\/wp-json\/wp\/v2\/media\/17113"}],"wp:attachment":[{"href":"https:\/\/librairie7l.com\/en\/wp-json\/wp\/v2\/media?parent=17115"}],"wp:term":[{"taxonomy":"product_cat","embeddable":true,"href":"https:\/\/librairie7l.com\/en\/wp-json\/wp\/v2\/product_cat?post=17115"},{"taxonomy":"product_tag","embeddable":true,"href":"https:\/\/librairie7l.com\/en\/wp-json\/wp\/v2\/product_tag?post=17115"}],"curies":[{"name":"wp","href":"https:\/\/api.w.org\/{rel}","templated":true}]}}