{"id":17123,"date":"2023-05-09T17:26:44","date_gmt":"2023-05-09T15:26:44","guid":{"rendered":"https:\/\/librairie7l.com\/?post_type=product&#038;p=17123"},"modified":"2026-05-09T03:41:03","modified_gmt":"2026-05-09T01:41:03","slug":"la-vallee-de-la-mort","status":"publish","type":"product","link":"https:\/\/librairie7l.com\/en\/produit\/la-vallee-de-la-mort\/","title":{"rendered":"LA VALL\u00c9E DE LA MORT"},"content":{"rendered":"<p>En 1978, \u00e0 l&#8217;\u00e2ge de 45 ans, \u00e0 un instant de la vie o\u00f9 il est souvent question de faire le point, Jeanloup Sieff, photographe c\u00e9l\u00e8bre, r\u00e9put\u00e9 pour ses nus, ses images de mode et ses portraits de c\u00e9l\u00e9brit\u00e9s sortait un livre mythique rapidement \u00e9puis\u00e9 et que nous avions r\u00e9\u00e9dit\u00e9 en 2011. La terre craquel\u00e9e, les ondes dessin\u00e9es par le vent, les dunes inviol\u00e9es, les ciels lourds, r\u00e9v\u00e9l\u00e9s par des noirs intenses et des cadrages sobres, volontairement en retrait, forment un ensemble \u00e9trange \u00e0 la limite du fantastique.<br \/>\nLa Vall\u00e9e de la Mort relate ce voyage qu&#8217;il r\u00e9alisa en camping-car avec sa femme Barbara dans une nouvelle version comment\u00e9e et actualis\u00e9e afin de situer cet ouvrage dans son contexte que le recul a rendu possible.<\/p>\n","protected":false},"excerpt":{"rendered":"<p>En 1978, \u00e0 l&#8217;\u00e2ge de 45 ans, \u00e0 un instant de la vie o\u00f9 il est souvent question de faire le point, Jeanloup Sieff, photographe c\u00e9l\u00e8bre, r\u00e9put\u00e9 pour ses nus, ses images de mode et ses portraits de c\u00e9l\u00e9brit\u00e9s sortait un livre mythique rapidement \u00e9puis\u00e9 et que nous avions r\u00e9\u00e9dit\u00e9 en 2011. La terre craquel\u00e9e, [&hellip;]<\/p>\n","protected":false},"featured_media":17121,"template":"","meta":[],"product_cat":[55,2948,2958,17],"product_tag":[],"acf":[],"yoast_head":"<!-- This site is optimized with the Yoast SEO plugin v20.11 - https:\/\/yoast.com\/wordpress\/plugins\/seo\/ -->\n<title>LA VALL\u00c9E DE LA MORT - Librairie 7L<\/title>\n<meta name=\"robots\" content=\"index, follow, max-snippet:-1, max-image-preview:large, max-video-preview:-1\" \/>\n<link rel=\"canonical\" href=\"https:\/\/librairie7l.com\/en\/produit\/la-vallee-de-la-mort\/\" \/>\n<meta property=\"og:locale\" content=\"en_US\" \/>\n<meta property=\"og:type\" content=\"article\" \/>\n<meta property=\"og:title\" content=\"LA VALL\u00c9E DE LA MORT - Librairie 7L\" \/>\n<meta property=\"og:description\" content=\"En 1978, \u00e0 l&#8217;\u00e2ge de 45 ans, \u00e0 un instant de la vie o\u00f9 il est souvent question de faire le point, Jeanloup Sieff, photographe c\u00e9l\u00e8bre, r\u00e9put\u00e9 pour ses nus, ses images de mode et ses portraits de c\u00e9l\u00e9brit\u00e9s sortait un livre mythique rapidement \u00e9puis\u00e9 et que nous avions r\u00e9\u00e9dit\u00e9 en 2011. La terre craquel\u00e9e, [&hellip;]\" \/>\n<meta property=\"og:url\" content=\"https:\/\/librairie7l.com\/en\/produit\/la-vallee-de-la-mort\/\" \/>\n<meta property=\"og:site_name\" content=\"Librairie 7L\" \/>\n<meta property=\"article:modified_time\" content=\"2026-05-09T01:41:03+00:00\" \/>\n<meta property=\"og:image\" content=\"https:\/\/librairie7l.com\/wp-content\/uploads\/2022\/05\/9791090294493_1_75.jpg\" \/>\n\t<meta property=\"og:image:width\" content=\"600\" \/>\n\t<meta property=\"og:image:height\" content=\"700\" \/>\n\t<meta property=\"og:image:type\" content=\"image\/jpeg\" \/>\n<meta name=\"twitter:card\" content=\"summary_large_image\" \/>\n<meta name=\"twitter:label1\" content=\"Est. reading time\" \/>\n\t<meta name=\"twitter:data1\" content=\"1 minute\" \/>\n<script type=\"application\/ld+json\" class=\"yoast-schema-graph\">{\"@context\":\"https:\/\/schema.org\",\"@graph\":[{\"@type\":\"WebPage\",\"@id\":\"https:\/\/librairie7l.com\/en\/produit\/la-vallee-de-la-mort\/\",\"url\":\"https:\/\/librairie7l.com\/en\/produit\/la-vallee-de-la-mort\/\",\"name\":\"LA VALL\u00c9E DE LA MORT - Librairie 7L\",\"isPartOf\":{\"@id\":\"https:\/\/librairie7l.com\/en\/#website\"},\"datePublished\":\"2023-05-09T15:26:44+00:00\",\"dateModified\":\"2026-05-09T01:41:03+00:00\",\"breadcrumb\":{\"@id\":\"https:\/\/librairie7l.com\/en\/produit\/la-vallee-de-la-mort\/#breadcrumb\"},\"inLanguage\":\"en-US\",\"potentialAction\":[{\"@type\":\"ReadAction\",\"target\":[\"https:\/\/librairie7l.com\/en\/produit\/la-vallee-de-la-mort\/\"]}]},{\"@type\":\"BreadcrumbList\",\"@id\":\"https:\/\/librairie7l.com\/en\/produit\/la-vallee-de-la-mort\/#breadcrumb\",\"itemListElement\":[{\"@type\":\"ListItem\",\"position\":1,\"name\":\"Accueil\",\"item\":\"https:\/\/librairie7l.com\/en\/\"},{\"@type\":\"ListItem\",\"position\":2,\"name\":\"Shop\",\"item\":\"https:\/\/librairie7l.com\/en\/shop\/\"},{\"@type\":\"ListItem\",\"position\":3,\"name\":\"LA VALL\u00c9E DE LA MORT\"}]},{\"@type\":\"WebSite\",\"@id\":\"https:\/\/librairie7l.com\/en\/#website\",\"url\":\"https:\/\/librairie7l.com\/en\/\",\"name\":\"Librairie 7L\",\"description\":\"Librairie fond\u00e9e en 1999 par Karl Lagerfeld \u00e0 Paris\",\"publisher\":{\"@id\":\"https:\/\/librairie7l.com\/en\/#organization\"},\"potentialAction\":[{\"@type\":\"SearchAction\",\"target\":{\"@type\":\"EntryPoint\",\"urlTemplate\":\"https:\/\/librairie7l.com\/en\/?s={search_term_string}\"},\"query-input\":\"required name=search_term_string\"}],\"inLanguage\":\"en-US\"},{\"@type\":\"Organization\",\"@id\":\"https:\/\/librairie7l.com\/en\/#organization\",\"name\":\"Librairie 7L\",\"url\":\"https:\/\/librairie7l.com\/en\/\",\"logo\":{\"@type\":\"ImageObject\",\"inLanguage\":\"en-US\",\"@id\":\"https:\/\/librairie7l.com\/en\/#\/schema\/logo\/image\/\",\"url\":\"https:\/\/librairie7l.com\/wp-content\/uploads\/2022\/08\/logo-1.png\",\"contentUrl\":\"https:\/\/librairie7l.com\/wp-content\/uploads\/2022\/08\/logo-1.png\",\"width\":227,\"height\":301,\"caption\":\"Librairie 7L\"},\"image\":{\"@id\":\"https:\/\/librairie7l.com\/en\/#\/schema\/logo\/image\/\"}}]}<\/script>\n<!-- \/ Yoast SEO plugin. -->","yoast_head_json":{"title":"LA VALL\u00c9E DE LA MORT - Librairie 7L","robots":{"index":"index","follow":"follow","max-snippet":"max-snippet:-1","max-image-preview":"max-image-preview:large","max-video-preview":"max-video-preview:-1"},"canonical":"https:\/\/librairie7l.com\/en\/produit\/la-vallee-de-la-mort\/","og_locale":"en_US","og_type":"article","og_title":"LA VALL\u00c9E DE LA MORT - Librairie 7L","og_description":"En 1978, \u00e0 l&#8217;\u00e2ge de 45 ans, \u00e0 un instant de la vie o\u00f9 il est souvent question de faire le point, Jeanloup Sieff, photographe c\u00e9l\u00e8bre, r\u00e9put\u00e9 pour ses nus, ses images de mode et ses portraits de c\u00e9l\u00e9brit\u00e9s sortait un livre mythique rapidement \u00e9puis\u00e9 et que nous avions r\u00e9\u00e9dit\u00e9 en 2011. La terre craquel\u00e9e, [&hellip;]","og_url":"https:\/\/librairie7l.com\/en\/produit\/la-vallee-de-la-mort\/","og_site_name":"Librairie 7L","article_modified_time":"2026-05-09T01:41:03+00:00","og_image":[{"width":600,"height":700,"url":"https:\/\/librairie7l.com\/wp-content\/uploads\/2022\/05\/9791090294493_1_75.jpg","type":"image\/jpeg"}],"twitter_card":"summary_large_image","twitter_misc":{"Est. reading time":"1 minute"},"schema":{"@context":"https:\/\/schema.org","@graph":[{"@type":"WebPage","@id":"https:\/\/librairie7l.com\/en\/produit\/la-vallee-de-la-mort\/","url":"https:\/\/librairie7l.com\/en\/produit\/la-vallee-de-la-mort\/","name":"LA VALL\u00c9E DE LA MORT - Librairie 7L","isPartOf":{"@id":"https:\/\/librairie7l.com\/en\/#website"},"datePublished":"2023-05-09T15:26:44+00:00","dateModified":"2026-05-09T01:41:03+00:00","breadcrumb":{"@id":"https:\/\/librairie7l.com\/en\/produit\/la-vallee-de-la-mort\/#breadcrumb"},"inLanguage":"en-US","potentialAction":[{"@type":"ReadAction","target":["https:\/\/librairie7l.com\/en\/produit\/la-vallee-de-la-mort\/"]}]},{"@type":"BreadcrumbList","@id":"https:\/\/librairie7l.com\/en\/produit\/la-vallee-de-la-mort\/#breadcrumb","itemListElement":[{"@type":"ListItem","position":1,"name":"Accueil","item":"https:\/\/librairie7l.com\/en\/"},{"@type":"ListItem","position":2,"name":"Shop","item":"https:\/\/librairie7l.com\/en\/shop\/"},{"@type":"ListItem","position":3,"name":"LA VALL\u00c9E DE LA MORT"}]},{"@type":"WebSite","@id":"https:\/\/librairie7l.com\/en\/#website","url":"https:\/\/librairie7l.com\/en\/","name":"Librairie 7L","description":"Librairie fond\u00e9e en 1999 par Karl Lagerfeld \u00e0 Paris","publisher":{"@id":"https:\/\/librairie7l.com\/en\/#organization"},"potentialAction":[{"@type":"SearchAction","target":{"@type":"EntryPoint","urlTemplate":"https:\/\/librairie7l.com\/en\/?s={search_term_string}"},"query-input":"required name=search_term_string"}],"inLanguage":"en-US"},{"@type":"Organization","@id":"https:\/\/librairie7l.com\/en\/#organization","name":"Librairie 7L","url":"https:\/\/librairie7l.com\/en\/","logo":{"@type":"ImageObject","inLanguage":"en-US","@id":"https:\/\/librairie7l.com\/en\/#\/schema\/logo\/image\/","url":"https:\/\/librairie7l.com\/wp-content\/uploads\/2022\/08\/logo-1.png","contentUrl":"https:\/\/librairie7l.com\/wp-content\/uploads\/2022\/08\/logo-1.png","width":227,"height":301,"caption":"Librairie 7L"},"image":{"@id":"https:\/\/librairie7l.com\/en\/#\/schema\/logo\/image\/"}}]}},"_links":{"self":[{"href":"https:\/\/librairie7l.com\/en\/wp-json\/wp\/v2\/product\/17123"}],"collection":[{"href":"https:\/\/librairie7l.com\/en\/wp-json\/wp\/v2\/product"}],"about":[{"href":"https:\/\/librairie7l.com\/en\/wp-json\/wp\/v2\/types\/product"}],"wp:featuredmedia":[{"embeddable":true,"href":"https:\/\/librairie7l.com\/en\/wp-json\/wp\/v2\/media\/17121"}],"wp:attachment":[{"href":"https:\/\/librairie7l.com\/en\/wp-json\/wp\/v2\/media?parent=17123"}],"wp:term":[{"taxonomy":"product_cat","embeddable":true,"href":"https:\/\/librairie7l.com\/en\/wp-json\/wp\/v2\/product_cat?post=17123"},{"taxonomy":"product_tag","embeddable":true,"href":"https:\/\/librairie7l.com\/en\/wp-json\/wp\/v2\/product_tag?post=17123"}],"curies":[{"name":"wp","href":"https:\/\/api.w.org\/{rel}","templated":true}]}}