{"id":17127,"date":"2023-05-09T17:26:47","date_gmt":"2023-05-09T15:26:47","guid":{"rendered":"https:\/\/librairie7l.com\/?post_type=product&#038;p=17127"},"modified":"2026-04-05T09:57:14","modified_gmt":"2026-04-05T07:57:14","slug":"bettina","status":"publish","type":"product","link":"https:\/\/librairie7l.com\/en\/produit\/bettina\/","title":{"rendered":"BETTINA"},"content":{"rendered":"<p>Artiste mythique du New York des ann\u00e9es 1960, Bettina Grossman (1928-2021) a d\u00e9velopp\u00e9 pendant plus de soixante ans une oeuvre prolifique passant de la photographie, \u00e0 la sculpture, du cin\u00e9ma au dessin.<br \/>\n Cet ouvrage est le premier qui pr\u00e9sente son exceptionnel travail photographique, nourri de la pratique d&#8217;une sculpture concep-tuelle. Personnalit\u00e9 excentrique totalement d\u00e9di\u00e9e \u00e0 son art, Bettina r\u00e9side \u00e0 partir de 1968 au c\u00e9l\u00e8bre Chelsea Hotel, suite \u00e0 l&#8217;incendie de son atelier dans lequel elle perd toutes ses archives. Vivant telle une recluse dans cette communaut\u00e9 d&#8217;artistes, qui a vu passer aussi bien Jack Kerouac que Sid Vicious. Dans ce bouillon culturel, elle produit et accumule dans son minuscule studio une oeuvre consid\u00e9rable et majeure qui s&#8217;inscrit pleinement dans la grande histoire des avant-gardes artistiques du xxe si\u00e8cle.<\/p>\n<p>Ses recherches sur la forme, qu&#8217;elle soit graphique, sculpturale ou photographique, la conduisent \u00e0 exp\u00e9rimenter, questionner, l&#8217;id\u00e9e m\u00eame de processus artistique. Durant des ann\u00e9es, images, dessins, modelages, \u00e9laborent une oeuvre singuli\u00e8re qui reconsid\u00e8re en permanence l&#8217;id\u00e9e d&#8217;oeuvre d&#8217;art. Ses pi\u00e8ces sont suspendues dans l&#8217;atelier, accroch\u00e9es aux murs, pos\u00e9es \u00e0 m\u00eame le sol : elles envahissent l&#8217;espace dans un continuum menant au vertige, le geste artistique se fait exp\u00e9rience physique et visuelle. Aux confins de l&#8217;abstraction, Bettina manipule, tord, \u00e9tale, \u00e9tire mati\u00e8re, lumi\u00e8re et ombre. Sa pratique s\u00e9rielle &#8211; sujet majeur des arts con-temporains &#8211; donne \u00e0 voir un univers hypnotique et d&#8217;une grande puissance visuelle, pr\u00e9sent\u00e9 ici pour la premi\u00e8re fois.<\/p>\n","protected":false},"excerpt":{"rendered":"<p>Artiste mythique du New York des ann\u00e9es 1960, Bettina Grossman (1928-2021) a d\u00e9velopp\u00e9 pendant plus de soixante ans une oeuvre prolifique passant de la photographie, \u00e0 la sculpture, du cin\u00e9ma au dessin. Cet ouvrage est le premier qui pr\u00e9sente son exceptionnel travail photographique, nourri de la pratique d&#8217;une sculpture concep-tuelle. Personnalit\u00e9 excentrique totalement d\u00e9di\u00e9e \u00e0 [&hellip;]<\/p>\n","protected":false},"featured_media":17125,"template":"","meta":[],"product_cat":[55,2948,47,2953],"product_tag":[],"acf":[],"yoast_head":"<!-- This site is optimized with the Yoast SEO plugin v20.11 - https:\/\/yoast.com\/wordpress\/plugins\/seo\/ -->\n<title>BETTINA - Librairie 7L<\/title>\n<meta name=\"robots\" content=\"index, follow, max-snippet:-1, max-image-preview:large, max-video-preview:-1\" \/>\n<link rel=\"canonical\" href=\"https:\/\/librairie7l.com\/en\/produit\/bettina\/\" \/>\n<meta property=\"og:locale\" content=\"en_US\" \/>\n<meta property=\"og:type\" content=\"article\" \/>\n<meta property=\"og:title\" content=\"BETTINA - Librairie 7L\" \/>\n<meta property=\"og:description\" content=\"Artiste mythique du New York des ann\u00e9es 1960, Bettina Grossman (1928-2021) a d\u00e9velopp\u00e9 pendant plus de soixante ans une oeuvre prolifique passant de la photographie, \u00e0 la sculpture, du cin\u00e9ma au dessin. Cet ouvrage est le premier qui pr\u00e9sente son exceptionnel travail photographique, nourri de la pratique d&#8217;une sculpture concep-tuelle. Personnalit\u00e9 excentrique totalement d\u00e9di\u00e9e \u00e0 [&hellip;]\" \/>\n<meta property=\"og:url\" content=\"https:\/\/librairie7l.com\/en\/produit\/bettina\/\" \/>\n<meta property=\"og:site_name\" content=\"Librairie 7L\" \/>\n<meta property=\"article:modified_time\" content=\"2026-04-05T07:57:14+00:00\" \/>\n<meta property=\"og:image\" content=\"https:\/\/librairie7l.com\/wp-content\/uploads\/2022\/06\/9782365112963_1_75.jpg\" \/>\n\t<meta property=\"og:image:width\" content=\"400\" \/>\n\t<meta property=\"og:image:height\" content=\"528\" \/>\n\t<meta property=\"og:image:type\" content=\"image\/jpeg\" \/>\n<meta name=\"twitter:card\" content=\"summary_large_image\" \/>\n<meta name=\"twitter:label1\" content=\"Est. reading time\" \/>\n\t<meta name=\"twitter:data1\" content=\"1 minute\" \/>\n<script type=\"application\/ld+json\" class=\"yoast-schema-graph\">{\"@context\":\"https:\/\/schema.org\",\"@graph\":[{\"@type\":\"WebPage\",\"@id\":\"https:\/\/librairie7l.com\/en\/produit\/bettina\/\",\"url\":\"https:\/\/librairie7l.com\/en\/produit\/bettina\/\",\"name\":\"BETTINA - Librairie 7L\",\"isPartOf\":{\"@id\":\"https:\/\/librairie7l.com\/en\/#website\"},\"datePublished\":\"2023-05-09T15:26:47+00:00\",\"dateModified\":\"2026-04-05T07:57:14+00:00\",\"breadcrumb\":{\"@id\":\"https:\/\/librairie7l.com\/en\/produit\/bettina\/#breadcrumb\"},\"inLanguage\":\"en-US\",\"potentialAction\":[{\"@type\":\"ReadAction\",\"target\":[\"https:\/\/librairie7l.com\/en\/produit\/bettina\/\"]}]},{\"@type\":\"BreadcrumbList\",\"@id\":\"https:\/\/librairie7l.com\/en\/produit\/bettina\/#breadcrumb\",\"itemListElement\":[{\"@type\":\"ListItem\",\"position\":1,\"name\":\"Accueil\",\"item\":\"https:\/\/librairie7l.com\/en\/\"},{\"@type\":\"ListItem\",\"position\":2,\"name\":\"Shop\",\"item\":\"https:\/\/librairie7l.com\/en\/shop\/\"},{\"@type\":\"ListItem\",\"position\":3,\"name\":\"BETTINA\"}]},{\"@type\":\"WebSite\",\"@id\":\"https:\/\/librairie7l.com\/en\/#website\",\"url\":\"https:\/\/librairie7l.com\/en\/\",\"name\":\"Librairie 7L\",\"description\":\"Librairie fond\u00e9e en 1999 par Karl Lagerfeld \u00e0 Paris\",\"publisher\":{\"@id\":\"https:\/\/librairie7l.com\/en\/#organization\"},\"potentialAction\":[{\"@type\":\"SearchAction\",\"target\":{\"@type\":\"EntryPoint\",\"urlTemplate\":\"https:\/\/librairie7l.com\/en\/?s={search_term_string}\"},\"query-input\":\"required name=search_term_string\"}],\"inLanguage\":\"en-US\"},{\"@type\":\"Organization\",\"@id\":\"https:\/\/librairie7l.com\/en\/#organization\",\"name\":\"Librairie 7L\",\"url\":\"https:\/\/librairie7l.com\/en\/\",\"logo\":{\"@type\":\"ImageObject\",\"inLanguage\":\"en-US\",\"@id\":\"https:\/\/librairie7l.com\/en\/#\/schema\/logo\/image\/\",\"url\":\"https:\/\/librairie7l.com\/wp-content\/uploads\/2022\/08\/logo-1.png\",\"contentUrl\":\"https:\/\/librairie7l.com\/wp-content\/uploads\/2022\/08\/logo-1.png\",\"width\":227,\"height\":301,\"caption\":\"Librairie 7L\"},\"image\":{\"@id\":\"https:\/\/librairie7l.com\/en\/#\/schema\/logo\/image\/\"}}]}<\/script>\n<!-- \/ Yoast SEO plugin. -->","yoast_head_json":{"title":"BETTINA - Librairie 7L","robots":{"index":"index","follow":"follow","max-snippet":"max-snippet:-1","max-image-preview":"max-image-preview:large","max-video-preview":"max-video-preview:-1"},"canonical":"https:\/\/librairie7l.com\/en\/produit\/bettina\/","og_locale":"en_US","og_type":"article","og_title":"BETTINA - Librairie 7L","og_description":"Artiste mythique du New York des ann\u00e9es 1960, Bettina Grossman (1928-2021) a d\u00e9velopp\u00e9 pendant plus de soixante ans une oeuvre prolifique passant de la photographie, \u00e0 la sculpture, du cin\u00e9ma au dessin. Cet ouvrage est le premier qui pr\u00e9sente son exceptionnel travail photographique, nourri de la pratique d&#8217;une sculpture concep-tuelle. Personnalit\u00e9 excentrique totalement d\u00e9di\u00e9e \u00e0 [&hellip;]","og_url":"https:\/\/librairie7l.com\/en\/produit\/bettina\/","og_site_name":"Librairie 7L","article_modified_time":"2026-04-05T07:57:14+00:00","og_image":[{"width":400,"height":528,"url":"https:\/\/librairie7l.com\/wp-content\/uploads\/2022\/06\/9782365112963_1_75.jpg","type":"image\/jpeg"}],"twitter_card":"summary_large_image","twitter_misc":{"Est. reading time":"1 minute"},"schema":{"@context":"https:\/\/schema.org","@graph":[{"@type":"WebPage","@id":"https:\/\/librairie7l.com\/en\/produit\/bettina\/","url":"https:\/\/librairie7l.com\/en\/produit\/bettina\/","name":"BETTINA - Librairie 7L","isPartOf":{"@id":"https:\/\/librairie7l.com\/en\/#website"},"datePublished":"2023-05-09T15:26:47+00:00","dateModified":"2026-04-05T07:57:14+00:00","breadcrumb":{"@id":"https:\/\/librairie7l.com\/en\/produit\/bettina\/#breadcrumb"},"inLanguage":"en-US","potentialAction":[{"@type":"ReadAction","target":["https:\/\/librairie7l.com\/en\/produit\/bettina\/"]}]},{"@type":"BreadcrumbList","@id":"https:\/\/librairie7l.com\/en\/produit\/bettina\/#breadcrumb","itemListElement":[{"@type":"ListItem","position":1,"name":"Accueil","item":"https:\/\/librairie7l.com\/en\/"},{"@type":"ListItem","position":2,"name":"Shop","item":"https:\/\/librairie7l.com\/en\/shop\/"},{"@type":"ListItem","position":3,"name":"BETTINA"}]},{"@type":"WebSite","@id":"https:\/\/librairie7l.com\/en\/#website","url":"https:\/\/librairie7l.com\/en\/","name":"Librairie 7L","description":"Librairie fond\u00e9e en 1999 par Karl Lagerfeld \u00e0 Paris","publisher":{"@id":"https:\/\/librairie7l.com\/en\/#organization"},"potentialAction":[{"@type":"SearchAction","target":{"@type":"EntryPoint","urlTemplate":"https:\/\/librairie7l.com\/en\/?s={search_term_string}"},"query-input":"required name=search_term_string"}],"inLanguage":"en-US"},{"@type":"Organization","@id":"https:\/\/librairie7l.com\/en\/#organization","name":"Librairie 7L","url":"https:\/\/librairie7l.com\/en\/","logo":{"@type":"ImageObject","inLanguage":"en-US","@id":"https:\/\/librairie7l.com\/en\/#\/schema\/logo\/image\/","url":"https:\/\/librairie7l.com\/wp-content\/uploads\/2022\/08\/logo-1.png","contentUrl":"https:\/\/librairie7l.com\/wp-content\/uploads\/2022\/08\/logo-1.png","width":227,"height":301,"caption":"Librairie 7L"},"image":{"@id":"https:\/\/librairie7l.com\/en\/#\/schema\/logo\/image\/"}}]}},"_links":{"self":[{"href":"https:\/\/librairie7l.com\/en\/wp-json\/wp\/v2\/product\/17127"}],"collection":[{"href":"https:\/\/librairie7l.com\/en\/wp-json\/wp\/v2\/product"}],"about":[{"href":"https:\/\/librairie7l.com\/en\/wp-json\/wp\/v2\/types\/product"}],"wp:featuredmedia":[{"embeddable":true,"href":"https:\/\/librairie7l.com\/en\/wp-json\/wp\/v2\/media\/17125"}],"wp:attachment":[{"href":"https:\/\/librairie7l.com\/en\/wp-json\/wp\/v2\/media?parent=17127"}],"wp:term":[{"taxonomy":"product_cat","embeddable":true,"href":"https:\/\/librairie7l.com\/en\/wp-json\/wp\/v2\/product_cat?post=17127"},{"taxonomy":"product_tag","embeddable":true,"href":"https:\/\/librairie7l.com\/en\/wp-json\/wp\/v2\/product_tag?post=17127"}],"curies":[{"name":"wp","href":"https:\/\/api.w.org\/{rel}","templated":true}]}}