{"id":17147,"date":"2023-05-09T17:27:04","date_gmt":"2023-05-09T15:27:04","guid":{"rendered":"https:\/\/librairie7l.com\/?post_type=product&#038;p=17147"},"modified":"2026-04-04T19:50:32","modified_gmt":"2026-04-04T17:50:32","slug":"guide-illustre-du-japon-traditionnel-t-2-alimentation-et-fetes-saisonnieres","status":"publish","type":"product","link":"https:\/\/librairie7l.com\/en\/produit\/guide-illustre-du-japon-traditionnel-t-2-alimentation-et-fetes-saisonnieres\/","title":{"rendered":"GUIDE ILLUSTR\u00c9 DU JAPON TRADITIONNEL T.2 ; ALIMENTATION ET F\u00caTES SAISONNI\u00c8RES"},"content":{"rendered":"<p>Il s&#8217;agit du tome 2 d&#8217;un Guide illustr\u00e9 du Japon traditionnel. Le tome 1, sur l&#8217;architecture et les objets du quotidien, s&#8217;est \u00e9coul\u00e9 \u00e0 1250 ex. entre ao\u00fbt et d\u00e9cembre 2019. La qualit\u00e9 de cette s\u00e9rie r\u00e9side dans la qualit\u00e9 des illustrations et les explications \u00e0 la fois concises et tr\u00e8s recherch\u00e9es. Elle s&#8217;adresse \u00e0 la fois au grand public int\u00e9ress\u00e9 par la culture japonaise &#8211; les ouvrage sont tr\u00e8s faciles d&#8217;acc\u00e8s &#8211; et aux connaisseurs et sp\u00e9cialistes qui trouveront des \u00e9l\u00e9ments tr\u00e8s pr\u00e9cis absents d&#8217;autres publications.  Le th\u00e8me de l&#8217;alimentation japonaise devrait toucher un public plus large que celui int\u00e9ress\u00e9 par le Japon traditionnel. Il peut \u00e9galement \u00eatre plac\u00e9 dans les rayons des livres de cuisine.<\/p>\n","protected":false},"excerpt":{"rendered":"<p>Il s&#8217;agit du tome 2 d&#8217;un Guide illustr\u00e9 du Japon traditionnel. Le tome 1, sur l&#8217;architecture et les objets du quotidien, s&#8217;est \u00e9coul\u00e9 \u00e0 1250 ex. entre ao\u00fbt et d\u00e9cembre 2019. La qualit\u00e9 de cette s\u00e9rie r\u00e9side dans la qualit\u00e9 des illustrations et les explications \u00e0 la fois concises et tr\u00e8s recherch\u00e9es. Elle s&#8217;adresse \u00e0 [&hellip;]<\/p>\n","protected":false},"featured_media":17145,"template":"","meta":[],"product_cat":[55,2948,18,2952],"product_tag":[],"acf":[],"yoast_head":"<!-- This site is optimized with the Yoast SEO plugin v20.11 - https:\/\/yoast.com\/wordpress\/plugins\/seo\/ -->\n<title>GUIDE ILLUSTR\u00c9 DU JAPON TRADITIONNEL T.2 ; ALIMENTATION ET F\u00caTES SAISONNI\u00c8RES - Librairie 7L<\/title>\n<meta name=\"robots\" content=\"index, follow, max-snippet:-1, max-image-preview:large, max-video-preview:-1\" \/>\n<link rel=\"canonical\" href=\"https:\/\/librairie7l.com\/en\/produit\/guide-illustre-du-japon-traditionnel-t-2-alimentation-et-fetes-saisonnieres\/\" \/>\n<meta property=\"og:locale\" content=\"en_US\" \/>\n<meta property=\"og:type\" content=\"article\" \/>\n<meta property=\"og:title\" content=\"GUIDE ILLUSTR\u00c9 DU JAPON TRADITIONNEL T.2 ; ALIMENTATION ET F\u00caTES SAISONNI\u00c8RES - Librairie 7L\" \/>\n<meta property=\"og:description\" content=\"Il s&#8217;agit du tome 2 d&#8217;un Guide illustr\u00e9 du Japon traditionnel. Le tome 1, sur l&#8217;architecture et les objets du quotidien, s&#8217;est \u00e9coul\u00e9 \u00e0 1250 ex. entre ao\u00fbt et d\u00e9cembre 2019. La qualit\u00e9 de cette s\u00e9rie r\u00e9side dans la qualit\u00e9 des illustrations et les explications \u00e0 la fois concises et tr\u00e8s recherch\u00e9es. Elle s&#8217;adresse \u00e0 [&hellip;]\" \/>\n<meta property=\"og:url\" content=\"https:\/\/librairie7l.com\/en\/produit\/guide-illustre-du-japon-traditionnel-t-2-alimentation-et-fetes-saisonnieres\/\" \/>\n<meta property=\"og:site_name\" content=\"Librairie 7L\" \/>\n<meta property=\"article:modified_time\" content=\"2026-04-04T17:50:32+00:00\" \/>\n<meta property=\"og:image\" content=\"https:\/\/librairie7l.com\/wp-content\/uploads\/2020\/08\/9782354323264_1_75.jpg\" \/>\n\t<meta property=\"og:image:width\" content=\"600\" \/>\n\t<meta property=\"og:image:height\" content=\"900\" \/>\n\t<meta property=\"og:image:type\" content=\"image\/jpeg\" \/>\n<meta name=\"twitter:card\" content=\"summary_large_image\" \/>\n<meta name=\"twitter:label1\" content=\"Est. reading time\" \/>\n\t<meta name=\"twitter:data1\" content=\"1 minute\" \/>\n<script type=\"application\/ld+json\" class=\"yoast-schema-graph\">{\"@context\":\"https:\/\/schema.org\",\"@graph\":[{\"@type\":\"WebPage\",\"@id\":\"https:\/\/librairie7l.com\/en\/produit\/guide-illustre-du-japon-traditionnel-t-2-alimentation-et-fetes-saisonnieres\/\",\"url\":\"https:\/\/librairie7l.com\/en\/produit\/guide-illustre-du-japon-traditionnel-t-2-alimentation-et-fetes-saisonnieres\/\",\"name\":\"GUIDE ILLUSTR\u00c9 DU JAPON TRADITIONNEL T.2 ; ALIMENTATION ET F\u00caTES SAISONNI\u00c8RES - Librairie 7L\",\"isPartOf\":{\"@id\":\"https:\/\/librairie7l.com\/en\/#website\"},\"datePublished\":\"2023-05-09T15:27:04+00:00\",\"dateModified\":\"2026-04-04T17:50:32+00:00\",\"breadcrumb\":{\"@id\":\"https:\/\/librairie7l.com\/en\/produit\/guide-illustre-du-japon-traditionnel-t-2-alimentation-et-fetes-saisonnieres\/#breadcrumb\"},\"inLanguage\":\"en-US\",\"potentialAction\":[{\"@type\":\"ReadAction\",\"target\":[\"https:\/\/librairie7l.com\/en\/produit\/guide-illustre-du-japon-traditionnel-t-2-alimentation-et-fetes-saisonnieres\/\"]}]},{\"@type\":\"BreadcrumbList\",\"@id\":\"https:\/\/librairie7l.com\/en\/produit\/guide-illustre-du-japon-traditionnel-t-2-alimentation-et-fetes-saisonnieres\/#breadcrumb\",\"itemListElement\":[{\"@type\":\"ListItem\",\"position\":1,\"name\":\"Accueil\",\"item\":\"https:\/\/librairie7l.com\/en\/\"},{\"@type\":\"ListItem\",\"position\":2,\"name\":\"Shop\",\"item\":\"https:\/\/librairie7l.com\/en\/shop\/\"},{\"@type\":\"ListItem\",\"position\":3,\"name\":\"GUIDE ILLUSTR\u00c9 DU JAPON TRADITIONNEL T.2 ; ALIMENTATION ET F\u00caTES SAISONNI\u00c8RES\"}]},{\"@type\":\"WebSite\",\"@id\":\"https:\/\/librairie7l.com\/en\/#website\",\"url\":\"https:\/\/librairie7l.com\/en\/\",\"name\":\"Librairie 7L\",\"description\":\"Librairie fond\u00e9e en 1999 par Karl Lagerfeld \u00e0 Paris\",\"publisher\":{\"@id\":\"https:\/\/librairie7l.com\/en\/#organization\"},\"potentialAction\":[{\"@type\":\"SearchAction\",\"target\":{\"@type\":\"EntryPoint\",\"urlTemplate\":\"https:\/\/librairie7l.com\/en\/?s={search_term_string}\"},\"query-input\":\"required name=search_term_string\"}],\"inLanguage\":\"en-US\"},{\"@type\":\"Organization\",\"@id\":\"https:\/\/librairie7l.com\/en\/#organization\",\"name\":\"Librairie 7L\",\"url\":\"https:\/\/librairie7l.com\/en\/\",\"logo\":{\"@type\":\"ImageObject\",\"inLanguage\":\"en-US\",\"@id\":\"https:\/\/librairie7l.com\/en\/#\/schema\/logo\/image\/\",\"url\":\"https:\/\/librairie7l.com\/wp-content\/uploads\/2022\/08\/logo-1.png\",\"contentUrl\":\"https:\/\/librairie7l.com\/wp-content\/uploads\/2022\/08\/logo-1.png\",\"width\":227,\"height\":301,\"caption\":\"Librairie 7L\"},\"image\":{\"@id\":\"https:\/\/librairie7l.com\/en\/#\/schema\/logo\/image\/\"}}]}<\/script>\n<!-- \/ Yoast SEO plugin. -->","yoast_head_json":{"title":"GUIDE ILLUSTR\u00c9 DU JAPON TRADITIONNEL T.2 ; ALIMENTATION ET F\u00caTES SAISONNI\u00c8RES - Librairie 7L","robots":{"index":"index","follow":"follow","max-snippet":"max-snippet:-1","max-image-preview":"max-image-preview:large","max-video-preview":"max-video-preview:-1"},"canonical":"https:\/\/librairie7l.com\/en\/produit\/guide-illustre-du-japon-traditionnel-t-2-alimentation-et-fetes-saisonnieres\/","og_locale":"en_US","og_type":"article","og_title":"GUIDE ILLUSTR\u00c9 DU JAPON TRADITIONNEL T.2 ; ALIMENTATION ET F\u00caTES SAISONNI\u00c8RES - Librairie 7L","og_description":"Il s&#8217;agit du tome 2 d&#8217;un Guide illustr\u00e9 du Japon traditionnel. Le tome 1, sur l&#8217;architecture et les objets du quotidien, s&#8217;est \u00e9coul\u00e9 \u00e0 1250 ex. entre ao\u00fbt et d\u00e9cembre 2019. La qualit\u00e9 de cette s\u00e9rie r\u00e9side dans la qualit\u00e9 des illustrations et les explications \u00e0 la fois concises et tr\u00e8s recherch\u00e9es. Elle s&#8217;adresse \u00e0 [&hellip;]","og_url":"https:\/\/librairie7l.com\/en\/produit\/guide-illustre-du-japon-traditionnel-t-2-alimentation-et-fetes-saisonnieres\/","og_site_name":"Librairie 7L","article_modified_time":"2026-04-04T17:50:32+00:00","og_image":[{"width":600,"height":900,"url":"https:\/\/librairie7l.com\/wp-content\/uploads\/2020\/08\/9782354323264_1_75.jpg","type":"image\/jpeg"}],"twitter_card":"summary_large_image","twitter_misc":{"Est. reading time":"1 minute"},"schema":{"@context":"https:\/\/schema.org","@graph":[{"@type":"WebPage","@id":"https:\/\/librairie7l.com\/en\/produit\/guide-illustre-du-japon-traditionnel-t-2-alimentation-et-fetes-saisonnieres\/","url":"https:\/\/librairie7l.com\/en\/produit\/guide-illustre-du-japon-traditionnel-t-2-alimentation-et-fetes-saisonnieres\/","name":"GUIDE ILLUSTR\u00c9 DU JAPON TRADITIONNEL T.2 ; ALIMENTATION ET F\u00caTES SAISONNI\u00c8RES - Librairie 7L","isPartOf":{"@id":"https:\/\/librairie7l.com\/en\/#website"},"datePublished":"2023-05-09T15:27:04+00:00","dateModified":"2026-04-04T17:50:32+00:00","breadcrumb":{"@id":"https:\/\/librairie7l.com\/en\/produit\/guide-illustre-du-japon-traditionnel-t-2-alimentation-et-fetes-saisonnieres\/#breadcrumb"},"inLanguage":"en-US","potentialAction":[{"@type":"ReadAction","target":["https:\/\/librairie7l.com\/en\/produit\/guide-illustre-du-japon-traditionnel-t-2-alimentation-et-fetes-saisonnieres\/"]}]},{"@type":"BreadcrumbList","@id":"https:\/\/librairie7l.com\/en\/produit\/guide-illustre-du-japon-traditionnel-t-2-alimentation-et-fetes-saisonnieres\/#breadcrumb","itemListElement":[{"@type":"ListItem","position":1,"name":"Accueil","item":"https:\/\/librairie7l.com\/en\/"},{"@type":"ListItem","position":2,"name":"Shop","item":"https:\/\/librairie7l.com\/en\/shop\/"},{"@type":"ListItem","position":3,"name":"GUIDE ILLUSTR\u00c9 DU JAPON TRADITIONNEL T.2 ; ALIMENTATION ET F\u00caTES SAISONNI\u00c8RES"}]},{"@type":"WebSite","@id":"https:\/\/librairie7l.com\/en\/#website","url":"https:\/\/librairie7l.com\/en\/","name":"Librairie 7L","description":"Librairie fond\u00e9e en 1999 par Karl Lagerfeld \u00e0 Paris","publisher":{"@id":"https:\/\/librairie7l.com\/en\/#organization"},"potentialAction":[{"@type":"SearchAction","target":{"@type":"EntryPoint","urlTemplate":"https:\/\/librairie7l.com\/en\/?s={search_term_string}"},"query-input":"required name=search_term_string"}],"inLanguage":"en-US"},{"@type":"Organization","@id":"https:\/\/librairie7l.com\/en\/#organization","name":"Librairie 7L","url":"https:\/\/librairie7l.com\/en\/","logo":{"@type":"ImageObject","inLanguage":"en-US","@id":"https:\/\/librairie7l.com\/en\/#\/schema\/logo\/image\/","url":"https:\/\/librairie7l.com\/wp-content\/uploads\/2022\/08\/logo-1.png","contentUrl":"https:\/\/librairie7l.com\/wp-content\/uploads\/2022\/08\/logo-1.png","width":227,"height":301,"caption":"Librairie 7L"},"image":{"@id":"https:\/\/librairie7l.com\/en\/#\/schema\/logo\/image\/"}}]}},"_links":{"self":[{"href":"https:\/\/librairie7l.com\/en\/wp-json\/wp\/v2\/product\/17147"}],"collection":[{"href":"https:\/\/librairie7l.com\/en\/wp-json\/wp\/v2\/product"}],"about":[{"href":"https:\/\/librairie7l.com\/en\/wp-json\/wp\/v2\/types\/product"}],"wp:featuredmedia":[{"embeddable":true,"href":"https:\/\/librairie7l.com\/en\/wp-json\/wp\/v2\/media\/17145"}],"wp:attachment":[{"href":"https:\/\/librairie7l.com\/en\/wp-json\/wp\/v2\/media?parent=17147"}],"wp:term":[{"taxonomy":"product_cat","embeddable":true,"href":"https:\/\/librairie7l.com\/en\/wp-json\/wp\/v2\/product_cat?post=17147"},{"taxonomy":"product_tag","embeddable":true,"href":"https:\/\/librairie7l.com\/en\/wp-json\/wp\/v2\/product_tag?post=17147"}],"curies":[{"name":"wp","href":"https:\/\/api.w.org\/{rel}","templated":true}]}}