{"id":17159,"date":"2023-05-09T17:27:15","date_gmt":"2023-05-09T15:27:15","guid":{"rendered":"https:\/\/librairie7l.com\/?post_type=product&#038;p=17159"},"modified":"2026-05-02T08:12:11","modified_gmt":"2026-05-02T06:12:11","slug":"versailles-au-feminin","status":"publish","type":"product","link":"https:\/\/librairie7l.com\/en\/produit\/versailles-au-feminin\/","title":{"rendered":"VERSAILLES AU F\u00c9MININ"},"content":{"rendered":"<p>Entre apparat, \u00e9tiquette, f\u00eates grandioses et vie quotidienne, repr\u00e9sentation et intimit\u00e9, travail, service, menues intrigues et grande politique, quel Versailles les femmes ont-elles connu pendant plus de trois si\u00e8cles ?<br \/>\nCe guide propose de les suivre \u00e0 travers le ch\u00e2teau et le domaine : de Marie-Th\u00e9r\u00e8se d&#8217;Autriche, \u00e9pouse effac\u00e9e de Louis XIV, aux influentes ma\u00eetresses du roi, de l&#8217;espi\u00e8glerie de la jeune Marie-Ad\u00e9la\u00efde de Savoie \u00e0 la pond\u00e9ration souveraine de Marie Leszczynska, des huit filles de cette derni\u00e8re &#8211; les irr\u00e9ductibles Mesdames &#8211; jusqu&#8217;\u00e0 Marie-Antoinette, dauphine puis reine, sans oublier, autant que faire se peut, les amies, les surintendantes, les dames d&#8217;honneur, d&#8217;atours et du palais, les marchandes et les artistes. \u00c0 travers ces personnages, tant\u00f4t dans l&#8217;ombre, tant\u00f4t en pleine lumi\u00e8re, gr\u00e2ce aux portraits, aux d\u00e9cors et aux objets, le lecteur est entra\u00een\u00e9 \u00e0 la d\u00e9couverte d&#8217;un autre Versailles, hors des sentiers battus.<br \/>\nCet ouvrage, m\u00ealant oeuvres d&#8217;\u00e9poque et vues contemporaines, est scand\u00e9 de points th\u00e9matiques permettant d&#8217;\u00e9clairer une personnalit\u00e9, de mettre l&#8217;accent sur un fait particulier, ou d&#8217;entrevoir l&#8217;aspect inattendu d&#8217;un lieu charg\u00e9 d&#8217;histoire(s).<\/p>\n","protected":false},"excerpt":{"rendered":"<p>Entre apparat, \u00e9tiquette, f\u00eates grandioses et vie quotidienne, repr\u00e9sentation et intimit\u00e9, travail, service, menues intrigues et grande politique, quel Versailles les femmes ont-elles connu pendant plus de trois si\u00e8cles ? Ce guide propose de les suivre \u00e0 travers le ch\u00e2teau et le domaine : de Marie-Th\u00e9r\u00e8se d&#8217;Autriche, \u00e9pouse effac\u00e9e de Louis XIV, aux influentes ma\u00eetresses [&hellip;]<\/p>\n","protected":false},"featured_media":17157,"template":"","meta":[],"product_cat":[55,2948,18,2952],"product_tag":[],"acf":[],"yoast_head":"<!-- This site is optimized with the Yoast SEO plugin v20.11 - https:\/\/yoast.com\/wordpress\/plugins\/seo\/ -->\n<title>VERSAILLES AU F\u00c9MININ - Librairie 7L<\/title>\n<meta name=\"robots\" content=\"index, follow, max-snippet:-1, max-image-preview:large, max-video-preview:-1\" \/>\n<link rel=\"canonical\" href=\"https:\/\/librairie7l.com\/en\/produit\/versailles-au-feminin\/\" \/>\n<meta property=\"og:locale\" content=\"en_US\" \/>\n<meta property=\"og:type\" content=\"article\" \/>\n<meta property=\"og:title\" content=\"VERSAILLES AU F\u00c9MININ - Librairie 7L\" \/>\n<meta property=\"og:description\" content=\"Entre apparat, \u00e9tiquette, f\u00eates grandioses et vie quotidienne, repr\u00e9sentation et intimit\u00e9, travail, service, menues intrigues et grande politique, quel Versailles les femmes ont-elles connu pendant plus de trois si\u00e8cles ? Ce guide propose de les suivre \u00e0 travers le ch\u00e2teau et le domaine : de Marie-Th\u00e9r\u00e8se d&#8217;Autriche, \u00e9pouse effac\u00e9e de Louis XIV, aux influentes ma\u00eetresses [&hellip;]\" \/>\n<meta property=\"og:url\" content=\"https:\/\/librairie7l.com\/en\/produit\/versailles-au-feminin\/\" \/>\n<meta property=\"og:site_name\" content=\"Librairie 7L\" \/>\n<meta property=\"article:modified_time\" content=\"2026-05-02T06:12:11+00:00\" \/>\n<meta property=\"og:image\" content=\"https:\/\/librairie7l.com\/wp-content\/uploads\/2022\/11\/9782711874781_1_75.jpg\" \/>\n\t<meta property=\"og:image:width\" content=\"600\" \/>\n\t<meta property=\"og:image:height\" content=\"903\" \/>\n\t<meta property=\"og:image:type\" content=\"image\/jpeg\" \/>\n<meta name=\"twitter:card\" content=\"summary_large_image\" \/>\n<meta name=\"twitter:label1\" content=\"Est. reading time\" \/>\n\t<meta name=\"twitter:data1\" content=\"1 minute\" \/>\n<script type=\"application\/ld+json\" class=\"yoast-schema-graph\">{\"@context\":\"https:\/\/schema.org\",\"@graph\":[{\"@type\":\"WebPage\",\"@id\":\"https:\/\/librairie7l.com\/en\/produit\/versailles-au-feminin\/\",\"url\":\"https:\/\/librairie7l.com\/en\/produit\/versailles-au-feminin\/\",\"name\":\"VERSAILLES AU F\u00c9MININ - Librairie 7L\",\"isPartOf\":{\"@id\":\"https:\/\/librairie7l.com\/en\/#website\"},\"datePublished\":\"2023-05-09T15:27:15+00:00\",\"dateModified\":\"2026-05-02T06:12:11+00:00\",\"breadcrumb\":{\"@id\":\"https:\/\/librairie7l.com\/en\/produit\/versailles-au-feminin\/#breadcrumb\"},\"inLanguage\":\"en-US\",\"potentialAction\":[{\"@type\":\"ReadAction\",\"target\":[\"https:\/\/librairie7l.com\/en\/produit\/versailles-au-feminin\/\"]}]},{\"@type\":\"BreadcrumbList\",\"@id\":\"https:\/\/librairie7l.com\/en\/produit\/versailles-au-feminin\/#breadcrumb\",\"itemListElement\":[{\"@type\":\"ListItem\",\"position\":1,\"name\":\"Accueil\",\"item\":\"https:\/\/librairie7l.com\/en\/\"},{\"@type\":\"ListItem\",\"position\":2,\"name\":\"Shop\",\"item\":\"https:\/\/librairie7l.com\/en\/shop\/\"},{\"@type\":\"ListItem\",\"position\":3,\"name\":\"VERSAILLES AU F\u00c9MININ\"}]},{\"@type\":\"WebSite\",\"@id\":\"https:\/\/librairie7l.com\/en\/#website\",\"url\":\"https:\/\/librairie7l.com\/en\/\",\"name\":\"Librairie 7L\",\"description\":\"Librairie fond\u00e9e en 1999 par Karl Lagerfeld \u00e0 Paris\",\"publisher\":{\"@id\":\"https:\/\/librairie7l.com\/en\/#organization\"},\"potentialAction\":[{\"@type\":\"SearchAction\",\"target\":{\"@type\":\"EntryPoint\",\"urlTemplate\":\"https:\/\/librairie7l.com\/en\/?s={search_term_string}\"},\"query-input\":\"required name=search_term_string\"}],\"inLanguage\":\"en-US\"},{\"@type\":\"Organization\",\"@id\":\"https:\/\/librairie7l.com\/en\/#organization\",\"name\":\"Librairie 7L\",\"url\":\"https:\/\/librairie7l.com\/en\/\",\"logo\":{\"@type\":\"ImageObject\",\"inLanguage\":\"en-US\",\"@id\":\"https:\/\/librairie7l.com\/en\/#\/schema\/logo\/image\/\",\"url\":\"https:\/\/librairie7l.com\/wp-content\/uploads\/2022\/08\/logo-1.png\",\"contentUrl\":\"https:\/\/librairie7l.com\/wp-content\/uploads\/2022\/08\/logo-1.png\",\"width\":227,\"height\":301,\"caption\":\"Librairie 7L\"},\"image\":{\"@id\":\"https:\/\/librairie7l.com\/en\/#\/schema\/logo\/image\/\"}}]}<\/script>\n<!-- \/ Yoast SEO plugin. -->","yoast_head_json":{"title":"VERSAILLES AU F\u00c9MININ - Librairie 7L","robots":{"index":"index","follow":"follow","max-snippet":"max-snippet:-1","max-image-preview":"max-image-preview:large","max-video-preview":"max-video-preview:-1"},"canonical":"https:\/\/librairie7l.com\/en\/produit\/versailles-au-feminin\/","og_locale":"en_US","og_type":"article","og_title":"VERSAILLES AU F\u00c9MININ - Librairie 7L","og_description":"Entre apparat, \u00e9tiquette, f\u00eates grandioses et vie quotidienne, repr\u00e9sentation et intimit\u00e9, travail, service, menues intrigues et grande politique, quel Versailles les femmes ont-elles connu pendant plus de trois si\u00e8cles ? Ce guide propose de les suivre \u00e0 travers le ch\u00e2teau et le domaine : de Marie-Th\u00e9r\u00e8se d&#8217;Autriche, \u00e9pouse effac\u00e9e de Louis XIV, aux influentes ma\u00eetresses [&hellip;]","og_url":"https:\/\/librairie7l.com\/en\/produit\/versailles-au-feminin\/","og_site_name":"Librairie 7L","article_modified_time":"2026-05-02T06:12:11+00:00","og_image":[{"width":600,"height":903,"url":"https:\/\/librairie7l.com\/wp-content\/uploads\/2022\/11\/9782711874781_1_75.jpg","type":"image\/jpeg"}],"twitter_card":"summary_large_image","twitter_misc":{"Est. reading time":"1 minute"},"schema":{"@context":"https:\/\/schema.org","@graph":[{"@type":"WebPage","@id":"https:\/\/librairie7l.com\/en\/produit\/versailles-au-feminin\/","url":"https:\/\/librairie7l.com\/en\/produit\/versailles-au-feminin\/","name":"VERSAILLES AU F\u00c9MININ - Librairie 7L","isPartOf":{"@id":"https:\/\/librairie7l.com\/en\/#website"},"datePublished":"2023-05-09T15:27:15+00:00","dateModified":"2026-05-02T06:12:11+00:00","breadcrumb":{"@id":"https:\/\/librairie7l.com\/en\/produit\/versailles-au-feminin\/#breadcrumb"},"inLanguage":"en-US","potentialAction":[{"@type":"ReadAction","target":["https:\/\/librairie7l.com\/en\/produit\/versailles-au-feminin\/"]}]},{"@type":"BreadcrumbList","@id":"https:\/\/librairie7l.com\/en\/produit\/versailles-au-feminin\/#breadcrumb","itemListElement":[{"@type":"ListItem","position":1,"name":"Accueil","item":"https:\/\/librairie7l.com\/en\/"},{"@type":"ListItem","position":2,"name":"Shop","item":"https:\/\/librairie7l.com\/en\/shop\/"},{"@type":"ListItem","position":3,"name":"VERSAILLES AU F\u00c9MININ"}]},{"@type":"WebSite","@id":"https:\/\/librairie7l.com\/en\/#website","url":"https:\/\/librairie7l.com\/en\/","name":"Librairie 7L","description":"Librairie fond\u00e9e en 1999 par Karl Lagerfeld \u00e0 Paris","publisher":{"@id":"https:\/\/librairie7l.com\/en\/#organization"},"potentialAction":[{"@type":"SearchAction","target":{"@type":"EntryPoint","urlTemplate":"https:\/\/librairie7l.com\/en\/?s={search_term_string}"},"query-input":"required name=search_term_string"}],"inLanguage":"en-US"},{"@type":"Organization","@id":"https:\/\/librairie7l.com\/en\/#organization","name":"Librairie 7L","url":"https:\/\/librairie7l.com\/en\/","logo":{"@type":"ImageObject","inLanguage":"en-US","@id":"https:\/\/librairie7l.com\/en\/#\/schema\/logo\/image\/","url":"https:\/\/librairie7l.com\/wp-content\/uploads\/2022\/08\/logo-1.png","contentUrl":"https:\/\/librairie7l.com\/wp-content\/uploads\/2022\/08\/logo-1.png","width":227,"height":301,"caption":"Librairie 7L"},"image":{"@id":"https:\/\/librairie7l.com\/en\/#\/schema\/logo\/image\/"}}]}},"_links":{"self":[{"href":"https:\/\/librairie7l.com\/en\/wp-json\/wp\/v2\/product\/17159"}],"collection":[{"href":"https:\/\/librairie7l.com\/en\/wp-json\/wp\/v2\/product"}],"about":[{"href":"https:\/\/librairie7l.com\/en\/wp-json\/wp\/v2\/types\/product"}],"wp:featuredmedia":[{"embeddable":true,"href":"https:\/\/librairie7l.com\/en\/wp-json\/wp\/v2\/media\/17157"}],"wp:attachment":[{"href":"https:\/\/librairie7l.com\/en\/wp-json\/wp\/v2\/media?parent=17159"}],"wp:term":[{"taxonomy":"product_cat","embeddable":true,"href":"https:\/\/librairie7l.com\/en\/wp-json\/wp\/v2\/product_cat?post=17159"},{"taxonomy":"product_tag","embeddable":true,"href":"https:\/\/librairie7l.com\/en\/wp-json\/wp\/v2\/product_tag?post=17159"}],"curies":[{"name":"wp","href":"https:\/\/api.w.org\/{rel}","templated":true}]}}