{"id":17167,"date":"2023-05-09T17:27:22","date_gmt":"2023-05-09T15:27:22","guid":{"rendered":"https:\/\/librairie7l.com\/?post_type=product&#038;p=17167"},"modified":"2026-04-19T16:42:14","modified_gmt":"2026-04-19T14:42:14","slug":"wabi-sabi-a-lusage-des-artistes-designers-poetes-et-philosophes","status":"publish","type":"product","link":"https:\/\/librairie7l.com\/en\/produit\/wabi-sabi-a-lusage-des-artistes-designers-poetes-et-philosophes\/","title":{"rendered":"WABI SABI \u00c0 L&#8217;USAGE DES ARTISTES, DESIGNERS, PO\u00c8TES ET PHILOSOPHES"},"content":{"rendered":"<p>Wabi sabi est la quintescence de l&#8217;esth\u00e9tique japonaise : \u00ab Wabi sabi est la beaut\u00e9 des choses imparfaites, impermanentes et incompl\u00e8tes, c&#8217;est la beaut\u00e9 des choses modestes et humbles, c&#8217;est la beaut\u00e9 des choses atypiques \u00bb. Dans ce court ouvrage, l&#8217;auteur pr\u00e9sente une synth\u00e8se \u00e9blouissante sur ce qui est si difficilement exprimable. D\u00e9velopp\u00e9 par les ma\u00eetres japonais du th\u00e9, qui faisaient appel aux divers arts traditionnels, art floral, calligraphie, architecture, poterie, jardin, la notion de wabi sabi renvoie \u00e0 l&#8217;\u00e2me profonde du Japon impr\u00e9gn\u00e9 de shinto\u00efsme et de bouddhisme zen.<br \/>\nCet ouvrage nous fait go\u00fbter la saveur du wabi sabi \u00e0 la fois par son texte, mais \u00e9galement par les photos, la qualit\u00e9 du papier et la maquette. Il comporte \u00e9galement une mise en perspective passionnante du wabi sabi et de l&#8217;esth\u00e9tique moderniste.<br \/>\nL&#8217;ouvrage paru en 1994 aux USA dans une maison d&#8217;\u00e9dition confidentielle est devenu un livre culte vendu \u00e0 plus de 100 000 ex. Il est toujours class\u00e9 dans les meilleures ventes d&#8217;ouvrages sur l&#8217;esth\u00e9tisme chez Amazon. \u00ab Un livre d&#8217;une profondeur stup\u00e9fiante. certaines de ses formules, mises en perspective et r\u00e9flexions sont d\u00e9finitives \u00bb (www.tropiques-japonaises). Il se distingue par sa qualit\u00e9, sa subtilit\u00e9 et sa simplicit\u00e9 des autres ouvrages sur le sujet.<\/p>\n","protected":false},"excerpt":{"rendered":"<p>Wabi sabi est la quintescence de l&#8217;esth\u00e9tique japonaise : \u00ab Wabi sabi est la beaut\u00e9 des choses imparfaites, impermanentes et incompl\u00e8tes, c&#8217;est la beaut\u00e9 des choses modestes et humbles, c&#8217;est la beaut\u00e9 des choses atypiques \u00bb. Dans ce court ouvrage, l&#8217;auteur pr\u00e9sente une synth\u00e8se \u00e9blouissante sur ce qui est si difficilement exprimable. D\u00e9velopp\u00e9 par les [&hellip;]<\/p>\n","protected":false},"featured_media":17165,"template":"","meta":[],"product_cat":[55,2948,47,2953],"product_tag":[],"acf":[],"yoast_head":"<!-- This site is optimized with the Yoast SEO plugin v20.11 - https:\/\/yoast.com\/wordpress\/plugins\/seo\/ -->\n<title>WABI SABI \u00c0 L&#039;USAGE DES ARTISTES, DESIGNERS, PO\u00c8TES ET PHILOSOPHES - Librairie 7L<\/title>\n<meta name=\"robots\" content=\"index, follow, max-snippet:-1, max-image-preview:large, max-video-preview:-1\" \/>\n<link rel=\"canonical\" href=\"https:\/\/librairie7l.com\/en\/produit\/wabi-sabi-a-lusage-des-artistes-designers-poetes-et-philosophes\/\" \/>\n<meta property=\"og:locale\" content=\"en_US\" \/>\n<meta property=\"og:type\" content=\"article\" \/>\n<meta property=\"og:title\" content=\"WABI SABI \u00c0 L&#039;USAGE DES ARTISTES, DESIGNERS, PO\u00c8TES ET PHILOSOPHES - Librairie 7L\" \/>\n<meta property=\"og:description\" content=\"Wabi sabi est la quintescence de l&#8217;esth\u00e9tique japonaise : \u00ab Wabi sabi est la beaut\u00e9 des choses imparfaites, impermanentes et incompl\u00e8tes, c&#8217;est la beaut\u00e9 des choses modestes et humbles, c&#8217;est la beaut\u00e9 des choses atypiques \u00bb. Dans ce court ouvrage, l&#8217;auteur pr\u00e9sente une synth\u00e8se \u00e9blouissante sur ce qui est si difficilement exprimable. D\u00e9velopp\u00e9 par les [&hellip;]\" \/>\n<meta property=\"og:url\" content=\"https:\/\/librairie7l.com\/en\/produit\/wabi-sabi-a-lusage-des-artistes-designers-poetes-et-philosophes\/\" \/>\n<meta property=\"og:site_name\" content=\"Librairie 7L\" \/>\n<meta property=\"article:modified_time\" content=\"2026-04-19T14:42:14+00:00\" \/>\n<meta property=\"og:image\" content=\"https:\/\/librairie7l.com\/wp-content\/uploads\/2015\/11\/9782354323004_1_75.jpg\" \/>\n\t<meta property=\"og:image:width\" content=\"154\" \/>\n\t<meta property=\"og:image:height\" content=\"173\" \/>\n\t<meta property=\"og:image:type\" content=\"image\/jpeg\" \/>\n<meta name=\"twitter:card\" content=\"summary_large_image\" \/>\n<meta name=\"twitter:label1\" content=\"Est. reading time\" \/>\n\t<meta name=\"twitter:data1\" content=\"1 minute\" \/>\n<script type=\"application\/ld+json\" class=\"yoast-schema-graph\">{\"@context\":\"https:\/\/schema.org\",\"@graph\":[{\"@type\":\"WebPage\",\"@id\":\"https:\/\/librairie7l.com\/en\/produit\/wabi-sabi-a-lusage-des-artistes-designers-poetes-et-philosophes\/\",\"url\":\"https:\/\/librairie7l.com\/en\/produit\/wabi-sabi-a-lusage-des-artistes-designers-poetes-et-philosophes\/\",\"name\":\"WABI SABI \u00c0 L'USAGE DES ARTISTES, DESIGNERS, PO\u00c8TES ET PHILOSOPHES - Librairie 7L\",\"isPartOf\":{\"@id\":\"https:\/\/librairie7l.com\/en\/#website\"},\"datePublished\":\"2023-05-09T15:27:22+00:00\",\"dateModified\":\"2026-04-19T14:42:14+00:00\",\"breadcrumb\":{\"@id\":\"https:\/\/librairie7l.com\/en\/produit\/wabi-sabi-a-lusage-des-artistes-designers-poetes-et-philosophes\/#breadcrumb\"},\"inLanguage\":\"en-US\",\"potentialAction\":[{\"@type\":\"ReadAction\",\"target\":[\"https:\/\/librairie7l.com\/en\/produit\/wabi-sabi-a-lusage-des-artistes-designers-poetes-et-philosophes\/\"]}]},{\"@type\":\"BreadcrumbList\",\"@id\":\"https:\/\/librairie7l.com\/en\/produit\/wabi-sabi-a-lusage-des-artistes-designers-poetes-et-philosophes\/#breadcrumb\",\"itemListElement\":[{\"@type\":\"ListItem\",\"position\":1,\"name\":\"Accueil\",\"item\":\"https:\/\/librairie7l.com\/en\/\"},{\"@type\":\"ListItem\",\"position\":2,\"name\":\"Shop\",\"item\":\"https:\/\/librairie7l.com\/en\/shop\/\"},{\"@type\":\"ListItem\",\"position\":3,\"name\":\"WABI SABI \u00c0 L&#8217;USAGE DES ARTISTES, DESIGNERS, PO\u00c8TES ET PHILOSOPHES\"}]},{\"@type\":\"WebSite\",\"@id\":\"https:\/\/librairie7l.com\/en\/#website\",\"url\":\"https:\/\/librairie7l.com\/en\/\",\"name\":\"Librairie 7L\",\"description\":\"Librairie fond\u00e9e en 1999 par Karl Lagerfeld \u00e0 Paris\",\"publisher\":{\"@id\":\"https:\/\/librairie7l.com\/en\/#organization\"},\"potentialAction\":[{\"@type\":\"SearchAction\",\"target\":{\"@type\":\"EntryPoint\",\"urlTemplate\":\"https:\/\/librairie7l.com\/en\/?s={search_term_string}\"},\"query-input\":\"required name=search_term_string\"}],\"inLanguage\":\"en-US\"},{\"@type\":\"Organization\",\"@id\":\"https:\/\/librairie7l.com\/en\/#organization\",\"name\":\"Librairie 7L\",\"url\":\"https:\/\/librairie7l.com\/en\/\",\"logo\":{\"@type\":\"ImageObject\",\"inLanguage\":\"en-US\",\"@id\":\"https:\/\/librairie7l.com\/en\/#\/schema\/logo\/image\/\",\"url\":\"https:\/\/librairie7l.com\/wp-content\/uploads\/2022\/08\/logo-1.png\",\"contentUrl\":\"https:\/\/librairie7l.com\/wp-content\/uploads\/2022\/08\/logo-1.png\",\"width\":227,\"height\":301,\"caption\":\"Librairie 7L\"},\"image\":{\"@id\":\"https:\/\/librairie7l.com\/en\/#\/schema\/logo\/image\/\"}}]}<\/script>\n<!-- \/ Yoast SEO plugin. -->","yoast_head_json":{"title":"WABI SABI \u00c0 L'USAGE DES ARTISTES, DESIGNERS, PO\u00c8TES ET PHILOSOPHES - Librairie 7L","robots":{"index":"index","follow":"follow","max-snippet":"max-snippet:-1","max-image-preview":"max-image-preview:large","max-video-preview":"max-video-preview:-1"},"canonical":"https:\/\/librairie7l.com\/en\/produit\/wabi-sabi-a-lusage-des-artistes-designers-poetes-et-philosophes\/","og_locale":"en_US","og_type":"article","og_title":"WABI SABI \u00c0 L'USAGE DES ARTISTES, DESIGNERS, PO\u00c8TES ET PHILOSOPHES - Librairie 7L","og_description":"Wabi sabi est la quintescence de l&#8217;esth\u00e9tique japonaise : \u00ab Wabi sabi est la beaut\u00e9 des choses imparfaites, impermanentes et incompl\u00e8tes, c&#8217;est la beaut\u00e9 des choses modestes et humbles, c&#8217;est la beaut\u00e9 des choses atypiques \u00bb. Dans ce court ouvrage, l&#8217;auteur pr\u00e9sente une synth\u00e8se \u00e9blouissante sur ce qui est si difficilement exprimable. D\u00e9velopp\u00e9 par les [&hellip;]","og_url":"https:\/\/librairie7l.com\/en\/produit\/wabi-sabi-a-lusage-des-artistes-designers-poetes-et-philosophes\/","og_site_name":"Librairie 7L","article_modified_time":"2026-04-19T14:42:14+00:00","og_image":[{"width":154,"height":173,"url":"https:\/\/librairie7l.com\/wp-content\/uploads\/2015\/11\/9782354323004_1_75.jpg","type":"image\/jpeg"}],"twitter_card":"summary_large_image","twitter_misc":{"Est. reading time":"1 minute"},"schema":{"@context":"https:\/\/schema.org","@graph":[{"@type":"WebPage","@id":"https:\/\/librairie7l.com\/en\/produit\/wabi-sabi-a-lusage-des-artistes-designers-poetes-et-philosophes\/","url":"https:\/\/librairie7l.com\/en\/produit\/wabi-sabi-a-lusage-des-artistes-designers-poetes-et-philosophes\/","name":"WABI SABI \u00c0 L'USAGE DES ARTISTES, DESIGNERS, PO\u00c8TES ET PHILOSOPHES - Librairie 7L","isPartOf":{"@id":"https:\/\/librairie7l.com\/en\/#website"},"datePublished":"2023-05-09T15:27:22+00:00","dateModified":"2026-04-19T14:42:14+00:00","breadcrumb":{"@id":"https:\/\/librairie7l.com\/en\/produit\/wabi-sabi-a-lusage-des-artistes-designers-poetes-et-philosophes\/#breadcrumb"},"inLanguage":"en-US","potentialAction":[{"@type":"ReadAction","target":["https:\/\/librairie7l.com\/en\/produit\/wabi-sabi-a-lusage-des-artistes-designers-poetes-et-philosophes\/"]}]},{"@type":"BreadcrumbList","@id":"https:\/\/librairie7l.com\/en\/produit\/wabi-sabi-a-lusage-des-artistes-designers-poetes-et-philosophes\/#breadcrumb","itemListElement":[{"@type":"ListItem","position":1,"name":"Accueil","item":"https:\/\/librairie7l.com\/en\/"},{"@type":"ListItem","position":2,"name":"Shop","item":"https:\/\/librairie7l.com\/en\/shop\/"},{"@type":"ListItem","position":3,"name":"WABI SABI \u00c0 L&#8217;USAGE DES ARTISTES, DESIGNERS, PO\u00c8TES ET PHILOSOPHES"}]},{"@type":"WebSite","@id":"https:\/\/librairie7l.com\/en\/#website","url":"https:\/\/librairie7l.com\/en\/","name":"Librairie 7L","description":"Librairie fond\u00e9e en 1999 par Karl Lagerfeld \u00e0 Paris","publisher":{"@id":"https:\/\/librairie7l.com\/en\/#organization"},"potentialAction":[{"@type":"SearchAction","target":{"@type":"EntryPoint","urlTemplate":"https:\/\/librairie7l.com\/en\/?s={search_term_string}"},"query-input":"required name=search_term_string"}],"inLanguage":"en-US"},{"@type":"Organization","@id":"https:\/\/librairie7l.com\/en\/#organization","name":"Librairie 7L","url":"https:\/\/librairie7l.com\/en\/","logo":{"@type":"ImageObject","inLanguage":"en-US","@id":"https:\/\/librairie7l.com\/en\/#\/schema\/logo\/image\/","url":"https:\/\/librairie7l.com\/wp-content\/uploads\/2022\/08\/logo-1.png","contentUrl":"https:\/\/librairie7l.com\/wp-content\/uploads\/2022\/08\/logo-1.png","width":227,"height":301,"caption":"Librairie 7L"},"image":{"@id":"https:\/\/librairie7l.com\/en\/#\/schema\/logo\/image\/"}}]}},"_links":{"self":[{"href":"https:\/\/librairie7l.com\/en\/wp-json\/wp\/v2\/product\/17167"}],"collection":[{"href":"https:\/\/librairie7l.com\/en\/wp-json\/wp\/v2\/product"}],"about":[{"href":"https:\/\/librairie7l.com\/en\/wp-json\/wp\/v2\/types\/product"}],"wp:featuredmedia":[{"embeddable":true,"href":"https:\/\/librairie7l.com\/en\/wp-json\/wp\/v2\/media\/17165"}],"wp:attachment":[{"href":"https:\/\/librairie7l.com\/en\/wp-json\/wp\/v2\/media?parent=17167"}],"wp:term":[{"taxonomy":"product_cat","embeddable":true,"href":"https:\/\/librairie7l.com\/en\/wp-json\/wp\/v2\/product_cat?post=17167"},{"taxonomy":"product_tag","embeddable":true,"href":"https:\/\/librairie7l.com\/en\/wp-json\/wp\/v2\/product_tag?post=17167"}],"curies":[{"name":"wp","href":"https:\/\/api.w.org\/{rel}","templated":true}]}}