{"id":17195,"date":"2023-05-09T17:27:43","date_gmt":"2023-05-09T15:27:43","guid":{"rendered":"https:\/\/librairie7l.com\/?post_type=product&#038;p=17195"},"modified":"2026-05-02T08:11:10","modified_gmt":"2026-05-02T06:11:10","slug":"hay","status":"publish","type":"product","link":"https:\/\/librairie7l.com\/en\/produit\/hay\/","title":{"rendered":"HAY"},"content":{"rendered":"<p>Ce livre est le premier ouvrage consacr\u00e9 \u00e0 HAY, l&#8217;une des marques de design les plus innovantes et les plus accessibles au monde. Fond\u00e9e en 2002, HAY est rapidement pass\u00e9e du statut de petite entreprise danoise \u00e0 celui de marque mondialement connue, \u00e0 l&#8217;avant-garde du design industriel. En cr\u00e9ant des meubles et des objets du quotidien \u00e0 la fois fonctionnels, color\u00e9s et abordables, HAY a chang\u00e9 le regard port\u00e9 sur le design scandinave. Ce livre raconte l&#8217;histoire fascinante de la marque, qui se caract\u00e9rise par une approche audacieuse de la couleur et un souci de d\u00e9velopper des collaborations avec les cr\u00e9ateurs les plus talentueux au monde. Que ces derniers soient de jeunes designers ind\u00e9pendants ou des studios r\u00e9put\u00e9s, ils partagent tous les valeurs fondamentales de HAY : rendre accessible au plus grand nombre un design joyeux et de qualit\u00e9.<\/p>\n","protected":false},"excerpt":{"rendered":"<p>Ce livre est le premier ouvrage consacr\u00e9 \u00e0 HAY, l&#8217;une des marques de design les plus innovantes et les plus accessibles au monde. Fond\u00e9e en 2002, HAY est rapidement pass\u00e9e du statut de petite entreprise danoise \u00e0 celui de marque mondialement connue, \u00e0 l&#8217;avant-garde du design industriel. En cr\u00e9ant des meubles et des objets du [&hellip;]<\/p>\n","protected":false},"featured_media":17193,"template":"","meta":[],"product_cat":[55,2948,18,2952],"product_tag":[],"acf":[],"yoast_head":"<!-- This site is optimized with the Yoast SEO plugin v20.11 - https:\/\/yoast.com\/wordpress\/plugins\/seo\/ -->\n<title>HAY - Librairie 7L<\/title>\n<meta name=\"robots\" content=\"index, follow, max-snippet:-1, max-image-preview:large, max-video-preview:-1\" \/>\n<link rel=\"canonical\" href=\"https:\/\/librairie7l.com\/en\/produit\/hay\/\" \/>\n<meta property=\"og:locale\" content=\"en_US\" \/>\n<meta property=\"og:type\" content=\"article\" \/>\n<meta property=\"og:title\" content=\"HAY - Librairie 7L\" \/>\n<meta property=\"og:description\" content=\"Ce livre est le premier ouvrage consacr\u00e9 \u00e0 HAY, l&#8217;une des marques de design les plus innovantes et les plus accessibles au monde. Fond\u00e9e en 2002, HAY est rapidement pass\u00e9e du statut de petite entreprise danoise \u00e0 celui de marque mondialement connue, \u00e0 l&#8217;avant-garde du design industriel. En cr\u00e9ant des meubles et des objets du [&hellip;]\" \/>\n<meta property=\"og:url\" content=\"https:\/\/librairie7l.com\/en\/produit\/hay\/\" \/>\n<meta property=\"og:site_name\" content=\"Librairie 7L\" \/>\n<meta property=\"article:modified_time\" content=\"2026-05-02T06:11:10+00:00\" \/>\n<meta property=\"og:image\" content=\"https:\/\/librairie7l.com\/wp-content\/uploads\/2022\/10\/9781838665814_1_75.jpg\" \/>\n\t<meta property=\"og:image:width\" content=\"600\" \/>\n\t<meta property=\"og:image:height\" content=\"800\" \/>\n\t<meta property=\"og:image:type\" content=\"image\/jpeg\" \/>\n<meta name=\"twitter:card\" content=\"summary_large_image\" \/>\n<meta name=\"twitter:label1\" content=\"Est. reading time\" \/>\n\t<meta name=\"twitter:data1\" content=\"1 minute\" \/>\n<script type=\"application\/ld+json\" class=\"yoast-schema-graph\">{\"@context\":\"https:\/\/schema.org\",\"@graph\":[{\"@type\":\"WebPage\",\"@id\":\"https:\/\/librairie7l.com\/en\/produit\/hay\/\",\"url\":\"https:\/\/librairie7l.com\/en\/produit\/hay\/\",\"name\":\"HAY - Librairie 7L\",\"isPartOf\":{\"@id\":\"https:\/\/librairie7l.com\/en\/#website\"},\"datePublished\":\"2023-05-09T15:27:43+00:00\",\"dateModified\":\"2026-05-02T06:11:10+00:00\",\"breadcrumb\":{\"@id\":\"https:\/\/librairie7l.com\/en\/produit\/hay\/#breadcrumb\"},\"inLanguage\":\"en-US\",\"potentialAction\":[{\"@type\":\"ReadAction\",\"target\":[\"https:\/\/librairie7l.com\/en\/produit\/hay\/\"]}]},{\"@type\":\"BreadcrumbList\",\"@id\":\"https:\/\/librairie7l.com\/en\/produit\/hay\/#breadcrumb\",\"itemListElement\":[{\"@type\":\"ListItem\",\"position\":1,\"name\":\"Accueil\",\"item\":\"https:\/\/librairie7l.com\/en\/\"},{\"@type\":\"ListItem\",\"position\":2,\"name\":\"Shop\",\"item\":\"https:\/\/librairie7l.com\/en\/shop\/\"},{\"@type\":\"ListItem\",\"position\":3,\"name\":\"HAY\"}]},{\"@type\":\"WebSite\",\"@id\":\"https:\/\/librairie7l.com\/en\/#website\",\"url\":\"https:\/\/librairie7l.com\/en\/\",\"name\":\"Librairie 7L\",\"description\":\"Librairie fond\u00e9e en 1999 par Karl Lagerfeld \u00e0 Paris\",\"publisher\":{\"@id\":\"https:\/\/librairie7l.com\/en\/#organization\"},\"potentialAction\":[{\"@type\":\"SearchAction\",\"target\":{\"@type\":\"EntryPoint\",\"urlTemplate\":\"https:\/\/librairie7l.com\/en\/?s={search_term_string}\"},\"query-input\":\"required name=search_term_string\"}],\"inLanguage\":\"en-US\"},{\"@type\":\"Organization\",\"@id\":\"https:\/\/librairie7l.com\/en\/#organization\",\"name\":\"Librairie 7L\",\"url\":\"https:\/\/librairie7l.com\/en\/\",\"logo\":{\"@type\":\"ImageObject\",\"inLanguage\":\"en-US\",\"@id\":\"https:\/\/librairie7l.com\/en\/#\/schema\/logo\/image\/\",\"url\":\"https:\/\/librairie7l.com\/wp-content\/uploads\/2022\/08\/logo-1.png\",\"contentUrl\":\"https:\/\/librairie7l.com\/wp-content\/uploads\/2022\/08\/logo-1.png\",\"width\":227,\"height\":301,\"caption\":\"Librairie 7L\"},\"image\":{\"@id\":\"https:\/\/librairie7l.com\/en\/#\/schema\/logo\/image\/\"}}]}<\/script>\n<!-- \/ Yoast SEO plugin. -->","yoast_head_json":{"title":"HAY - Librairie 7L","robots":{"index":"index","follow":"follow","max-snippet":"max-snippet:-1","max-image-preview":"max-image-preview:large","max-video-preview":"max-video-preview:-1"},"canonical":"https:\/\/librairie7l.com\/en\/produit\/hay\/","og_locale":"en_US","og_type":"article","og_title":"HAY - Librairie 7L","og_description":"Ce livre est le premier ouvrage consacr\u00e9 \u00e0 HAY, l&#8217;une des marques de design les plus innovantes et les plus accessibles au monde. Fond\u00e9e en 2002, HAY est rapidement pass\u00e9e du statut de petite entreprise danoise \u00e0 celui de marque mondialement connue, \u00e0 l&#8217;avant-garde du design industriel. En cr\u00e9ant des meubles et des objets du [&hellip;]","og_url":"https:\/\/librairie7l.com\/en\/produit\/hay\/","og_site_name":"Librairie 7L","article_modified_time":"2026-05-02T06:11:10+00:00","og_image":[{"width":600,"height":800,"url":"https:\/\/librairie7l.com\/wp-content\/uploads\/2022\/10\/9781838665814_1_75.jpg","type":"image\/jpeg"}],"twitter_card":"summary_large_image","twitter_misc":{"Est. reading time":"1 minute"},"schema":{"@context":"https:\/\/schema.org","@graph":[{"@type":"WebPage","@id":"https:\/\/librairie7l.com\/en\/produit\/hay\/","url":"https:\/\/librairie7l.com\/en\/produit\/hay\/","name":"HAY - Librairie 7L","isPartOf":{"@id":"https:\/\/librairie7l.com\/en\/#website"},"datePublished":"2023-05-09T15:27:43+00:00","dateModified":"2026-05-02T06:11:10+00:00","breadcrumb":{"@id":"https:\/\/librairie7l.com\/en\/produit\/hay\/#breadcrumb"},"inLanguage":"en-US","potentialAction":[{"@type":"ReadAction","target":["https:\/\/librairie7l.com\/en\/produit\/hay\/"]}]},{"@type":"BreadcrumbList","@id":"https:\/\/librairie7l.com\/en\/produit\/hay\/#breadcrumb","itemListElement":[{"@type":"ListItem","position":1,"name":"Accueil","item":"https:\/\/librairie7l.com\/en\/"},{"@type":"ListItem","position":2,"name":"Shop","item":"https:\/\/librairie7l.com\/en\/shop\/"},{"@type":"ListItem","position":3,"name":"HAY"}]},{"@type":"WebSite","@id":"https:\/\/librairie7l.com\/en\/#website","url":"https:\/\/librairie7l.com\/en\/","name":"Librairie 7L","description":"Librairie fond\u00e9e en 1999 par Karl Lagerfeld \u00e0 Paris","publisher":{"@id":"https:\/\/librairie7l.com\/en\/#organization"},"potentialAction":[{"@type":"SearchAction","target":{"@type":"EntryPoint","urlTemplate":"https:\/\/librairie7l.com\/en\/?s={search_term_string}"},"query-input":"required name=search_term_string"}],"inLanguage":"en-US"},{"@type":"Organization","@id":"https:\/\/librairie7l.com\/en\/#organization","name":"Librairie 7L","url":"https:\/\/librairie7l.com\/en\/","logo":{"@type":"ImageObject","inLanguage":"en-US","@id":"https:\/\/librairie7l.com\/en\/#\/schema\/logo\/image\/","url":"https:\/\/librairie7l.com\/wp-content\/uploads\/2022\/08\/logo-1.png","contentUrl":"https:\/\/librairie7l.com\/wp-content\/uploads\/2022\/08\/logo-1.png","width":227,"height":301,"caption":"Librairie 7L"},"image":{"@id":"https:\/\/librairie7l.com\/en\/#\/schema\/logo\/image\/"}}]}},"_links":{"self":[{"href":"https:\/\/librairie7l.com\/en\/wp-json\/wp\/v2\/product\/17195"}],"collection":[{"href":"https:\/\/librairie7l.com\/en\/wp-json\/wp\/v2\/product"}],"about":[{"href":"https:\/\/librairie7l.com\/en\/wp-json\/wp\/v2\/types\/product"}],"wp:featuredmedia":[{"embeddable":true,"href":"https:\/\/librairie7l.com\/en\/wp-json\/wp\/v2\/media\/17193"}],"wp:attachment":[{"href":"https:\/\/librairie7l.com\/en\/wp-json\/wp\/v2\/media?parent=17195"}],"wp:term":[{"taxonomy":"product_cat","embeddable":true,"href":"https:\/\/librairie7l.com\/en\/wp-json\/wp\/v2\/product_cat?post=17195"},{"taxonomy":"product_tag","embeddable":true,"href":"https:\/\/librairie7l.com\/en\/wp-json\/wp\/v2\/product_tag?post=17195"}],"curies":[{"name":"wp","href":"https:\/\/api.w.org\/{rel}","templated":true}]}}