{"id":17203,"date":"2023-05-09T17:27:49","date_gmt":"2023-05-09T15:27:49","guid":{"rendered":"https:\/\/librairie7l.com\/?post_type=product&#038;p=17203"},"modified":"2026-04-05T14:51:28","modified_gmt":"2026-04-05T12:51:28","slug":"la-figure-du-paysan-de-courbet-a-van-gogh-ceux-de-la-terre","status":"publish","type":"product","link":"https:\/\/librairie7l.com\/en\/produit\/la-figure-du-paysan-de-courbet-a-van-gogh-ceux-de-la-terre\/","title":{"rendered":"LA FIGURE DU PAYSAN DE COURBET \u00c0 VAN GOGH : CEUX DE LA TERRE"},"content":{"rendered":"<p>Ceux de la Terre. Auteur Foudral Benjamin, nombre de pages 200, prix 27\u20ac R\u00e9sum\u00e9 : Du portrait brutal et cru d&#8217;un monde paysan en proie aux passions les plus violentes, dress\u00e9 par l&#8217;\u00e9crivain \u00c9mile Zola (1840-1902) dans La Terre (1887), \u00e0 la vision lyrique et h\u00e9ro\u00efque des \u00ab gens de la terre \u00bb du recueil de nouvelles Ceux de la gl\u00e8be (1889) du Belge Camille Lemonnier (1844-1913), les campagnes contemporaines sont l&#8217;objet dans la seconde moiti\u00e9 du XIXe si\u00e8cle de projections id\u00e9ologiques les plus diverses, qu&#8217;elles soient nostalgiques, conservatrices, socialistes, progressistes ou purement esth\u00e9tiques.<\/p>\n<p>Avec l&#8217;\u00e9mergence du r\u00e9alisme et de ses deux figures principales, Gustave Courbet (1819-1877) et Jean-Fran\u00e7ois Millet (1814-1875), peintres aux origines rurales, la th\u00e9matique paysanne dans le champ des beaux-arts se renouvelle et devient un v\u00e9ritable ph\u00e9nom\u00e8ne \u00e0 l&#8217;\u00e9chelle europ\u00e9enne, transcendant bient\u00f4t les mouvements. R\u00e9alistes, naturalistes, symbolistes, modernes ou anti-modernes, tous se mettent en qu\u00eate de la mise en image du paysan, nouvelle figure centrale de la soci\u00e9t\u00e9 contemporaine.<\/p>\n<p>Au travers de plus de 80 oeuvres, l&#8217;exposition Ceux de la Terre vise \u00e0 appr\u00e9hender l&#8217;\u00e9mergence de ce ph\u00e9nom\u00e8ne culturel, tout en approchant l&#8217;intention et le regard propre de chaque artiste derri\u00e8re l&#8217;\u00e9laboration du monde rural comme sujet pictural.<\/p>\n","protected":false},"excerpt":{"rendered":"<p>Ceux de la Terre. Auteur Foudral Benjamin, nombre de pages 200, prix 27\u20ac R\u00e9sum\u00e9 : Du portrait brutal et cru d&#8217;un monde paysan en proie aux passions les plus violentes, dress\u00e9 par l&#8217;\u00e9crivain \u00c9mile Zola (1840-1902) dans La Terre (1887), \u00e0 la vision lyrique et h\u00e9ro\u00efque des \u00ab gens de la terre \u00bb du recueil [&hellip;]<\/p>\n","protected":false},"featured_media":17201,"template":"","meta":[],"product_cat":[55,2948,47,2953],"product_tag":[],"acf":[],"yoast_head":"<!-- This site is optimized with the Yoast SEO plugin v20.11 - https:\/\/yoast.com\/wordpress\/plugins\/seo\/ -->\n<title>LA FIGURE DU PAYSAN DE COURBET \u00c0 VAN GOGH : CEUX DE LA TERRE - Librairie 7L<\/title>\n<meta name=\"robots\" content=\"index, follow, max-snippet:-1, max-image-preview:large, max-video-preview:-1\" \/>\n<link rel=\"canonical\" href=\"https:\/\/librairie7l.com\/en\/produit\/la-figure-du-paysan-de-courbet-a-van-gogh-ceux-de-la-terre\/\" \/>\n<meta property=\"og:locale\" content=\"en_US\" \/>\n<meta property=\"og:type\" content=\"article\" \/>\n<meta property=\"og:title\" content=\"LA FIGURE DU PAYSAN DE COURBET \u00c0 VAN GOGH : CEUX DE LA TERRE - Librairie 7L\" \/>\n<meta property=\"og:description\" content=\"Ceux de la Terre. Auteur Foudral Benjamin, nombre de pages 200, prix 27\u20ac R\u00e9sum\u00e9 : Du portrait brutal et cru d&#8217;un monde paysan en proie aux passions les plus violentes, dress\u00e9 par l&#8217;\u00e9crivain \u00c9mile Zola (1840-1902) dans La Terre (1887), \u00e0 la vision lyrique et h\u00e9ro\u00efque des \u00ab gens de la terre \u00bb du recueil [&hellip;]\" \/>\n<meta property=\"og:url\" content=\"https:\/\/librairie7l.com\/en\/produit\/la-figure-du-paysan-de-courbet-a-van-gogh-ceux-de-la-terre\/\" \/>\n<meta property=\"og:site_name\" content=\"Librairie 7L\" \/>\n<meta property=\"article:modified_time\" content=\"2026-04-05T12:51:28+00:00\" \/>\n<meta property=\"og:image\" content=\"https:\/\/librairie7l.com\/wp-content\/uploads\/2022\/08\/9788836652266_1_75.jpg\" \/>\n\t<meta property=\"og:image:width\" content=\"400\" \/>\n\t<meta property=\"og:image:height\" content=\"499\" \/>\n\t<meta property=\"og:image:type\" content=\"image\/jpeg\" \/>\n<meta name=\"twitter:card\" content=\"summary_large_image\" \/>\n<meta name=\"twitter:label1\" content=\"Est. reading time\" \/>\n\t<meta name=\"twitter:data1\" content=\"1 minute\" \/>\n<script type=\"application\/ld+json\" class=\"yoast-schema-graph\">{\"@context\":\"https:\/\/schema.org\",\"@graph\":[{\"@type\":\"WebPage\",\"@id\":\"https:\/\/librairie7l.com\/en\/produit\/la-figure-du-paysan-de-courbet-a-van-gogh-ceux-de-la-terre\/\",\"url\":\"https:\/\/librairie7l.com\/en\/produit\/la-figure-du-paysan-de-courbet-a-van-gogh-ceux-de-la-terre\/\",\"name\":\"LA FIGURE DU PAYSAN DE COURBET \u00c0 VAN GOGH : CEUX DE LA TERRE - Librairie 7L\",\"isPartOf\":{\"@id\":\"https:\/\/librairie7l.com\/en\/#website\"},\"datePublished\":\"2023-05-09T15:27:49+00:00\",\"dateModified\":\"2026-04-05T12:51:28+00:00\",\"breadcrumb\":{\"@id\":\"https:\/\/librairie7l.com\/en\/produit\/la-figure-du-paysan-de-courbet-a-van-gogh-ceux-de-la-terre\/#breadcrumb\"},\"inLanguage\":\"en-US\",\"potentialAction\":[{\"@type\":\"ReadAction\",\"target\":[\"https:\/\/librairie7l.com\/en\/produit\/la-figure-du-paysan-de-courbet-a-van-gogh-ceux-de-la-terre\/\"]}]},{\"@type\":\"BreadcrumbList\",\"@id\":\"https:\/\/librairie7l.com\/en\/produit\/la-figure-du-paysan-de-courbet-a-van-gogh-ceux-de-la-terre\/#breadcrumb\",\"itemListElement\":[{\"@type\":\"ListItem\",\"position\":1,\"name\":\"Accueil\",\"item\":\"https:\/\/librairie7l.com\/en\/\"},{\"@type\":\"ListItem\",\"position\":2,\"name\":\"Shop\",\"item\":\"https:\/\/librairie7l.com\/en\/shop\/\"},{\"@type\":\"ListItem\",\"position\":3,\"name\":\"LA FIGURE DU PAYSAN DE COURBET \u00c0 VAN GOGH : CEUX DE LA TERRE\"}]},{\"@type\":\"WebSite\",\"@id\":\"https:\/\/librairie7l.com\/en\/#website\",\"url\":\"https:\/\/librairie7l.com\/en\/\",\"name\":\"Librairie 7L\",\"description\":\"Librairie fond\u00e9e en 1999 par Karl Lagerfeld \u00e0 Paris\",\"publisher\":{\"@id\":\"https:\/\/librairie7l.com\/en\/#organization\"},\"potentialAction\":[{\"@type\":\"SearchAction\",\"target\":{\"@type\":\"EntryPoint\",\"urlTemplate\":\"https:\/\/librairie7l.com\/en\/?s={search_term_string}\"},\"query-input\":\"required name=search_term_string\"}],\"inLanguage\":\"en-US\"},{\"@type\":\"Organization\",\"@id\":\"https:\/\/librairie7l.com\/en\/#organization\",\"name\":\"Librairie 7L\",\"url\":\"https:\/\/librairie7l.com\/en\/\",\"logo\":{\"@type\":\"ImageObject\",\"inLanguage\":\"en-US\",\"@id\":\"https:\/\/librairie7l.com\/en\/#\/schema\/logo\/image\/\",\"url\":\"https:\/\/librairie7l.com\/wp-content\/uploads\/2022\/08\/logo-1.png\",\"contentUrl\":\"https:\/\/librairie7l.com\/wp-content\/uploads\/2022\/08\/logo-1.png\",\"width\":227,\"height\":301,\"caption\":\"Librairie 7L\"},\"image\":{\"@id\":\"https:\/\/librairie7l.com\/en\/#\/schema\/logo\/image\/\"}}]}<\/script>\n<!-- \/ Yoast SEO plugin. -->","yoast_head_json":{"title":"LA FIGURE DU PAYSAN DE COURBET \u00c0 VAN GOGH : CEUX DE LA TERRE - Librairie 7L","robots":{"index":"index","follow":"follow","max-snippet":"max-snippet:-1","max-image-preview":"max-image-preview:large","max-video-preview":"max-video-preview:-1"},"canonical":"https:\/\/librairie7l.com\/en\/produit\/la-figure-du-paysan-de-courbet-a-van-gogh-ceux-de-la-terre\/","og_locale":"en_US","og_type":"article","og_title":"LA FIGURE DU PAYSAN DE COURBET \u00c0 VAN GOGH : CEUX DE LA TERRE - Librairie 7L","og_description":"Ceux de la Terre. Auteur Foudral Benjamin, nombre de pages 200, prix 27\u20ac R\u00e9sum\u00e9 : Du portrait brutal et cru d&#8217;un monde paysan en proie aux passions les plus violentes, dress\u00e9 par l&#8217;\u00e9crivain \u00c9mile Zola (1840-1902) dans La Terre (1887), \u00e0 la vision lyrique et h\u00e9ro\u00efque des \u00ab gens de la terre \u00bb du recueil [&hellip;]","og_url":"https:\/\/librairie7l.com\/en\/produit\/la-figure-du-paysan-de-courbet-a-van-gogh-ceux-de-la-terre\/","og_site_name":"Librairie 7L","article_modified_time":"2026-04-05T12:51:28+00:00","og_image":[{"width":400,"height":499,"url":"https:\/\/librairie7l.com\/wp-content\/uploads\/2022\/08\/9788836652266_1_75.jpg","type":"image\/jpeg"}],"twitter_card":"summary_large_image","twitter_misc":{"Est. reading time":"1 minute"},"schema":{"@context":"https:\/\/schema.org","@graph":[{"@type":"WebPage","@id":"https:\/\/librairie7l.com\/en\/produit\/la-figure-du-paysan-de-courbet-a-van-gogh-ceux-de-la-terre\/","url":"https:\/\/librairie7l.com\/en\/produit\/la-figure-du-paysan-de-courbet-a-van-gogh-ceux-de-la-terre\/","name":"LA FIGURE DU PAYSAN DE COURBET \u00c0 VAN GOGH : CEUX DE LA TERRE - Librairie 7L","isPartOf":{"@id":"https:\/\/librairie7l.com\/en\/#website"},"datePublished":"2023-05-09T15:27:49+00:00","dateModified":"2026-04-05T12:51:28+00:00","breadcrumb":{"@id":"https:\/\/librairie7l.com\/en\/produit\/la-figure-du-paysan-de-courbet-a-van-gogh-ceux-de-la-terre\/#breadcrumb"},"inLanguage":"en-US","potentialAction":[{"@type":"ReadAction","target":["https:\/\/librairie7l.com\/en\/produit\/la-figure-du-paysan-de-courbet-a-van-gogh-ceux-de-la-terre\/"]}]},{"@type":"BreadcrumbList","@id":"https:\/\/librairie7l.com\/en\/produit\/la-figure-du-paysan-de-courbet-a-van-gogh-ceux-de-la-terre\/#breadcrumb","itemListElement":[{"@type":"ListItem","position":1,"name":"Accueil","item":"https:\/\/librairie7l.com\/en\/"},{"@type":"ListItem","position":2,"name":"Shop","item":"https:\/\/librairie7l.com\/en\/shop\/"},{"@type":"ListItem","position":3,"name":"LA FIGURE DU PAYSAN DE COURBET \u00c0 VAN GOGH : CEUX DE LA TERRE"}]},{"@type":"WebSite","@id":"https:\/\/librairie7l.com\/en\/#website","url":"https:\/\/librairie7l.com\/en\/","name":"Librairie 7L","description":"Librairie fond\u00e9e en 1999 par Karl Lagerfeld \u00e0 Paris","publisher":{"@id":"https:\/\/librairie7l.com\/en\/#organization"},"potentialAction":[{"@type":"SearchAction","target":{"@type":"EntryPoint","urlTemplate":"https:\/\/librairie7l.com\/en\/?s={search_term_string}"},"query-input":"required name=search_term_string"}],"inLanguage":"en-US"},{"@type":"Organization","@id":"https:\/\/librairie7l.com\/en\/#organization","name":"Librairie 7L","url":"https:\/\/librairie7l.com\/en\/","logo":{"@type":"ImageObject","inLanguage":"en-US","@id":"https:\/\/librairie7l.com\/en\/#\/schema\/logo\/image\/","url":"https:\/\/librairie7l.com\/wp-content\/uploads\/2022\/08\/logo-1.png","contentUrl":"https:\/\/librairie7l.com\/wp-content\/uploads\/2022\/08\/logo-1.png","width":227,"height":301,"caption":"Librairie 7L"},"image":{"@id":"https:\/\/librairie7l.com\/en\/#\/schema\/logo\/image\/"}}]}},"_links":{"self":[{"href":"https:\/\/librairie7l.com\/en\/wp-json\/wp\/v2\/product\/17203"}],"collection":[{"href":"https:\/\/librairie7l.com\/en\/wp-json\/wp\/v2\/product"}],"about":[{"href":"https:\/\/librairie7l.com\/en\/wp-json\/wp\/v2\/types\/product"}],"wp:featuredmedia":[{"embeddable":true,"href":"https:\/\/librairie7l.com\/en\/wp-json\/wp\/v2\/media\/17201"}],"wp:attachment":[{"href":"https:\/\/librairie7l.com\/en\/wp-json\/wp\/v2\/media?parent=17203"}],"wp:term":[{"taxonomy":"product_cat","embeddable":true,"href":"https:\/\/librairie7l.com\/en\/wp-json\/wp\/v2\/product_cat?post=17203"},{"taxonomy":"product_tag","embeddable":true,"href":"https:\/\/librairie7l.com\/en\/wp-json\/wp\/v2\/product_tag?post=17203"}],"curies":[{"name":"wp","href":"https:\/\/api.w.org\/{rel}","templated":true}]}}