{"id":17219,"date":"2023-05-09T17:28:02","date_gmt":"2023-05-09T15:28:02","guid":{"rendered":"https:\/\/librairie7l.com\/?post_type=product&#038;p=17219"},"modified":"2026-04-16T14:36:54","modified_gmt":"2026-04-16T12:36:54","slug":"le-guide-de-la-gentlewoman-2","status":"publish","type":"product","link":"https:\/\/librairie7l.com\/en\/produit\/le-guide-de-la-gentlewoman-2\/","title":{"rendered":"LE GUIDE DE LA GENTLEWOMAN"},"content":{"rendered":"<p>La gentlewoman est la solution pour toutes celles qui se cherchent une allure, loin des injonctions, et visent le charme plut\u00f4t que la perfection.<br \/>\nForte de ses multiples cultures (n\u00e9e en Argentine, \u00e9lev\u00e9e \u00e0 Londres, \u00e9tablie en France), et de son exp\u00e9rience de la mode (chez Chanel et Yves Saint Laurent, en tant que directrice artistique d&#8217;Azzaro, avant de cr\u00e9er sa propre marque), Vanessa Seward est la mieux plac\u00e9e pour d\u00e9finir cette f\u00e9minit\u00e9 chic et simple, libre et intemporelle.<br \/>\nSous forme d&#8217;ab\u00e9c\u00e9daire truff\u00e9 d&#8217;illustrations, de conseils et d&#8217;anecdotes, elle dresse le portrait de cette gentlewoman \u00e0 la d\u00e9sinvolture styl\u00e9e, qui aime porter des pyjamas le jour, bricoler des tenues, sait que la coupe d&#8217;un v\u00eatement peut suppl\u00e9er au scalpel, met l&#8217;empathie avant l&#8217;audace, son ego ayant l&#8217;\u00e9l\u00e9gance de ne pas prendre toute la place, et qui se demande avant de poster une photo sur les r\u00e9seaux : \u00ab Est-ce que Catherine Deneuve montrerait \u00e7a ? \u00bb Un guide incontournable et \u00e0 la port\u00e9e de toutes pour devenir une ic\u00f4ne sophisticool !<\/p>\n","protected":false},"excerpt":{"rendered":"<p>La gentlewoman est la solution pour toutes celles qui se cherchent une allure, loin des injonctions, et visent le charme plut\u00f4t que la perfection. Forte de ses multiples cultures (n\u00e9e en Argentine, \u00e9lev\u00e9e \u00e0 Londres, \u00e9tablie en France), et de son exp\u00e9rience de la mode (chez Chanel et Yves Saint Laurent, en tant que directrice [&hellip;]<\/p>\n","protected":false},"featured_media":17217,"template":"","meta":[],"product_cat":[55,2948,2957,19],"product_tag":[],"acf":[],"yoast_head":"<!-- This site is optimized with the Yoast SEO plugin v20.11 - https:\/\/yoast.com\/wordpress\/plugins\/seo\/ -->\n<title>LE GUIDE DE LA GENTLEWOMAN - Librairie 7L<\/title>\n<meta name=\"robots\" content=\"index, follow, max-snippet:-1, max-image-preview:large, max-video-preview:-1\" \/>\n<link rel=\"canonical\" href=\"https:\/\/librairie7l.com\/en\/produit\/le-guide-de-la-gentlewoman-2\/\" \/>\n<meta property=\"og:locale\" content=\"en_US\" \/>\n<meta property=\"og:type\" content=\"article\" \/>\n<meta property=\"og:title\" content=\"LE GUIDE DE LA GENTLEWOMAN - Librairie 7L\" \/>\n<meta property=\"og:description\" content=\"La gentlewoman est la solution pour toutes celles qui se cherchent une allure, loin des injonctions, et visent le charme plut\u00f4t que la perfection. Forte de ses multiples cultures (n\u00e9e en Argentine, \u00e9lev\u00e9e \u00e0 Londres, \u00e9tablie en France), et de son exp\u00e9rience de la mode (chez Chanel et Yves Saint Laurent, en tant que directrice [&hellip;]\" \/>\n<meta property=\"og:url\" content=\"https:\/\/librairie7l.com\/en\/produit\/le-guide-de-la-gentlewoman-2\/\" \/>\n<meta property=\"og:site_name\" content=\"Librairie 7L\" \/>\n<meta property=\"article:modified_time\" content=\"2026-04-16T12:36:54+00:00\" \/>\n<meta property=\"og:image\" content=\"https:\/\/librairie7l.com\/wp-content\/uploads\/2022\/01\/9782709668415_1_75.jpg\" \/>\n\t<meta property=\"og:image:width\" content=\"600\" \/>\n\t<meta property=\"og:image:height\" content=\"897\" \/>\n\t<meta property=\"og:image:type\" content=\"image\/jpeg\" \/>\n<meta name=\"twitter:card\" content=\"summary_large_image\" \/>\n<meta name=\"twitter:label1\" content=\"Est. reading time\" \/>\n\t<meta name=\"twitter:data1\" content=\"1 minute\" \/>\n<script type=\"application\/ld+json\" class=\"yoast-schema-graph\">{\"@context\":\"https:\/\/schema.org\",\"@graph\":[{\"@type\":\"WebPage\",\"@id\":\"https:\/\/librairie7l.com\/en\/produit\/le-guide-de-la-gentlewoman-2\/\",\"url\":\"https:\/\/librairie7l.com\/en\/produit\/le-guide-de-la-gentlewoman-2\/\",\"name\":\"LE GUIDE DE LA GENTLEWOMAN - Librairie 7L\",\"isPartOf\":{\"@id\":\"https:\/\/librairie7l.com\/en\/#website\"},\"datePublished\":\"2023-05-09T15:28:02+00:00\",\"dateModified\":\"2026-04-16T12:36:54+00:00\",\"breadcrumb\":{\"@id\":\"https:\/\/librairie7l.com\/en\/produit\/le-guide-de-la-gentlewoman-2\/#breadcrumb\"},\"inLanguage\":\"en-US\",\"potentialAction\":[{\"@type\":\"ReadAction\",\"target\":[\"https:\/\/librairie7l.com\/en\/produit\/le-guide-de-la-gentlewoman-2\/\"]}]},{\"@type\":\"BreadcrumbList\",\"@id\":\"https:\/\/librairie7l.com\/en\/produit\/le-guide-de-la-gentlewoman-2\/#breadcrumb\",\"itemListElement\":[{\"@type\":\"ListItem\",\"position\":1,\"name\":\"Accueil\",\"item\":\"https:\/\/librairie7l.com\/en\/\"},{\"@type\":\"ListItem\",\"position\":2,\"name\":\"Shop\",\"item\":\"https:\/\/librairie7l.com\/en\/shop\/\"},{\"@type\":\"ListItem\",\"position\":3,\"name\":\"LE GUIDE DE LA GENTLEWOMAN\"}]},{\"@type\":\"WebSite\",\"@id\":\"https:\/\/librairie7l.com\/en\/#website\",\"url\":\"https:\/\/librairie7l.com\/en\/\",\"name\":\"Librairie 7L\",\"description\":\"Librairie fond\u00e9e en 1999 par Karl Lagerfeld \u00e0 Paris\",\"publisher\":{\"@id\":\"https:\/\/librairie7l.com\/en\/#organization\"},\"potentialAction\":[{\"@type\":\"SearchAction\",\"target\":{\"@type\":\"EntryPoint\",\"urlTemplate\":\"https:\/\/librairie7l.com\/en\/?s={search_term_string}\"},\"query-input\":\"required name=search_term_string\"}],\"inLanguage\":\"en-US\"},{\"@type\":\"Organization\",\"@id\":\"https:\/\/librairie7l.com\/en\/#organization\",\"name\":\"Librairie 7L\",\"url\":\"https:\/\/librairie7l.com\/en\/\",\"logo\":{\"@type\":\"ImageObject\",\"inLanguage\":\"en-US\",\"@id\":\"https:\/\/librairie7l.com\/en\/#\/schema\/logo\/image\/\",\"url\":\"https:\/\/librairie7l.com\/wp-content\/uploads\/2022\/08\/logo-1.png\",\"contentUrl\":\"https:\/\/librairie7l.com\/wp-content\/uploads\/2022\/08\/logo-1.png\",\"width\":227,\"height\":301,\"caption\":\"Librairie 7L\"},\"image\":{\"@id\":\"https:\/\/librairie7l.com\/en\/#\/schema\/logo\/image\/\"}}]}<\/script>\n<!-- \/ Yoast SEO plugin. -->","yoast_head_json":{"title":"LE GUIDE DE LA GENTLEWOMAN - Librairie 7L","robots":{"index":"index","follow":"follow","max-snippet":"max-snippet:-1","max-image-preview":"max-image-preview:large","max-video-preview":"max-video-preview:-1"},"canonical":"https:\/\/librairie7l.com\/en\/produit\/le-guide-de-la-gentlewoman-2\/","og_locale":"en_US","og_type":"article","og_title":"LE GUIDE DE LA GENTLEWOMAN - Librairie 7L","og_description":"La gentlewoman est la solution pour toutes celles qui se cherchent une allure, loin des injonctions, et visent le charme plut\u00f4t que la perfection. Forte de ses multiples cultures (n\u00e9e en Argentine, \u00e9lev\u00e9e \u00e0 Londres, \u00e9tablie en France), et de son exp\u00e9rience de la mode (chez Chanel et Yves Saint Laurent, en tant que directrice [&hellip;]","og_url":"https:\/\/librairie7l.com\/en\/produit\/le-guide-de-la-gentlewoman-2\/","og_site_name":"Librairie 7L","article_modified_time":"2026-04-16T12:36:54+00:00","og_image":[{"width":600,"height":897,"url":"https:\/\/librairie7l.com\/wp-content\/uploads\/2022\/01\/9782709668415_1_75.jpg","type":"image\/jpeg"}],"twitter_card":"summary_large_image","twitter_misc":{"Est. reading time":"1 minute"},"schema":{"@context":"https:\/\/schema.org","@graph":[{"@type":"WebPage","@id":"https:\/\/librairie7l.com\/en\/produit\/le-guide-de-la-gentlewoman-2\/","url":"https:\/\/librairie7l.com\/en\/produit\/le-guide-de-la-gentlewoman-2\/","name":"LE GUIDE DE LA GENTLEWOMAN - Librairie 7L","isPartOf":{"@id":"https:\/\/librairie7l.com\/en\/#website"},"datePublished":"2023-05-09T15:28:02+00:00","dateModified":"2026-04-16T12:36:54+00:00","breadcrumb":{"@id":"https:\/\/librairie7l.com\/en\/produit\/le-guide-de-la-gentlewoman-2\/#breadcrumb"},"inLanguage":"en-US","potentialAction":[{"@type":"ReadAction","target":["https:\/\/librairie7l.com\/en\/produit\/le-guide-de-la-gentlewoman-2\/"]}]},{"@type":"BreadcrumbList","@id":"https:\/\/librairie7l.com\/en\/produit\/le-guide-de-la-gentlewoman-2\/#breadcrumb","itemListElement":[{"@type":"ListItem","position":1,"name":"Accueil","item":"https:\/\/librairie7l.com\/en\/"},{"@type":"ListItem","position":2,"name":"Shop","item":"https:\/\/librairie7l.com\/en\/shop\/"},{"@type":"ListItem","position":3,"name":"LE GUIDE DE LA GENTLEWOMAN"}]},{"@type":"WebSite","@id":"https:\/\/librairie7l.com\/en\/#website","url":"https:\/\/librairie7l.com\/en\/","name":"Librairie 7L","description":"Librairie fond\u00e9e en 1999 par Karl Lagerfeld \u00e0 Paris","publisher":{"@id":"https:\/\/librairie7l.com\/en\/#organization"},"potentialAction":[{"@type":"SearchAction","target":{"@type":"EntryPoint","urlTemplate":"https:\/\/librairie7l.com\/en\/?s={search_term_string}"},"query-input":"required name=search_term_string"}],"inLanguage":"en-US"},{"@type":"Organization","@id":"https:\/\/librairie7l.com\/en\/#organization","name":"Librairie 7L","url":"https:\/\/librairie7l.com\/en\/","logo":{"@type":"ImageObject","inLanguage":"en-US","@id":"https:\/\/librairie7l.com\/en\/#\/schema\/logo\/image\/","url":"https:\/\/librairie7l.com\/wp-content\/uploads\/2022\/08\/logo-1.png","contentUrl":"https:\/\/librairie7l.com\/wp-content\/uploads\/2022\/08\/logo-1.png","width":227,"height":301,"caption":"Librairie 7L"},"image":{"@id":"https:\/\/librairie7l.com\/en\/#\/schema\/logo\/image\/"}}]}},"_links":{"self":[{"href":"https:\/\/librairie7l.com\/en\/wp-json\/wp\/v2\/product\/17219"}],"collection":[{"href":"https:\/\/librairie7l.com\/en\/wp-json\/wp\/v2\/product"}],"about":[{"href":"https:\/\/librairie7l.com\/en\/wp-json\/wp\/v2\/types\/product"}],"wp:featuredmedia":[{"embeddable":true,"href":"https:\/\/librairie7l.com\/en\/wp-json\/wp\/v2\/media\/17217"}],"wp:attachment":[{"href":"https:\/\/librairie7l.com\/en\/wp-json\/wp\/v2\/media?parent=17219"}],"wp:term":[{"taxonomy":"product_cat","embeddable":true,"href":"https:\/\/librairie7l.com\/en\/wp-json\/wp\/v2\/product_cat?post=17219"},{"taxonomy":"product_tag","embeddable":true,"href":"https:\/\/librairie7l.com\/en\/wp-json\/wp\/v2\/product_tag?post=17219"}],"curies":[{"name":"wp","href":"https:\/\/api.w.org\/{rel}","templated":true}]}}