{"id":17231,"date":"2023-05-09T17:28:13","date_gmt":"2023-05-09T15:28:13","guid":{"rendered":"https:\/\/librairie7l.com\/?post_type=product&#038;p=17231"},"modified":"2026-04-18T19:26:56","modified_gmt":"2026-04-18T17:26:56","slug":"picasso-a-paris","status":"publish","type":"product","link":"https:\/\/librairie7l.com\/en\/produit\/picasso-a-paris\/","title":{"rendered":"PICASSO \u00c0 PARIS"},"content":{"rendered":"<p>Le 27 septembre 1900, Pablo Picasso, \u00e2g\u00e9 de 19 ans, arrive \u00e0 Paris pour s&#8217;y \u00e9tablir. Il y demeurera un demi-si\u00e8cle, changeant plusieurs fois d&#8217;adresse et d&#8217;atelier, du Bateau-Lavoir de Montmartre au grenier des Grands-Augustins \u00e0 Saint-Germain-des-Pr\u00e9s.<\/p>\n<p>Si la suite de l&#8217;histoire s&#8217;\u00e9crit dans le sud de la France, enLe 27 septembre 1900, Pablo Picasso, \u00e2g\u00e9 de 19 ans, arrive \u00e0 Paris pour s&#8217;y \u00e9tablir. Il y demeurera un demi-si\u00e8cle, changeant plusieurs fois d&#8217;adresse et d&#8217;atelier, du Bateau-Lavoir de Montmartre au grenier des Grands-Augustins \u00e0 Saint-Germain-des-Pr\u00e9s.<br \/>\nSi la suite de l&#8217;histoire s&#8217;\u00e9crit dans le sud de la France, entre Vallauris et Mougins, c&#8217;est bien sur les bords de la Seine que le g\u00e9nie du peintre \u00e9clate et se d\u00e9ploie, des Demoiselles d&#8217;Avignon \u00e0 Guernica.<br \/>\nSuivre Picasso \u00e0 Paris, c&#8217;est arpenter les quartiers pris\u00e9s des artistes, pousser la porte des galeristes et des graveurs, visiter les ateliers des amis, se perdre dans des bouges enfum\u00e9s, go\u00fbter les plaisirs du cirque, du th\u00e9\u00e2tre, du cin\u00e9ma&#8230; ou guetter la lumi\u00e8re \u00e0 la fen\u00eatre de Fernande, d&#8217;Eva, d&#8217;Olga, de Dora ou de Fran\u00e7oise.<\/p>\n<p>On 27 September 1900, 19-year-old Pablo Picasso arrives in Paris and spends half a century there, changing his address and atelier several times, beginning with the Bateau-Lavoir in Montmartre and finally to the Grands-Augustins attic in Saint-Germain-des-Pr\u00e9s. From Les Demoiselles d&#8217;Avignon to Guernica, it is on the embankments of the Seine that the painter&#8217;s genius bursts forth and unfolds.<br \/>\nTo follow Picasso around Paris is to wander through the popular districts where artists lived and worked, to push open the doors of the gallery owners and engravers, to visit the ateliers of his friends, to enjoy the pleasures of the circus, the theatre, the cinema and smoke-filled bars&#8230; or to watch for the light in the window of Fernande, Eva, Olga, Dora or Fran\u00e7oise.<br \/>\nTre Vallauris et Mougins, c&#8217;est bien sur les bords de la Seine que le g\u00e9nie du peintre \u00e9clate et se d\u00e9ploie, des Demoiselles d&#8217;Avignon \u00e0 Guernica. Suivre Picasso \u00e0 Paris, c&#8217;est arpenter les quartiers pris\u00e9s des artistes, pousser la porte des galeristes et des graveurs, visiter les ateliers des amis, se perdre dans des bouges enfum\u00e9s, go\u00fbter les plaisirs du cirque, du th\u00e9\u00e2tre, du cin\u00e9ma&#8230; ou guetter la lumi\u00e8re \u00e0 la fen\u00eatre de Fernande, d&#8217;Eva, d&#8217;Olga, de Dora ou de Fran\u00e7oise.<\/p>\n","protected":false},"excerpt":{"rendered":"<p>Le 27 septembre 1900, Pablo Picasso, \u00e2g\u00e9 de 19 ans, arrive \u00e0 Paris pour s&#8217;y \u00e9tablir. Il y demeurera un demi-si\u00e8cle, changeant plusieurs fois d&#8217;adresse et d&#8217;atelier, du Bateau-Lavoir de Montmartre au grenier des Grands-Augustins \u00e0 Saint-Germain-des-Pr\u00e9s. Si la suite de l&#8217;histoire s&#8217;\u00e9crit dans le sud de la France, enLe 27 septembre 1900, Pablo Picasso, [&hellip;]<\/p>\n","protected":false},"featured_media":17229,"template":"","meta":[],"product_cat":[55,2948,47,2953],"product_tag":[],"acf":[],"yoast_head":"<!-- This site is optimized with the Yoast SEO plugin v20.11 - https:\/\/yoast.com\/wordpress\/plugins\/seo\/ -->\n<title>PICASSO \u00c0 PARIS - Librairie 7L<\/title>\n<meta name=\"robots\" content=\"index, follow, max-snippet:-1, max-image-preview:large, max-video-preview:-1\" \/>\n<link rel=\"canonical\" href=\"https:\/\/librairie7l.com\/en\/produit\/picasso-a-paris\/\" \/>\n<meta property=\"og:locale\" content=\"en_US\" \/>\n<meta property=\"og:type\" content=\"article\" \/>\n<meta property=\"og:title\" content=\"PICASSO \u00c0 PARIS - Librairie 7L\" \/>\n<meta property=\"og:description\" content=\"Le 27 septembre 1900, Pablo Picasso, \u00e2g\u00e9 de 19 ans, arrive \u00e0 Paris pour s&#8217;y \u00e9tablir. Il y demeurera un demi-si\u00e8cle, changeant plusieurs fois d&#8217;adresse et d&#8217;atelier, du Bateau-Lavoir de Montmartre au grenier des Grands-Augustins \u00e0 Saint-Germain-des-Pr\u00e9s. Si la suite de l&#8217;histoire s&#8217;\u00e9crit dans le sud de la France, enLe 27 septembre 1900, Pablo Picasso, [&hellip;]\" \/>\n<meta property=\"og:url\" content=\"https:\/\/librairie7l.com\/en\/produit\/picasso-a-paris\/\" \/>\n<meta property=\"og:site_name\" content=\"Librairie 7L\" \/>\n<meta property=\"article:modified_time\" content=\"2026-04-18T17:26:56+00:00\" \/>\n<meta property=\"og:image\" content=\"https:\/\/librairie7l.com\/wp-content\/uploads\/2022\/03\/9782373951394_1_75.jpg\" \/>\n\t<meta property=\"og:image:width\" content=\"400\" \/>\n\t<meta property=\"og:image:height\" content=\"555\" \/>\n\t<meta property=\"og:image:type\" content=\"image\/jpeg\" \/>\n<meta name=\"twitter:card\" content=\"summary_large_image\" \/>\n<meta name=\"twitter:label1\" content=\"Est. reading time\" \/>\n\t<meta name=\"twitter:data1\" content=\"2 minutes\" \/>\n<script type=\"application\/ld+json\" class=\"yoast-schema-graph\">{\"@context\":\"https:\/\/schema.org\",\"@graph\":[{\"@type\":\"WebPage\",\"@id\":\"https:\/\/librairie7l.com\/en\/produit\/picasso-a-paris\/\",\"url\":\"https:\/\/librairie7l.com\/en\/produit\/picasso-a-paris\/\",\"name\":\"PICASSO \u00c0 PARIS - Librairie 7L\",\"isPartOf\":{\"@id\":\"https:\/\/librairie7l.com\/en\/#website\"},\"datePublished\":\"2023-05-09T15:28:13+00:00\",\"dateModified\":\"2026-04-18T17:26:56+00:00\",\"breadcrumb\":{\"@id\":\"https:\/\/librairie7l.com\/en\/produit\/picasso-a-paris\/#breadcrumb\"},\"inLanguage\":\"en-US\",\"potentialAction\":[{\"@type\":\"ReadAction\",\"target\":[\"https:\/\/librairie7l.com\/en\/produit\/picasso-a-paris\/\"]}]},{\"@type\":\"BreadcrumbList\",\"@id\":\"https:\/\/librairie7l.com\/en\/produit\/picasso-a-paris\/#breadcrumb\",\"itemListElement\":[{\"@type\":\"ListItem\",\"position\":1,\"name\":\"Accueil\",\"item\":\"https:\/\/librairie7l.com\/en\/\"},{\"@type\":\"ListItem\",\"position\":2,\"name\":\"Shop\",\"item\":\"https:\/\/librairie7l.com\/en\/shop\/\"},{\"@type\":\"ListItem\",\"position\":3,\"name\":\"PICASSO \u00c0 PARIS\"}]},{\"@type\":\"WebSite\",\"@id\":\"https:\/\/librairie7l.com\/en\/#website\",\"url\":\"https:\/\/librairie7l.com\/en\/\",\"name\":\"Librairie 7L\",\"description\":\"Librairie fond\u00e9e en 1999 par Karl Lagerfeld \u00e0 Paris\",\"publisher\":{\"@id\":\"https:\/\/librairie7l.com\/en\/#organization\"},\"potentialAction\":[{\"@type\":\"SearchAction\",\"target\":{\"@type\":\"EntryPoint\",\"urlTemplate\":\"https:\/\/librairie7l.com\/en\/?s={search_term_string}\"},\"query-input\":\"required name=search_term_string\"}],\"inLanguage\":\"en-US\"},{\"@type\":\"Organization\",\"@id\":\"https:\/\/librairie7l.com\/en\/#organization\",\"name\":\"Librairie 7L\",\"url\":\"https:\/\/librairie7l.com\/en\/\",\"logo\":{\"@type\":\"ImageObject\",\"inLanguage\":\"en-US\",\"@id\":\"https:\/\/librairie7l.com\/en\/#\/schema\/logo\/image\/\",\"url\":\"https:\/\/librairie7l.com\/wp-content\/uploads\/2022\/08\/logo-1.png\",\"contentUrl\":\"https:\/\/librairie7l.com\/wp-content\/uploads\/2022\/08\/logo-1.png\",\"width\":227,\"height\":301,\"caption\":\"Librairie 7L\"},\"image\":{\"@id\":\"https:\/\/librairie7l.com\/en\/#\/schema\/logo\/image\/\"}}]}<\/script>\n<!-- \/ Yoast SEO plugin. -->","yoast_head_json":{"title":"PICASSO \u00c0 PARIS - Librairie 7L","robots":{"index":"index","follow":"follow","max-snippet":"max-snippet:-1","max-image-preview":"max-image-preview:large","max-video-preview":"max-video-preview:-1"},"canonical":"https:\/\/librairie7l.com\/en\/produit\/picasso-a-paris\/","og_locale":"en_US","og_type":"article","og_title":"PICASSO \u00c0 PARIS - Librairie 7L","og_description":"Le 27 septembre 1900, Pablo Picasso, \u00e2g\u00e9 de 19 ans, arrive \u00e0 Paris pour s&#8217;y \u00e9tablir. Il y demeurera un demi-si\u00e8cle, changeant plusieurs fois d&#8217;adresse et d&#8217;atelier, du Bateau-Lavoir de Montmartre au grenier des Grands-Augustins \u00e0 Saint-Germain-des-Pr\u00e9s. Si la suite de l&#8217;histoire s&#8217;\u00e9crit dans le sud de la France, enLe 27 septembre 1900, Pablo Picasso, [&hellip;]","og_url":"https:\/\/librairie7l.com\/en\/produit\/picasso-a-paris\/","og_site_name":"Librairie 7L","article_modified_time":"2026-04-18T17:26:56+00:00","og_image":[{"width":400,"height":555,"url":"https:\/\/librairie7l.com\/wp-content\/uploads\/2022\/03\/9782373951394_1_75.jpg","type":"image\/jpeg"}],"twitter_card":"summary_large_image","twitter_misc":{"Est. reading time":"2 minutes"},"schema":{"@context":"https:\/\/schema.org","@graph":[{"@type":"WebPage","@id":"https:\/\/librairie7l.com\/en\/produit\/picasso-a-paris\/","url":"https:\/\/librairie7l.com\/en\/produit\/picasso-a-paris\/","name":"PICASSO \u00c0 PARIS - Librairie 7L","isPartOf":{"@id":"https:\/\/librairie7l.com\/en\/#website"},"datePublished":"2023-05-09T15:28:13+00:00","dateModified":"2026-04-18T17:26:56+00:00","breadcrumb":{"@id":"https:\/\/librairie7l.com\/en\/produit\/picasso-a-paris\/#breadcrumb"},"inLanguage":"en-US","potentialAction":[{"@type":"ReadAction","target":["https:\/\/librairie7l.com\/en\/produit\/picasso-a-paris\/"]}]},{"@type":"BreadcrumbList","@id":"https:\/\/librairie7l.com\/en\/produit\/picasso-a-paris\/#breadcrumb","itemListElement":[{"@type":"ListItem","position":1,"name":"Accueil","item":"https:\/\/librairie7l.com\/en\/"},{"@type":"ListItem","position":2,"name":"Shop","item":"https:\/\/librairie7l.com\/en\/shop\/"},{"@type":"ListItem","position":3,"name":"PICASSO \u00c0 PARIS"}]},{"@type":"WebSite","@id":"https:\/\/librairie7l.com\/en\/#website","url":"https:\/\/librairie7l.com\/en\/","name":"Librairie 7L","description":"Librairie fond\u00e9e en 1999 par Karl Lagerfeld \u00e0 Paris","publisher":{"@id":"https:\/\/librairie7l.com\/en\/#organization"},"potentialAction":[{"@type":"SearchAction","target":{"@type":"EntryPoint","urlTemplate":"https:\/\/librairie7l.com\/en\/?s={search_term_string}"},"query-input":"required name=search_term_string"}],"inLanguage":"en-US"},{"@type":"Organization","@id":"https:\/\/librairie7l.com\/en\/#organization","name":"Librairie 7L","url":"https:\/\/librairie7l.com\/en\/","logo":{"@type":"ImageObject","inLanguage":"en-US","@id":"https:\/\/librairie7l.com\/en\/#\/schema\/logo\/image\/","url":"https:\/\/librairie7l.com\/wp-content\/uploads\/2022\/08\/logo-1.png","contentUrl":"https:\/\/librairie7l.com\/wp-content\/uploads\/2022\/08\/logo-1.png","width":227,"height":301,"caption":"Librairie 7L"},"image":{"@id":"https:\/\/librairie7l.com\/en\/#\/schema\/logo\/image\/"}}]}},"_links":{"self":[{"href":"https:\/\/librairie7l.com\/en\/wp-json\/wp\/v2\/product\/17231"}],"collection":[{"href":"https:\/\/librairie7l.com\/en\/wp-json\/wp\/v2\/product"}],"about":[{"href":"https:\/\/librairie7l.com\/en\/wp-json\/wp\/v2\/types\/product"}],"wp:featuredmedia":[{"embeddable":true,"href":"https:\/\/librairie7l.com\/en\/wp-json\/wp\/v2\/media\/17229"}],"wp:attachment":[{"href":"https:\/\/librairie7l.com\/en\/wp-json\/wp\/v2\/media?parent=17231"}],"wp:term":[{"taxonomy":"product_cat","embeddable":true,"href":"https:\/\/librairie7l.com\/en\/wp-json\/wp\/v2\/product_cat?post=17231"},{"taxonomy":"product_tag","embeddable":true,"href":"https:\/\/librairie7l.com\/en\/wp-json\/wp\/v2\/product_tag?post=17231"}],"curies":[{"name":"wp","href":"https:\/\/api.w.org\/{rel}","templated":true}]}}