{"id":17235,"date":"2023-05-09T17:28:15","date_gmt":"2023-05-09T15:28:15","guid":{"rendered":"https:\/\/librairie7l.com\/?post_type=product&#038;p=17235"},"modified":"2026-05-01T14:43:42","modified_gmt":"2026-05-01T12:43:42","slug":"ambassadeurs-du-monde-5-siecles-dechanges-culturels","status":"publish","type":"product","link":"https:\/\/librairie7l.com\/en\/produit\/ambassadeurs-du-monde-5-siecles-dechanges-culturels\/","title":{"rendered":"MIROIR DU MONDE"},"content":{"rendered":"<p>A l&#8217;image de la visite d&#8217;un cabinet de curiosit\u00e9s, ce catalogue propose de montrer des objets d&#8217;art extraordinaires appartenant aux collections des 14 mus\u00e9es d&#8217;art de Dresde. Cette s\u00e9lection d&#8217;une centaine d&#8217;objets singuliers et remarquables allant du XVIe au XXIe si\u00e8cle met en \u00e9vidence les divers liens qui unissent l&#8217;Europe au reste du monde. En effet, les collections uniques de la Staatliche Kunstsammlungen de Dresde sont une excellente d\u00e9monstration du r\u00f4le de l&#8217;art entre lescultures. Un int\u00e9r\u00eat prononc\u00e9 pour les mat\u00e9riaux rares et exotiques, pour les objets quotidiens ou rituels issues d&#8217;autres cultures ou encore des pi\u00e8ces de valeur provenant de pays lointains, a constitu\u00e9 la base des activit\u00e9s de collecte dans toute l&#8217;Europe. Toute collection prestigieuse &#8211; qu&#8217;il s&#8217;agisse d&#8217;objets d&#8217;art, de nature ou de science &#8211; est n\u00e9e du d\u00e9sir de conna\u00eetre le monde sous toutes ses facettes et particularit\u00e9s, de d\u00e9montrer \u00e0 la fois la richesse et la puissance des tr\u00e9sors acquis. Un livre d&#8217;une grande vari\u00e9t\u00e9 iconographique qui nous fait r\u00eaver et admirer ces collections en suivant l&#8217;histoire des \u00e9changes mondiaux.<\/p>\n","protected":false},"excerpt":{"rendered":"<p>A l&#8217;image de la visite d&#8217;un cabinet de curiosit\u00e9s, ce catalogue propose de montrer des objets d&#8217;art extraordinaires appartenant aux collections des 14 mus\u00e9es d&#8217;art de Dresde. Cette s\u00e9lection d&#8217;une centaine d&#8217;objets singuliers et remarquables allant du XVIe au XXIe si\u00e8cle met en \u00e9vidence les divers liens qui unissent l&#8217;Europe au reste du monde. En [&hellip;]<\/p>\n","protected":false},"featured_media":17233,"template":"","meta":[],"product_cat":[55,2948,18,2952],"product_tag":[],"acf":[],"yoast_head":"<!-- This site is optimized with the Yoast SEO plugin v20.11 - https:\/\/yoast.com\/wordpress\/plugins\/seo\/ -->\n<title>MIROIR DU MONDE - Librairie 7L<\/title>\n<meta name=\"robots\" content=\"index, follow, max-snippet:-1, max-image-preview:large, max-video-preview:-1\" \/>\n<link rel=\"canonical\" href=\"https:\/\/librairie7l.com\/en\/produit\/ambassadeurs-du-monde-5-siecles-dechanges-culturels\/\" \/>\n<meta property=\"og:locale\" content=\"en_US\" \/>\n<meta property=\"og:type\" content=\"article\" \/>\n<meta property=\"og:title\" content=\"MIROIR DU MONDE - Librairie 7L\" \/>\n<meta property=\"og:description\" content=\"A l&#8217;image de la visite d&#8217;un cabinet de curiosit\u00e9s, ce catalogue propose de montrer des objets d&#8217;art extraordinaires appartenant aux collections des 14 mus\u00e9es d&#8217;art de Dresde. Cette s\u00e9lection d&#8217;une centaine d&#8217;objets singuliers et remarquables allant du XVIe au XXIe si\u00e8cle met en \u00e9vidence les divers liens qui unissent l&#8217;Europe au reste du monde. En [&hellip;]\" \/>\n<meta property=\"og:url\" content=\"https:\/\/librairie7l.com\/en\/produit\/ambassadeurs-du-monde-5-siecles-dechanges-culturels\/\" \/>\n<meta property=\"og:site_name\" content=\"Librairie 7L\" \/>\n<meta property=\"article:modified_time\" content=\"2026-05-01T12:43:42+00:00\" \/>\n<meta property=\"og:image\" content=\"https:\/\/librairie7l.com\/wp-content\/uploads\/2022\/09\/9782711879335_1_75.jpg\" \/>\n\t<meta property=\"og:image:width\" content=\"600\" \/>\n\t<meta property=\"og:image:height\" content=\"912\" \/>\n\t<meta property=\"og:image:type\" content=\"image\/jpeg\" \/>\n<meta name=\"twitter:card\" content=\"summary_large_image\" \/>\n<meta name=\"twitter:label1\" content=\"Est. reading time\" \/>\n\t<meta name=\"twitter:data1\" content=\"1 minute\" \/>\n<script type=\"application\/ld+json\" class=\"yoast-schema-graph\">{\"@context\":\"https:\/\/schema.org\",\"@graph\":[{\"@type\":\"WebPage\",\"@id\":\"https:\/\/librairie7l.com\/en\/produit\/ambassadeurs-du-monde-5-siecles-dechanges-culturels\/\",\"url\":\"https:\/\/librairie7l.com\/en\/produit\/ambassadeurs-du-monde-5-siecles-dechanges-culturels\/\",\"name\":\"MIROIR DU MONDE - Librairie 7L\",\"isPartOf\":{\"@id\":\"https:\/\/librairie7l.com\/en\/#website\"},\"datePublished\":\"2023-05-09T15:28:15+00:00\",\"dateModified\":\"2026-05-01T12:43:42+00:00\",\"breadcrumb\":{\"@id\":\"https:\/\/librairie7l.com\/en\/produit\/ambassadeurs-du-monde-5-siecles-dechanges-culturels\/#breadcrumb\"},\"inLanguage\":\"en-US\",\"potentialAction\":[{\"@type\":\"ReadAction\",\"target\":[\"https:\/\/librairie7l.com\/en\/produit\/ambassadeurs-du-monde-5-siecles-dechanges-culturels\/\"]}]},{\"@type\":\"BreadcrumbList\",\"@id\":\"https:\/\/librairie7l.com\/en\/produit\/ambassadeurs-du-monde-5-siecles-dechanges-culturels\/#breadcrumb\",\"itemListElement\":[{\"@type\":\"ListItem\",\"position\":1,\"name\":\"Accueil\",\"item\":\"https:\/\/librairie7l.com\/en\/\"},{\"@type\":\"ListItem\",\"position\":2,\"name\":\"Shop\",\"item\":\"https:\/\/librairie7l.com\/en\/shop\/\"},{\"@type\":\"ListItem\",\"position\":3,\"name\":\"MIROIR DU MONDE\"}]},{\"@type\":\"WebSite\",\"@id\":\"https:\/\/librairie7l.com\/en\/#website\",\"url\":\"https:\/\/librairie7l.com\/en\/\",\"name\":\"Librairie 7L\",\"description\":\"Librairie fond\u00e9e en 1999 par Karl Lagerfeld \u00e0 Paris\",\"publisher\":{\"@id\":\"https:\/\/librairie7l.com\/en\/#organization\"},\"potentialAction\":[{\"@type\":\"SearchAction\",\"target\":{\"@type\":\"EntryPoint\",\"urlTemplate\":\"https:\/\/librairie7l.com\/en\/?s={search_term_string}\"},\"query-input\":\"required name=search_term_string\"}],\"inLanguage\":\"en-US\"},{\"@type\":\"Organization\",\"@id\":\"https:\/\/librairie7l.com\/en\/#organization\",\"name\":\"Librairie 7L\",\"url\":\"https:\/\/librairie7l.com\/en\/\",\"logo\":{\"@type\":\"ImageObject\",\"inLanguage\":\"en-US\",\"@id\":\"https:\/\/librairie7l.com\/en\/#\/schema\/logo\/image\/\",\"url\":\"https:\/\/librairie7l.com\/wp-content\/uploads\/2022\/08\/logo-1.png\",\"contentUrl\":\"https:\/\/librairie7l.com\/wp-content\/uploads\/2022\/08\/logo-1.png\",\"width\":227,\"height\":301,\"caption\":\"Librairie 7L\"},\"image\":{\"@id\":\"https:\/\/librairie7l.com\/en\/#\/schema\/logo\/image\/\"}}]}<\/script>\n<!-- \/ Yoast SEO plugin. -->","yoast_head_json":{"title":"MIROIR DU MONDE - Librairie 7L","robots":{"index":"index","follow":"follow","max-snippet":"max-snippet:-1","max-image-preview":"max-image-preview:large","max-video-preview":"max-video-preview:-1"},"canonical":"https:\/\/librairie7l.com\/en\/produit\/ambassadeurs-du-monde-5-siecles-dechanges-culturels\/","og_locale":"en_US","og_type":"article","og_title":"MIROIR DU MONDE - Librairie 7L","og_description":"A l&#8217;image de la visite d&#8217;un cabinet de curiosit\u00e9s, ce catalogue propose de montrer des objets d&#8217;art extraordinaires appartenant aux collections des 14 mus\u00e9es d&#8217;art de Dresde. Cette s\u00e9lection d&#8217;une centaine d&#8217;objets singuliers et remarquables allant du XVIe au XXIe si\u00e8cle met en \u00e9vidence les divers liens qui unissent l&#8217;Europe au reste du monde. En [&hellip;]","og_url":"https:\/\/librairie7l.com\/en\/produit\/ambassadeurs-du-monde-5-siecles-dechanges-culturels\/","og_site_name":"Librairie 7L","article_modified_time":"2026-05-01T12:43:42+00:00","og_image":[{"width":600,"height":912,"url":"https:\/\/librairie7l.com\/wp-content\/uploads\/2022\/09\/9782711879335_1_75.jpg","type":"image\/jpeg"}],"twitter_card":"summary_large_image","twitter_misc":{"Est. reading time":"1 minute"},"schema":{"@context":"https:\/\/schema.org","@graph":[{"@type":"WebPage","@id":"https:\/\/librairie7l.com\/en\/produit\/ambassadeurs-du-monde-5-siecles-dechanges-culturels\/","url":"https:\/\/librairie7l.com\/en\/produit\/ambassadeurs-du-monde-5-siecles-dechanges-culturels\/","name":"MIROIR DU MONDE - Librairie 7L","isPartOf":{"@id":"https:\/\/librairie7l.com\/en\/#website"},"datePublished":"2023-05-09T15:28:15+00:00","dateModified":"2026-05-01T12:43:42+00:00","breadcrumb":{"@id":"https:\/\/librairie7l.com\/en\/produit\/ambassadeurs-du-monde-5-siecles-dechanges-culturels\/#breadcrumb"},"inLanguage":"en-US","potentialAction":[{"@type":"ReadAction","target":["https:\/\/librairie7l.com\/en\/produit\/ambassadeurs-du-monde-5-siecles-dechanges-culturels\/"]}]},{"@type":"BreadcrumbList","@id":"https:\/\/librairie7l.com\/en\/produit\/ambassadeurs-du-monde-5-siecles-dechanges-culturels\/#breadcrumb","itemListElement":[{"@type":"ListItem","position":1,"name":"Accueil","item":"https:\/\/librairie7l.com\/en\/"},{"@type":"ListItem","position":2,"name":"Shop","item":"https:\/\/librairie7l.com\/en\/shop\/"},{"@type":"ListItem","position":3,"name":"MIROIR DU MONDE"}]},{"@type":"WebSite","@id":"https:\/\/librairie7l.com\/en\/#website","url":"https:\/\/librairie7l.com\/en\/","name":"Librairie 7L","description":"Librairie fond\u00e9e en 1999 par Karl Lagerfeld \u00e0 Paris","publisher":{"@id":"https:\/\/librairie7l.com\/en\/#organization"},"potentialAction":[{"@type":"SearchAction","target":{"@type":"EntryPoint","urlTemplate":"https:\/\/librairie7l.com\/en\/?s={search_term_string}"},"query-input":"required name=search_term_string"}],"inLanguage":"en-US"},{"@type":"Organization","@id":"https:\/\/librairie7l.com\/en\/#organization","name":"Librairie 7L","url":"https:\/\/librairie7l.com\/en\/","logo":{"@type":"ImageObject","inLanguage":"en-US","@id":"https:\/\/librairie7l.com\/en\/#\/schema\/logo\/image\/","url":"https:\/\/librairie7l.com\/wp-content\/uploads\/2022\/08\/logo-1.png","contentUrl":"https:\/\/librairie7l.com\/wp-content\/uploads\/2022\/08\/logo-1.png","width":227,"height":301,"caption":"Librairie 7L"},"image":{"@id":"https:\/\/librairie7l.com\/en\/#\/schema\/logo\/image\/"}}]}},"_links":{"self":[{"href":"https:\/\/librairie7l.com\/en\/wp-json\/wp\/v2\/product\/17235"}],"collection":[{"href":"https:\/\/librairie7l.com\/en\/wp-json\/wp\/v2\/product"}],"about":[{"href":"https:\/\/librairie7l.com\/en\/wp-json\/wp\/v2\/types\/product"}],"wp:featuredmedia":[{"embeddable":true,"href":"https:\/\/librairie7l.com\/en\/wp-json\/wp\/v2\/media\/17233"}],"wp:attachment":[{"href":"https:\/\/librairie7l.com\/en\/wp-json\/wp\/v2\/media?parent=17235"}],"wp:term":[{"taxonomy":"product_cat","embeddable":true,"href":"https:\/\/librairie7l.com\/en\/wp-json\/wp\/v2\/product_cat?post=17235"},{"taxonomy":"product_tag","embeddable":true,"href":"https:\/\/librairie7l.com\/en\/wp-json\/wp\/v2\/product_tag?post=17235"}],"curies":[{"name":"wp","href":"https:\/\/api.w.org\/{rel}","templated":true}]}}