{"id":17251,"date":"2023-05-09T17:28:27","date_gmt":"2023-05-09T15:28:27","guid":{"rendered":"https:\/\/librairie7l.com\/?post_type=product&#038;p=17251"},"modified":"2026-04-05T11:07:59","modified_gmt":"2026-04-05T09:07:59","slug":"flore-des-friches-urbaines","status":"publish","type":"product","link":"https:\/\/librairie7l.com\/en\/produit\/flore-des-friches-urbaines\/","title":{"rendered":"FLORE DES FRICHES URBAINES"},"content":{"rendered":"<p>Un catalogue raisonn\u00e9 des herbes folles : nouvelle \u00e9dition augment\u00e9e de la flore de r\u00e9f\u00e9rence, fruit de 20 ann\u00e9es d&#8217;\u00e9tudes et de relev\u00e9s floristiques sur une multitude de friches urbaines, permettant, \u00e0 travers 600 photographies et 800 dessins originaux, de reconna\u00eetre et de nommer quelque 300 plantes silencieuses que nous croisons tous les jours. Un herbier m\u00e9thodique des terrains vagues qui constitue un v\u00e9ritable guide de la biodiversit\u00e9, beau et ludique, accessible et rigoureux.<br \/>\nCette flore expose la biodiversit\u00e9 des friches urbaines. Elle documente les paysages et les v\u00e9g\u00e9tations ; elle invite \u00e0 reconna\u00eetre et nommer les 299 plantes les plus communes qu&#8217;elles abritent ; elle peut agir comme un jeu ; elle m\u00e8ne vers un nouvel univers de sens et de savoirs.<br \/>\nLes friches sont un monde, un refuge. Elles donnent asile \u00e0 une prodigieuse diversit\u00e9 d&#8217;esp\u00e8ces v\u00e9g\u00e9tales et animales en milieu urbain. Les zones postindustrielles d\u00e9saffect\u00e9es, les vergers \u00e0 l&#8217;abandon, les terrains d\u00e9laiss\u00e9s le long des voies ferr\u00e9es ou des cours d&#8217;eau sont des espaces d&#8217;exp\u00e9riences sensorielles d&#8217;une intensit\u00e9 ignor\u00e9e.<br \/>\nSautant les barri\u00e8res qui les en s\u00e9parent, le fl\u00e2neur, le lecteur plongent alors dans une nature g\u00e9n\u00e9reuse, exub\u00e9rante, f\u00e9brile. La ville n&#8217;y est plus que rumeur, un bruit de fond.<\/p>\n<p>\u00ab Ce livre s&#8217;adresse \u00e0 tous ceux qui, assis dans le train, font flotter le regard sur les plantes accroch\u00e9es aux vieux ballasts. A ceux aussi qui, cal\u00e9s sur la banquette arri\u00e8re de la voiture, remarquent du coin de l&#8217;oeil la verdure des terrains vagues. [&#8230;] Due \u00e0 la botaniste Audrey Muratet, au photographe Myr Muratet et \u00e0 la dessinatrice Marie Pellaton, cette compilation explique les m\u00e9canismes de survie, et m\u00eame de prosp\u00e9rit\u00e9 des plantes, dans ces milieux qu&#8217;on croit inhospitaliers. L&#8217;ouvrage est la premi\u00e8re flore qui leur est consacr\u00e9e, et la seule du genre. [&#8230;] Un ouvrage m\u00e9thodique, syst\u00e9matique, scientifique et pourtant po\u00e9tique. \u00bb Sibylle Vincendon, Lib\u00e9ration Nouvelle \u00e9dition augment\u00e9e de l&#8217;ouvrage publi\u00e9 aux \u00e9ditions Xavier Barral en 2017.<\/p>\n","protected":false},"excerpt":{"rendered":"<p>Un catalogue raisonn\u00e9 des herbes folles : nouvelle \u00e9dition augment\u00e9e de la flore de r\u00e9f\u00e9rence, fruit de 20 ann\u00e9es d&#8217;\u00e9tudes et de relev\u00e9s floristiques sur une multitude de friches urbaines, permettant, \u00e0 travers 600 photographies et 800 dessins originaux, de reconna\u00eetre et de nommer quelque 300 plantes silencieuses que nous croisons tous les jours. Un [&hellip;]<\/p>\n","protected":false},"featured_media":17249,"template":"","meta":[],"product_cat":[55,2948,2956,23],"product_tag":[],"acf":[],"yoast_head":"<!-- This site is optimized with the Yoast SEO plugin v20.11 - https:\/\/yoast.com\/wordpress\/plugins\/seo\/ -->\n<title>FLORE DES FRICHES URBAINES - Librairie 7L<\/title>\n<meta name=\"robots\" content=\"index, follow, max-snippet:-1, max-image-preview:large, max-video-preview:-1\" \/>\n<link rel=\"canonical\" href=\"https:\/\/librairie7l.com\/en\/produit\/flore-des-friches-urbaines\/\" \/>\n<meta property=\"og:locale\" content=\"en_US\" \/>\n<meta property=\"og:type\" content=\"article\" \/>\n<meta property=\"og:title\" content=\"FLORE DES FRICHES URBAINES - Librairie 7L\" \/>\n<meta property=\"og:description\" content=\"Un catalogue raisonn\u00e9 des herbes folles : nouvelle \u00e9dition augment\u00e9e de la flore de r\u00e9f\u00e9rence, fruit de 20 ann\u00e9es d&#8217;\u00e9tudes et de relev\u00e9s floristiques sur une multitude de friches urbaines, permettant, \u00e0 travers 600 photographies et 800 dessins originaux, de reconna\u00eetre et de nommer quelque 300 plantes silencieuses que nous croisons tous les jours. Un [&hellip;]\" \/>\n<meta property=\"og:url\" content=\"https:\/\/librairie7l.com\/en\/produit\/flore-des-friches-urbaines\/\" \/>\n<meta property=\"og:site_name\" content=\"Librairie 7L\" \/>\n<meta property=\"article:modified_time\" content=\"2026-04-05T09:07:59+00:00\" \/>\n<meta property=\"og:image\" content=\"https:\/\/librairie7l.com\/wp-content\/uploads\/2022\/11\/9782378963644_1_75.jpg\" \/>\n\t<meta property=\"og:image:width\" content=\"600\" \/>\n\t<meta property=\"og:image:height\" content=\"943\" \/>\n\t<meta property=\"og:image:type\" content=\"image\/jpeg\" \/>\n<meta name=\"twitter:card\" content=\"summary_large_image\" \/>\n<meta name=\"twitter:label1\" content=\"Est. reading time\" \/>\n\t<meta name=\"twitter:data1\" content=\"2 minutes\" \/>\n<script type=\"application\/ld+json\" class=\"yoast-schema-graph\">{\"@context\":\"https:\/\/schema.org\",\"@graph\":[{\"@type\":\"WebPage\",\"@id\":\"https:\/\/librairie7l.com\/en\/produit\/flore-des-friches-urbaines\/\",\"url\":\"https:\/\/librairie7l.com\/en\/produit\/flore-des-friches-urbaines\/\",\"name\":\"FLORE DES FRICHES URBAINES - Librairie 7L\",\"isPartOf\":{\"@id\":\"https:\/\/librairie7l.com\/en\/#website\"},\"datePublished\":\"2023-05-09T15:28:27+00:00\",\"dateModified\":\"2026-04-05T09:07:59+00:00\",\"breadcrumb\":{\"@id\":\"https:\/\/librairie7l.com\/en\/produit\/flore-des-friches-urbaines\/#breadcrumb\"},\"inLanguage\":\"en-US\",\"potentialAction\":[{\"@type\":\"ReadAction\",\"target\":[\"https:\/\/librairie7l.com\/en\/produit\/flore-des-friches-urbaines\/\"]}]},{\"@type\":\"BreadcrumbList\",\"@id\":\"https:\/\/librairie7l.com\/en\/produit\/flore-des-friches-urbaines\/#breadcrumb\",\"itemListElement\":[{\"@type\":\"ListItem\",\"position\":1,\"name\":\"Accueil\",\"item\":\"https:\/\/librairie7l.com\/en\/\"},{\"@type\":\"ListItem\",\"position\":2,\"name\":\"Shop\",\"item\":\"https:\/\/librairie7l.com\/en\/shop\/\"},{\"@type\":\"ListItem\",\"position\":3,\"name\":\"FLORE DES FRICHES URBAINES\"}]},{\"@type\":\"WebSite\",\"@id\":\"https:\/\/librairie7l.com\/en\/#website\",\"url\":\"https:\/\/librairie7l.com\/en\/\",\"name\":\"Librairie 7L\",\"description\":\"Librairie fond\u00e9e en 1999 par Karl Lagerfeld \u00e0 Paris\",\"publisher\":{\"@id\":\"https:\/\/librairie7l.com\/en\/#organization\"},\"potentialAction\":[{\"@type\":\"SearchAction\",\"target\":{\"@type\":\"EntryPoint\",\"urlTemplate\":\"https:\/\/librairie7l.com\/en\/?s={search_term_string}\"},\"query-input\":\"required name=search_term_string\"}],\"inLanguage\":\"en-US\"},{\"@type\":\"Organization\",\"@id\":\"https:\/\/librairie7l.com\/en\/#organization\",\"name\":\"Librairie 7L\",\"url\":\"https:\/\/librairie7l.com\/en\/\",\"logo\":{\"@type\":\"ImageObject\",\"inLanguage\":\"en-US\",\"@id\":\"https:\/\/librairie7l.com\/en\/#\/schema\/logo\/image\/\",\"url\":\"https:\/\/librairie7l.com\/wp-content\/uploads\/2022\/08\/logo-1.png\",\"contentUrl\":\"https:\/\/librairie7l.com\/wp-content\/uploads\/2022\/08\/logo-1.png\",\"width\":227,\"height\":301,\"caption\":\"Librairie 7L\"},\"image\":{\"@id\":\"https:\/\/librairie7l.com\/en\/#\/schema\/logo\/image\/\"}}]}<\/script>\n<!-- \/ Yoast SEO plugin. -->","yoast_head_json":{"title":"FLORE DES FRICHES URBAINES - Librairie 7L","robots":{"index":"index","follow":"follow","max-snippet":"max-snippet:-1","max-image-preview":"max-image-preview:large","max-video-preview":"max-video-preview:-1"},"canonical":"https:\/\/librairie7l.com\/en\/produit\/flore-des-friches-urbaines\/","og_locale":"en_US","og_type":"article","og_title":"FLORE DES FRICHES URBAINES - Librairie 7L","og_description":"Un catalogue raisonn\u00e9 des herbes folles : nouvelle \u00e9dition augment\u00e9e de la flore de r\u00e9f\u00e9rence, fruit de 20 ann\u00e9es d&#8217;\u00e9tudes et de relev\u00e9s floristiques sur une multitude de friches urbaines, permettant, \u00e0 travers 600 photographies et 800 dessins originaux, de reconna\u00eetre et de nommer quelque 300 plantes silencieuses que nous croisons tous les jours. Un [&hellip;]","og_url":"https:\/\/librairie7l.com\/en\/produit\/flore-des-friches-urbaines\/","og_site_name":"Librairie 7L","article_modified_time":"2026-04-05T09:07:59+00:00","og_image":[{"width":600,"height":943,"url":"https:\/\/librairie7l.com\/wp-content\/uploads\/2022\/11\/9782378963644_1_75.jpg","type":"image\/jpeg"}],"twitter_card":"summary_large_image","twitter_misc":{"Est. reading time":"2 minutes"},"schema":{"@context":"https:\/\/schema.org","@graph":[{"@type":"WebPage","@id":"https:\/\/librairie7l.com\/en\/produit\/flore-des-friches-urbaines\/","url":"https:\/\/librairie7l.com\/en\/produit\/flore-des-friches-urbaines\/","name":"FLORE DES FRICHES URBAINES - Librairie 7L","isPartOf":{"@id":"https:\/\/librairie7l.com\/en\/#website"},"datePublished":"2023-05-09T15:28:27+00:00","dateModified":"2026-04-05T09:07:59+00:00","breadcrumb":{"@id":"https:\/\/librairie7l.com\/en\/produit\/flore-des-friches-urbaines\/#breadcrumb"},"inLanguage":"en-US","potentialAction":[{"@type":"ReadAction","target":["https:\/\/librairie7l.com\/en\/produit\/flore-des-friches-urbaines\/"]}]},{"@type":"BreadcrumbList","@id":"https:\/\/librairie7l.com\/en\/produit\/flore-des-friches-urbaines\/#breadcrumb","itemListElement":[{"@type":"ListItem","position":1,"name":"Accueil","item":"https:\/\/librairie7l.com\/en\/"},{"@type":"ListItem","position":2,"name":"Shop","item":"https:\/\/librairie7l.com\/en\/shop\/"},{"@type":"ListItem","position":3,"name":"FLORE DES FRICHES URBAINES"}]},{"@type":"WebSite","@id":"https:\/\/librairie7l.com\/en\/#website","url":"https:\/\/librairie7l.com\/en\/","name":"Librairie 7L","description":"Librairie fond\u00e9e en 1999 par Karl Lagerfeld \u00e0 Paris","publisher":{"@id":"https:\/\/librairie7l.com\/en\/#organization"},"potentialAction":[{"@type":"SearchAction","target":{"@type":"EntryPoint","urlTemplate":"https:\/\/librairie7l.com\/en\/?s={search_term_string}"},"query-input":"required name=search_term_string"}],"inLanguage":"en-US"},{"@type":"Organization","@id":"https:\/\/librairie7l.com\/en\/#organization","name":"Librairie 7L","url":"https:\/\/librairie7l.com\/en\/","logo":{"@type":"ImageObject","inLanguage":"en-US","@id":"https:\/\/librairie7l.com\/en\/#\/schema\/logo\/image\/","url":"https:\/\/librairie7l.com\/wp-content\/uploads\/2022\/08\/logo-1.png","contentUrl":"https:\/\/librairie7l.com\/wp-content\/uploads\/2022\/08\/logo-1.png","width":227,"height":301,"caption":"Librairie 7L"},"image":{"@id":"https:\/\/librairie7l.com\/en\/#\/schema\/logo\/image\/"}}]}},"_links":{"self":[{"href":"https:\/\/librairie7l.com\/en\/wp-json\/wp\/v2\/product\/17251"}],"collection":[{"href":"https:\/\/librairie7l.com\/en\/wp-json\/wp\/v2\/product"}],"about":[{"href":"https:\/\/librairie7l.com\/en\/wp-json\/wp\/v2\/types\/product"}],"wp:featuredmedia":[{"embeddable":true,"href":"https:\/\/librairie7l.com\/en\/wp-json\/wp\/v2\/media\/17249"}],"wp:attachment":[{"href":"https:\/\/librairie7l.com\/en\/wp-json\/wp\/v2\/media?parent=17251"}],"wp:term":[{"taxonomy":"product_cat","embeddable":true,"href":"https:\/\/librairie7l.com\/en\/wp-json\/wp\/v2\/product_cat?post=17251"},{"taxonomy":"product_tag","embeddable":true,"href":"https:\/\/librairie7l.com\/en\/wp-json\/wp\/v2\/product_tag?post=17251"}],"curies":[{"name":"wp","href":"https:\/\/api.w.org\/{rel}","templated":true}]}}