{"id":17267,"date":"2023-05-09T17:28:42","date_gmt":"2023-05-09T15:28:42","guid":{"rendered":"https:\/\/librairie7l.com\/?post_type=product&#038;p=17267"},"modified":"2026-04-16T10:06:45","modified_gmt":"2026-04-16T08:06:45","slug":"toucher-le-feu-femmes-ceramistes-au-japon","status":"publish","type":"product","link":"https:\/\/librairie7l.com\/en\/produit\/toucher-le-feu-femmes-ceramistes-au-japon\/","title":{"rendered":"TOUCHER LE FEU, FEMMES C\u00c9RAMISTES AU JAPON"},"content":{"rendered":"<p>Depuis cinq ans, le MNAAG a fait de la c\u00e9ramique des c\u00e9ramistes japonaises un axe majeur de sa politique d&#8217;enrichissement des collections. En 2016, il faisait l&#8217;acquisition d&#8217;une premi\u00e8re pi\u00e8ce de porcelaine blanche due \u00e0 la c\u00e9ramiste Hitomi Hosono (n\u00e9e en 1979). Son travail, embl\u00e9matique de la cr\u00e9ativit\u00e9 d&#8217;un art de la c\u00e9ramique contemporaine au Japon dans lequel les femmes sont \u00e0 la pointe, a inaugur\u00e9 une r\u00e9flexion sur l&#8217;ouverture du mus\u00e9e \u00e0 ce champ artistique : la c\u00e9ramique contemporaine japonaise est une des plus dynamiques au monde ; elle pose \u00e9galement de fa\u00e7on exemplaire la question d&#8217;une sp\u00e9cificit\u00e9 de la cr\u00e9ation des femmes. Ces artistes acc\u00e8dent \u00e0 la pratique de la c\u00e9ramique gr\u00e2ce aux formations qui leur sont ouvertes dans les \u00e9coles d&#8217;art seulement apr\u00e8s la Seconde Guerre mondiale, en 1945 pour l&#8217;universit\u00e9 des arts de Kyoto, en 1952 pour celle de Tokyo. Apr\u00e8s des si\u00e8cles d&#8217;interdit, les femmes ont d\u00e8s lors \u00ab acc\u00e8s au feu \u00bb.Suivant un axe soutenu par le minist\u00e8re de la Culture, le MNAAG a depuis poursuivi l&#8217;enrichissement de ses collections dans ce domaine o\u00f9 la place de \u00ab  l&#8217;artiste femme  \u00bb est \u00e0 la fois singuli\u00e8re et \u00e9minente, avec l&#8217;acquisition de dix oeuvres du xxe et du xxie si\u00e8cle.<\/p>\n","protected":false},"excerpt":{"rendered":"<p>Depuis cinq ans, le MNAAG a fait de la c\u00e9ramique des c\u00e9ramistes japonaises un axe majeur de sa politique d&#8217;enrichissement des collections. En 2016, il faisait l&#8217;acquisition d&#8217;une premi\u00e8re pi\u00e8ce de porcelaine blanche due \u00e0 la c\u00e9ramiste Hitomi Hosono (n\u00e9e en 1979). Son travail, embl\u00e9matique de la cr\u00e9ativit\u00e9 d&#8217;un art de la c\u00e9ramique contemporaine au [&hellip;]<\/p>\n","protected":false},"featured_media":17265,"template":"","meta":[],"product_cat":[55,2948,18,2952],"product_tag":[],"acf":[],"yoast_head":"<!-- This site is optimized with the Yoast SEO plugin v20.11 - https:\/\/yoast.com\/wordpress\/plugins\/seo\/ -->\n<title>TOUCHER LE FEU, FEMMES C\u00c9RAMISTES AU JAPON - Librairie 7L<\/title>\n<meta name=\"robots\" content=\"index, follow, max-snippet:-1, max-image-preview:large, max-video-preview:-1\" \/>\n<link rel=\"canonical\" href=\"https:\/\/librairie7l.com\/en\/produit\/toucher-le-feu-femmes-ceramistes-au-japon\/\" \/>\n<meta property=\"og:locale\" content=\"en_US\" \/>\n<meta property=\"og:type\" content=\"article\" \/>\n<meta property=\"og:title\" content=\"TOUCHER LE FEU, FEMMES C\u00c9RAMISTES AU JAPON - Librairie 7L\" \/>\n<meta property=\"og:description\" content=\"Depuis cinq ans, le MNAAG a fait de la c\u00e9ramique des c\u00e9ramistes japonaises un axe majeur de sa politique d&#8217;enrichissement des collections. En 2016, il faisait l&#8217;acquisition d&#8217;une premi\u00e8re pi\u00e8ce de porcelaine blanche due \u00e0 la c\u00e9ramiste Hitomi Hosono (n\u00e9e en 1979). Son travail, embl\u00e9matique de la cr\u00e9ativit\u00e9 d&#8217;un art de la c\u00e9ramique contemporaine au [&hellip;]\" \/>\n<meta property=\"og:url\" content=\"https:\/\/librairie7l.com\/en\/produit\/toucher-le-feu-femmes-ceramistes-au-japon\/\" \/>\n<meta property=\"og:site_name\" content=\"Librairie 7L\" \/>\n<meta property=\"article:modified_time\" content=\"2026-04-16T08:06:45+00:00\" \/>\n<meta property=\"og:image\" content=\"https:\/\/librairie7l.com\/wp-content\/uploads\/2022\/05\/9782711879298_1_75.jpg\" \/>\n\t<meta property=\"og:image:width\" content=\"600\" \/>\n\t<meta property=\"og:image:height\" content=\"836\" \/>\n\t<meta property=\"og:image:type\" content=\"image\/jpeg\" \/>\n<meta name=\"twitter:card\" content=\"summary_large_image\" \/>\n<meta name=\"twitter:label1\" content=\"Est. reading time\" \/>\n\t<meta name=\"twitter:data1\" content=\"1 minute\" \/>\n<script type=\"application\/ld+json\" class=\"yoast-schema-graph\">{\"@context\":\"https:\/\/schema.org\",\"@graph\":[{\"@type\":\"WebPage\",\"@id\":\"https:\/\/librairie7l.com\/en\/produit\/toucher-le-feu-femmes-ceramistes-au-japon\/\",\"url\":\"https:\/\/librairie7l.com\/en\/produit\/toucher-le-feu-femmes-ceramistes-au-japon\/\",\"name\":\"TOUCHER LE FEU, FEMMES C\u00c9RAMISTES AU JAPON - Librairie 7L\",\"isPartOf\":{\"@id\":\"https:\/\/librairie7l.com\/en\/#website\"},\"datePublished\":\"2023-05-09T15:28:42+00:00\",\"dateModified\":\"2026-04-16T08:06:45+00:00\",\"breadcrumb\":{\"@id\":\"https:\/\/librairie7l.com\/en\/produit\/toucher-le-feu-femmes-ceramistes-au-japon\/#breadcrumb\"},\"inLanguage\":\"en-US\",\"potentialAction\":[{\"@type\":\"ReadAction\",\"target\":[\"https:\/\/librairie7l.com\/en\/produit\/toucher-le-feu-femmes-ceramistes-au-japon\/\"]}]},{\"@type\":\"BreadcrumbList\",\"@id\":\"https:\/\/librairie7l.com\/en\/produit\/toucher-le-feu-femmes-ceramistes-au-japon\/#breadcrumb\",\"itemListElement\":[{\"@type\":\"ListItem\",\"position\":1,\"name\":\"Accueil\",\"item\":\"https:\/\/librairie7l.com\/en\/\"},{\"@type\":\"ListItem\",\"position\":2,\"name\":\"Shop\",\"item\":\"https:\/\/librairie7l.com\/en\/shop\/\"},{\"@type\":\"ListItem\",\"position\":3,\"name\":\"TOUCHER LE FEU, FEMMES C\u00c9RAMISTES AU JAPON\"}]},{\"@type\":\"WebSite\",\"@id\":\"https:\/\/librairie7l.com\/en\/#website\",\"url\":\"https:\/\/librairie7l.com\/en\/\",\"name\":\"Librairie 7L\",\"description\":\"Librairie fond\u00e9e en 1999 par Karl Lagerfeld \u00e0 Paris\",\"publisher\":{\"@id\":\"https:\/\/librairie7l.com\/en\/#organization\"},\"potentialAction\":[{\"@type\":\"SearchAction\",\"target\":{\"@type\":\"EntryPoint\",\"urlTemplate\":\"https:\/\/librairie7l.com\/en\/?s={search_term_string}\"},\"query-input\":\"required name=search_term_string\"}],\"inLanguage\":\"en-US\"},{\"@type\":\"Organization\",\"@id\":\"https:\/\/librairie7l.com\/en\/#organization\",\"name\":\"Librairie 7L\",\"url\":\"https:\/\/librairie7l.com\/en\/\",\"logo\":{\"@type\":\"ImageObject\",\"inLanguage\":\"en-US\",\"@id\":\"https:\/\/librairie7l.com\/en\/#\/schema\/logo\/image\/\",\"url\":\"https:\/\/librairie7l.com\/wp-content\/uploads\/2022\/08\/logo-1.png\",\"contentUrl\":\"https:\/\/librairie7l.com\/wp-content\/uploads\/2022\/08\/logo-1.png\",\"width\":227,\"height\":301,\"caption\":\"Librairie 7L\"},\"image\":{\"@id\":\"https:\/\/librairie7l.com\/en\/#\/schema\/logo\/image\/\"}}]}<\/script>\n<!-- \/ Yoast SEO plugin. -->","yoast_head_json":{"title":"TOUCHER LE FEU, FEMMES C\u00c9RAMISTES AU JAPON - Librairie 7L","robots":{"index":"index","follow":"follow","max-snippet":"max-snippet:-1","max-image-preview":"max-image-preview:large","max-video-preview":"max-video-preview:-1"},"canonical":"https:\/\/librairie7l.com\/en\/produit\/toucher-le-feu-femmes-ceramistes-au-japon\/","og_locale":"en_US","og_type":"article","og_title":"TOUCHER LE FEU, FEMMES C\u00c9RAMISTES AU JAPON - Librairie 7L","og_description":"Depuis cinq ans, le MNAAG a fait de la c\u00e9ramique des c\u00e9ramistes japonaises un axe majeur de sa politique d&#8217;enrichissement des collections. En 2016, il faisait l&#8217;acquisition d&#8217;une premi\u00e8re pi\u00e8ce de porcelaine blanche due \u00e0 la c\u00e9ramiste Hitomi Hosono (n\u00e9e en 1979). Son travail, embl\u00e9matique de la cr\u00e9ativit\u00e9 d&#8217;un art de la c\u00e9ramique contemporaine au [&hellip;]","og_url":"https:\/\/librairie7l.com\/en\/produit\/toucher-le-feu-femmes-ceramistes-au-japon\/","og_site_name":"Librairie 7L","article_modified_time":"2026-04-16T08:06:45+00:00","og_image":[{"width":600,"height":836,"url":"https:\/\/librairie7l.com\/wp-content\/uploads\/2022\/05\/9782711879298_1_75.jpg","type":"image\/jpeg"}],"twitter_card":"summary_large_image","twitter_misc":{"Est. reading time":"1 minute"},"schema":{"@context":"https:\/\/schema.org","@graph":[{"@type":"WebPage","@id":"https:\/\/librairie7l.com\/en\/produit\/toucher-le-feu-femmes-ceramistes-au-japon\/","url":"https:\/\/librairie7l.com\/en\/produit\/toucher-le-feu-femmes-ceramistes-au-japon\/","name":"TOUCHER LE FEU, FEMMES C\u00c9RAMISTES AU JAPON - Librairie 7L","isPartOf":{"@id":"https:\/\/librairie7l.com\/en\/#website"},"datePublished":"2023-05-09T15:28:42+00:00","dateModified":"2026-04-16T08:06:45+00:00","breadcrumb":{"@id":"https:\/\/librairie7l.com\/en\/produit\/toucher-le-feu-femmes-ceramistes-au-japon\/#breadcrumb"},"inLanguage":"en-US","potentialAction":[{"@type":"ReadAction","target":["https:\/\/librairie7l.com\/en\/produit\/toucher-le-feu-femmes-ceramistes-au-japon\/"]}]},{"@type":"BreadcrumbList","@id":"https:\/\/librairie7l.com\/en\/produit\/toucher-le-feu-femmes-ceramistes-au-japon\/#breadcrumb","itemListElement":[{"@type":"ListItem","position":1,"name":"Accueil","item":"https:\/\/librairie7l.com\/en\/"},{"@type":"ListItem","position":2,"name":"Shop","item":"https:\/\/librairie7l.com\/en\/shop\/"},{"@type":"ListItem","position":3,"name":"TOUCHER LE FEU, FEMMES C\u00c9RAMISTES AU JAPON"}]},{"@type":"WebSite","@id":"https:\/\/librairie7l.com\/en\/#website","url":"https:\/\/librairie7l.com\/en\/","name":"Librairie 7L","description":"Librairie fond\u00e9e en 1999 par Karl Lagerfeld \u00e0 Paris","publisher":{"@id":"https:\/\/librairie7l.com\/en\/#organization"},"potentialAction":[{"@type":"SearchAction","target":{"@type":"EntryPoint","urlTemplate":"https:\/\/librairie7l.com\/en\/?s={search_term_string}"},"query-input":"required name=search_term_string"}],"inLanguage":"en-US"},{"@type":"Organization","@id":"https:\/\/librairie7l.com\/en\/#organization","name":"Librairie 7L","url":"https:\/\/librairie7l.com\/en\/","logo":{"@type":"ImageObject","inLanguage":"en-US","@id":"https:\/\/librairie7l.com\/en\/#\/schema\/logo\/image\/","url":"https:\/\/librairie7l.com\/wp-content\/uploads\/2022\/08\/logo-1.png","contentUrl":"https:\/\/librairie7l.com\/wp-content\/uploads\/2022\/08\/logo-1.png","width":227,"height":301,"caption":"Librairie 7L"},"image":{"@id":"https:\/\/librairie7l.com\/en\/#\/schema\/logo\/image\/"}}]}},"_links":{"self":[{"href":"https:\/\/librairie7l.com\/en\/wp-json\/wp\/v2\/product\/17267"}],"collection":[{"href":"https:\/\/librairie7l.com\/en\/wp-json\/wp\/v2\/product"}],"about":[{"href":"https:\/\/librairie7l.com\/en\/wp-json\/wp\/v2\/types\/product"}],"wp:featuredmedia":[{"embeddable":true,"href":"https:\/\/librairie7l.com\/en\/wp-json\/wp\/v2\/media\/17265"}],"wp:attachment":[{"href":"https:\/\/librairie7l.com\/en\/wp-json\/wp\/v2\/media?parent=17267"}],"wp:term":[{"taxonomy":"product_cat","embeddable":true,"href":"https:\/\/librairie7l.com\/en\/wp-json\/wp\/v2\/product_cat?post=17267"},{"taxonomy":"product_tag","embeddable":true,"href":"https:\/\/librairie7l.com\/en\/wp-json\/wp\/v2\/product_tag?post=17267"}],"curies":[{"name":"wp","href":"https:\/\/api.w.org\/{rel}","templated":true}]}}