{"id":17271,"date":"2023-05-09T17:28:45","date_gmt":"2023-05-09T15:28:45","guid":{"rendered":"https:\/\/librairie7l.com\/?post_type=product&#038;p=17271"},"modified":"2026-04-26T17:40:05","modified_gmt":"2026-04-26T15:40:05","slug":"fred-un-joaillier-solaire","status":"publish","type":"product","link":"https:\/\/librairie7l.com\/en\/produit\/fred-un-joaillier-solaire\/","title":{"rendered":"FRED, UN JOAILLIER SOLAIRE"},"content":{"rendered":"<p>Depuis 85 ans, la maison FRED incarne l&#8217;audace et la joie de vivre. Fid\u00e8le \u00e0 l&#8217;esprit avant-gardiste de son fondateur Fred Samuel, le c\u00e9l\u00e8bre joaillier parisien brille par sa vision d&#8217;un art de vivre \u00e0 l&#8217;\u00e9l\u00e9gance d\u00e9contract\u00e9e, avec des collections inspir\u00e9es par la lumi\u00e8re et la mer. Pour la premi\u00e8re fois, est d\u00e9voil\u00e9e dans ce livre la remarquable histoire de ce cr\u00e9ateur iconoclaste, depuis l&#8217;Argentine, terre natale de Fred Samuel, jusqu&#8217;aux rives de la Californie et de la French Riviera. Illustr\u00e9 de nombreux documents d&#8217;archives et photos de famille, mais aussi de cr\u00e9ations embl\u00e9matiques et de pi\u00e8ces uniques de haute joaillerie, cet ouvrage nous fait d\u00e9couvrir un joaillier libre et visionnaire.<\/p>\n","protected":false},"excerpt":{"rendered":"<p>Depuis 85 ans, la maison FRED incarne l&#8217;audace et la joie de vivre. Fid\u00e8le \u00e0 l&#8217;esprit avant-gardiste de son fondateur Fred Samuel, le c\u00e9l\u00e8bre joaillier parisien brille par sa vision d&#8217;un art de vivre \u00e0 l&#8217;\u00e9l\u00e9gance d\u00e9contract\u00e9e, avec des collections inspir\u00e9es par la lumi\u00e8re et la mer. Pour la premi\u00e8re fois, est d\u00e9voil\u00e9e dans ce [&hellip;]<\/p>\n","protected":false},"featured_media":17269,"template":"","meta":[],"product_cat":[55,2948,2957,19],"product_tag":[],"acf":[],"yoast_head":"<!-- This site is optimized with the Yoast SEO plugin v20.11 - https:\/\/yoast.com\/wordpress\/plugins\/seo\/ -->\n<title>FRED, UN JOAILLIER SOLAIRE - Librairie 7L<\/title>\n<meta name=\"robots\" content=\"index, follow, max-snippet:-1, max-image-preview:large, max-video-preview:-1\" \/>\n<link rel=\"canonical\" href=\"https:\/\/librairie7l.com\/en\/produit\/fred-un-joaillier-solaire\/\" \/>\n<meta property=\"og:locale\" content=\"en_US\" \/>\n<meta property=\"og:type\" content=\"article\" \/>\n<meta property=\"og:title\" content=\"FRED, UN JOAILLIER SOLAIRE - Librairie 7L\" \/>\n<meta property=\"og:description\" content=\"Depuis 85 ans, la maison FRED incarne l&#8217;audace et la joie de vivre. Fid\u00e8le \u00e0 l&#8217;esprit avant-gardiste de son fondateur Fred Samuel, le c\u00e9l\u00e8bre joaillier parisien brille par sa vision d&#8217;un art de vivre \u00e0 l&#8217;\u00e9l\u00e9gance d\u00e9contract\u00e9e, avec des collections inspir\u00e9es par la lumi\u00e8re et la mer. Pour la premi\u00e8re fois, est d\u00e9voil\u00e9e dans ce [&hellip;]\" \/>\n<meta property=\"og:url\" content=\"https:\/\/librairie7l.com\/en\/produit\/fred-un-joaillier-solaire\/\" \/>\n<meta property=\"og:site_name\" content=\"Librairie 7L\" \/>\n<meta property=\"article:modified_time\" content=\"2026-04-26T15:40:05+00:00\" \/>\n<meta property=\"og:image\" content=\"https:\/\/librairie7l.com\/wp-content\/uploads\/2022\/09\/9782080283450_1_75.jpg\" \/>\n\t<meta property=\"og:image:width\" content=\"600\" \/>\n\t<meta property=\"og:image:height\" content=\"740\" \/>\n\t<meta property=\"og:image:type\" content=\"image\/jpeg\" \/>\n<meta name=\"twitter:card\" content=\"summary_large_image\" \/>\n<meta name=\"twitter:label1\" content=\"Est. reading time\" \/>\n\t<meta name=\"twitter:data1\" content=\"1 minute\" \/>\n<script type=\"application\/ld+json\" class=\"yoast-schema-graph\">{\"@context\":\"https:\/\/schema.org\",\"@graph\":[{\"@type\":\"WebPage\",\"@id\":\"https:\/\/librairie7l.com\/en\/produit\/fred-un-joaillier-solaire\/\",\"url\":\"https:\/\/librairie7l.com\/en\/produit\/fred-un-joaillier-solaire\/\",\"name\":\"FRED, UN JOAILLIER SOLAIRE - Librairie 7L\",\"isPartOf\":{\"@id\":\"https:\/\/librairie7l.com\/en\/#website\"},\"datePublished\":\"2023-05-09T15:28:45+00:00\",\"dateModified\":\"2026-04-26T15:40:05+00:00\",\"breadcrumb\":{\"@id\":\"https:\/\/librairie7l.com\/en\/produit\/fred-un-joaillier-solaire\/#breadcrumb\"},\"inLanguage\":\"en-US\",\"potentialAction\":[{\"@type\":\"ReadAction\",\"target\":[\"https:\/\/librairie7l.com\/en\/produit\/fred-un-joaillier-solaire\/\"]}]},{\"@type\":\"BreadcrumbList\",\"@id\":\"https:\/\/librairie7l.com\/en\/produit\/fred-un-joaillier-solaire\/#breadcrumb\",\"itemListElement\":[{\"@type\":\"ListItem\",\"position\":1,\"name\":\"Accueil\",\"item\":\"https:\/\/librairie7l.com\/en\/\"},{\"@type\":\"ListItem\",\"position\":2,\"name\":\"Shop\",\"item\":\"https:\/\/librairie7l.com\/en\/shop\/\"},{\"@type\":\"ListItem\",\"position\":3,\"name\":\"FRED, UN JOAILLIER SOLAIRE\"}]},{\"@type\":\"WebSite\",\"@id\":\"https:\/\/librairie7l.com\/en\/#website\",\"url\":\"https:\/\/librairie7l.com\/en\/\",\"name\":\"Librairie 7L\",\"description\":\"Librairie fond\u00e9e en 1999 par Karl Lagerfeld \u00e0 Paris\",\"publisher\":{\"@id\":\"https:\/\/librairie7l.com\/en\/#organization\"},\"potentialAction\":[{\"@type\":\"SearchAction\",\"target\":{\"@type\":\"EntryPoint\",\"urlTemplate\":\"https:\/\/librairie7l.com\/en\/?s={search_term_string}\"},\"query-input\":\"required name=search_term_string\"}],\"inLanguage\":\"en-US\"},{\"@type\":\"Organization\",\"@id\":\"https:\/\/librairie7l.com\/en\/#organization\",\"name\":\"Librairie 7L\",\"url\":\"https:\/\/librairie7l.com\/en\/\",\"logo\":{\"@type\":\"ImageObject\",\"inLanguage\":\"en-US\",\"@id\":\"https:\/\/librairie7l.com\/en\/#\/schema\/logo\/image\/\",\"url\":\"https:\/\/librairie7l.com\/wp-content\/uploads\/2022\/08\/logo-1.png\",\"contentUrl\":\"https:\/\/librairie7l.com\/wp-content\/uploads\/2022\/08\/logo-1.png\",\"width\":227,\"height\":301,\"caption\":\"Librairie 7L\"},\"image\":{\"@id\":\"https:\/\/librairie7l.com\/en\/#\/schema\/logo\/image\/\"}}]}<\/script>\n<!-- \/ Yoast SEO plugin. -->","yoast_head_json":{"title":"FRED, UN JOAILLIER SOLAIRE - Librairie 7L","robots":{"index":"index","follow":"follow","max-snippet":"max-snippet:-1","max-image-preview":"max-image-preview:large","max-video-preview":"max-video-preview:-1"},"canonical":"https:\/\/librairie7l.com\/en\/produit\/fred-un-joaillier-solaire\/","og_locale":"en_US","og_type":"article","og_title":"FRED, UN JOAILLIER SOLAIRE - Librairie 7L","og_description":"Depuis 85 ans, la maison FRED incarne l&#8217;audace et la joie de vivre. Fid\u00e8le \u00e0 l&#8217;esprit avant-gardiste de son fondateur Fred Samuel, le c\u00e9l\u00e8bre joaillier parisien brille par sa vision d&#8217;un art de vivre \u00e0 l&#8217;\u00e9l\u00e9gance d\u00e9contract\u00e9e, avec des collections inspir\u00e9es par la lumi\u00e8re et la mer. Pour la premi\u00e8re fois, est d\u00e9voil\u00e9e dans ce [&hellip;]","og_url":"https:\/\/librairie7l.com\/en\/produit\/fred-un-joaillier-solaire\/","og_site_name":"Librairie 7L","article_modified_time":"2026-04-26T15:40:05+00:00","og_image":[{"width":600,"height":740,"url":"https:\/\/librairie7l.com\/wp-content\/uploads\/2022\/09\/9782080283450_1_75.jpg","type":"image\/jpeg"}],"twitter_card":"summary_large_image","twitter_misc":{"Est. reading time":"1 minute"},"schema":{"@context":"https:\/\/schema.org","@graph":[{"@type":"WebPage","@id":"https:\/\/librairie7l.com\/en\/produit\/fred-un-joaillier-solaire\/","url":"https:\/\/librairie7l.com\/en\/produit\/fred-un-joaillier-solaire\/","name":"FRED, UN JOAILLIER SOLAIRE - Librairie 7L","isPartOf":{"@id":"https:\/\/librairie7l.com\/en\/#website"},"datePublished":"2023-05-09T15:28:45+00:00","dateModified":"2026-04-26T15:40:05+00:00","breadcrumb":{"@id":"https:\/\/librairie7l.com\/en\/produit\/fred-un-joaillier-solaire\/#breadcrumb"},"inLanguage":"en-US","potentialAction":[{"@type":"ReadAction","target":["https:\/\/librairie7l.com\/en\/produit\/fred-un-joaillier-solaire\/"]}]},{"@type":"BreadcrumbList","@id":"https:\/\/librairie7l.com\/en\/produit\/fred-un-joaillier-solaire\/#breadcrumb","itemListElement":[{"@type":"ListItem","position":1,"name":"Accueil","item":"https:\/\/librairie7l.com\/en\/"},{"@type":"ListItem","position":2,"name":"Shop","item":"https:\/\/librairie7l.com\/en\/shop\/"},{"@type":"ListItem","position":3,"name":"FRED, UN JOAILLIER SOLAIRE"}]},{"@type":"WebSite","@id":"https:\/\/librairie7l.com\/en\/#website","url":"https:\/\/librairie7l.com\/en\/","name":"Librairie 7L","description":"Librairie fond\u00e9e en 1999 par Karl Lagerfeld \u00e0 Paris","publisher":{"@id":"https:\/\/librairie7l.com\/en\/#organization"},"potentialAction":[{"@type":"SearchAction","target":{"@type":"EntryPoint","urlTemplate":"https:\/\/librairie7l.com\/en\/?s={search_term_string}"},"query-input":"required name=search_term_string"}],"inLanguage":"en-US"},{"@type":"Organization","@id":"https:\/\/librairie7l.com\/en\/#organization","name":"Librairie 7L","url":"https:\/\/librairie7l.com\/en\/","logo":{"@type":"ImageObject","inLanguage":"en-US","@id":"https:\/\/librairie7l.com\/en\/#\/schema\/logo\/image\/","url":"https:\/\/librairie7l.com\/wp-content\/uploads\/2022\/08\/logo-1.png","contentUrl":"https:\/\/librairie7l.com\/wp-content\/uploads\/2022\/08\/logo-1.png","width":227,"height":301,"caption":"Librairie 7L"},"image":{"@id":"https:\/\/librairie7l.com\/en\/#\/schema\/logo\/image\/"}}]}},"_links":{"self":[{"href":"https:\/\/librairie7l.com\/en\/wp-json\/wp\/v2\/product\/17271"}],"collection":[{"href":"https:\/\/librairie7l.com\/en\/wp-json\/wp\/v2\/product"}],"about":[{"href":"https:\/\/librairie7l.com\/en\/wp-json\/wp\/v2\/types\/product"}],"wp:featuredmedia":[{"embeddable":true,"href":"https:\/\/librairie7l.com\/en\/wp-json\/wp\/v2\/media\/17269"}],"wp:attachment":[{"href":"https:\/\/librairie7l.com\/en\/wp-json\/wp\/v2\/media?parent=17271"}],"wp:term":[{"taxonomy":"product_cat","embeddable":true,"href":"https:\/\/librairie7l.com\/en\/wp-json\/wp\/v2\/product_cat?post=17271"},{"taxonomy":"product_tag","embeddable":true,"href":"https:\/\/librairie7l.com\/en\/wp-json\/wp\/v2\/product_tag?post=17271"}],"curies":[{"name":"wp","href":"https:\/\/api.w.org\/{rel}","templated":true}]}}