{"id":17283,"date":"2023-05-09T17:28:54","date_gmt":"2023-05-09T15:28:54","guid":{"rendered":"https:\/\/librairie7l.com\/?post_type=product&#038;p=17283"},"modified":"2026-04-14T03:06:29","modified_gmt":"2026-04-14T01:06:29","slug":"histoires-de-maisons-entre-habitat-ancien-et-moderne","status":"publish","type":"product","link":"https:\/\/librairie7l.com\/en\/produit\/histoires-de-maisons-entre-habitat-ancien-et-moderne\/","title":{"rendered":"HISTOIRES DE MAISONS, ENTRE HABITAT ANCIEN ET MODERNE"},"content":{"rendered":"<p>Un beau livre rempli de conseils pratiques pour choisir un style et une ambiance entre habitat moderne et maison ancienne.<br \/>\nR\u00e9nover une maison peut \u00eatre intimidant. Trouver votre style est la premi\u00e8re \u00e9tape pour cr\u00e9er la maison de vos r\u00eaves, que vous achetiez un nouveau logement ou que vous conceviez une nouvelle construction. Gr\u00e2ce \u00e0 des descriptions claires, ce livre vous aide \u00e0 cr\u00e9er une sensation coh\u00e9rente avec votre d\u00e9coration int\u00e9rieure. Le volume comprend \u00e9galement des informations utiles sur des solutions cr\u00e9atives pour personnaliser votre espace. Avec des centaines de photographies \u00e9poustouflantes. HOUSE STORIES est une exploration luxuriante de ce qui est possible pour vous et votre maison, quels que soient sa taille et son budget.<\/p>\n","protected":false},"excerpt":{"rendered":"<p>Un beau livre rempli de conseils pratiques pour choisir un style et une ambiance entre habitat moderne et maison ancienne. R\u00e9nover une maison peut \u00eatre intimidant. Trouver votre style est la premi\u00e8re \u00e9tape pour cr\u00e9er la maison de vos r\u00eaves, que vous achetiez un nouveau logement ou que vous conceviez une nouvelle construction. Gr\u00e2ce \u00e0 [&hellip;]<\/p>\n","protected":false},"featured_media":17281,"template":"","meta":[],"product_cat":[55,2948,46,2951],"product_tag":[],"acf":[],"yoast_head":"<!-- This site is optimized with the Yoast SEO plugin v20.11 - https:\/\/yoast.com\/wordpress\/plugins\/seo\/ -->\n<title>HISTOIRES DE MAISONS, ENTRE HABITAT ANCIEN ET MODERNE - Librairie 7L<\/title>\n<meta name=\"robots\" content=\"index, follow, max-snippet:-1, max-image-preview:large, max-video-preview:-1\" \/>\n<link rel=\"canonical\" href=\"https:\/\/librairie7l.com\/en\/produit\/histoires-de-maisons-entre-habitat-ancien-et-moderne\/\" \/>\n<meta property=\"og:locale\" content=\"en_US\" \/>\n<meta property=\"og:type\" content=\"article\" \/>\n<meta property=\"og:title\" content=\"HISTOIRES DE MAISONS, ENTRE HABITAT ANCIEN ET MODERNE - Librairie 7L\" \/>\n<meta property=\"og:description\" content=\"Un beau livre rempli de conseils pratiques pour choisir un style et une ambiance entre habitat moderne et maison ancienne. R\u00e9nover une maison peut \u00eatre intimidant. Trouver votre style est la premi\u00e8re \u00e9tape pour cr\u00e9er la maison de vos r\u00eaves, que vous achetiez un nouveau logement ou que vous conceviez une nouvelle construction. Gr\u00e2ce \u00e0 [&hellip;]\" \/>\n<meta property=\"og:url\" content=\"https:\/\/librairie7l.com\/en\/produit\/histoires-de-maisons-entre-habitat-ancien-et-moderne\/\" \/>\n<meta property=\"og:site_name\" content=\"Librairie 7L\" \/>\n<meta property=\"article:modified_time\" content=\"2026-04-14T01:06:29+00:00\" \/>\n<meta property=\"og:image\" content=\"https:\/\/librairie7l.com\/wp-content\/uploads\/2022\/05\/9782383780076_1_75.jpg\" \/>\n\t<meta property=\"og:image:width\" content=\"400\" \/>\n\t<meta property=\"og:image:height\" content=\"464\" \/>\n\t<meta property=\"og:image:type\" content=\"image\/jpeg\" \/>\n<meta name=\"twitter:card\" content=\"summary_large_image\" \/>\n<meta name=\"twitter:label1\" content=\"Est. reading time\" \/>\n\t<meta name=\"twitter:data1\" content=\"1 minute\" \/>\n<script type=\"application\/ld+json\" class=\"yoast-schema-graph\">{\"@context\":\"https:\/\/schema.org\",\"@graph\":[{\"@type\":\"WebPage\",\"@id\":\"https:\/\/librairie7l.com\/en\/produit\/histoires-de-maisons-entre-habitat-ancien-et-moderne\/\",\"url\":\"https:\/\/librairie7l.com\/en\/produit\/histoires-de-maisons-entre-habitat-ancien-et-moderne\/\",\"name\":\"HISTOIRES DE MAISONS, ENTRE HABITAT ANCIEN ET MODERNE - Librairie 7L\",\"isPartOf\":{\"@id\":\"https:\/\/librairie7l.com\/en\/#website\"},\"datePublished\":\"2023-05-09T15:28:54+00:00\",\"dateModified\":\"2026-04-14T01:06:29+00:00\",\"breadcrumb\":{\"@id\":\"https:\/\/librairie7l.com\/en\/produit\/histoires-de-maisons-entre-habitat-ancien-et-moderne\/#breadcrumb\"},\"inLanguage\":\"en-US\",\"potentialAction\":[{\"@type\":\"ReadAction\",\"target\":[\"https:\/\/librairie7l.com\/en\/produit\/histoires-de-maisons-entre-habitat-ancien-et-moderne\/\"]}]},{\"@type\":\"BreadcrumbList\",\"@id\":\"https:\/\/librairie7l.com\/en\/produit\/histoires-de-maisons-entre-habitat-ancien-et-moderne\/#breadcrumb\",\"itemListElement\":[{\"@type\":\"ListItem\",\"position\":1,\"name\":\"Accueil\",\"item\":\"https:\/\/librairie7l.com\/en\/\"},{\"@type\":\"ListItem\",\"position\":2,\"name\":\"Shop\",\"item\":\"https:\/\/librairie7l.com\/en\/shop\/\"},{\"@type\":\"ListItem\",\"position\":3,\"name\":\"HISTOIRES DE MAISONS, ENTRE HABITAT ANCIEN ET MODERNE\"}]},{\"@type\":\"WebSite\",\"@id\":\"https:\/\/librairie7l.com\/en\/#website\",\"url\":\"https:\/\/librairie7l.com\/en\/\",\"name\":\"Librairie 7L\",\"description\":\"Librairie fond\u00e9e en 1999 par Karl Lagerfeld \u00e0 Paris\",\"publisher\":{\"@id\":\"https:\/\/librairie7l.com\/en\/#organization\"},\"potentialAction\":[{\"@type\":\"SearchAction\",\"target\":{\"@type\":\"EntryPoint\",\"urlTemplate\":\"https:\/\/librairie7l.com\/en\/?s={search_term_string}\"},\"query-input\":\"required name=search_term_string\"}],\"inLanguage\":\"en-US\"},{\"@type\":\"Organization\",\"@id\":\"https:\/\/librairie7l.com\/en\/#organization\",\"name\":\"Librairie 7L\",\"url\":\"https:\/\/librairie7l.com\/en\/\",\"logo\":{\"@type\":\"ImageObject\",\"inLanguage\":\"en-US\",\"@id\":\"https:\/\/librairie7l.com\/en\/#\/schema\/logo\/image\/\",\"url\":\"https:\/\/librairie7l.com\/wp-content\/uploads\/2022\/08\/logo-1.png\",\"contentUrl\":\"https:\/\/librairie7l.com\/wp-content\/uploads\/2022\/08\/logo-1.png\",\"width\":227,\"height\":301,\"caption\":\"Librairie 7L\"},\"image\":{\"@id\":\"https:\/\/librairie7l.com\/en\/#\/schema\/logo\/image\/\"}}]}<\/script>\n<!-- \/ Yoast SEO plugin. -->","yoast_head_json":{"title":"HISTOIRES DE MAISONS, ENTRE HABITAT ANCIEN ET MODERNE - Librairie 7L","robots":{"index":"index","follow":"follow","max-snippet":"max-snippet:-1","max-image-preview":"max-image-preview:large","max-video-preview":"max-video-preview:-1"},"canonical":"https:\/\/librairie7l.com\/en\/produit\/histoires-de-maisons-entre-habitat-ancien-et-moderne\/","og_locale":"en_US","og_type":"article","og_title":"HISTOIRES DE MAISONS, ENTRE HABITAT ANCIEN ET MODERNE - Librairie 7L","og_description":"Un beau livre rempli de conseils pratiques pour choisir un style et une ambiance entre habitat moderne et maison ancienne. R\u00e9nover une maison peut \u00eatre intimidant. Trouver votre style est la premi\u00e8re \u00e9tape pour cr\u00e9er la maison de vos r\u00eaves, que vous achetiez un nouveau logement ou que vous conceviez une nouvelle construction. Gr\u00e2ce \u00e0 [&hellip;]","og_url":"https:\/\/librairie7l.com\/en\/produit\/histoires-de-maisons-entre-habitat-ancien-et-moderne\/","og_site_name":"Librairie 7L","article_modified_time":"2026-04-14T01:06:29+00:00","og_image":[{"width":400,"height":464,"url":"https:\/\/librairie7l.com\/wp-content\/uploads\/2022\/05\/9782383780076_1_75.jpg","type":"image\/jpeg"}],"twitter_card":"summary_large_image","twitter_misc":{"Est. reading time":"1 minute"},"schema":{"@context":"https:\/\/schema.org","@graph":[{"@type":"WebPage","@id":"https:\/\/librairie7l.com\/en\/produit\/histoires-de-maisons-entre-habitat-ancien-et-moderne\/","url":"https:\/\/librairie7l.com\/en\/produit\/histoires-de-maisons-entre-habitat-ancien-et-moderne\/","name":"HISTOIRES DE MAISONS, ENTRE HABITAT ANCIEN ET MODERNE - Librairie 7L","isPartOf":{"@id":"https:\/\/librairie7l.com\/en\/#website"},"datePublished":"2023-05-09T15:28:54+00:00","dateModified":"2026-04-14T01:06:29+00:00","breadcrumb":{"@id":"https:\/\/librairie7l.com\/en\/produit\/histoires-de-maisons-entre-habitat-ancien-et-moderne\/#breadcrumb"},"inLanguage":"en-US","potentialAction":[{"@type":"ReadAction","target":["https:\/\/librairie7l.com\/en\/produit\/histoires-de-maisons-entre-habitat-ancien-et-moderne\/"]}]},{"@type":"BreadcrumbList","@id":"https:\/\/librairie7l.com\/en\/produit\/histoires-de-maisons-entre-habitat-ancien-et-moderne\/#breadcrumb","itemListElement":[{"@type":"ListItem","position":1,"name":"Accueil","item":"https:\/\/librairie7l.com\/en\/"},{"@type":"ListItem","position":2,"name":"Shop","item":"https:\/\/librairie7l.com\/en\/shop\/"},{"@type":"ListItem","position":3,"name":"HISTOIRES DE MAISONS, ENTRE HABITAT ANCIEN ET MODERNE"}]},{"@type":"WebSite","@id":"https:\/\/librairie7l.com\/en\/#website","url":"https:\/\/librairie7l.com\/en\/","name":"Librairie 7L","description":"Librairie fond\u00e9e en 1999 par Karl Lagerfeld \u00e0 Paris","publisher":{"@id":"https:\/\/librairie7l.com\/en\/#organization"},"potentialAction":[{"@type":"SearchAction","target":{"@type":"EntryPoint","urlTemplate":"https:\/\/librairie7l.com\/en\/?s={search_term_string}"},"query-input":"required name=search_term_string"}],"inLanguage":"en-US"},{"@type":"Organization","@id":"https:\/\/librairie7l.com\/en\/#organization","name":"Librairie 7L","url":"https:\/\/librairie7l.com\/en\/","logo":{"@type":"ImageObject","inLanguage":"en-US","@id":"https:\/\/librairie7l.com\/en\/#\/schema\/logo\/image\/","url":"https:\/\/librairie7l.com\/wp-content\/uploads\/2022\/08\/logo-1.png","contentUrl":"https:\/\/librairie7l.com\/wp-content\/uploads\/2022\/08\/logo-1.png","width":227,"height":301,"caption":"Librairie 7L"},"image":{"@id":"https:\/\/librairie7l.com\/en\/#\/schema\/logo\/image\/"}}]}},"_links":{"self":[{"href":"https:\/\/librairie7l.com\/en\/wp-json\/wp\/v2\/product\/17283"}],"collection":[{"href":"https:\/\/librairie7l.com\/en\/wp-json\/wp\/v2\/product"}],"about":[{"href":"https:\/\/librairie7l.com\/en\/wp-json\/wp\/v2\/types\/product"}],"wp:featuredmedia":[{"embeddable":true,"href":"https:\/\/librairie7l.com\/en\/wp-json\/wp\/v2\/media\/17281"}],"wp:attachment":[{"href":"https:\/\/librairie7l.com\/en\/wp-json\/wp\/v2\/media?parent=17283"}],"wp:term":[{"taxonomy":"product_cat","embeddable":true,"href":"https:\/\/librairie7l.com\/en\/wp-json\/wp\/v2\/product_cat?post=17283"},{"taxonomy":"product_tag","embeddable":true,"href":"https:\/\/librairie7l.com\/en\/wp-json\/wp\/v2\/product_tag?post=17283"}],"curies":[{"name":"wp","href":"https:\/\/api.w.org\/{rel}","templated":true}]}}