{"id":17291,"date":"2023-05-09T17:29:00","date_gmt":"2023-05-09T15:29:00","guid":{"rendered":"https:\/\/librairie7l.com\/?post_type=product&#038;p=17291"},"modified":"2026-04-26T17:40:20","modified_gmt":"2026-04-26T15:40:20","slug":"luxe-et-mode-grandes-et-petites-histoires","status":"publish","type":"product","link":"https:\/\/librairie7l.com\/en\/produit\/luxe-et-mode-grandes-et-petites-histoires\/","title":{"rendered":"LUXE ET MODE : GRANDES ET PETITES HISTOIRES"},"content":{"rendered":"<p>Quel lien y a-t-il entre une Rolls et un jean brod\u00e9, une bague en diamant et une paire de sneakers branch\u00e9s? Celui qui existe entre le luxe et la mode. Tous deux s&#8217;apparentent au d\u00e9sir, au r\u00eave, \u00e0 l&#8217;envie, bref au futile indispensable. Tous deux permettent de survoler plus sereinement les vicissitudes du quotidien. L&#8217;un concerne souvent le temps long, parfois la transmission, l&#8217;autre papillonne autour de nos im-pulsions parfois les plus imm\u00e9diates.<br \/>\nLeur trait d&#8217;union est sans doute la Haute couture, ch\u00e8re et passag\u00e8re.<br \/>\nLuxe et mode rec\u00e8lent \u00e9galement une part de myst\u00e8re. Ce livre vous propose de lever un peu le voile sur ces objets de plaisir, ceux qui les ont cr\u00e9\u00e9s, ainsi que sur l&#8217;histoire et l&#8217;origine de leurs labels.<\/p>\n","protected":false},"excerpt":{"rendered":"<p>Quel lien y a-t-il entre une Rolls et un jean brod\u00e9, une bague en diamant et une paire de sneakers branch\u00e9s? Celui qui existe entre le luxe et la mode. Tous deux s&#8217;apparentent au d\u00e9sir, au r\u00eave, \u00e0 l&#8217;envie, bref au futile indispensable. Tous deux permettent de survoler plus sereinement les vicissitudes du quotidien. L&#8217;un [&hellip;]<\/p>\n","protected":false},"featured_media":17289,"template":"","meta":[],"product_cat":[55,2948,2957,19],"product_tag":[],"acf":[],"yoast_head":"<!-- This site is optimized with the Yoast SEO plugin v20.11 - https:\/\/yoast.com\/wordpress\/plugins\/seo\/ -->\n<title>LUXE ET MODE : GRANDES ET PETITES HISTOIRES - Librairie 7L<\/title>\n<meta name=\"robots\" content=\"index, follow, max-snippet:-1, max-image-preview:large, max-video-preview:-1\" \/>\n<link rel=\"canonical\" href=\"https:\/\/librairie7l.com\/en\/produit\/luxe-et-mode-grandes-et-petites-histoires\/\" \/>\n<meta property=\"og:locale\" content=\"en_US\" \/>\n<meta property=\"og:type\" content=\"article\" \/>\n<meta property=\"og:title\" content=\"LUXE ET MODE : GRANDES ET PETITES HISTOIRES - Librairie 7L\" \/>\n<meta property=\"og:description\" content=\"Quel lien y a-t-il entre une Rolls et un jean brod\u00e9, une bague en diamant et une paire de sneakers branch\u00e9s? Celui qui existe entre le luxe et la mode. Tous deux s&#8217;apparentent au d\u00e9sir, au r\u00eave, \u00e0 l&#8217;envie, bref au futile indispensable. Tous deux permettent de survoler plus sereinement les vicissitudes du quotidien. L&#8217;un [&hellip;]\" \/>\n<meta property=\"og:url\" content=\"https:\/\/librairie7l.com\/en\/produit\/luxe-et-mode-grandes-et-petites-histoires\/\" \/>\n<meta property=\"og:site_name\" content=\"Librairie 7L\" \/>\n<meta property=\"article:modified_time\" content=\"2026-04-26T15:40:20+00:00\" \/>\n<meta property=\"og:image\" content=\"https:\/\/librairie7l.com\/wp-content\/uploads\/2023\/01\/9782876237506_1_75.jpg\" \/>\n\t<meta property=\"og:image:width\" content=\"600\" \/>\n\t<meta property=\"og:image:height\" content=\"797\" \/>\n\t<meta property=\"og:image:type\" content=\"image\/jpeg\" \/>\n<meta name=\"twitter:card\" content=\"summary_large_image\" \/>\n<meta name=\"twitter:label1\" content=\"Est. reading time\" \/>\n\t<meta name=\"twitter:data1\" content=\"1 minute\" \/>\n<script type=\"application\/ld+json\" class=\"yoast-schema-graph\">{\"@context\":\"https:\/\/schema.org\",\"@graph\":[{\"@type\":\"WebPage\",\"@id\":\"https:\/\/librairie7l.com\/en\/produit\/luxe-et-mode-grandes-et-petites-histoires\/\",\"url\":\"https:\/\/librairie7l.com\/en\/produit\/luxe-et-mode-grandes-et-petites-histoires\/\",\"name\":\"LUXE ET MODE : GRANDES ET PETITES HISTOIRES - Librairie 7L\",\"isPartOf\":{\"@id\":\"https:\/\/librairie7l.com\/en\/#website\"},\"datePublished\":\"2023-05-09T15:29:00+00:00\",\"dateModified\":\"2026-04-26T15:40:20+00:00\",\"breadcrumb\":{\"@id\":\"https:\/\/librairie7l.com\/en\/produit\/luxe-et-mode-grandes-et-petites-histoires\/#breadcrumb\"},\"inLanguage\":\"en-US\",\"potentialAction\":[{\"@type\":\"ReadAction\",\"target\":[\"https:\/\/librairie7l.com\/en\/produit\/luxe-et-mode-grandes-et-petites-histoires\/\"]}]},{\"@type\":\"BreadcrumbList\",\"@id\":\"https:\/\/librairie7l.com\/en\/produit\/luxe-et-mode-grandes-et-petites-histoires\/#breadcrumb\",\"itemListElement\":[{\"@type\":\"ListItem\",\"position\":1,\"name\":\"Accueil\",\"item\":\"https:\/\/librairie7l.com\/en\/\"},{\"@type\":\"ListItem\",\"position\":2,\"name\":\"Shop\",\"item\":\"https:\/\/librairie7l.com\/en\/shop\/\"},{\"@type\":\"ListItem\",\"position\":3,\"name\":\"LUXE ET MODE : GRANDES ET PETITES HISTOIRES\"}]},{\"@type\":\"WebSite\",\"@id\":\"https:\/\/librairie7l.com\/en\/#website\",\"url\":\"https:\/\/librairie7l.com\/en\/\",\"name\":\"Librairie 7L\",\"description\":\"Librairie fond\u00e9e en 1999 par Karl Lagerfeld \u00e0 Paris\",\"publisher\":{\"@id\":\"https:\/\/librairie7l.com\/en\/#organization\"},\"potentialAction\":[{\"@type\":\"SearchAction\",\"target\":{\"@type\":\"EntryPoint\",\"urlTemplate\":\"https:\/\/librairie7l.com\/en\/?s={search_term_string}\"},\"query-input\":\"required name=search_term_string\"}],\"inLanguage\":\"en-US\"},{\"@type\":\"Organization\",\"@id\":\"https:\/\/librairie7l.com\/en\/#organization\",\"name\":\"Librairie 7L\",\"url\":\"https:\/\/librairie7l.com\/en\/\",\"logo\":{\"@type\":\"ImageObject\",\"inLanguage\":\"en-US\",\"@id\":\"https:\/\/librairie7l.com\/en\/#\/schema\/logo\/image\/\",\"url\":\"https:\/\/librairie7l.com\/wp-content\/uploads\/2022\/08\/logo-1.png\",\"contentUrl\":\"https:\/\/librairie7l.com\/wp-content\/uploads\/2022\/08\/logo-1.png\",\"width\":227,\"height\":301,\"caption\":\"Librairie 7L\"},\"image\":{\"@id\":\"https:\/\/librairie7l.com\/en\/#\/schema\/logo\/image\/\"}}]}<\/script>\n<!-- \/ Yoast SEO plugin. -->","yoast_head_json":{"title":"LUXE ET MODE : GRANDES ET PETITES HISTOIRES - Librairie 7L","robots":{"index":"index","follow":"follow","max-snippet":"max-snippet:-1","max-image-preview":"max-image-preview:large","max-video-preview":"max-video-preview:-1"},"canonical":"https:\/\/librairie7l.com\/en\/produit\/luxe-et-mode-grandes-et-petites-histoires\/","og_locale":"en_US","og_type":"article","og_title":"LUXE ET MODE : GRANDES ET PETITES HISTOIRES - Librairie 7L","og_description":"Quel lien y a-t-il entre une Rolls et un jean brod\u00e9, une bague en diamant et une paire de sneakers branch\u00e9s? Celui qui existe entre le luxe et la mode. Tous deux s&#8217;apparentent au d\u00e9sir, au r\u00eave, \u00e0 l&#8217;envie, bref au futile indispensable. Tous deux permettent de survoler plus sereinement les vicissitudes du quotidien. L&#8217;un [&hellip;]","og_url":"https:\/\/librairie7l.com\/en\/produit\/luxe-et-mode-grandes-et-petites-histoires\/","og_site_name":"Librairie 7L","article_modified_time":"2026-04-26T15:40:20+00:00","og_image":[{"width":600,"height":797,"url":"https:\/\/librairie7l.com\/wp-content\/uploads\/2023\/01\/9782876237506_1_75.jpg","type":"image\/jpeg"}],"twitter_card":"summary_large_image","twitter_misc":{"Est. reading time":"1 minute"},"schema":{"@context":"https:\/\/schema.org","@graph":[{"@type":"WebPage","@id":"https:\/\/librairie7l.com\/en\/produit\/luxe-et-mode-grandes-et-petites-histoires\/","url":"https:\/\/librairie7l.com\/en\/produit\/luxe-et-mode-grandes-et-petites-histoires\/","name":"LUXE ET MODE : GRANDES ET PETITES HISTOIRES - Librairie 7L","isPartOf":{"@id":"https:\/\/librairie7l.com\/en\/#website"},"datePublished":"2023-05-09T15:29:00+00:00","dateModified":"2026-04-26T15:40:20+00:00","breadcrumb":{"@id":"https:\/\/librairie7l.com\/en\/produit\/luxe-et-mode-grandes-et-petites-histoires\/#breadcrumb"},"inLanguage":"en-US","potentialAction":[{"@type":"ReadAction","target":["https:\/\/librairie7l.com\/en\/produit\/luxe-et-mode-grandes-et-petites-histoires\/"]}]},{"@type":"BreadcrumbList","@id":"https:\/\/librairie7l.com\/en\/produit\/luxe-et-mode-grandes-et-petites-histoires\/#breadcrumb","itemListElement":[{"@type":"ListItem","position":1,"name":"Accueil","item":"https:\/\/librairie7l.com\/en\/"},{"@type":"ListItem","position":2,"name":"Shop","item":"https:\/\/librairie7l.com\/en\/shop\/"},{"@type":"ListItem","position":3,"name":"LUXE ET MODE : GRANDES ET PETITES HISTOIRES"}]},{"@type":"WebSite","@id":"https:\/\/librairie7l.com\/en\/#website","url":"https:\/\/librairie7l.com\/en\/","name":"Librairie 7L","description":"Librairie fond\u00e9e en 1999 par Karl Lagerfeld \u00e0 Paris","publisher":{"@id":"https:\/\/librairie7l.com\/en\/#organization"},"potentialAction":[{"@type":"SearchAction","target":{"@type":"EntryPoint","urlTemplate":"https:\/\/librairie7l.com\/en\/?s={search_term_string}"},"query-input":"required name=search_term_string"}],"inLanguage":"en-US"},{"@type":"Organization","@id":"https:\/\/librairie7l.com\/en\/#organization","name":"Librairie 7L","url":"https:\/\/librairie7l.com\/en\/","logo":{"@type":"ImageObject","inLanguage":"en-US","@id":"https:\/\/librairie7l.com\/en\/#\/schema\/logo\/image\/","url":"https:\/\/librairie7l.com\/wp-content\/uploads\/2022\/08\/logo-1.png","contentUrl":"https:\/\/librairie7l.com\/wp-content\/uploads\/2022\/08\/logo-1.png","width":227,"height":301,"caption":"Librairie 7L"},"image":{"@id":"https:\/\/librairie7l.com\/en\/#\/schema\/logo\/image\/"}}]}},"_links":{"self":[{"href":"https:\/\/librairie7l.com\/en\/wp-json\/wp\/v2\/product\/17291"}],"collection":[{"href":"https:\/\/librairie7l.com\/en\/wp-json\/wp\/v2\/product"}],"about":[{"href":"https:\/\/librairie7l.com\/en\/wp-json\/wp\/v2\/types\/product"}],"wp:featuredmedia":[{"embeddable":true,"href":"https:\/\/librairie7l.com\/en\/wp-json\/wp\/v2\/media\/17289"}],"wp:attachment":[{"href":"https:\/\/librairie7l.com\/en\/wp-json\/wp\/v2\/media?parent=17291"}],"wp:term":[{"taxonomy":"product_cat","embeddable":true,"href":"https:\/\/librairie7l.com\/en\/wp-json\/wp\/v2\/product_cat?post=17291"},{"taxonomy":"product_tag","embeddable":true,"href":"https:\/\/librairie7l.com\/en\/wp-json\/wp\/v2\/product_tag?post=17291"}],"curies":[{"name":"wp","href":"https:\/\/api.w.org\/{rel}","templated":true}]}}