{"id":17303,"date":"2023-05-09T17:29:13","date_gmt":"2023-05-09T15:29:13","guid":{"rendered":"https:\/\/librairie7l.com\/?post_type=product&#038;p=17303"},"modified":"2026-04-26T17:40:26","modified_gmt":"2026-04-26T15:40:26","slug":"gazette-des-atours-de-marie-antoinette","status":"publish","type":"product","link":"https:\/\/librairie7l.com\/en\/produit\/gazette-des-atours-de-marie-antoinette\/","title":{"rendered":"GAZETTE DES ATOURS DE MARIE-ANTOINETTE"},"content":{"rendered":"<p>Les Archives nationales conservent un registre dat\u00e9 de 1782 ayant appartenu  \u00e0 Mme d&#8217;Ossun, dame d&#8217;atours de Marie-Antoinette, o\u00f9 sont fix\u00e9s des morceaux d&#8217;\u00e9toffes accompagn\u00e9s de br\u00e8ves mentions manuscrites. Ce document  se rapportant \u00e0 la garde-robe de la reine a \u00e9t\u00e9 maintes fois comment\u00e9, \u00e9tudi\u00e9,  reproduit. Or, ce que ce registre a de plus int\u00e9ressant \u00e0 nous dire, c&#8217;est ce qu&#8217;il  tait. Qui le feuillette \u00e9prouve une surprise imm\u00e9diate, teint\u00e9e de d\u00e9ception  :<br \/>\nLes tissus sont d&#8217;une extr\u00eame simplicit\u00e9, les couleurs, assourdies, les indications  \u00e9crites, elliptiques. O\u00f9 est le luxe dont t\u00e9moignent les m\u00e9moires des contemporains, les tableaux, les caricatures, mille textes dont le champ s&#8217;\u00e9tend de l&#8217;ordure \u00e0 l&#8217;hagiographie ? Comment justifier, surtout, la distorsion entre la modestie du registre d&#8217;Ossun et les d\u00e9penses extravagantes dont les \u00e9crits minutieux  du secr\u00e9taire de la garde-robe conservent la trace la plus objective ? Le luxe,  en cette fin du XVIIIe si\u00e8cle, conna\u00eet une mutation fondamentale. En mati\u00e8re de  v\u00eatement, il ne r\u00e9side plus essentiellement, comme c&#8217;\u00e9tait le cas depuis le Moyen  \u00c2ge, dans la richesse des mat\u00e9riaux dont on habille le corps, il est dans leur mise  en oeuvre, ce qu&#8217;on appelle la fa\u00e7on ; il n&#8217;est plus dans les tissus (et c&#8217;est pourquoi on ne le trouve pas dans ces pages), mais dans leur coupe, dans la vari\u00e9t\u00e9  des accessoires et dans la rapidit\u00e9 de renouvellement de la premi\u00e8re et des  seconds. C&#8217;est-\u00e0-dire qu&#8217;il g\u00eet principalement dans la valeur ajout\u00e9e par cette  figure nouvelle et d\u00e9terminante : la \u00ab marchande de modes \u00bb, qui vend, non une  robe, mais son talent, bref, qui invente la mode moderne dont la plupart des  traits se mettent en place pendant le r\u00e8gne de Marie-Antoinette et se retrouvent  inchang\u00e9s jusqu&#8217;\u00e0 aujourd&#8217;hui. Ainsi ce registre porte-t-il en creux la trace d&#8217;une  mutation essentielle dont on peut se demander si \u00ab la derni\u00e8re reine \u00bb en a \u00e9t\u00e9  un simple agent ou une v\u00e9ritable inspiratrice.<\/p>\n","protected":false},"excerpt":{"rendered":"<p>Les Archives nationales conservent un registre dat\u00e9 de 1782 ayant appartenu \u00e0 Mme d&#8217;Ossun, dame d&#8217;atours de Marie-Antoinette, o\u00f9 sont fix\u00e9s des morceaux d&#8217;\u00e9toffes accompagn\u00e9s de br\u00e8ves mentions manuscrites. Ce document se rapportant \u00e0 la garde-robe de la reine a \u00e9t\u00e9 maintes fois comment\u00e9, \u00e9tudi\u00e9, reproduit. Or, ce que ce registre a de plus int\u00e9ressant [&hellip;]<\/p>\n","protected":false},"featured_media":17301,"template":"","meta":[],"product_cat":[55,2948,2957,19],"product_tag":[],"acf":[],"yoast_head":"<!-- This site is optimized with the Yoast SEO plugin v20.11 - https:\/\/yoast.com\/wordpress\/plugins\/seo\/ -->\n<title>GAZETTE DES ATOURS DE MARIE-ANTOINETTE - Librairie 7L<\/title>\n<meta name=\"robots\" content=\"index, follow, max-snippet:-1, max-image-preview:large, max-video-preview:-1\" \/>\n<link rel=\"canonical\" href=\"https:\/\/librairie7l.com\/en\/produit\/gazette-des-atours-de-marie-antoinette\/\" \/>\n<meta property=\"og:locale\" content=\"en_US\" \/>\n<meta property=\"og:type\" content=\"article\" \/>\n<meta property=\"og:title\" content=\"GAZETTE DES ATOURS DE MARIE-ANTOINETTE - Librairie 7L\" \/>\n<meta property=\"og:description\" content=\"Les Archives nationales conservent un registre dat\u00e9 de 1782 ayant appartenu \u00e0 Mme d&#8217;Ossun, dame d&#8217;atours de Marie-Antoinette, o\u00f9 sont fix\u00e9s des morceaux d&#8217;\u00e9toffes accompagn\u00e9s de br\u00e8ves mentions manuscrites. Ce document se rapportant \u00e0 la garde-robe de la reine a \u00e9t\u00e9 maintes fois comment\u00e9, \u00e9tudi\u00e9, reproduit. Or, ce que ce registre a de plus int\u00e9ressant [&hellip;]\" \/>\n<meta property=\"og:url\" content=\"https:\/\/librairie7l.com\/en\/produit\/gazette-des-atours-de-marie-antoinette\/\" \/>\n<meta property=\"og:site_name\" content=\"Librairie 7L\" \/>\n<meta property=\"article:modified_time\" content=\"2026-04-26T15:40:26+00:00\" \/>\n<meta property=\"og:image\" content=\"https:\/\/librairie7l.com\/wp-content\/uploads\/2023\/04\/9782711879960_1_75.jpg\" \/>\n\t<meta property=\"og:image:width\" content=\"600\" \/>\n\t<meta property=\"og:image:height\" content=\"949\" \/>\n\t<meta property=\"og:image:type\" content=\"image\/jpeg\" \/>\n<meta name=\"twitter:card\" content=\"summary_large_image\" \/>\n<meta name=\"twitter:label1\" content=\"Est. reading time\" \/>\n\t<meta name=\"twitter:data1\" content=\"2 minutes\" \/>\n<script type=\"application\/ld+json\" class=\"yoast-schema-graph\">{\"@context\":\"https:\/\/schema.org\",\"@graph\":[{\"@type\":\"WebPage\",\"@id\":\"https:\/\/librairie7l.com\/en\/produit\/gazette-des-atours-de-marie-antoinette\/\",\"url\":\"https:\/\/librairie7l.com\/en\/produit\/gazette-des-atours-de-marie-antoinette\/\",\"name\":\"GAZETTE DES ATOURS DE MARIE-ANTOINETTE - Librairie 7L\",\"isPartOf\":{\"@id\":\"https:\/\/librairie7l.com\/en\/#website\"},\"datePublished\":\"2023-05-09T15:29:13+00:00\",\"dateModified\":\"2026-04-26T15:40:26+00:00\",\"breadcrumb\":{\"@id\":\"https:\/\/librairie7l.com\/en\/produit\/gazette-des-atours-de-marie-antoinette\/#breadcrumb\"},\"inLanguage\":\"en-US\",\"potentialAction\":[{\"@type\":\"ReadAction\",\"target\":[\"https:\/\/librairie7l.com\/en\/produit\/gazette-des-atours-de-marie-antoinette\/\"]}]},{\"@type\":\"BreadcrumbList\",\"@id\":\"https:\/\/librairie7l.com\/en\/produit\/gazette-des-atours-de-marie-antoinette\/#breadcrumb\",\"itemListElement\":[{\"@type\":\"ListItem\",\"position\":1,\"name\":\"Accueil\",\"item\":\"https:\/\/librairie7l.com\/en\/\"},{\"@type\":\"ListItem\",\"position\":2,\"name\":\"Shop\",\"item\":\"https:\/\/librairie7l.com\/en\/shop\/\"},{\"@type\":\"ListItem\",\"position\":3,\"name\":\"GAZETTE DES ATOURS DE MARIE-ANTOINETTE\"}]},{\"@type\":\"WebSite\",\"@id\":\"https:\/\/librairie7l.com\/en\/#website\",\"url\":\"https:\/\/librairie7l.com\/en\/\",\"name\":\"Librairie 7L\",\"description\":\"Librairie fond\u00e9e en 1999 par Karl Lagerfeld \u00e0 Paris\",\"publisher\":{\"@id\":\"https:\/\/librairie7l.com\/en\/#organization\"},\"potentialAction\":[{\"@type\":\"SearchAction\",\"target\":{\"@type\":\"EntryPoint\",\"urlTemplate\":\"https:\/\/librairie7l.com\/en\/?s={search_term_string}\"},\"query-input\":\"required name=search_term_string\"}],\"inLanguage\":\"en-US\"},{\"@type\":\"Organization\",\"@id\":\"https:\/\/librairie7l.com\/en\/#organization\",\"name\":\"Librairie 7L\",\"url\":\"https:\/\/librairie7l.com\/en\/\",\"logo\":{\"@type\":\"ImageObject\",\"inLanguage\":\"en-US\",\"@id\":\"https:\/\/librairie7l.com\/en\/#\/schema\/logo\/image\/\",\"url\":\"https:\/\/librairie7l.com\/wp-content\/uploads\/2022\/08\/logo-1.png\",\"contentUrl\":\"https:\/\/librairie7l.com\/wp-content\/uploads\/2022\/08\/logo-1.png\",\"width\":227,\"height\":301,\"caption\":\"Librairie 7L\"},\"image\":{\"@id\":\"https:\/\/librairie7l.com\/en\/#\/schema\/logo\/image\/\"}}]}<\/script>\n<!-- \/ Yoast SEO plugin. -->","yoast_head_json":{"title":"GAZETTE DES ATOURS DE MARIE-ANTOINETTE - Librairie 7L","robots":{"index":"index","follow":"follow","max-snippet":"max-snippet:-1","max-image-preview":"max-image-preview:large","max-video-preview":"max-video-preview:-1"},"canonical":"https:\/\/librairie7l.com\/en\/produit\/gazette-des-atours-de-marie-antoinette\/","og_locale":"en_US","og_type":"article","og_title":"GAZETTE DES ATOURS DE MARIE-ANTOINETTE - Librairie 7L","og_description":"Les Archives nationales conservent un registre dat\u00e9 de 1782 ayant appartenu \u00e0 Mme d&#8217;Ossun, dame d&#8217;atours de Marie-Antoinette, o\u00f9 sont fix\u00e9s des morceaux d&#8217;\u00e9toffes accompagn\u00e9s de br\u00e8ves mentions manuscrites. Ce document se rapportant \u00e0 la garde-robe de la reine a \u00e9t\u00e9 maintes fois comment\u00e9, \u00e9tudi\u00e9, reproduit. Or, ce que ce registre a de plus int\u00e9ressant [&hellip;]","og_url":"https:\/\/librairie7l.com\/en\/produit\/gazette-des-atours-de-marie-antoinette\/","og_site_name":"Librairie 7L","article_modified_time":"2026-04-26T15:40:26+00:00","og_image":[{"width":600,"height":949,"url":"https:\/\/librairie7l.com\/wp-content\/uploads\/2023\/04\/9782711879960_1_75.jpg","type":"image\/jpeg"}],"twitter_card":"summary_large_image","twitter_misc":{"Est. reading time":"2 minutes"},"schema":{"@context":"https:\/\/schema.org","@graph":[{"@type":"WebPage","@id":"https:\/\/librairie7l.com\/en\/produit\/gazette-des-atours-de-marie-antoinette\/","url":"https:\/\/librairie7l.com\/en\/produit\/gazette-des-atours-de-marie-antoinette\/","name":"GAZETTE DES ATOURS DE MARIE-ANTOINETTE - Librairie 7L","isPartOf":{"@id":"https:\/\/librairie7l.com\/en\/#website"},"datePublished":"2023-05-09T15:29:13+00:00","dateModified":"2026-04-26T15:40:26+00:00","breadcrumb":{"@id":"https:\/\/librairie7l.com\/en\/produit\/gazette-des-atours-de-marie-antoinette\/#breadcrumb"},"inLanguage":"en-US","potentialAction":[{"@type":"ReadAction","target":["https:\/\/librairie7l.com\/en\/produit\/gazette-des-atours-de-marie-antoinette\/"]}]},{"@type":"BreadcrumbList","@id":"https:\/\/librairie7l.com\/en\/produit\/gazette-des-atours-de-marie-antoinette\/#breadcrumb","itemListElement":[{"@type":"ListItem","position":1,"name":"Accueil","item":"https:\/\/librairie7l.com\/en\/"},{"@type":"ListItem","position":2,"name":"Shop","item":"https:\/\/librairie7l.com\/en\/shop\/"},{"@type":"ListItem","position":3,"name":"GAZETTE DES ATOURS DE MARIE-ANTOINETTE"}]},{"@type":"WebSite","@id":"https:\/\/librairie7l.com\/en\/#website","url":"https:\/\/librairie7l.com\/en\/","name":"Librairie 7L","description":"Librairie fond\u00e9e en 1999 par Karl Lagerfeld \u00e0 Paris","publisher":{"@id":"https:\/\/librairie7l.com\/en\/#organization"},"potentialAction":[{"@type":"SearchAction","target":{"@type":"EntryPoint","urlTemplate":"https:\/\/librairie7l.com\/en\/?s={search_term_string}"},"query-input":"required name=search_term_string"}],"inLanguage":"en-US"},{"@type":"Organization","@id":"https:\/\/librairie7l.com\/en\/#organization","name":"Librairie 7L","url":"https:\/\/librairie7l.com\/en\/","logo":{"@type":"ImageObject","inLanguage":"en-US","@id":"https:\/\/librairie7l.com\/en\/#\/schema\/logo\/image\/","url":"https:\/\/librairie7l.com\/wp-content\/uploads\/2022\/08\/logo-1.png","contentUrl":"https:\/\/librairie7l.com\/wp-content\/uploads\/2022\/08\/logo-1.png","width":227,"height":301,"caption":"Librairie 7L"},"image":{"@id":"https:\/\/librairie7l.com\/en\/#\/schema\/logo\/image\/"}}]}},"_links":{"self":[{"href":"https:\/\/librairie7l.com\/en\/wp-json\/wp\/v2\/product\/17303"}],"collection":[{"href":"https:\/\/librairie7l.com\/en\/wp-json\/wp\/v2\/product"}],"about":[{"href":"https:\/\/librairie7l.com\/en\/wp-json\/wp\/v2\/types\/product"}],"wp:featuredmedia":[{"embeddable":true,"href":"https:\/\/librairie7l.com\/en\/wp-json\/wp\/v2\/media\/17301"}],"wp:attachment":[{"href":"https:\/\/librairie7l.com\/en\/wp-json\/wp\/v2\/media?parent=17303"}],"wp:term":[{"taxonomy":"product_cat","embeddable":true,"href":"https:\/\/librairie7l.com\/en\/wp-json\/wp\/v2\/product_cat?post=17303"},{"taxonomy":"product_tag","embeddable":true,"href":"https:\/\/librairie7l.com\/en\/wp-json\/wp\/v2\/product_tag?post=17303"}],"curies":[{"name":"wp","href":"https:\/\/api.w.org\/{rel}","templated":true}]}}