{"id":17319,"date":"2023-05-09T17:29:26","date_gmt":"2023-05-09T15:29:26","guid":{"rendered":"https:\/\/librairie7l.com\/?post_type=product&#038;p=17319"},"modified":"2026-04-18T15:06:42","modified_gmt":"2026-04-18T13:06:42","slug":"pan","status":"publish","type":"product","link":"https:\/\/librairie7l.com\/en\/produit\/pan\/","title":{"rendered":"PAN"},"content":{"rendered":"<p>Le livre PAN est d&#8217;abord n\u00e9 dans un jardin durant l&#8217;\u00e9t\u00e9 2019. Sur les feuilles des arbres qui l&#8217;entourent, le catalpa, l&#8217;amarante, le m\u00fbrier du Japon, la vigne&#8230; le photographe Patrice Dion \u00e9galement jardinier, r\u00e9v\u00e8le ses  images gr\u00e2ce \u00e0 la seule action du soleil. Imprim\u00e9e sur papier-nuage (Pergamenata) ou sur papier textur\u00e9 (Arena Natural), chaque photographie suit les courbes et les nervures, attrapant ici et l\u00e0 un souvenir, une sensation, une rencontre que chaque feuille semble pr\u00e9server tendrement au creux de ses veines. Quelques mots d\u00e9coch\u00e9s par Fabien Ribery affleurent sur les pages qui se transforment sous les doigts du lecteur en exp\u00e9rience sensorielle et intime.<\/p>\n","protected":false},"excerpt":{"rendered":"<p>Le livre PAN est d&#8217;abord n\u00e9 dans un jardin durant l&#8217;\u00e9t\u00e9 2019. Sur les feuilles des arbres qui l&#8217;entourent, le catalpa, l&#8217;amarante, le m\u00fbrier du Japon, la vigne&#8230; le photographe Patrice Dion \u00e9galement jardinier, r\u00e9v\u00e8le ses images gr\u00e2ce \u00e0 la seule action du soleil. Imprim\u00e9e sur papier-nuage (Pergamenata) ou sur papier textur\u00e9 (Arena Natural), chaque [&hellip;]<\/p>\n","protected":false},"featured_media":17317,"template":"","meta":[],"product_cat":[55,2948,2958,17],"product_tag":[],"acf":[],"yoast_head":"<!-- This site is optimized with the Yoast SEO plugin v20.11 - https:\/\/yoast.com\/wordpress\/plugins\/seo\/ -->\n<title>PAN - Librairie 7L<\/title>\n<meta name=\"robots\" content=\"index, follow, max-snippet:-1, max-image-preview:large, max-video-preview:-1\" \/>\n<link rel=\"canonical\" href=\"https:\/\/librairie7l.com\/en\/produit\/pan\/\" \/>\n<meta property=\"og:locale\" content=\"en_US\" \/>\n<meta property=\"og:type\" content=\"article\" \/>\n<meta property=\"og:title\" content=\"PAN - Librairie 7L\" \/>\n<meta property=\"og:description\" content=\"Le livre PAN est d&#8217;abord n\u00e9 dans un jardin durant l&#8217;\u00e9t\u00e9 2019. Sur les feuilles des arbres qui l&#8217;entourent, le catalpa, l&#8217;amarante, le m\u00fbrier du Japon, la vigne&#8230; le photographe Patrice Dion \u00e9galement jardinier, r\u00e9v\u00e8le ses images gr\u00e2ce \u00e0 la seule action du soleil. Imprim\u00e9e sur papier-nuage (Pergamenata) ou sur papier textur\u00e9 (Arena Natural), chaque [&hellip;]\" \/>\n<meta property=\"og:url\" content=\"https:\/\/librairie7l.com\/en\/produit\/pan\/\" \/>\n<meta property=\"og:site_name\" content=\"Librairie 7L\" \/>\n<meta property=\"article:modified_time\" content=\"2026-04-18T13:06:42+00:00\" \/>\n<meta property=\"og:image\" content=\"https:\/\/librairie7l.com\/wp-content\/uploads\/2022\/08\/9791095118220_1_75.jpg\" \/>\n\t<meta property=\"og:image:width\" content=\"600\" \/>\n\t<meta property=\"og:image:height\" content=\"837\" \/>\n\t<meta property=\"og:image:type\" content=\"image\/jpeg\" \/>\n<meta name=\"twitter:card\" content=\"summary_large_image\" \/>\n<meta name=\"twitter:label1\" content=\"Est. reading time\" \/>\n\t<meta name=\"twitter:data1\" content=\"1 minute\" \/>\n<script type=\"application\/ld+json\" class=\"yoast-schema-graph\">{\"@context\":\"https:\/\/schema.org\",\"@graph\":[{\"@type\":\"WebPage\",\"@id\":\"https:\/\/librairie7l.com\/en\/produit\/pan\/\",\"url\":\"https:\/\/librairie7l.com\/en\/produit\/pan\/\",\"name\":\"PAN - Librairie 7L\",\"isPartOf\":{\"@id\":\"https:\/\/librairie7l.com\/en\/#website\"},\"datePublished\":\"2023-05-09T15:29:26+00:00\",\"dateModified\":\"2026-04-18T13:06:42+00:00\",\"breadcrumb\":{\"@id\":\"https:\/\/librairie7l.com\/en\/produit\/pan\/#breadcrumb\"},\"inLanguage\":\"en-US\",\"potentialAction\":[{\"@type\":\"ReadAction\",\"target\":[\"https:\/\/librairie7l.com\/en\/produit\/pan\/\"]}]},{\"@type\":\"BreadcrumbList\",\"@id\":\"https:\/\/librairie7l.com\/en\/produit\/pan\/#breadcrumb\",\"itemListElement\":[{\"@type\":\"ListItem\",\"position\":1,\"name\":\"Accueil\",\"item\":\"https:\/\/librairie7l.com\/en\/\"},{\"@type\":\"ListItem\",\"position\":2,\"name\":\"Shop\",\"item\":\"https:\/\/librairie7l.com\/en\/shop\/\"},{\"@type\":\"ListItem\",\"position\":3,\"name\":\"PAN\"}]},{\"@type\":\"WebSite\",\"@id\":\"https:\/\/librairie7l.com\/en\/#website\",\"url\":\"https:\/\/librairie7l.com\/en\/\",\"name\":\"Librairie 7L\",\"description\":\"Librairie fond\u00e9e en 1999 par Karl Lagerfeld \u00e0 Paris\",\"publisher\":{\"@id\":\"https:\/\/librairie7l.com\/en\/#organization\"},\"potentialAction\":[{\"@type\":\"SearchAction\",\"target\":{\"@type\":\"EntryPoint\",\"urlTemplate\":\"https:\/\/librairie7l.com\/en\/?s={search_term_string}\"},\"query-input\":\"required name=search_term_string\"}],\"inLanguage\":\"en-US\"},{\"@type\":\"Organization\",\"@id\":\"https:\/\/librairie7l.com\/en\/#organization\",\"name\":\"Librairie 7L\",\"url\":\"https:\/\/librairie7l.com\/en\/\",\"logo\":{\"@type\":\"ImageObject\",\"inLanguage\":\"en-US\",\"@id\":\"https:\/\/librairie7l.com\/en\/#\/schema\/logo\/image\/\",\"url\":\"https:\/\/librairie7l.com\/wp-content\/uploads\/2022\/08\/logo-1.png\",\"contentUrl\":\"https:\/\/librairie7l.com\/wp-content\/uploads\/2022\/08\/logo-1.png\",\"width\":227,\"height\":301,\"caption\":\"Librairie 7L\"},\"image\":{\"@id\":\"https:\/\/librairie7l.com\/en\/#\/schema\/logo\/image\/\"}}]}<\/script>\n<!-- \/ Yoast SEO plugin. -->","yoast_head_json":{"title":"PAN - Librairie 7L","robots":{"index":"index","follow":"follow","max-snippet":"max-snippet:-1","max-image-preview":"max-image-preview:large","max-video-preview":"max-video-preview:-1"},"canonical":"https:\/\/librairie7l.com\/en\/produit\/pan\/","og_locale":"en_US","og_type":"article","og_title":"PAN - Librairie 7L","og_description":"Le livre PAN est d&#8217;abord n\u00e9 dans un jardin durant l&#8217;\u00e9t\u00e9 2019. Sur les feuilles des arbres qui l&#8217;entourent, le catalpa, l&#8217;amarante, le m\u00fbrier du Japon, la vigne&#8230; le photographe Patrice Dion \u00e9galement jardinier, r\u00e9v\u00e8le ses images gr\u00e2ce \u00e0 la seule action du soleil. Imprim\u00e9e sur papier-nuage (Pergamenata) ou sur papier textur\u00e9 (Arena Natural), chaque [&hellip;]","og_url":"https:\/\/librairie7l.com\/en\/produit\/pan\/","og_site_name":"Librairie 7L","article_modified_time":"2026-04-18T13:06:42+00:00","og_image":[{"width":600,"height":837,"url":"https:\/\/librairie7l.com\/wp-content\/uploads\/2022\/08\/9791095118220_1_75.jpg","type":"image\/jpeg"}],"twitter_card":"summary_large_image","twitter_misc":{"Est. reading time":"1 minute"},"schema":{"@context":"https:\/\/schema.org","@graph":[{"@type":"WebPage","@id":"https:\/\/librairie7l.com\/en\/produit\/pan\/","url":"https:\/\/librairie7l.com\/en\/produit\/pan\/","name":"PAN - Librairie 7L","isPartOf":{"@id":"https:\/\/librairie7l.com\/en\/#website"},"datePublished":"2023-05-09T15:29:26+00:00","dateModified":"2026-04-18T13:06:42+00:00","breadcrumb":{"@id":"https:\/\/librairie7l.com\/en\/produit\/pan\/#breadcrumb"},"inLanguage":"en-US","potentialAction":[{"@type":"ReadAction","target":["https:\/\/librairie7l.com\/en\/produit\/pan\/"]}]},{"@type":"BreadcrumbList","@id":"https:\/\/librairie7l.com\/en\/produit\/pan\/#breadcrumb","itemListElement":[{"@type":"ListItem","position":1,"name":"Accueil","item":"https:\/\/librairie7l.com\/en\/"},{"@type":"ListItem","position":2,"name":"Shop","item":"https:\/\/librairie7l.com\/en\/shop\/"},{"@type":"ListItem","position":3,"name":"PAN"}]},{"@type":"WebSite","@id":"https:\/\/librairie7l.com\/en\/#website","url":"https:\/\/librairie7l.com\/en\/","name":"Librairie 7L","description":"Librairie fond\u00e9e en 1999 par Karl Lagerfeld \u00e0 Paris","publisher":{"@id":"https:\/\/librairie7l.com\/en\/#organization"},"potentialAction":[{"@type":"SearchAction","target":{"@type":"EntryPoint","urlTemplate":"https:\/\/librairie7l.com\/en\/?s={search_term_string}"},"query-input":"required name=search_term_string"}],"inLanguage":"en-US"},{"@type":"Organization","@id":"https:\/\/librairie7l.com\/en\/#organization","name":"Librairie 7L","url":"https:\/\/librairie7l.com\/en\/","logo":{"@type":"ImageObject","inLanguage":"en-US","@id":"https:\/\/librairie7l.com\/en\/#\/schema\/logo\/image\/","url":"https:\/\/librairie7l.com\/wp-content\/uploads\/2022\/08\/logo-1.png","contentUrl":"https:\/\/librairie7l.com\/wp-content\/uploads\/2022\/08\/logo-1.png","width":227,"height":301,"caption":"Librairie 7L"},"image":{"@id":"https:\/\/librairie7l.com\/en\/#\/schema\/logo\/image\/"}}]}},"_links":{"self":[{"href":"https:\/\/librairie7l.com\/en\/wp-json\/wp\/v2\/product\/17319"}],"collection":[{"href":"https:\/\/librairie7l.com\/en\/wp-json\/wp\/v2\/product"}],"about":[{"href":"https:\/\/librairie7l.com\/en\/wp-json\/wp\/v2\/types\/product"}],"wp:featuredmedia":[{"embeddable":true,"href":"https:\/\/librairie7l.com\/en\/wp-json\/wp\/v2\/media\/17317"}],"wp:attachment":[{"href":"https:\/\/librairie7l.com\/en\/wp-json\/wp\/v2\/media?parent=17319"}],"wp:term":[{"taxonomy":"product_cat","embeddable":true,"href":"https:\/\/librairie7l.com\/en\/wp-json\/wp\/v2\/product_cat?post=17319"},{"taxonomy":"product_tag","embeddable":true,"href":"https:\/\/librairie7l.com\/en\/wp-json\/wp\/v2\/product_tag?post=17319"}],"curies":[{"name":"wp","href":"https:\/\/api.w.org\/{rel}","templated":true}]}}