{"id":17335,"date":"2023-05-09T17:29:39","date_gmt":"2023-05-09T15:29:39","guid":{"rendered":"https:\/\/librairie7l.com\/?post_type=product&#038;p=17335"},"modified":"2026-05-02T11:51:44","modified_gmt":"2026-05-02T09:51:44","slug":"antoine-caron-1521-1599-le-theatre-de-lhistoire","status":"publish","type":"product","link":"https:\/\/librairie7l.com\/en\/produit\/antoine-caron-1521-1599-le-theatre-de-lhistoire\/","title":{"rendered":"ANTOINE CARON 1521-1599 ;  LE TH\u00c9\u00c2TRE DE L&#8217;HISTOIRE"},"content":{"rendered":"<p>Bien qu&#8217;Antoine Caron (1521-1599) ait \u00e9t\u00e9 l&#8217;un des peintres les plus influents de son \u00e9poque, travaillant successivement pour cinq monarques, de Fran\u00e7ois Ier \u00e0 Henri IV, et pour la reine Catherine de M\u00e9dicis, et que sa place dans le d\u00e9veloppement de la peinture fran\u00e7aise reste d\u00e9terminante, sa carri\u00e8re n&#8217;a pas encore fait l&#8217;objet d&#8217;une manifestation \u00e0 la hauteur de sa r\u00e9putation d&#8217;alors.<\/p>\n","protected":false},"excerpt":{"rendered":"<p>Bien qu&#8217;Antoine Caron (1521-1599) ait \u00e9t\u00e9 l&#8217;un des peintres les plus influents de son \u00e9poque, travaillant successivement pour cinq monarques, de Fran\u00e7ois Ier \u00e0 Henri IV, et pour la reine Catherine de M\u00e9dicis, et que sa place dans le d\u00e9veloppement de la peinture fran\u00e7aise reste d\u00e9terminante, sa carri\u00e8re n&#8217;a pas encore fait l&#8217;objet d&#8217;une manifestation [&hellip;]<\/p>\n","protected":false},"featured_media":17333,"template":"","meta":[],"product_cat":[55,2948,47,2953],"product_tag":[],"acf":[],"yoast_head":"<!-- This site is optimized with the Yoast SEO plugin v20.11 - https:\/\/yoast.com\/wordpress\/plugins\/seo\/ -->\n<title>ANTOINE CARON 1521-1599 ; LE TH\u00c9\u00c2TRE DE L&#039;HISTOIRE - Librairie 7L<\/title>\n<meta name=\"robots\" content=\"index, follow, max-snippet:-1, max-image-preview:large, max-video-preview:-1\" \/>\n<link rel=\"canonical\" href=\"https:\/\/librairie7l.com\/en\/produit\/antoine-caron-1521-1599-le-theatre-de-lhistoire\/\" \/>\n<meta property=\"og:locale\" content=\"en_US\" \/>\n<meta property=\"og:type\" content=\"article\" \/>\n<meta property=\"og:title\" content=\"ANTOINE CARON 1521-1599 ; LE TH\u00c9\u00c2TRE DE L&#039;HISTOIRE - Librairie 7L\" \/>\n<meta property=\"og:description\" content=\"Bien qu&#8217;Antoine Caron (1521-1599) ait \u00e9t\u00e9 l&#8217;un des peintres les plus influents de son \u00e9poque, travaillant successivement pour cinq monarques, de Fran\u00e7ois Ier \u00e0 Henri IV, et pour la reine Catherine de M\u00e9dicis, et que sa place dans le d\u00e9veloppement de la peinture fran\u00e7aise reste d\u00e9terminante, sa carri\u00e8re n&#8217;a pas encore fait l&#8217;objet d&#8217;une manifestation [&hellip;]\" \/>\n<meta property=\"og:url\" content=\"https:\/\/librairie7l.com\/en\/produit\/antoine-caron-1521-1599-le-theatre-de-lhistoire\/\" \/>\n<meta property=\"og:site_name\" content=\"Librairie 7L\" \/>\n<meta property=\"article:modified_time\" content=\"2026-05-02T09:51:44+00:00\" \/>\n<meta property=\"og:image\" content=\"https:\/\/librairie7l.com\/wp-content\/uploads\/2023\/03\/9782711879526_1_75.jpg\" \/>\n\t<meta property=\"og:image:width\" content=\"400\" \/>\n\t<meta property=\"og:image:height\" content=\"509\" \/>\n\t<meta property=\"og:image:type\" content=\"image\/jpeg\" \/>\n<meta name=\"twitter:card\" content=\"summary_large_image\" \/>\n<script type=\"application\/ld+json\" class=\"yoast-schema-graph\">{\"@context\":\"https:\/\/schema.org\",\"@graph\":[{\"@type\":\"WebPage\",\"@id\":\"https:\/\/librairie7l.com\/en\/produit\/antoine-caron-1521-1599-le-theatre-de-lhistoire\/\",\"url\":\"https:\/\/librairie7l.com\/en\/produit\/antoine-caron-1521-1599-le-theatre-de-lhistoire\/\",\"name\":\"ANTOINE CARON 1521-1599 ; LE TH\u00c9\u00c2TRE DE L'HISTOIRE - Librairie 7L\",\"isPartOf\":{\"@id\":\"https:\/\/librairie7l.com\/en\/#website\"},\"datePublished\":\"2023-05-09T15:29:39+00:00\",\"dateModified\":\"2026-05-02T09:51:44+00:00\",\"breadcrumb\":{\"@id\":\"https:\/\/librairie7l.com\/en\/produit\/antoine-caron-1521-1599-le-theatre-de-lhistoire\/#breadcrumb\"},\"inLanguage\":\"en-US\",\"potentialAction\":[{\"@type\":\"ReadAction\",\"target\":[\"https:\/\/librairie7l.com\/en\/produit\/antoine-caron-1521-1599-le-theatre-de-lhistoire\/\"]}]},{\"@type\":\"BreadcrumbList\",\"@id\":\"https:\/\/librairie7l.com\/en\/produit\/antoine-caron-1521-1599-le-theatre-de-lhistoire\/#breadcrumb\",\"itemListElement\":[{\"@type\":\"ListItem\",\"position\":1,\"name\":\"Accueil\",\"item\":\"https:\/\/librairie7l.com\/en\/\"},{\"@type\":\"ListItem\",\"position\":2,\"name\":\"Shop\",\"item\":\"https:\/\/librairie7l.com\/en\/shop\/\"},{\"@type\":\"ListItem\",\"position\":3,\"name\":\"ANTOINE CARON 1521-1599 ; LE TH\u00c9\u00c2TRE DE L&#8217;HISTOIRE\"}]},{\"@type\":\"WebSite\",\"@id\":\"https:\/\/librairie7l.com\/en\/#website\",\"url\":\"https:\/\/librairie7l.com\/en\/\",\"name\":\"Librairie 7L\",\"description\":\"Librairie fond\u00e9e en 1999 par Karl Lagerfeld \u00e0 Paris\",\"publisher\":{\"@id\":\"https:\/\/librairie7l.com\/en\/#organization\"},\"potentialAction\":[{\"@type\":\"SearchAction\",\"target\":{\"@type\":\"EntryPoint\",\"urlTemplate\":\"https:\/\/librairie7l.com\/en\/?s={search_term_string}\"},\"query-input\":\"required name=search_term_string\"}],\"inLanguage\":\"en-US\"},{\"@type\":\"Organization\",\"@id\":\"https:\/\/librairie7l.com\/en\/#organization\",\"name\":\"Librairie 7L\",\"url\":\"https:\/\/librairie7l.com\/en\/\",\"logo\":{\"@type\":\"ImageObject\",\"inLanguage\":\"en-US\",\"@id\":\"https:\/\/librairie7l.com\/en\/#\/schema\/logo\/image\/\",\"url\":\"https:\/\/librairie7l.com\/wp-content\/uploads\/2022\/08\/logo-1.png\",\"contentUrl\":\"https:\/\/librairie7l.com\/wp-content\/uploads\/2022\/08\/logo-1.png\",\"width\":227,\"height\":301,\"caption\":\"Librairie 7L\"},\"image\":{\"@id\":\"https:\/\/librairie7l.com\/en\/#\/schema\/logo\/image\/\"}}]}<\/script>\n<!-- \/ Yoast SEO plugin. -->","yoast_head_json":{"title":"ANTOINE CARON 1521-1599 ; LE TH\u00c9\u00c2TRE DE L'HISTOIRE - Librairie 7L","robots":{"index":"index","follow":"follow","max-snippet":"max-snippet:-1","max-image-preview":"max-image-preview:large","max-video-preview":"max-video-preview:-1"},"canonical":"https:\/\/librairie7l.com\/en\/produit\/antoine-caron-1521-1599-le-theatre-de-lhistoire\/","og_locale":"en_US","og_type":"article","og_title":"ANTOINE CARON 1521-1599 ; LE TH\u00c9\u00c2TRE DE L'HISTOIRE - Librairie 7L","og_description":"Bien qu&#8217;Antoine Caron (1521-1599) ait \u00e9t\u00e9 l&#8217;un des peintres les plus influents de son \u00e9poque, travaillant successivement pour cinq monarques, de Fran\u00e7ois Ier \u00e0 Henri IV, et pour la reine Catherine de M\u00e9dicis, et que sa place dans le d\u00e9veloppement de la peinture fran\u00e7aise reste d\u00e9terminante, sa carri\u00e8re n&#8217;a pas encore fait l&#8217;objet d&#8217;une manifestation [&hellip;]","og_url":"https:\/\/librairie7l.com\/en\/produit\/antoine-caron-1521-1599-le-theatre-de-lhistoire\/","og_site_name":"Librairie 7L","article_modified_time":"2026-05-02T09:51:44+00:00","og_image":[{"width":400,"height":509,"url":"https:\/\/librairie7l.com\/wp-content\/uploads\/2023\/03\/9782711879526_1_75.jpg","type":"image\/jpeg"}],"twitter_card":"summary_large_image","schema":{"@context":"https:\/\/schema.org","@graph":[{"@type":"WebPage","@id":"https:\/\/librairie7l.com\/en\/produit\/antoine-caron-1521-1599-le-theatre-de-lhistoire\/","url":"https:\/\/librairie7l.com\/en\/produit\/antoine-caron-1521-1599-le-theatre-de-lhistoire\/","name":"ANTOINE CARON 1521-1599 ; LE TH\u00c9\u00c2TRE DE L'HISTOIRE - Librairie 7L","isPartOf":{"@id":"https:\/\/librairie7l.com\/en\/#website"},"datePublished":"2023-05-09T15:29:39+00:00","dateModified":"2026-05-02T09:51:44+00:00","breadcrumb":{"@id":"https:\/\/librairie7l.com\/en\/produit\/antoine-caron-1521-1599-le-theatre-de-lhistoire\/#breadcrumb"},"inLanguage":"en-US","potentialAction":[{"@type":"ReadAction","target":["https:\/\/librairie7l.com\/en\/produit\/antoine-caron-1521-1599-le-theatre-de-lhistoire\/"]}]},{"@type":"BreadcrumbList","@id":"https:\/\/librairie7l.com\/en\/produit\/antoine-caron-1521-1599-le-theatre-de-lhistoire\/#breadcrumb","itemListElement":[{"@type":"ListItem","position":1,"name":"Accueil","item":"https:\/\/librairie7l.com\/en\/"},{"@type":"ListItem","position":2,"name":"Shop","item":"https:\/\/librairie7l.com\/en\/shop\/"},{"@type":"ListItem","position":3,"name":"ANTOINE CARON 1521-1599 ; LE TH\u00c9\u00c2TRE DE L&#8217;HISTOIRE"}]},{"@type":"WebSite","@id":"https:\/\/librairie7l.com\/en\/#website","url":"https:\/\/librairie7l.com\/en\/","name":"Librairie 7L","description":"Librairie fond\u00e9e en 1999 par Karl Lagerfeld \u00e0 Paris","publisher":{"@id":"https:\/\/librairie7l.com\/en\/#organization"},"potentialAction":[{"@type":"SearchAction","target":{"@type":"EntryPoint","urlTemplate":"https:\/\/librairie7l.com\/en\/?s={search_term_string}"},"query-input":"required name=search_term_string"}],"inLanguage":"en-US"},{"@type":"Organization","@id":"https:\/\/librairie7l.com\/en\/#organization","name":"Librairie 7L","url":"https:\/\/librairie7l.com\/en\/","logo":{"@type":"ImageObject","inLanguage":"en-US","@id":"https:\/\/librairie7l.com\/en\/#\/schema\/logo\/image\/","url":"https:\/\/librairie7l.com\/wp-content\/uploads\/2022\/08\/logo-1.png","contentUrl":"https:\/\/librairie7l.com\/wp-content\/uploads\/2022\/08\/logo-1.png","width":227,"height":301,"caption":"Librairie 7L"},"image":{"@id":"https:\/\/librairie7l.com\/en\/#\/schema\/logo\/image\/"}}]}},"_links":{"self":[{"href":"https:\/\/librairie7l.com\/en\/wp-json\/wp\/v2\/product\/17335"}],"collection":[{"href":"https:\/\/librairie7l.com\/en\/wp-json\/wp\/v2\/product"}],"about":[{"href":"https:\/\/librairie7l.com\/en\/wp-json\/wp\/v2\/types\/product"}],"wp:featuredmedia":[{"embeddable":true,"href":"https:\/\/librairie7l.com\/en\/wp-json\/wp\/v2\/media\/17333"}],"wp:attachment":[{"href":"https:\/\/librairie7l.com\/en\/wp-json\/wp\/v2\/media?parent=17335"}],"wp:term":[{"taxonomy":"product_cat","embeddable":true,"href":"https:\/\/librairie7l.com\/en\/wp-json\/wp\/v2\/product_cat?post=17335"},{"taxonomy":"product_tag","embeddable":true,"href":"https:\/\/librairie7l.com\/en\/wp-json\/wp\/v2\/product_tag?post=17335"}],"curies":[{"name":"wp","href":"https:\/\/api.w.org\/{rel}","templated":true}]}}