{"id":17355,"date":"2023-05-09T17:29:54","date_gmt":"2023-05-09T15:29:54","guid":{"rendered":"https:\/\/librairie7l.com\/?post_type=product&#038;p=17355"},"modified":"2026-04-26T17:41:53","modified_gmt":"2026-04-26T15:41:53","slug":"paul-brandt-artiste-joaillier-et-decorateur-moderne","status":"publish","type":"product","link":"https:\/\/librairie7l.com\/en\/produit\/paul-brandt-artiste-joaillier-et-decorateur-moderne\/","title":{"rendered":"PAUL BRANDT, ARTISTE JOAILLIER ET D\u00c9CORATEUR MODERNE"},"content":{"rendered":"<p>Pilier de la joaillerie moderne dans les ann\u00e9es 20, Paul Brandt a exerc\u00e9 aux c\u00f4t\u00e9s des plus grands noms tels que Fouquet, Templier ou encore Sandoz. N\u00e9 \u00e0 la Chaux-de-Fonds en Suisse, il s&#8217;installe tr\u00e8s jeune \u00e0 Paris o\u00f9 il poursuit une formation \u00e9clectique (joaillier, peintre, sculpteur, graveur en m\u00e9dailles et sur pierres fines, \u00e9mailleur&#8230;). S\u00e9duit par les arts appliqu\u00e9s, il se sp\u00e9cialise dans la cr\u00e9ation de m\u00e9dailles, puis de bijoux. D&#8217;abord dans un style Art nouveau, puis Art d\u00e9co, il participe aux diff\u00e9rents \u00e9v\u00e9nements artistiques qui animent la capitale. Membre du jury, mais aussi participant de l&#8217;Exposition Internationale des Arts D\u00e9coratifs de 1925, il est pr\u00e9sent\u00e9 comme un des acteurs de la \u00ab transformation compl\u00e8te \u00bb et acquiert une renomm\u00e9e internationale. Paul Brandt pense ses bijoux comme des oeuvres d&#8217;art et th\u00e9orise leur pr\u00e9sentation \u00e0 l&#8217;occasion de sc\u00e9nographies avant-gardistes pour lesquelles il collabore avec les plus grands architectes modernes de l&#8217;\u00e9poque tels qu&#8217;\u00c9ric Bagge et Djo-Bourgeois. \u00c0 partir des ann\u00e9es 1930, il revient \u00e0 un art plus \u00ab industriel \u00bb et \u00e9tend son activit\u00e9 \u00e0 la d\u00e9coration int\u00e9rieure.Cette premi\u00e8re monographie illustre le talent de cet artiste majeur, tant dans la joaillerie que dans le domaine des arts d\u00e9coratifs fran\u00e7ais et international. Retra\u00e7ant l&#8217;ensemble de son parcours, elle montre l&#8217;\u00e9tendue des comp\u00e9tences de Paul Brandt, dans le domaine du bijou, mais aussi dans les domaines de la m\u00e9daille, de la d\u00e9coration et de  l&#8217;am\u00e9nagement int\u00e9rieur. Elle s&#8217;appuie sur un travail de recherche in\u00e9dit et illustr\u00e9 par un important corpus de 350 documents iconographiques tir\u00e9 de sources journalistiques, mus\u00e9ales ou issues d&#8217;archives publiques ou priv\u00e9es. Si son nom se fait discret dans l&#8217;actualit\u00e9, il est aujourd&#8217;hui l&#8217;un des plus respect\u00e9s et recherch\u00e9s parmi les marchands et les sp\u00e9cialistes de la joaillerie moderne, comme en t\u00e9moigne l&#8217;engouement pour ses cr\u00e9ations sur le march\u00e9 de l&#8217;art.<\/p>\n","protected":false},"excerpt":{"rendered":"<p>Pilier de la joaillerie moderne dans les ann\u00e9es 20, Paul Brandt a exerc\u00e9 aux c\u00f4t\u00e9s des plus grands noms tels que Fouquet, Templier ou encore Sandoz. N\u00e9 \u00e0 la Chaux-de-Fonds en Suisse, il s&#8217;installe tr\u00e8s jeune \u00e0 Paris o\u00f9 il poursuit une formation \u00e9clectique (joaillier, peintre, sculpteur, graveur en m\u00e9dailles et sur pierres fines, \u00e9mailleur&#8230;). [&hellip;]<\/p>\n","protected":false},"featured_media":17353,"template":"","meta":[],"product_cat":[55,2948,2957,19],"product_tag":[],"acf":[],"yoast_head":"<!-- This site is optimized with the Yoast SEO plugin v20.11 - https:\/\/yoast.com\/wordpress\/plugins\/seo\/ -->\n<title>PAUL BRANDT, ARTISTE JOAILLIER ET D\u00c9CORATEUR MODERNE - Librairie 7L<\/title>\n<meta name=\"robots\" content=\"index, follow, max-snippet:-1, max-image-preview:large, max-video-preview:-1\" \/>\n<link rel=\"canonical\" href=\"https:\/\/librairie7l.com\/en\/produit\/paul-brandt-artiste-joaillier-et-decorateur-moderne\/\" \/>\n<meta property=\"og:locale\" content=\"en_US\" \/>\n<meta property=\"og:type\" content=\"article\" \/>\n<meta property=\"og:title\" content=\"PAUL BRANDT, ARTISTE JOAILLIER ET D\u00c9CORATEUR MODERNE - Librairie 7L\" \/>\n<meta property=\"og:description\" content=\"Pilier de la joaillerie moderne dans les ann\u00e9es 20, Paul Brandt a exerc\u00e9 aux c\u00f4t\u00e9s des plus grands noms tels que Fouquet, Templier ou encore Sandoz. N\u00e9 \u00e0 la Chaux-de-Fonds en Suisse, il s&#8217;installe tr\u00e8s jeune \u00e0 Paris o\u00f9 il poursuit une formation \u00e9clectique (joaillier, peintre, sculpteur, graveur en m\u00e9dailles et sur pierres fines, \u00e9mailleur&#8230;). [&hellip;]\" \/>\n<meta property=\"og:url\" content=\"https:\/\/librairie7l.com\/en\/produit\/paul-brandt-artiste-joaillier-et-decorateur-moderne\/\" \/>\n<meta property=\"og:site_name\" content=\"Librairie 7L\" \/>\n<meta property=\"article:modified_time\" content=\"2026-04-26T15:41:53+00:00\" \/>\n<meta property=\"og:image\" content=\"https:\/\/librairie7l.com\/wp-content\/uploads\/2022\/12\/9782376660699_1_75.jpg\" \/>\n\t<meta property=\"og:image:width\" content=\"400\" \/>\n\t<meta property=\"og:image:height\" content=\"530\" \/>\n\t<meta property=\"og:image:type\" content=\"image\/jpeg\" \/>\n<meta name=\"twitter:card\" content=\"summary_large_image\" \/>\n<meta name=\"twitter:label1\" content=\"Est. reading time\" \/>\n\t<meta name=\"twitter:data1\" content=\"2 minutes\" \/>\n<script type=\"application\/ld+json\" class=\"yoast-schema-graph\">{\"@context\":\"https:\/\/schema.org\",\"@graph\":[{\"@type\":\"WebPage\",\"@id\":\"https:\/\/librairie7l.com\/en\/produit\/paul-brandt-artiste-joaillier-et-decorateur-moderne\/\",\"url\":\"https:\/\/librairie7l.com\/en\/produit\/paul-brandt-artiste-joaillier-et-decorateur-moderne\/\",\"name\":\"PAUL BRANDT, ARTISTE JOAILLIER ET D\u00c9CORATEUR MODERNE - Librairie 7L\",\"isPartOf\":{\"@id\":\"https:\/\/librairie7l.com\/en\/#website\"},\"datePublished\":\"2023-05-09T15:29:54+00:00\",\"dateModified\":\"2026-04-26T15:41:53+00:00\",\"breadcrumb\":{\"@id\":\"https:\/\/librairie7l.com\/en\/produit\/paul-brandt-artiste-joaillier-et-decorateur-moderne\/#breadcrumb\"},\"inLanguage\":\"en-US\",\"potentialAction\":[{\"@type\":\"ReadAction\",\"target\":[\"https:\/\/librairie7l.com\/en\/produit\/paul-brandt-artiste-joaillier-et-decorateur-moderne\/\"]}]},{\"@type\":\"BreadcrumbList\",\"@id\":\"https:\/\/librairie7l.com\/en\/produit\/paul-brandt-artiste-joaillier-et-decorateur-moderne\/#breadcrumb\",\"itemListElement\":[{\"@type\":\"ListItem\",\"position\":1,\"name\":\"Accueil\",\"item\":\"https:\/\/librairie7l.com\/en\/\"},{\"@type\":\"ListItem\",\"position\":2,\"name\":\"Shop\",\"item\":\"https:\/\/librairie7l.com\/en\/shop\/\"},{\"@type\":\"ListItem\",\"position\":3,\"name\":\"PAUL BRANDT, ARTISTE JOAILLIER ET D\u00c9CORATEUR MODERNE\"}]},{\"@type\":\"WebSite\",\"@id\":\"https:\/\/librairie7l.com\/en\/#website\",\"url\":\"https:\/\/librairie7l.com\/en\/\",\"name\":\"Librairie 7L\",\"description\":\"Librairie fond\u00e9e en 1999 par Karl Lagerfeld \u00e0 Paris\",\"publisher\":{\"@id\":\"https:\/\/librairie7l.com\/en\/#organization\"},\"potentialAction\":[{\"@type\":\"SearchAction\",\"target\":{\"@type\":\"EntryPoint\",\"urlTemplate\":\"https:\/\/librairie7l.com\/en\/?s={search_term_string}\"},\"query-input\":\"required name=search_term_string\"}],\"inLanguage\":\"en-US\"},{\"@type\":\"Organization\",\"@id\":\"https:\/\/librairie7l.com\/en\/#organization\",\"name\":\"Librairie 7L\",\"url\":\"https:\/\/librairie7l.com\/en\/\",\"logo\":{\"@type\":\"ImageObject\",\"inLanguage\":\"en-US\",\"@id\":\"https:\/\/librairie7l.com\/en\/#\/schema\/logo\/image\/\",\"url\":\"https:\/\/librairie7l.com\/wp-content\/uploads\/2022\/08\/logo-1.png\",\"contentUrl\":\"https:\/\/librairie7l.com\/wp-content\/uploads\/2022\/08\/logo-1.png\",\"width\":227,\"height\":301,\"caption\":\"Librairie 7L\"},\"image\":{\"@id\":\"https:\/\/librairie7l.com\/en\/#\/schema\/logo\/image\/\"}}]}<\/script>\n<!-- \/ Yoast SEO plugin. -->","yoast_head_json":{"title":"PAUL BRANDT, ARTISTE JOAILLIER ET D\u00c9CORATEUR MODERNE - Librairie 7L","robots":{"index":"index","follow":"follow","max-snippet":"max-snippet:-1","max-image-preview":"max-image-preview:large","max-video-preview":"max-video-preview:-1"},"canonical":"https:\/\/librairie7l.com\/en\/produit\/paul-brandt-artiste-joaillier-et-decorateur-moderne\/","og_locale":"en_US","og_type":"article","og_title":"PAUL BRANDT, ARTISTE JOAILLIER ET D\u00c9CORATEUR MODERNE - Librairie 7L","og_description":"Pilier de la joaillerie moderne dans les ann\u00e9es 20, Paul Brandt a exerc\u00e9 aux c\u00f4t\u00e9s des plus grands noms tels que Fouquet, Templier ou encore Sandoz. N\u00e9 \u00e0 la Chaux-de-Fonds en Suisse, il s&#8217;installe tr\u00e8s jeune \u00e0 Paris o\u00f9 il poursuit une formation \u00e9clectique (joaillier, peintre, sculpteur, graveur en m\u00e9dailles et sur pierres fines, \u00e9mailleur&#8230;). [&hellip;]","og_url":"https:\/\/librairie7l.com\/en\/produit\/paul-brandt-artiste-joaillier-et-decorateur-moderne\/","og_site_name":"Librairie 7L","article_modified_time":"2026-04-26T15:41:53+00:00","og_image":[{"width":400,"height":530,"url":"https:\/\/librairie7l.com\/wp-content\/uploads\/2022\/12\/9782376660699_1_75.jpg","type":"image\/jpeg"}],"twitter_card":"summary_large_image","twitter_misc":{"Est. reading time":"2 minutes"},"schema":{"@context":"https:\/\/schema.org","@graph":[{"@type":"WebPage","@id":"https:\/\/librairie7l.com\/en\/produit\/paul-brandt-artiste-joaillier-et-decorateur-moderne\/","url":"https:\/\/librairie7l.com\/en\/produit\/paul-brandt-artiste-joaillier-et-decorateur-moderne\/","name":"PAUL BRANDT, ARTISTE JOAILLIER ET D\u00c9CORATEUR MODERNE - Librairie 7L","isPartOf":{"@id":"https:\/\/librairie7l.com\/en\/#website"},"datePublished":"2023-05-09T15:29:54+00:00","dateModified":"2026-04-26T15:41:53+00:00","breadcrumb":{"@id":"https:\/\/librairie7l.com\/en\/produit\/paul-brandt-artiste-joaillier-et-decorateur-moderne\/#breadcrumb"},"inLanguage":"en-US","potentialAction":[{"@type":"ReadAction","target":["https:\/\/librairie7l.com\/en\/produit\/paul-brandt-artiste-joaillier-et-decorateur-moderne\/"]}]},{"@type":"BreadcrumbList","@id":"https:\/\/librairie7l.com\/en\/produit\/paul-brandt-artiste-joaillier-et-decorateur-moderne\/#breadcrumb","itemListElement":[{"@type":"ListItem","position":1,"name":"Accueil","item":"https:\/\/librairie7l.com\/en\/"},{"@type":"ListItem","position":2,"name":"Shop","item":"https:\/\/librairie7l.com\/en\/shop\/"},{"@type":"ListItem","position":3,"name":"PAUL BRANDT, ARTISTE JOAILLIER ET D\u00c9CORATEUR MODERNE"}]},{"@type":"WebSite","@id":"https:\/\/librairie7l.com\/en\/#website","url":"https:\/\/librairie7l.com\/en\/","name":"Librairie 7L","description":"Librairie fond\u00e9e en 1999 par Karl Lagerfeld \u00e0 Paris","publisher":{"@id":"https:\/\/librairie7l.com\/en\/#organization"},"potentialAction":[{"@type":"SearchAction","target":{"@type":"EntryPoint","urlTemplate":"https:\/\/librairie7l.com\/en\/?s={search_term_string}"},"query-input":"required name=search_term_string"}],"inLanguage":"en-US"},{"@type":"Organization","@id":"https:\/\/librairie7l.com\/en\/#organization","name":"Librairie 7L","url":"https:\/\/librairie7l.com\/en\/","logo":{"@type":"ImageObject","inLanguage":"en-US","@id":"https:\/\/librairie7l.com\/en\/#\/schema\/logo\/image\/","url":"https:\/\/librairie7l.com\/wp-content\/uploads\/2022\/08\/logo-1.png","contentUrl":"https:\/\/librairie7l.com\/wp-content\/uploads\/2022\/08\/logo-1.png","width":227,"height":301,"caption":"Librairie 7L"},"image":{"@id":"https:\/\/librairie7l.com\/en\/#\/schema\/logo\/image\/"}}]}},"_links":{"self":[{"href":"https:\/\/librairie7l.com\/en\/wp-json\/wp\/v2\/product\/17355"}],"collection":[{"href":"https:\/\/librairie7l.com\/en\/wp-json\/wp\/v2\/product"}],"about":[{"href":"https:\/\/librairie7l.com\/en\/wp-json\/wp\/v2\/types\/product"}],"wp:featuredmedia":[{"embeddable":true,"href":"https:\/\/librairie7l.com\/en\/wp-json\/wp\/v2\/media\/17353"}],"wp:attachment":[{"href":"https:\/\/librairie7l.com\/en\/wp-json\/wp\/v2\/media?parent=17355"}],"wp:term":[{"taxonomy":"product_cat","embeddable":true,"href":"https:\/\/librairie7l.com\/en\/wp-json\/wp\/v2\/product_cat?post=17355"},{"taxonomy":"product_tag","embeddable":true,"href":"https:\/\/librairie7l.com\/en\/wp-json\/wp\/v2\/product_tag?post=17355"}],"curies":[{"name":"wp","href":"https:\/\/api.w.org\/{rel}","templated":true}]}}