{"id":17371,"date":"2023-05-09T17:30:06","date_gmt":"2023-05-09T15:30:06","guid":{"rendered":"https:\/\/librairie7l.com\/?post_type=product&#038;p=17371"},"modified":"2026-04-19T16:30:36","modified_gmt":"2026-04-19T14:30:36","slug":"collection-courbet-reconsidere-rehabilite-t-1-le-retour-au-pays-de-la-tou","status":"publish","type":"product","link":"https:\/\/librairie7l.com\/en\/produit\/collection-courbet-reconsidere-rehabilite-t-1-le-retour-au-pays-de-la-tou\/","title":{"rendered":"GUSTAVE COURBET T.1 : LE RETOUR AU PAYS: DE LA TOUR-DE-PEILZ \u00c0 ORNANS"},"content":{"rendered":"<p>Le peintre Gustave Courbet, ma\u00eetre de l&#8217;art r\u00e9aliste d\u00e9c\u00e8de en exil en Suisse \u00e0 La Tour-de-Peilz le 31 d\u00e9cembre 1877. Sa d\u00e9pouille ne reviendra \u00e0 Ornans, sa ville natale, qu&#8217;en 1919 dans un quasi-anonymat. Certains de ses tableaux trop \u00ab crus \u00bb et son anticl\u00e9ricalisme, sa participation aux \u00e9v\u00e9nements de la Commune et sa responsabilit\u00e9 pr\u00e9tendue dans la chute de la colonne Vend\u00f4me sont encore pr\u00e9sents dans les esprits : Gustave Courbet est rang\u00e9 au purgatoire des artistes.<br \/>\n\u00c0 Ornans cependant, des initiatives sont prises pour revaloriser son oeuvre, mais il faudra attendre 1971 pour qu&#8217;un mus\u00e9e lui soit d\u00e9di\u00e9 dans sa ville natale, une \u00e9tape d\u00e9cisive dans la r\u00e9habilitation du peintre, franchie gr\u00e2ce aux actions men\u00e9es par l&#8217;Association des Amis de Courbet &#8211; devenue aujourd&#8217;hui l&#8217;Institut Gustave Courbet.<br \/>\nCe \u00ab retour de Courbet au pays : de La Tour-de-Peilz \u00e0 Ornans \u00bb, nous avons souhait\u00e9 l&#8217;\u00e9clairer par de nombreux documents in\u00e9dits dans ce premier volume de la collection \u00ab Gustave Courbet, chronique d&#8217;une r\u00e9habilitation \u00bb.<br \/>\nD&#8217;autres volumes suivront et permettront d&#8217;\u00e9largir le propos dans le temps et dans l&#8217;espace pour reconsid\u00e9rer l&#8217;oeuvre de l&#8217;artiste et son accueil, tant en France qu&#8217;\u00e0 l&#8217;\u00e9tranger.<\/p>\n","protected":false},"excerpt":{"rendered":"<p>Le peintre Gustave Courbet, ma\u00eetre de l&#8217;art r\u00e9aliste d\u00e9c\u00e8de en exil en Suisse \u00e0 La Tour-de-Peilz le 31 d\u00e9cembre 1877. Sa d\u00e9pouille ne reviendra \u00e0 Ornans, sa ville natale, qu&#8217;en 1919 dans un quasi-anonymat. Certains de ses tableaux trop \u00ab crus \u00bb et son anticl\u00e9ricalisme, sa participation aux \u00e9v\u00e9nements de la Commune et sa responsabilit\u00e9 [&hellip;]<\/p>\n","protected":false},"featured_media":17369,"template":"","meta":[],"product_cat":[55,2948,47,2953],"product_tag":[],"acf":[],"yoast_head":"<!-- This site is optimized with the Yoast SEO plugin v20.11 - https:\/\/yoast.com\/wordpress\/plugins\/seo\/ -->\n<title>GUSTAVE COURBET T.1 : LE RETOUR AU PAYS: DE LA TOUR-DE-PEILZ \u00c0 ORNANS - Librairie 7L<\/title>\n<meta name=\"robots\" content=\"index, follow, max-snippet:-1, max-image-preview:large, max-video-preview:-1\" \/>\n<link rel=\"canonical\" href=\"https:\/\/librairie7l.com\/en\/produit\/collection-courbet-reconsidere-rehabilite-t-1-le-retour-au-pays-de-la-tou\/\" \/>\n<meta property=\"og:locale\" content=\"en_US\" \/>\n<meta property=\"og:type\" content=\"article\" \/>\n<meta property=\"og:title\" content=\"GUSTAVE COURBET T.1 : LE RETOUR AU PAYS: DE LA TOUR-DE-PEILZ \u00c0 ORNANS - Librairie 7L\" \/>\n<meta property=\"og:description\" content=\"Le peintre Gustave Courbet, ma\u00eetre de l&#8217;art r\u00e9aliste d\u00e9c\u00e8de en exil en Suisse \u00e0 La Tour-de-Peilz le 31 d\u00e9cembre 1877. Sa d\u00e9pouille ne reviendra \u00e0 Ornans, sa ville natale, qu&#8217;en 1919 dans un quasi-anonymat. Certains de ses tableaux trop \u00ab crus \u00bb et son anticl\u00e9ricalisme, sa participation aux \u00e9v\u00e9nements de la Commune et sa responsabilit\u00e9 [&hellip;]\" \/>\n<meta property=\"og:url\" content=\"https:\/\/librairie7l.com\/en\/produit\/collection-courbet-reconsidere-rehabilite-t-1-le-retour-au-pays-de-la-tou\/\" \/>\n<meta property=\"og:site_name\" content=\"Librairie 7L\" \/>\n<meta property=\"article:modified_time\" content=\"2026-04-19T14:30:36+00:00\" \/>\n<meta property=\"og:image\" content=\"https:\/\/librairie7l.com\/wp-content\/uploads\/2022\/09\/9788836650491_1_75.jpg\" \/>\n\t<meta property=\"og:image:width\" content=\"600\" \/>\n\t<meta property=\"og:image:height\" content=\"810\" \/>\n\t<meta property=\"og:image:type\" content=\"image\/jpeg\" \/>\n<meta name=\"twitter:card\" content=\"summary_large_image\" \/>\n<meta name=\"twitter:label1\" content=\"Est. reading time\" \/>\n\t<meta name=\"twitter:data1\" content=\"1 minute\" \/>\n<script type=\"application\/ld+json\" class=\"yoast-schema-graph\">{\"@context\":\"https:\/\/schema.org\",\"@graph\":[{\"@type\":\"WebPage\",\"@id\":\"https:\/\/librairie7l.com\/en\/produit\/collection-courbet-reconsidere-rehabilite-t-1-le-retour-au-pays-de-la-tou\/\",\"url\":\"https:\/\/librairie7l.com\/en\/produit\/collection-courbet-reconsidere-rehabilite-t-1-le-retour-au-pays-de-la-tou\/\",\"name\":\"GUSTAVE COURBET T.1 : LE RETOUR AU PAYS: DE LA TOUR-DE-PEILZ \u00c0 ORNANS - Librairie 7L\",\"isPartOf\":{\"@id\":\"https:\/\/librairie7l.com\/en\/#website\"},\"datePublished\":\"2023-05-09T15:30:06+00:00\",\"dateModified\":\"2026-04-19T14:30:36+00:00\",\"breadcrumb\":{\"@id\":\"https:\/\/librairie7l.com\/en\/produit\/collection-courbet-reconsidere-rehabilite-t-1-le-retour-au-pays-de-la-tou\/#breadcrumb\"},\"inLanguage\":\"en-US\",\"potentialAction\":[{\"@type\":\"ReadAction\",\"target\":[\"https:\/\/librairie7l.com\/en\/produit\/collection-courbet-reconsidere-rehabilite-t-1-le-retour-au-pays-de-la-tou\/\"]}]},{\"@type\":\"BreadcrumbList\",\"@id\":\"https:\/\/librairie7l.com\/en\/produit\/collection-courbet-reconsidere-rehabilite-t-1-le-retour-au-pays-de-la-tou\/#breadcrumb\",\"itemListElement\":[{\"@type\":\"ListItem\",\"position\":1,\"name\":\"Accueil\",\"item\":\"https:\/\/librairie7l.com\/en\/\"},{\"@type\":\"ListItem\",\"position\":2,\"name\":\"Shop\",\"item\":\"https:\/\/librairie7l.com\/en\/shop\/\"},{\"@type\":\"ListItem\",\"position\":3,\"name\":\"GUSTAVE COURBET T.1 : LE RETOUR AU PAYS: DE LA TOUR-DE-PEILZ \u00c0 ORNANS\"}]},{\"@type\":\"WebSite\",\"@id\":\"https:\/\/librairie7l.com\/en\/#website\",\"url\":\"https:\/\/librairie7l.com\/en\/\",\"name\":\"Librairie 7L\",\"description\":\"Librairie fond\u00e9e en 1999 par Karl Lagerfeld \u00e0 Paris\",\"publisher\":{\"@id\":\"https:\/\/librairie7l.com\/en\/#organization\"},\"potentialAction\":[{\"@type\":\"SearchAction\",\"target\":{\"@type\":\"EntryPoint\",\"urlTemplate\":\"https:\/\/librairie7l.com\/en\/?s={search_term_string}\"},\"query-input\":\"required name=search_term_string\"}],\"inLanguage\":\"en-US\"},{\"@type\":\"Organization\",\"@id\":\"https:\/\/librairie7l.com\/en\/#organization\",\"name\":\"Librairie 7L\",\"url\":\"https:\/\/librairie7l.com\/en\/\",\"logo\":{\"@type\":\"ImageObject\",\"inLanguage\":\"en-US\",\"@id\":\"https:\/\/librairie7l.com\/en\/#\/schema\/logo\/image\/\",\"url\":\"https:\/\/librairie7l.com\/wp-content\/uploads\/2022\/08\/logo-1.png\",\"contentUrl\":\"https:\/\/librairie7l.com\/wp-content\/uploads\/2022\/08\/logo-1.png\",\"width\":227,\"height\":301,\"caption\":\"Librairie 7L\"},\"image\":{\"@id\":\"https:\/\/librairie7l.com\/en\/#\/schema\/logo\/image\/\"}}]}<\/script>\n<!-- \/ Yoast SEO plugin. -->","yoast_head_json":{"title":"GUSTAVE COURBET T.1 : LE RETOUR AU PAYS: DE LA TOUR-DE-PEILZ \u00c0 ORNANS - Librairie 7L","robots":{"index":"index","follow":"follow","max-snippet":"max-snippet:-1","max-image-preview":"max-image-preview:large","max-video-preview":"max-video-preview:-1"},"canonical":"https:\/\/librairie7l.com\/en\/produit\/collection-courbet-reconsidere-rehabilite-t-1-le-retour-au-pays-de-la-tou\/","og_locale":"en_US","og_type":"article","og_title":"GUSTAVE COURBET T.1 : LE RETOUR AU PAYS: DE LA TOUR-DE-PEILZ \u00c0 ORNANS - Librairie 7L","og_description":"Le peintre Gustave Courbet, ma\u00eetre de l&#8217;art r\u00e9aliste d\u00e9c\u00e8de en exil en Suisse \u00e0 La Tour-de-Peilz le 31 d\u00e9cembre 1877. Sa d\u00e9pouille ne reviendra \u00e0 Ornans, sa ville natale, qu&#8217;en 1919 dans un quasi-anonymat. Certains de ses tableaux trop \u00ab crus \u00bb et son anticl\u00e9ricalisme, sa participation aux \u00e9v\u00e9nements de la Commune et sa responsabilit\u00e9 [&hellip;]","og_url":"https:\/\/librairie7l.com\/en\/produit\/collection-courbet-reconsidere-rehabilite-t-1-le-retour-au-pays-de-la-tou\/","og_site_name":"Librairie 7L","article_modified_time":"2026-04-19T14:30:36+00:00","og_image":[{"width":600,"height":810,"url":"https:\/\/librairie7l.com\/wp-content\/uploads\/2022\/09\/9788836650491_1_75.jpg","type":"image\/jpeg"}],"twitter_card":"summary_large_image","twitter_misc":{"Est. reading time":"1 minute"},"schema":{"@context":"https:\/\/schema.org","@graph":[{"@type":"WebPage","@id":"https:\/\/librairie7l.com\/en\/produit\/collection-courbet-reconsidere-rehabilite-t-1-le-retour-au-pays-de-la-tou\/","url":"https:\/\/librairie7l.com\/en\/produit\/collection-courbet-reconsidere-rehabilite-t-1-le-retour-au-pays-de-la-tou\/","name":"GUSTAVE COURBET T.1 : LE RETOUR AU PAYS: DE LA TOUR-DE-PEILZ \u00c0 ORNANS - Librairie 7L","isPartOf":{"@id":"https:\/\/librairie7l.com\/en\/#website"},"datePublished":"2023-05-09T15:30:06+00:00","dateModified":"2026-04-19T14:30:36+00:00","breadcrumb":{"@id":"https:\/\/librairie7l.com\/en\/produit\/collection-courbet-reconsidere-rehabilite-t-1-le-retour-au-pays-de-la-tou\/#breadcrumb"},"inLanguage":"en-US","potentialAction":[{"@type":"ReadAction","target":["https:\/\/librairie7l.com\/en\/produit\/collection-courbet-reconsidere-rehabilite-t-1-le-retour-au-pays-de-la-tou\/"]}]},{"@type":"BreadcrumbList","@id":"https:\/\/librairie7l.com\/en\/produit\/collection-courbet-reconsidere-rehabilite-t-1-le-retour-au-pays-de-la-tou\/#breadcrumb","itemListElement":[{"@type":"ListItem","position":1,"name":"Accueil","item":"https:\/\/librairie7l.com\/en\/"},{"@type":"ListItem","position":2,"name":"Shop","item":"https:\/\/librairie7l.com\/en\/shop\/"},{"@type":"ListItem","position":3,"name":"GUSTAVE COURBET T.1 : LE RETOUR AU PAYS: DE LA TOUR-DE-PEILZ \u00c0 ORNANS"}]},{"@type":"WebSite","@id":"https:\/\/librairie7l.com\/en\/#website","url":"https:\/\/librairie7l.com\/en\/","name":"Librairie 7L","description":"Librairie fond\u00e9e en 1999 par Karl Lagerfeld \u00e0 Paris","publisher":{"@id":"https:\/\/librairie7l.com\/en\/#organization"},"potentialAction":[{"@type":"SearchAction","target":{"@type":"EntryPoint","urlTemplate":"https:\/\/librairie7l.com\/en\/?s={search_term_string}"},"query-input":"required name=search_term_string"}],"inLanguage":"en-US"},{"@type":"Organization","@id":"https:\/\/librairie7l.com\/en\/#organization","name":"Librairie 7L","url":"https:\/\/librairie7l.com\/en\/","logo":{"@type":"ImageObject","inLanguage":"en-US","@id":"https:\/\/librairie7l.com\/en\/#\/schema\/logo\/image\/","url":"https:\/\/librairie7l.com\/wp-content\/uploads\/2022\/08\/logo-1.png","contentUrl":"https:\/\/librairie7l.com\/wp-content\/uploads\/2022\/08\/logo-1.png","width":227,"height":301,"caption":"Librairie 7L"},"image":{"@id":"https:\/\/librairie7l.com\/en\/#\/schema\/logo\/image\/"}}]}},"_links":{"self":[{"href":"https:\/\/librairie7l.com\/en\/wp-json\/wp\/v2\/product\/17371"}],"collection":[{"href":"https:\/\/librairie7l.com\/en\/wp-json\/wp\/v2\/product"}],"about":[{"href":"https:\/\/librairie7l.com\/en\/wp-json\/wp\/v2\/types\/product"}],"wp:featuredmedia":[{"embeddable":true,"href":"https:\/\/librairie7l.com\/en\/wp-json\/wp\/v2\/media\/17369"}],"wp:attachment":[{"href":"https:\/\/librairie7l.com\/en\/wp-json\/wp\/v2\/media?parent=17371"}],"wp:term":[{"taxonomy":"product_cat","embeddable":true,"href":"https:\/\/librairie7l.com\/en\/wp-json\/wp\/v2\/product_cat?post=17371"},{"taxonomy":"product_tag","embeddable":true,"href":"https:\/\/librairie7l.com\/en\/wp-json\/wp\/v2\/product_tag?post=17371"}],"curies":[{"name":"wp","href":"https:\/\/api.w.org\/{rel}","templated":true}]}}