{"id":17383,"date":"2023-05-09T17:30:17","date_gmt":"2023-05-09T15:30:17","guid":{"rendered":"https:\/\/librairie7l.com\/?post_type=product&#038;p=17383"},"modified":"2026-05-12T00:34:46","modified_gmt":"2026-05-11T22:34:46","slug":"francois-pompon-1855-1933","status":"publish","type":"product","link":"https:\/\/librairie7l.com\/en\/produit\/francois-pompon-1855-1933\/","title":{"rendered":"FRAN\u00c7OIS POMPON : 1855\/1933"},"content":{"rendered":"<p>Le sculpteur bourguignon Fran\u00e7ois Pompon est aujourd&#8217;hui c\u00e9l\u00e8bre dans le monde entier pour son Ours blanc. D\u00e9clin\u00e9e \u00e0 plusieurs centaines d&#8217;exemplaires cette oeuvre iconique des d\u00e9buts de la modernit\u00e9 s\u00e9duit toujours par sa dimension intemporelle ; elle d\u00e9montre avec quel talent l&#8217;artiste parvient \u00e0 capter l&#8217;essence de la forme et \u00e0 saisir l&#8217;animal en mouvement. C&#8217;est d&#8217;ailleurs la version monumentale en pl\u00e2tre expos\u00e9e au Salon d&#8217;automne de Paris en 1922 qui vaut \u00e0 l&#8217;artiste alors \u00e2g\u00e9 de 67 ans une renomm\u00e9e aussi imm\u00e9diate qu&#8217;universelle.<br \/>\nPourtant, Pompon a longtemps \u00e9t\u00e9 praticien au service d&#8217;autres sculpteurs et son oeuvre personnelle reste fort mal connue. Cet ouvrage explore l&#8217;ensemble de la carri\u00e8re de l&#8217;artiste et replacer sa production dans son contexte.<\/p>\n","protected":false},"excerpt":{"rendered":"<p>Le sculpteur bourguignon Fran\u00e7ois Pompon est aujourd&#8217;hui c\u00e9l\u00e8bre dans le monde entier pour son Ours blanc. D\u00e9clin\u00e9e \u00e0 plusieurs centaines d&#8217;exemplaires cette oeuvre iconique des d\u00e9buts de la modernit\u00e9 s\u00e9duit toujours par sa dimension intemporelle ; elle d\u00e9montre avec quel talent l&#8217;artiste parvient \u00e0 capter l&#8217;essence de la forme et \u00e0 saisir l&#8217;animal en mouvement. [&hellip;]<\/p>\n","protected":false},"featured_media":17381,"template":"","meta":[],"product_cat":[55,2948,47,2953],"product_tag":[],"acf":[],"yoast_head":"<!-- This site is optimized with the Yoast SEO plugin v20.11 - https:\/\/yoast.com\/wordpress\/plugins\/seo\/ -->\n<title>FRAN\u00c7OIS POMPON : 1855\/1933 - Librairie 7L<\/title>\n<meta name=\"robots\" content=\"index, follow, max-snippet:-1, max-image-preview:large, max-video-preview:-1\" \/>\n<link rel=\"canonical\" href=\"https:\/\/librairie7l.com\/en\/produit\/francois-pompon-1855-1933\/\" \/>\n<meta property=\"og:locale\" content=\"en_US\" \/>\n<meta property=\"og:type\" content=\"article\" \/>\n<meta property=\"og:title\" content=\"FRAN\u00c7OIS POMPON : 1855\/1933 - Librairie 7L\" \/>\n<meta property=\"og:description\" content=\"Le sculpteur bourguignon Fran\u00e7ois Pompon est aujourd&#8217;hui c\u00e9l\u00e8bre dans le monde entier pour son Ours blanc. D\u00e9clin\u00e9e \u00e0 plusieurs centaines d&#8217;exemplaires cette oeuvre iconique des d\u00e9buts de la modernit\u00e9 s\u00e9duit toujours par sa dimension intemporelle ; elle d\u00e9montre avec quel talent l&#8217;artiste parvient \u00e0 capter l&#8217;essence de la forme et \u00e0 saisir l&#8217;animal en mouvement. [&hellip;]\" \/>\n<meta property=\"og:url\" content=\"https:\/\/librairie7l.com\/en\/produit\/francois-pompon-1855-1933\/\" \/>\n<meta property=\"og:site_name\" content=\"Librairie 7L\" \/>\n<meta property=\"article:modified_time\" content=\"2026-05-11T22:34:46+00:00\" \/>\n<meta property=\"og:image\" content=\"https:\/\/librairie7l.com\/wp-content\/uploads\/2020\/11\/9782878442977_1_75.jpg\" \/>\n\t<meta property=\"og:image:width\" content=\"275\" \/>\n\t<meta property=\"og:image:height\" content=\"346\" \/>\n\t<meta property=\"og:image:type\" content=\"image\/jpeg\" \/>\n<meta name=\"twitter:card\" content=\"summary_large_image\" \/>\n<meta name=\"twitter:label1\" content=\"Est. reading time\" \/>\n\t<meta name=\"twitter:data1\" content=\"1 minute\" \/>\n<script type=\"application\/ld+json\" class=\"yoast-schema-graph\">{\"@context\":\"https:\/\/schema.org\",\"@graph\":[{\"@type\":\"WebPage\",\"@id\":\"https:\/\/librairie7l.com\/en\/produit\/francois-pompon-1855-1933\/\",\"url\":\"https:\/\/librairie7l.com\/en\/produit\/francois-pompon-1855-1933\/\",\"name\":\"FRAN\u00c7OIS POMPON : 1855\/1933 - Librairie 7L\",\"isPartOf\":{\"@id\":\"https:\/\/librairie7l.com\/en\/#website\"},\"datePublished\":\"2023-05-09T15:30:17+00:00\",\"dateModified\":\"2026-05-11T22:34:46+00:00\",\"breadcrumb\":{\"@id\":\"https:\/\/librairie7l.com\/en\/produit\/francois-pompon-1855-1933\/#breadcrumb\"},\"inLanguage\":\"en-US\",\"potentialAction\":[{\"@type\":\"ReadAction\",\"target\":[\"https:\/\/librairie7l.com\/en\/produit\/francois-pompon-1855-1933\/\"]}]},{\"@type\":\"BreadcrumbList\",\"@id\":\"https:\/\/librairie7l.com\/en\/produit\/francois-pompon-1855-1933\/#breadcrumb\",\"itemListElement\":[{\"@type\":\"ListItem\",\"position\":1,\"name\":\"Accueil\",\"item\":\"https:\/\/librairie7l.com\/en\/\"},{\"@type\":\"ListItem\",\"position\":2,\"name\":\"Shop\",\"item\":\"https:\/\/librairie7l.com\/en\/shop\/\"},{\"@type\":\"ListItem\",\"position\":3,\"name\":\"FRAN\u00c7OIS POMPON : 1855\/1933\"}]},{\"@type\":\"WebSite\",\"@id\":\"https:\/\/librairie7l.com\/en\/#website\",\"url\":\"https:\/\/librairie7l.com\/en\/\",\"name\":\"Librairie 7L\",\"description\":\"Librairie fond\u00e9e en 1999 par Karl Lagerfeld \u00e0 Paris\",\"publisher\":{\"@id\":\"https:\/\/librairie7l.com\/en\/#organization\"},\"potentialAction\":[{\"@type\":\"SearchAction\",\"target\":{\"@type\":\"EntryPoint\",\"urlTemplate\":\"https:\/\/librairie7l.com\/en\/?s={search_term_string}\"},\"query-input\":\"required name=search_term_string\"}],\"inLanguage\":\"en-US\"},{\"@type\":\"Organization\",\"@id\":\"https:\/\/librairie7l.com\/en\/#organization\",\"name\":\"Librairie 7L\",\"url\":\"https:\/\/librairie7l.com\/en\/\",\"logo\":{\"@type\":\"ImageObject\",\"inLanguage\":\"en-US\",\"@id\":\"https:\/\/librairie7l.com\/en\/#\/schema\/logo\/image\/\",\"url\":\"https:\/\/librairie7l.com\/wp-content\/uploads\/2022\/08\/logo-1.png\",\"contentUrl\":\"https:\/\/librairie7l.com\/wp-content\/uploads\/2022\/08\/logo-1.png\",\"width\":227,\"height\":301,\"caption\":\"Librairie 7L\"},\"image\":{\"@id\":\"https:\/\/librairie7l.com\/en\/#\/schema\/logo\/image\/\"}}]}<\/script>\n<!-- \/ Yoast SEO plugin. -->","yoast_head_json":{"title":"FRAN\u00c7OIS POMPON : 1855\/1933 - Librairie 7L","robots":{"index":"index","follow":"follow","max-snippet":"max-snippet:-1","max-image-preview":"max-image-preview:large","max-video-preview":"max-video-preview:-1"},"canonical":"https:\/\/librairie7l.com\/en\/produit\/francois-pompon-1855-1933\/","og_locale":"en_US","og_type":"article","og_title":"FRAN\u00c7OIS POMPON : 1855\/1933 - Librairie 7L","og_description":"Le sculpteur bourguignon Fran\u00e7ois Pompon est aujourd&#8217;hui c\u00e9l\u00e8bre dans le monde entier pour son Ours blanc. D\u00e9clin\u00e9e \u00e0 plusieurs centaines d&#8217;exemplaires cette oeuvre iconique des d\u00e9buts de la modernit\u00e9 s\u00e9duit toujours par sa dimension intemporelle ; elle d\u00e9montre avec quel talent l&#8217;artiste parvient \u00e0 capter l&#8217;essence de la forme et \u00e0 saisir l&#8217;animal en mouvement. [&hellip;]","og_url":"https:\/\/librairie7l.com\/en\/produit\/francois-pompon-1855-1933\/","og_site_name":"Librairie 7L","article_modified_time":"2026-05-11T22:34:46+00:00","og_image":[{"width":275,"height":346,"url":"https:\/\/librairie7l.com\/wp-content\/uploads\/2020\/11\/9782878442977_1_75.jpg","type":"image\/jpeg"}],"twitter_card":"summary_large_image","twitter_misc":{"Est. reading time":"1 minute"},"schema":{"@context":"https:\/\/schema.org","@graph":[{"@type":"WebPage","@id":"https:\/\/librairie7l.com\/en\/produit\/francois-pompon-1855-1933\/","url":"https:\/\/librairie7l.com\/en\/produit\/francois-pompon-1855-1933\/","name":"FRAN\u00c7OIS POMPON : 1855\/1933 - Librairie 7L","isPartOf":{"@id":"https:\/\/librairie7l.com\/en\/#website"},"datePublished":"2023-05-09T15:30:17+00:00","dateModified":"2026-05-11T22:34:46+00:00","breadcrumb":{"@id":"https:\/\/librairie7l.com\/en\/produit\/francois-pompon-1855-1933\/#breadcrumb"},"inLanguage":"en-US","potentialAction":[{"@type":"ReadAction","target":["https:\/\/librairie7l.com\/en\/produit\/francois-pompon-1855-1933\/"]}]},{"@type":"BreadcrumbList","@id":"https:\/\/librairie7l.com\/en\/produit\/francois-pompon-1855-1933\/#breadcrumb","itemListElement":[{"@type":"ListItem","position":1,"name":"Accueil","item":"https:\/\/librairie7l.com\/en\/"},{"@type":"ListItem","position":2,"name":"Shop","item":"https:\/\/librairie7l.com\/en\/shop\/"},{"@type":"ListItem","position":3,"name":"FRAN\u00c7OIS POMPON : 1855\/1933"}]},{"@type":"WebSite","@id":"https:\/\/librairie7l.com\/en\/#website","url":"https:\/\/librairie7l.com\/en\/","name":"Librairie 7L","description":"Librairie fond\u00e9e en 1999 par Karl Lagerfeld \u00e0 Paris","publisher":{"@id":"https:\/\/librairie7l.com\/en\/#organization"},"potentialAction":[{"@type":"SearchAction","target":{"@type":"EntryPoint","urlTemplate":"https:\/\/librairie7l.com\/en\/?s={search_term_string}"},"query-input":"required name=search_term_string"}],"inLanguage":"en-US"},{"@type":"Organization","@id":"https:\/\/librairie7l.com\/en\/#organization","name":"Librairie 7L","url":"https:\/\/librairie7l.com\/en\/","logo":{"@type":"ImageObject","inLanguage":"en-US","@id":"https:\/\/librairie7l.com\/en\/#\/schema\/logo\/image\/","url":"https:\/\/librairie7l.com\/wp-content\/uploads\/2022\/08\/logo-1.png","contentUrl":"https:\/\/librairie7l.com\/wp-content\/uploads\/2022\/08\/logo-1.png","width":227,"height":301,"caption":"Librairie 7L"},"image":{"@id":"https:\/\/librairie7l.com\/en\/#\/schema\/logo\/image\/"}}]}},"_links":{"self":[{"href":"https:\/\/librairie7l.com\/en\/wp-json\/wp\/v2\/product\/17383"}],"collection":[{"href":"https:\/\/librairie7l.com\/en\/wp-json\/wp\/v2\/product"}],"about":[{"href":"https:\/\/librairie7l.com\/en\/wp-json\/wp\/v2\/types\/product"}],"wp:featuredmedia":[{"embeddable":true,"href":"https:\/\/librairie7l.com\/en\/wp-json\/wp\/v2\/media\/17381"}],"wp:attachment":[{"href":"https:\/\/librairie7l.com\/en\/wp-json\/wp\/v2\/media?parent=17383"}],"wp:term":[{"taxonomy":"product_cat","embeddable":true,"href":"https:\/\/librairie7l.com\/en\/wp-json\/wp\/v2\/product_cat?post=17383"},{"taxonomy":"product_tag","embeddable":true,"href":"https:\/\/librairie7l.com\/en\/wp-json\/wp\/v2\/product_tag?post=17383"}],"curies":[{"name":"wp","href":"https:\/\/api.w.org\/{rel}","templated":true}]}}