{"id":17407,"date":"2023-05-09T17:30:38","date_gmt":"2023-05-09T15:30:38","guid":{"rendered":"https:\/\/librairie7l.com\/?post_type=product&#038;p=17407"},"modified":"2026-04-12T06:06:35","modified_gmt":"2026-04-12T04:06:35","slug":"all-about-saul-leiter","status":"publish","type":"product","link":"https:\/\/librairie7l.com\/en\/produit\/all-about-saul-leiter\/","title":{"rendered":"ALL ABOUT SAUL LEITER"},"content":{"rendered":"<p>Entre sa philosophie, son lyrisme et sa ma\u00eetrise des couleurs et des compositions, Saul Leiter fascine. Enfin republi\u00e9 en anglais, All About Saul Leiter contient plus de 200 oeuvres in\u00e9dites ou c\u00e9l\u00e8bres du photographe am\u00e9ricain , ses photographies, ses peintures, sa correspondance et quelques objets personnels. Ce livre couvre ainsi la carri\u00e8re commenc\u00e9e dans les ann\u00e9es 1940 de l&#8217;un des plus grands noms de l&#8217;histoire de ce m\u00e9dium.<\/p>\n","protected":false},"excerpt":{"rendered":"<p>Entre sa philosophie, son lyrisme et sa ma\u00eetrise des couleurs et des compositions, Saul Leiter fascine. Enfin republi\u00e9 en anglais, All About Saul Leiter contient plus de 200 oeuvres in\u00e9dites ou c\u00e9l\u00e8bres du photographe am\u00e9ricain , ses photographies, ses peintures, sa correspondance et quelques objets personnels. Ce livre couvre ainsi la carri\u00e8re commenc\u00e9e dans les [&hellip;]<\/p>\n","protected":false},"featured_media":17405,"template":"","meta":[],"product_cat":[55,2948,2958,17],"product_tag":[],"acf":[],"yoast_head":"<!-- This site is optimized with the Yoast SEO plugin v20.11 - https:\/\/yoast.com\/wordpress\/plugins\/seo\/ -->\n<title>ALL ABOUT SAUL LEITER - Librairie 7L<\/title>\n<meta name=\"robots\" content=\"index, follow, max-snippet:-1, max-image-preview:large, max-video-preview:-1\" \/>\n<link rel=\"canonical\" href=\"https:\/\/librairie7l.com\/en\/produit\/all-about-saul-leiter\/\" \/>\n<meta property=\"og:locale\" content=\"en_US\" \/>\n<meta property=\"og:type\" content=\"article\" \/>\n<meta property=\"og:title\" content=\"ALL ABOUT SAUL LEITER - Librairie 7L\" \/>\n<meta property=\"og:description\" content=\"Entre sa philosophie, son lyrisme et sa ma\u00eetrise des couleurs et des compositions, Saul Leiter fascine. Enfin republi\u00e9 en anglais, All About Saul Leiter contient plus de 200 oeuvres in\u00e9dites ou c\u00e9l\u00e8bres du photographe am\u00e9ricain , ses photographies, ses peintures, sa correspondance et quelques objets personnels. Ce livre couvre ainsi la carri\u00e8re commenc\u00e9e dans les [&hellip;]\" \/>\n<meta property=\"og:url\" content=\"https:\/\/librairie7l.com\/en\/produit\/all-about-saul-leiter\/\" \/>\n<meta property=\"og:site_name\" content=\"Librairie 7L\" \/>\n<meta property=\"article:modified_time\" content=\"2026-04-12T04:06:35+00:00\" \/>\n<meta property=\"og:image\" content=\"https:\/\/librairie7l.com\/wp-content\/uploads\/2018\/07\/9780500294536_1_75.jpg\" \/>\n\t<meta property=\"og:image:width\" content=\"353\" \/>\n\t<meta property=\"og:image:height\" content=\"499\" \/>\n\t<meta property=\"og:image:type\" content=\"image\/jpeg\" \/>\n<meta name=\"twitter:card\" content=\"summary_large_image\" \/>\n<script type=\"application\/ld+json\" class=\"yoast-schema-graph\">{\"@context\":\"https:\/\/schema.org\",\"@graph\":[{\"@type\":\"WebPage\",\"@id\":\"https:\/\/librairie7l.com\/en\/produit\/all-about-saul-leiter\/\",\"url\":\"https:\/\/librairie7l.com\/en\/produit\/all-about-saul-leiter\/\",\"name\":\"ALL ABOUT SAUL LEITER - Librairie 7L\",\"isPartOf\":{\"@id\":\"https:\/\/librairie7l.com\/en\/#website\"},\"datePublished\":\"2023-05-09T15:30:38+00:00\",\"dateModified\":\"2026-04-12T04:06:35+00:00\",\"breadcrumb\":{\"@id\":\"https:\/\/librairie7l.com\/en\/produit\/all-about-saul-leiter\/#breadcrumb\"},\"inLanguage\":\"en-US\",\"potentialAction\":[{\"@type\":\"ReadAction\",\"target\":[\"https:\/\/librairie7l.com\/en\/produit\/all-about-saul-leiter\/\"]}]},{\"@type\":\"BreadcrumbList\",\"@id\":\"https:\/\/librairie7l.com\/en\/produit\/all-about-saul-leiter\/#breadcrumb\",\"itemListElement\":[{\"@type\":\"ListItem\",\"position\":1,\"name\":\"Accueil\",\"item\":\"https:\/\/librairie7l.com\/en\/\"},{\"@type\":\"ListItem\",\"position\":2,\"name\":\"Shop\",\"item\":\"https:\/\/librairie7l.com\/en\/shop\/\"},{\"@type\":\"ListItem\",\"position\":3,\"name\":\"ALL ABOUT SAUL LEITER\"}]},{\"@type\":\"WebSite\",\"@id\":\"https:\/\/librairie7l.com\/en\/#website\",\"url\":\"https:\/\/librairie7l.com\/en\/\",\"name\":\"Librairie 7L\",\"description\":\"Librairie fond\u00e9e en 1999 par Karl Lagerfeld \u00e0 Paris\",\"publisher\":{\"@id\":\"https:\/\/librairie7l.com\/en\/#organization\"},\"potentialAction\":[{\"@type\":\"SearchAction\",\"target\":{\"@type\":\"EntryPoint\",\"urlTemplate\":\"https:\/\/librairie7l.com\/en\/?s={search_term_string}\"},\"query-input\":\"required name=search_term_string\"}],\"inLanguage\":\"en-US\"},{\"@type\":\"Organization\",\"@id\":\"https:\/\/librairie7l.com\/en\/#organization\",\"name\":\"Librairie 7L\",\"url\":\"https:\/\/librairie7l.com\/en\/\",\"logo\":{\"@type\":\"ImageObject\",\"inLanguage\":\"en-US\",\"@id\":\"https:\/\/librairie7l.com\/en\/#\/schema\/logo\/image\/\",\"url\":\"https:\/\/librairie7l.com\/wp-content\/uploads\/2022\/08\/logo-1.png\",\"contentUrl\":\"https:\/\/librairie7l.com\/wp-content\/uploads\/2022\/08\/logo-1.png\",\"width\":227,\"height\":301,\"caption\":\"Librairie 7L\"},\"image\":{\"@id\":\"https:\/\/librairie7l.com\/en\/#\/schema\/logo\/image\/\"}}]}<\/script>\n<!-- \/ Yoast SEO plugin. -->","yoast_head_json":{"title":"ALL ABOUT SAUL LEITER - Librairie 7L","robots":{"index":"index","follow":"follow","max-snippet":"max-snippet:-1","max-image-preview":"max-image-preview:large","max-video-preview":"max-video-preview:-1"},"canonical":"https:\/\/librairie7l.com\/en\/produit\/all-about-saul-leiter\/","og_locale":"en_US","og_type":"article","og_title":"ALL ABOUT SAUL LEITER - Librairie 7L","og_description":"Entre sa philosophie, son lyrisme et sa ma\u00eetrise des couleurs et des compositions, Saul Leiter fascine. Enfin republi\u00e9 en anglais, All About Saul Leiter contient plus de 200 oeuvres in\u00e9dites ou c\u00e9l\u00e8bres du photographe am\u00e9ricain , ses photographies, ses peintures, sa correspondance et quelques objets personnels. Ce livre couvre ainsi la carri\u00e8re commenc\u00e9e dans les [&hellip;]","og_url":"https:\/\/librairie7l.com\/en\/produit\/all-about-saul-leiter\/","og_site_name":"Librairie 7L","article_modified_time":"2026-04-12T04:06:35+00:00","og_image":[{"width":353,"height":499,"url":"https:\/\/librairie7l.com\/wp-content\/uploads\/2018\/07\/9780500294536_1_75.jpg","type":"image\/jpeg"}],"twitter_card":"summary_large_image","schema":{"@context":"https:\/\/schema.org","@graph":[{"@type":"WebPage","@id":"https:\/\/librairie7l.com\/en\/produit\/all-about-saul-leiter\/","url":"https:\/\/librairie7l.com\/en\/produit\/all-about-saul-leiter\/","name":"ALL ABOUT SAUL LEITER - Librairie 7L","isPartOf":{"@id":"https:\/\/librairie7l.com\/en\/#website"},"datePublished":"2023-05-09T15:30:38+00:00","dateModified":"2026-04-12T04:06:35+00:00","breadcrumb":{"@id":"https:\/\/librairie7l.com\/en\/produit\/all-about-saul-leiter\/#breadcrumb"},"inLanguage":"en-US","potentialAction":[{"@type":"ReadAction","target":["https:\/\/librairie7l.com\/en\/produit\/all-about-saul-leiter\/"]}]},{"@type":"BreadcrumbList","@id":"https:\/\/librairie7l.com\/en\/produit\/all-about-saul-leiter\/#breadcrumb","itemListElement":[{"@type":"ListItem","position":1,"name":"Accueil","item":"https:\/\/librairie7l.com\/en\/"},{"@type":"ListItem","position":2,"name":"Shop","item":"https:\/\/librairie7l.com\/en\/shop\/"},{"@type":"ListItem","position":3,"name":"ALL ABOUT SAUL LEITER"}]},{"@type":"WebSite","@id":"https:\/\/librairie7l.com\/en\/#website","url":"https:\/\/librairie7l.com\/en\/","name":"Librairie 7L","description":"Librairie fond\u00e9e en 1999 par Karl Lagerfeld \u00e0 Paris","publisher":{"@id":"https:\/\/librairie7l.com\/en\/#organization"},"potentialAction":[{"@type":"SearchAction","target":{"@type":"EntryPoint","urlTemplate":"https:\/\/librairie7l.com\/en\/?s={search_term_string}"},"query-input":"required name=search_term_string"}],"inLanguage":"en-US"},{"@type":"Organization","@id":"https:\/\/librairie7l.com\/en\/#organization","name":"Librairie 7L","url":"https:\/\/librairie7l.com\/en\/","logo":{"@type":"ImageObject","inLanguage":"en-US","@id":"https:\/\/librairie7l.com\/en\/#\/schema\/logo\/image\/","url":"https:\/\/librairie7l.com\/wp-content\/uploads\/2022\/08\/logo-1.png","contentUrl":"https:\/\/librairie7l.com\/wp-content\/uploads\/2022\/08\/logo-1.png","width":227,"height":301,"caption":"Librairie 7L"},"image":{"@id":"https:\/\/librairie7l.com\/en\/#\/schema\/logo\/image\/"}}]}},"_links":{"self":[{"href":"https:\/\/librairie7l.com\/en\/wp-json\/wp\/v2\/product\/17407"}],"collection":[{"href":"https:\/\/librairie7l.com\/en\/wp-json\/wp\/v2\/product"}],"about":[{"href":"https:\/\/librairie7l.com\/en\/wp-json\/wp\/v2\/types\/product"}],"wp:featuredmedia":[{"embeddable":true,"href":"https:\/\/librairie7l.com\/en\/wp-json\/wp\/v2\/media\/17405"}],"wp:attachment":[{"href":"https:\/\/librairie7l.com\/en\/wp-json\/wp\/v2\/media?parent=17407"}],"wp:term":[{"taxonomy":"product_cat","embeddable":true,"href":"https:\/\/librairie7l.com\/en\/wp-json\/wp\/v2\/product_cat?post=17407"},{"taxonomy":"product_tag","embeddable":true,"href":"https:\/\/librairie7l.com\/en\/wp-json\/wp\/v2\/product_tag?post=17407"}],"curies":[{"name":"wp","href":"https:\/\/api.w.org\/{rel}","templated":true}]}}