{"id":17411,"date":"2023-05-09T17:30:42","date_gmt":"2023-05-09T15:30:42","guid":{"rendered":"https:\/\/librairie7l.com\/?post_type=product&#038;p=17411"},"modified":"2026-04-19T19:10:14","modified_gmt":"2026-04-19T17:10:14","slug":"philippe-cognee","status":"publish","type":"product","link":"https:\/\/librairie7l.com\/en\/produit\/philippe-cognee\/","title":{"rendered":"PHILIPPE COGN\u00c9E"},"content":{"rendered":"<p>Philippe Cogn\u00e9e est un peintre, graveur et dessinateur n\u00e9 \u00e0 Nantes en 1957. Actif sur la sc\u00e8ne artistique depuis les ann\u00e9es 1980, il s&#8217;inscrit dans le mouvement de retour \u00e0 la peinture. L&#8217;artiste est connu pour sa pratique de la peinture \u00e0 la cire, dont il d\u00e9tourne l&#8217;usage traditionnel. Il projette sur la toile les motifs photographi\u00e9s ou film\u00e9s et les peint sur le support avec de la peinture \u00e0 l&#8217;encaustique. Par la suite, il recouvre la toile d&#8217;un film plastique et utilise un fer \u00e0 repasser afin de liqu\u00e9fier la cire. Les motifs commencent ainsi \u00e0 se d\u00e9former sous la chaleur, cr\u00e9ant un effet de flou et de profondeur. Cette technique permet \u00e0 Cogn\u00e9e de dissoudre des \u00e9l\u00e9ments repr\u00e9sent\u00e9s, brouillant souvent la fronti\u00e8re entre peinture figurative et abstraction.Paysages urbains, vues de supermarch\u00e9s ou d&#8217;abattoirs, clich\u00e9s de Google Street View &#8211; le peintre trouve son inspiration dans ce qui l&#8217;entoure. Tout en puisant dans le quotidien, Cogn\u00e9e cr\u00e9e, gr\u00e2ce \u00e0 sa technique atypique, des oeuvres originales dans lesquelles, \u00e0 travers la d\u00e9formation du r\u00e9el, il montre une vision po\u00e9tique du monde.<\/p>\n","protected":false},"excerpt":{"rendered":"<p>Philippe Cogn\u00e9e est un peintre, graveur et dessinateur n\u00e9 \u00e0 Nantes en 1957. Actif sur la sc\u00e8ne artistique depuis les ann\u00e9es 1980, il s&#8217;inscrit dans le mouvement de retour \u00e0 la peinture. L&#8217;artiste est connu pour sa pratique de la peinture \u00e0 la cire, dont il d\u00e9tourne l&#8217;usage traditionnel. Il projette sur la toile les [&hellip;]<\/p>\n","protected":false},"featured_media":17409,"template":"","meta":[],"product_cat":[55,2948,47,2953],"product_tag":[],"acf":[],"yoast_head":"<!-- This site is optimized with the Yoast SEO plugin v20.11 - https:\/\/yoast.com\/wordpress\/plugins\/seo\/ -->\n<title>PHILIPPE COGN\u00c9E - Librairie 7L<\/title>\n<meta name=\"robots\" content=\"index, follow, max-snippet:-1, max-image-preview:large, max-video-preview:-1\" \/>\n<link rel=\"canonical\" href=\"https:\/\/librairie7l.com\/en\/produit\/philippe-cognee\/\" \/>\n<meta property=\"og:locale\" content=\"en_US\" \/>\n<meta property=\"og:type\" content=\"article\" \/>\n<meta property=\"og:title\" content=\"PHILIPPE COGN\u00c9E - Librairie 7L\" \/>\n<meta property=\"og:description\" content=\"Philippe Cogn\u00e9e est un peintre, graveur et dessinateur n\u00e9 \u00e0 Nantes en 1957. Actif sur la sc\u00e8ne artistique depuis les ann\u00e9es 1980, il s&#8217;inscrit dans le mouvement de retour \u00e0 la peinture. L&#8217;artiste est connu pour sa pratique de la peinture \u00e0 la cire, dont il d\u00e9tourne l&#8217;usage traditionnel. Il projette sur la toile les [&hellip;]\" \/>\n<meta property=\"og:url\" content=\"https:\/\/librairie7l.com\/en\/produit\/philippe-cognee\/\" \/>\n<meta property=\"og:site_name\" content=\"Librairie 7L\" \/>\n<meta property=\"article:modified_time\" content=\"2026-04-19T17:10:14+00:00\" \/>\n<meta property=\"og:image\" content=\"https:\/\/librairie7l.com\/wp-content\/uploads\/2022\/09\/9782370741981_1_75.jpg\" \/>\n\t<meta property=\"og:image:width\" content=\"600\" \/>\n\t<meta property=\"og:image:height\" content=\"751\" \/>\n\t<meta property=\"og:image:type\" content=\"image\/jpeg\" \/>\n<meta name=\"twitter:card\" content=\"summary_large_image\" \/>\n<meta name=\"twitter:label1\" content=\"Est. reading time\" \/>\n\t<meta name=\"twitter:data1\" content=\"1 minute\" \/>\n<script type=\"application\/ld+json\" class=\"yoast-schema-graph\">{\"@context\":\"https:\/\/schema.org\",\"@graph\":[{\"@type\":\"WebPage\",\"@id\":\"https:\/\/librairie7l.com\/en\/produit\/philippe-cognee\/\",\"url\":\"https:\/\/librairie7l.com\/en\/produit\/philippe-cognee\/\",\"name\":\"PHILIPPE COGN\u00c9E - Librairie 7L\",\"isPartOf\":{\"@id\":\"https:\/\/librairie7l.com\/en\/#website\"},\"datePublished\":\"2023-05-09T15:30:42+00:00\",\"dateModified\":\"2026-04-19T17:10:14+00:00\",\"breadcrumb\":{\"@id\":\"https:\/\/librairie7l.com\/en\/produit\/philippe-cognee\/#breadcrumb\"},\"inLanguage\":\"en-US\",\"potentialAction\":[{\"@type\":\"ReadAction\",\"target\":[\"https:\/\/librairie7l.com\/en\/produit\/philippe-cognee\/\"]}]},{\"@type\":\"BreadcrumbList\",\"@id\":\"https:\/\/librairie7l.com\/en\/produit\/philippe-cognee\/#breadcrumb\",\"itemListElement\":[{\"@type\":\"ListItem\",\"position\":1,\"name\":\"Accueil\",\"item\":\"https:\/\/librairie7l.com\/en\/\"},{\"@type\":\"ListItem\",\"position\":2,\"name\":\"Shop\",\"item\":\"https:\/\/librairie7l.com\/en\/shop\/\"},{\"@type\":\"ListItem\",\"position\":3,\"name\":\"PHILIPPE COGN\u00c9E\"}]},{\"@type\":\"WebSite\",\"@id\":\"https:\/\/librairie7l.com\/en\/#website\",\"url\":\"https:\/\/librairie7l.com\/en\/\",\"name\":\"Librairie 7L\",\"description\":\"Librairie fond\u00e9e en 1999 par Karl Lagerfeld \u00e0 Paris\",\"publisher\":{\"@id\":\"https:\/\/librairie7l.com\/en\/#organization\"},\"potentialAction\":[{\"@type\":\"SearchAction\",\"target\":{\"@type\":\"EntryPoint\",\"urlTemplate\":\"https:\/\/librairie7l.com\/en\/?s={search_term_string}\"},\"query-input\":\"required name=search_term_string\"}],\"inLanguage\":\"en-US\"},{\"@type\":\"Organization\",\"@id\":\"https:\/\/librairie7l.com\/en\/#organization\",\"name\":\"Librairie 7L\",\"url\":\"https:\/\/librairie7l.com\/en\/\",\"logo\":{\"@type\":\"ImageObject\",\"inLanguage\":\"en-US\",\"@id\":\"https:\/\/librairie7l.com\/en\/#\/schema\/logo\/image\/\",\"url\":\"https:\/\/librairie7l.com\/wp-content\/uploads\/2022\/08\/logo-1.png\",\"contentUrl\":\"https:\/\/librairie7l.com\/wp-content\/uploads\/2022\/08\/logo-1.png\",\"width\":227,\"height\":301,\"caption\":\"Librairie 7L\"},\"image\":{\"@id\":\"https:\/\/librairie7l.com\/en\/#\/schema\/logo\/image\/\"}}]}<\/script>\n<!-- \/ Yoast SEO plugin. -->","yoast_head_json":{"title":"PHILIPPE COGN\u00c9E - Librairie 7L","robots":{"index":"index","follow":"follow","max-snippet":"max-snippet:-1","max-image-preview":"max-image-preview:large","max-video-preview":"max-video-preview:-1"},"canonical":"https:\/\/librairie7l.com\/en\/produit\/philippe-cognee\/","og_locale":"en_US","og_type":"article","og_title":"PHILIPPE COGN\u00c9E - Librairie 7L","og_description":"Philippe Cogn\u00e9e est un peintre, graveur et dessinateur n\u00e9 \u00e0 Nantes en 1957. Actif sur la sc\u00e8ne artistique depuis les ann\u00e9es 1980, il s&#8217;inscrit dans le mouvement de retour \u00e0 la peinture. L&#8217;artiste est connu pour sa pratique de la peinture \u00e0 la cire, dont il d\u00e9tourne l&#8217;usage traditionnel. Il projette sur la toile les [&hellip;]","og_url":"https:\/\/librairie7l.com\/en\/produit\/philippe-cognee\/","og_site_name":"Librairie 7L","article_modified_time":"2026-04-19T17:10:14+00:00","og_image":[{"width":600,"height":751,"url":"https:\/\/librairie7l.com\/wp-content\/uploads\/2022\/09\/9782370741981_1_75.jpg","type":"image\/jpeg"}],"twitter_card":"summary_large_image","twitter_misc":{"Est. reading time":"1 minute"},"schema":{"@context":"https:\/\/schema.org","@graph":[{"@type":"WebPage","@id":"https:\/\/librairie7l.com\/en\/produit\/philippe-cognee\/","url":"https:\/\/librairie7l.com\/en\/produit\/philippe-cognee\/","name":"PHILIPPE COGN\u00c9E - Librairie 7L","isPartOf":{"@id":"https:\/\/librairie7l.com\/en\/#website"},"datePublished":"2023-05-09T15:30:42+00:00","dateModified":"2026-04-19T17:10:14+00:00","breadcrumb":{"@id":"https:\/\/librairie7l.com\/en\/produit\/philippe-cognee\/#breadcrumb"},"inLanguage":"en-US","potentialAction":[{"@type":"ReadAction","target":["https:\/\/librairie7l.com\/en\/produit\/philippe-cognee\/"]}]},{"@type":"BreadcrumbList","@id":"https:\/\/librairie7l.com\/en\/produit\/philippe-cognee\/#breadcrumb","itemListElement":[{"@type":"ListItem","position":1,"name":"Accueil","item":"https:\/\/librairie7l.com\/en\/"},{"@type":"ListItem","position":2,"name":"Shop","item":"https:\/\/librairie7l.com\/en\/shop\/"},{"@type":"ListItem","position":3,"name":"PHILIPPE COGN\u00c9E"}]},{"@type":"WebSite","@id":"https:\/\/librairie7l.com\/en\/#website","url":"https:\/\/librairie7l.com\/en\/","name":"Librairie 7L","description":"Librairie fond\u00e9e en 1999 par Karl Lagerfeld \u00e0 Paris","publisher":{"@id":"https:\/\/librairie7l.com\/en\/#organization"},"potentialAction":[{"@type":"SearchAction","target":{"@type":"EntryPoint","urlTemplate":"https:\/\/librairie7l.com\/en\/?s={search_term_string}"},"query-input":"required name=search_term_string"}],"inLanguage":"en-US"},{"@type":"Organization","@id":"https:\/\/librairie7l.com\/en\/#organization","name":"Librairie 7L","url":"https:\/\/librairie7l.com\/en\/","logo":{"@type":"ImageObject","inLanguage":"en-US","@id":"https:\/\/librairie7l.com\/en\/#\/schema\/logo\/image\/","url":"https:\/\/librairie7l.com\/wp-content\/uploads\/2022\/08\/logo-1.png","contentUrl":"https:\/\/librairie7l.com\/wp-content\/uploads\/2022\/08\/logo-1.png","width":227,"height":301,"caption":"Librairie 7L"},"image":{"@id":"https:\/\/librairie7l.com\/en\/#\/schema\/logo\/image\/"}}]}},"_links":{"self":[{"href":"https:\/\/librairie7l.com\/en\/wp-json\/wp\/v2\/product\/17411"}],"collection":[{"href":"https:\/\/librairie7l.com\/en\/wp-json\/wp\/v2\/product"}],"about":[{"href":"https:\/\/librairie7l.com\/en\/wp-json\/wp\/v2\/types\/product"}],"wp:featuredmedia":[{"embeddable":true,"href":"https:\/\/librairie7l.com\/en\/wp-json\/wp\/v2\/media\/17409"}],"wp:attachment":[{"href":"https:\/\/librairie7l.com\/en\/wp-json\/wp\/v2\/media?parent=17411"}],"wp:term":[{"taxonomy":"product_cat","embeddable":true,"href":"https:\/\/librairie7l.com\/en\/wp-json\/wp\/v2\/product_cat?post=17411"},{"taxonomy":"product_tag","embeddable":true,"href":"https:\/\/librairie7l.com\/en\/wp-json\/wp\/v2\/product_tag?post=17411"}],"curies":[{"name":"wp","href":"https:\/\/api.w.org\/{rel}","templated":true}]}}