{"id":17423,"date":"2023-05-09T17:30:53","date_gmt":"2023-05-09T15:30:53","guid":{"rendered":"https:\/\/librairie7l.com\/?post_type=product&#038;p=17423"},"modified":"2026-04-10T10:06:09","modified_gmt":"2026-04-10T08:06:09","slug":"stephane-spach-photographe","status":"publish","type":"product","link":"https:\/\/librairie7l.com\/en\/produit\/stephane-spach-photographe\/","title":{"rendered":"ST\u00c9PHANE SPACH, PHOTOGRAPHE"},"content":{"rendered":"<p>St\u00e9phane Spach glane et collecte. Il soustrait le d\u00e9cor, fixe, et r\u00e9p\u00e8te. Il n&#8217;en plante un que pour mieux r\u00e9v\u00e9ler les contours et la mat\u00e9rialit\u00e9 nue de l&#8217;objet. Il s&#8217;agit presque toujours de d\u00e9lier l&#8217;objet, de le d\u00e9gager de ses liens, afin de (le) faire voir autrement (de faire sentir, toucher autrement, car ces objets ainsi saisis sont pleins d&#8217;entailles, de plis et d&#8217;\u00e9raflures). Alors, la familiarit\u00e9 &#8211; ou l&#8217;absence &#8211; des relations qu&#8217;avec lui nous entretenions se met subrepticement \u00e0 vaciller. Le familier inqui\u00e8te, et c&#8217;est par l\u00e0 qu&#8217;il suscite, qu&#8217;il oblige presque, l&#8217;attention. L&#8217;attention particuli\u00e8re qu&#8217;il d\u00e9ploie lorsqu&#8217;il saisit (capture) des paysages n&#8217;est qu&#8217;un autre versant de ce travail qui s&#8217;attache \u00e0 produire le cadre d&#8217;une c\u00e9l\u00e9bration de l&#8217;ordinaire. Une banalit\u00e9 &#8211; des lieux, des \u00e9l\u00e9ments qui les composent &#8211; qui se situe au seuil de nos regards familiers, de leur absence ou de leur effacement.<\/p>\n","protected":false},"excerpt":{"rendered":"<p>St\u00e9phane Spach glane et collecte. Il soustrait le d\u00e9cor, fixe, et r\u00e9p\u00e8te. Il n&#8217;en plante un que pour mieux r\u00e9v\u00e9ler les contours et la mat\u00e9rialit\u00e9 nue de l&#8217;objet. Il s&#8217;agit presque toujours de d\u00e9lier l&#8217;objet, de le d\u00e9gager de ses liens, afin de (le) faire voir autrement (de faire sentir, toucher autrement, car ces objets [&hellip;]<\/p>\n","protected":false},"featured_media":41134,"template":"","meta":[],"product_cat":[55,2948,2958,17],"product_tag":[],"acf":[],"yoast_head":"<!-- This site is optimized with the Yoast SEO plugin v20.11 - https:\/\/yoast.com\/wordpress\/plugins\/seo\/ -->\n<title>ST\u00c9PHANE SPACH, PHOTOGRAPHE - Librairie 7L<\/title>\n<meta name=\"robots\" content=\"index, follow, max-snippet:-1, max-image-preview:large, max-video-preview:-1\" \/>\n<link rel=\"canonical\" href=\"https:\/\/librairie7l.com\/en\/produit\/stephane-spach-photographe\/\" \/>\n<meta property=\"og:locale\" content=\"en_US\" \/>\n<meta property=\"og:type\" content=\"article\" \/>\n<meta property=\"og:title\" content=\"ST\u00c9PHANE SPACH, PHOTOGRAPHE - Librairie 7L\" \/>\n<meta property=\"og:description\" content=\"St\u00e9phane Spach glane et collecte. Il soustrait le d\u00e9cor, fixe, et r\u00e9p\u00e8te. Il n&#8217;en plante un que pour mieux r\u00e9v\u00e9ler les contours et la mat\u00e9rialit\u00e9 nue de l&#8217;objet. Il s&#8217;agit presque toujours de d\u00e9lier l&#8217;objet, de le d\u00e9gager de ses liens, afin de (le) faire voir autrement (de faire sentir, toucher autrement, car ces objets [&hellip;]\" \/>\n<meta property=\"og:url\" content=\"https:\/\/librairie7l.com\/en\/produit\/stephane-spach-photographe\/\" \/>\n<meta property=\"og:site_name\" content=\"Librairie 7L\" \/>\n<meta property=\"article:modified_time\" content=\"2026-04-10T08:06:09+00:00\" \/>\n<meta property=\"og:image\" content=\"https:\/\/librairie7l.com\/wp-content\/uploads\/2024\/05\/9782850351020_1_75.jpg\" \/>\n\t<meta property=\"og:image:width\" content=\"798\" \/>\n\t<meta property=\"og:image:height\" content=\"600\" \/>\n\t<meta property=\"og:image:type\" content=\"image\/jpeg\" \/>\n<meta name=\"twitter:card\" content=\"summary_large_image\" \/>\n<meta name=\"twitter:label1\" content=\"Est. reading time\" \/>\n\t<meta name=\"twitter:data1\" content=\"1 minute\" \/>\n<script type=\"application\/ld+json\" class=\"yoast-schema-graph\">{\"@context\":\"https:\/\/schema.org\",\"@graph\":[{\"@type\":\"WebPage\",\"@id\":\"https:\/\/librairie7l.com\/en\/produit\/stephane-spach-photographe\/\",\"url\":\"https:\/\/librairie7l.com\/en\/produit\/stephane-spach-photographe\/\",\"name\":\"ST\u00c9PHANE SPACH, PHOTOGRAPHE - Librairie 7L\",\"isPartOf\":{\"@id\":\"https:\/\/librairie7l.com\/en\/#website\"},\"datePublished\":\"2023-05-09T15:30:53+00:00\",\"dateModified\":\"2026-04-10T08:06:09+00:00\",\"breadcrumb\":{\"@id\":\"https:\/\/librairie7l.com\/en\/produit\/stephane-spach-photographe\/#breadcrumb\"},\"inLanguage\":\"en-US\",\"potentialAction\":[{\"@type\":\"ReadAction\",\"target\":[\"https:\/\/librairie7l.com\/en\/produit\/stephane-spach-photographe\/\"]}]},{\"@type\":\"BreadcrumbList\",\"@id\":\"https:\/\/librairie7l.com\/en\/produit\/stephane-spach-photographe\/#breadcrumb\",\"itemListElement\":[{\"@type\":\"ListItem\",\"position\":1,\"name\":\"Accueil\",\"item\":\"https:\/\/librairie7l.com\/en\/\"},{\"@type\":\"ListItem\",\"position\":2,\"name\":\"Shop\",\"item\":\"https:\/\/librairie7l.com\/en\/shop\/\"},{\"@type\":\"ListItem\",\"position\":3,\"name\":\"ST\u00c9PHANE SPACH, PHOTOGRAPHE\"}]},{\"@type\":\"WebSite\",\"@id\":\"https:\/\/librairie7l.com\/en\/#website\",\"url\":\"https:\/\/librairie7l.com\/en\/\",\"name\":\"Librairie 7L\",\"description\":\"Librairie fond\u00e9e en 1999 par Karl Lagerfeld \u00e0 Paris\",\"publisher\":{\"@id\":\"https:\/\/librairie7l.com\/en\/#organization\"},\"potentialAction\":[{\"@type\":\"SearchAction\",\"target\":{\"@type\":\"EntryPoint\",\"urlTemplate\":\"https:\/\/librairie7l.com\/en\/?s={search_term_string}\"},\"query-input\":\"required name=search_term_string\"}],\"inLanguage\":\"en-US\"},{\"@type\":\"Organization\",\"@id\":\"https:\/\/librairie7l.com\/en\/#organization\",\"name\":\"Librairie 7L\",\"url\":\"https:\/\/librairie7l.com\/en\/\",\"logo\":{\"@type\":\"ImageObject\",\"inLanguage\":\"en-US\",\"@id\":\"https:\/\/librairie7l.com\/en\/#\/schema\/logo\/image\/\",\"url\":\"https:\/\/librairie7l.com\/wp-content\/uploads\/2022\/08\/logo-1.png\",\"contentUrl\":\"https:\/\/librairie7l.com\/wp-content\/uploads\/2022\/08\/logo-1.png\",\"width\":227,\"height\":301,\"caption\":\"Librairie 7L\"},\"image\":{\"@id\":\"https:\/\/librairie7l.com\/en\/#\/schema\/logo\/image\/\"}}]}<\/script>\n<!-- \/ Yoast SEO plugin. -->","yoast_head_json":{"title":"ST\u00c9PHANE SPACH, PHOTOGRAPHE - Librairie 7L","robots":{"index":"index","follow":"follow","max-snippet":"max-snippet:-1","max-image-preview":"max-image-preview:large","max-video-preview":"max-video-preview:-1"},"canonical":"https:\/\/librairie7l.com\/en\/produit\/stephane-spach-photographe\/","og_locale":"en_US","og_type":"article","og_title":"ST\u00c9PHANE SPACH, PHOTOGRAPHE - Librairie 7L","og_description":"St\u00e9phane Spach glane et collecte. Il soustrait le d\u00e9cor, fixe, et r\u00e9p\u00e8te. Il n&#8217;en plante un que pour mieux r\u00e9v\u00e9ler les contours et la mat\u00e9rialit\u00e9 nue de l&#8217;objet. Il s&#8217;agit presque toujours de d\u00e9lier l&#8217;objet, de le d\u00e9gager de ses liens, afin de (le) faire voir autrement (de faire sentir, toucher autrement, car ces objets [&hellip;]","og_url":"https:\/\/librairie7l.com\/en\/produit\/stephane-spach-photographe\/","og_site_name":"Librairie 7L","article_modified_time":"2026-04-10T08:06:09+00:00","og_image":[{"width":798,"height":600,"url":"https:\/\/librairie7l.com\/wp-content\/uploads\/2024\/05\/9782850351020_1_75.jpg","type":"image\/jpeg"}],"twitter_card":"summary_large_image","twitter_misc":{"Est. reading time":"1 minute"},"schema":{"@context":"https:\/\/schema.org","@graph":[{"@type":"WebPage","@id":"https:\/\/librairie7l.com\/en\/produit\/stephane-spach-photographe\/","url":"https:\/\/librairie7l.com\/en\/produit\/stephane-spach-photographe\/","name":"ST\u00c9PHANE SPACH, PHOTOGRAPHE - Librairie 7L","isPartOf":{"@id":"https:\/\/librairie7l.com\/en\/#website"},"datePublished":"2023-05-09T15:30:53+00:00","dateModified":"2026-04-10T08:06:09+00:00","breadcrumb":{"@id":"https:\/\/librairie7l.com\/en\/produit\/stephane-spach-photographe\/#breadcrumb"},"inLanguage":"en-US","potentialAction":[{"@type":"ReadAction","target":["https:\/\/librairie7l.com\/en\/produit\/stephane-spach-photographe\/"]}]},{"@type":"BreadcrumbList","@id":"https:\/\/librairie7l.com\/en\/produit\/stephane-spach-photographe\/#breadcrumb","itemListElement":[{"@type":"ListItem","position":1,"name":"Accueil","item":"https:\/\/librairie7l.com\/en\/"},{"@type":"ListItem","position":2,"name":"Shop","item":"https:\/\/librairie7l.com\/en\/shop\/"},{"@type":"ListItem","position":3,"name":"ST\u00c9PHANE SPACH, PHOTOGRAPHE"}]},{"@type":"WebSite","@id":"https:\/\/librairie7l.com\/en\/#website","url":"https:\/\/librairie7l.com\/en\/","name":"Librairie 7L","description":"Librairie fond\u00e9e en 1999 par Karl Lagerfeld \u00e0 Paris","publisher":{"@id":"https:\/\/librairie7l.com\/en\/#organization"},"potentialAction":[{"@type":"SearchAction","target":{"@type":"EntryPoint","urlTemplate":"https:\/\/librairie7l.com\/en\/?s={search_term_string}"},"query-input":"required name=search_term_string"}],"inLanguage":"en-US"},{"@type":"Organization","@id":"https:\/\/librairie7l.com\/en\/#organization","name":"Librairie 7L","url":"https:\/\/librairie7l.com\/en\/","logo":{"@type":"ImageObject","inLanguage":"en-US","@id":"https:\/\/librairie7l.com\/en\/#\/schema\/logo\/image\/","url":"https:\/\/librairie7l.com\/wp-content\/uploads\/2022\/08\/logo-1.png","contentUrl":"https:\/\/librairie7l.com\/wp-content\/uploads\/2022\/08\/logo-1.png","width":227,"height":301,"caption":"Librairie 7L"},"image":{"@id":"https:\/\/librairie7l.com\/en\/#\/schema\/logo\/image\/"}}]}},"_links":{"self":[{"href":"https:\/\/librairie7l.com\/en\/wp-json\/wp\/v2\/product\/17423"}],"collection":[{"href":"https:\/\/librairie7l.com\/en\/wp-json\/wp\/v2\/product"}],"about":[{"href":"https:\/\/librairie7l.com\/en\/wp-json\/wp\/v2\/types\/product"}],"wp:featuredmedia":[{"embeddable":true,"href":"https:\/\/librairie7l.com\/en\/wp-json\/wp\/v2\/media\/41134"}],"wp:attachment":[{"href":"https:\/\/librairie7l.com\/en\/wp-json\/wp\/v2\/media?parent=17423"}],"wp:term":[{"taxonomy":"product_cat","embeddable":true,"href":"https:\/\/librairie7l.com\/en\/wp-json\/wp\/v2\/product_cat?post=17423"},{"taxonomy":"product_tag","embeddable":true,"href":"https:\/\/librairie7l.com\/en\/wp-json\/wp\/v2\/product_tag?post=17423"}],"curies":[{"name":"wp","href":"https:\/\/api.w.org\/{rel}","templated":true}]}}