{"id":17439,"date":"2023-05-09T17:31:05","date_gmt":"2023-05-09T15:31:05","guid":{"rendered":"https:\/\/librairie7l.com\/?post_type=product&#038;p=17439"},"modified":"2026-04-08T14:35:30","modified_gmt":"2026-04-08T12:35:30","slug":"pierre-louis-faloci-une-ecologie-du-regard","status":"publish","type":"product","link":"https:\/\/librairie7l.com\/en\/produit\/pierre-louis-faloci-une-ecologie-du-regard\/","title":{"rendered":"PIERRE-LOUIS FALOCI : UNE \u00c9COLOGIE DU REGARD"},"content":{"rendered":"<p>Carte blanche \u00e0 l&#8217;architecte Pierre-Louis Faloci, laur\u00e9at 2018 du Grand Prix national de l&#8217;architecture. Le parcours met en lumi\u00e8re la trajectoire et la d\u00e9marche de ce dernier, articul\u00e9es autour de la notion de \u00ab paysage global \u00bb qu&#8217;il a longtemps d\u00e9velopp\u00e9e dans son enseignement et ses convictions d&#8217;architecte. Tout en comprenant l&#8217;importance indiscutable de l&#8217;\u00e9coconstruction, il y a, pour l&#8217;architecte, un mat\u00e9riau fondamental : \u00ab l&#8217;\u00e9cologie du regard \u00bb. Une s\u00e9lection de ses projets est notamment \u00e0 d\u00e9couvrir.<\/p>\n","protected":false},"excerpt":{"rendered":"<p>Carte blanche \u00e0 l&#8217;architecte Pierre-Louis Faloci, laur\u00e9at 2018 du Grand Prix national de l&#8217;architecture. Le parcours met en lumi\u00e8re la trajectoire et la d\u00e9marche de ce dernier, articul\u00e9es autour de la notion de \u00ab paysage global \u00bb qu&#8217;il a longtemps d\u00e9velopp\u00e9e dans son enseignement et ses convictions d&#8217;architecte. Tout en comprenant l&#8217;importance indiscutable de l&#8217;\u00e9coconstruction, [&hellip;]<\/p>\n","protected":false},"featured_media":17437,"template":"","meta":[],"product_cat":[55,2948,22,2950],"product_tag":[],"acf":[],"yoast_head":"<!-- This site is optimized with the Yoast SEO plugin v20.11 - https:\/\/yoast.com\/wordpress\/plugins\/seo\/ -->\n<title>PIERRE-LOUIS FALOCI : UNE \u00c9COLOGIE DU REGARD - Librairie 7L<\/title>\n<meta name=\"robots\" content=\"index, follow, max-snippet:-1, max-image-preview:large, max-video-preview:-1\" \/>\n<link rel=\"canonical\" href=\"https:\/\/librairie7l.com\/en\/produit\/pierre-louis-faloci-une-ecologie-du-regard\/\" \/>\n<meta property=\"og:locale\" content=\"en_US\" \/>\n<meta property=\"og:type\" content=\"article\" \/>\n<meta property=\"og:title\" content=\"PIERRE-LOUIS FALOCI : UNE \u00c9COLOGIE DU REGARD - Librairie 7L\" \/>\n<meta property=\"og:description\" content=\"Carte blanche \u00e0 l&#8217;architecte Pierre-Louis Faloci, laur\u00e9at 2018 du Grand Prix national de l&#8217;architecture. Le parcours met en lumi\u00e8re la trajectoire et la d\u00e9marche de ce dernier, articul\u00e9es autour de la notion de \u00ab paysage global \u00bb qu&#8217;il a longtemps d\u00e9velopp\u00e9e dans son enseignement et ses convictions d&#8217;architecte. Tout en comprenant l&#8217;importance indiscutable de l&#8217;\u00e9coconstruction, [&hellip;]\" \/>\n<meta property=\"og:url\" content=\"https:\/\/librairie7l.com\/en\/produit\/pierre-louis-faloci-une-ecologie-du-regard\/\" \/>\n<meta property=\"og:site_name\" content=\"Librairie 7L\" \/>\n<meta property=\"article:modified_time\" content=\"2026-04-08T12:35:30+00:00\" \/>\n<meta property=\"og:image\" content=\"https:\/\/librairie7l.com\/wp-content\/uploads\/2022\/11\/9788836651351_1_75.jpg\" \/>\n\t<meta property=\"og:image:width\" content=\"600\" \/>\n\t<meta property=\"og:image:height\" content=\"733\" \/>\n\t<meta property=\"og:image:type\" content=\"image\/jpeg\" \/>\n<meta name=\"twitter:card\" content=\"summary_large_image\" \/>\n<script type=\"application\/ld+json\" class=\"yoast-schema-graph\">{\"@context\":\"https:\/\/schema.org\",\"@graph\":[{\"@type\":\"WebPage\",\"@id\":\"https:\/\/librairie7l.com\/en\/produit\/pierre-louis-faloci-une-ecologie-du-regard\/\",\"url\":\"https:\/\/librairie7l.com\/en\/produit\/pierre-louis-faloci-une-ecologie-du-regard\/\",\"name\":\"PIERRE-LOUIS FALOCI : UNE \u00c9COLOGIE DU REGARD - Librairie 7L\",\"isPartOf\":{\"@id\":\"https:\/\/librairie7l.com\/en\/#website\"},\"datePublished\":\"2023-05-09T15:31:05+00:00\",\"dateModified\":\"2026-04-08T12:35:30+00:00\",\"breadcrumb\":{\"@id\":\"https:\/\/librairie7l.com\/en\/produit\/pierre-louis-faloci-une-ecologie-du-regard\/#breadcrumb\"},\"inLanguage\":\"en-US\",\"potentialAction\":[{\"@type\":\"ReadAction\",\"target\":[\"https:\/\/librairie7l.com\/en\/produit\/pierre-louis-faloci-une-ecologie-du-regard\/\"]}]},{\"@type\":\"BreadcrumbList\",\"@id\":\"https:\/\/librairie7l.com\/en\/produit\/pierre-louis-faloci-une-ecologie-du-regard\/#breadcrumb\",\"itemListElement\":[{\"@type\":\"ListItem\",\"position\":1,\"name\":\"Accueil\",\"item\":\"https:\/\/librairie7l.com\/en\/\"},{\"@type\":\"ListItem\",\"position\":2,\"name\":\"Shop\",\"item\":\"https:\/\/librairie7l.com\/en\/shop\/\"},{\"@type\":\"ListItem\",\"position\":3,\"name\":\"PIERRE-LOUIS FALOCI : UNE \u00c9COLOGIE DU REGARD\"}]},{\"@type\":\"WebSite\",\"@id\":\"https:\/\/librairie7l.com\/en\/#website\",\"url\":\"https:\/\/librairie7l.com\/en\/\",\"name\":\"Librairie 7L\",\"description\":\"Librairie fond\u00e9e en 1999 par Karl Lagerfeld \u00e0 Paris\",\"publisher\":{\"@id\":\"https:\/\/librairie7l.com\/en\/#organization\"},\"potentialAction\":[{\"@type\":\"SearchAction\",\"target\":{\"@type\":\"EntryPoint\",\"urlTemplate\":\"https:\/\/librairie7l.com\/en\/?s={search_term_string}\"},\"query-input\":\"required name=search_term_string\"}],\"inLanguage\":\"en-US\"},{\"@type\":\"Organization\",\"@id\":\"https:\/\/librairie7l.com\/en\/#organization\",\"name\":\"Librairie 7L\",\"url\":\"https:\/\/librairie7l.com\/en\/\",\"logo\":{\"@type\":\"ImageObject\",\"inLanguage\":\"en-US\",\"@id\":\"https:\/\/librairie7l.com\/en\/#\/schema\/logo\/image\/\",\"url\":\"https:\/\/librairie7l.com\/wp-content\/uploads\/2022\/08\/logo-1.png\",\"contentUrl\":\"https:\/\/librairie7l.com\/wp-content\/uploads\/2022\/08\/logo-1.png\",\"width\":227,\"height\":301,\"caption\":\"Librairie 7L\"},\"image\":{\"@id\":\"https:\/\/librairie7l.com\/en\/#\/schema\/logo\/image\/\"}}]}<\/script>\n<!-- \/ Yoast SEO plugin. -->","yoast_head_json":{"title":"PIERRE-LOUIS FALOCI : UNE \u00c9COLOGIE DU REGARD - Librairie 7L","robots":{"index":"index","follow":"follow","max-snippet":"max-snippet:-1","max-image-preview":"max-image-preview:large","max-video-preview":"max-video-preview:-1"},"canonical":"https:\/\/librairie7l.com\/en\/produit\/pierre-louis-faloci-une-ecologie-du-regard\/","og_locale":"en_US","og_type":"article","og_title":"PIERRE-LOUIS FALOCI : UNE \u00c9COLOGIE DU REGARD - Librairie 7L","og_description":"Carte blanche \u00e0 l&#8217;architecte Pierre-Louis Faloci, laur\u00e9at 2018 du Grand Prix national de l&#8217;architecture. Le parcours met en lumi\u00e8re la trajectoire et la d\u00e9marche de ce dernier, articul\u00e9es autour de la notion de \u00ab paysage global \u00bb qu&#8217;il a longtemps d\u00e9velopp\u00e9e dans son enseignement et ses convictions d&#8217;architecte. Tout en comprenant l&#8217;importance indiscutable de l&#8217;\u00e9coconstruction, [&hellip;]","og_url":"https:\/\/librairie7l.com\/en\/produit\/pierre-louis-faloci-une-ecologie-du-regard\/","og_site_name":"Librairie 7L","article_modified_time":"2026-04-08T12:35:30+00:00","og_image":[{"width":600,"height":733,"url":"https:\/\/librairie7l.com\/wp-content\/uploads\/2022\/11\/9788836651351_1_75.jpg","type":"image\/jpeg"}],"twitter_card":"summary_large_image","schema":{"@context":"https:\/\/schema.org","@graph":[{"@type":"WebPage","@id":"https:\/\/librairie7l.com\/en\/produit\/pierre-louis-faloci-une-ecologie-du-regard\/","url":"https:\/\/librairie7l.com\/en\/produit\/pierre-louis-faloci-une-ecologie-du-regard\/","name":"PIERRE-LOUIS FALOCI : UNE \u00c9COLOGIE DU REGARD - Librairie 7L","isPartOf":{"@id":"https:\/\/librairie7l.com\/en\/#website"},"datePublished":"2023-05-09T15:31:05+00:00","dateModified":"2026-04-08T12:35:30+00:00","breadcrumb":{"@id":"https:\/\/librairie7l.com\/en\/produit\/pierre-louis-faloci-une-ecologie-du-regard\/#breadcrumb"},"inLanguage":"en-US","potentialAction":[{"@type":"ReadAction","target":["https:\/\/librairie7l.com\/en\/produit\/pierre-louis-faloci-une-ecologie-du-regard\/"]}]},{"@type":"BreadcrumbList","@id":"https:\/\/librairie7l.com\/en\/produit\/pierre-louis-faloci-une-ecologie-du-regard\/#breadcrumb","itemListElement":[{"@type":"ListItem","position":1,"name":"Accueil","item":"https:\/\/librairie7l.com\/en\/"},{"@type":"ListItem","position":2,"name":"Shop","item":"https:\/\/librairie7l.com\/en\/shop\/"},{"@type":"ListItem","position":3,"name":"PIERRE-LOUIS FALOCI : UNE \u00c9COLOGIE DU REGARD"}]},{"@type":"WebSite","@id":"https:\/\/librairie7l.com\/en\/#website","url":"https:\/\/librairie7l.com\/en\/","name":"Librairie 7L","description":"Librairie fond\u00e9e en 1999 par Karl Lagerfeld \u00e0 Paris","publisher":{"@id":"https:\/\/librairie7l.com\/en\/#organization"},"potentialAction":[{"@type":"SearchAction","target":{"@type":"EntryPoint","urlTemplate":"https:\/\/librairie7l.com\/en\/?s={search_term_string}"},"query-input":"required name=search_term_string"}],"inLanguage":"en-US"},{"@type":"Organization","@id":"https:\/\/librairie7l.com\/en\/#organization","name":"Librairie 7L","url":"https:\/\/librairie7l.com\/en\/","logo":{"@type":"ImageObject","inLanguage":"en-US","@id":"https:\/\/librairie7l.com\/en\/#\/schema\/logo\/image\/","url":"https:\/\/librairie7l.com\/wp-content\/uploads\/2022\/08\/logo-1.png","contentUrl":"https:\/\/librairie7l.com\/wp-content\/uploads\/2022\/08\/logo-1.png","width":227,"height":301,"caption":"Librairie 7L"},"image":{"@id":"https:\/\/librairie7l.com\/en\/#\/schema\/logo\/image\/"}}]}},"_links":{"self":[{"href":"https:\/\/librairie7l.com\/en\/wp-json\/wp\/v2\/product\/17439"}],"collection":[{"href":"https:\/\/librairie7l.com\/en\/wp-json\/wp\/v2\/product"}],"about":[{"href":"https:\/\/librairie7l.com\/en\/wp-json\/wp\/v2\/types\/product"}],"wp:featuredmedia":[{"embeddable":true,"href":"https:\/\/librairie7l.com\/en\/wp-json\/wp\/v2\/media\/17437"}],"wp:attachment":[{"href":"https:\/\/librairie7l.com\/en\/wp-json\/wp\/v2\/media?parent=17439"}],"wp:term":[{"taxonomy":"product_cat","embeddable":true,"href":"https:\/\/librairie7l.com\/en\/wp-json\/wp\/v2\/product_cat?post=17439"},{"taxonomy":"product_tag","embeddable":true,"href":"https:\/\/librairie7l.com\/en\/wp-json\/wp\/v2\/product_tag?post=17439"}],"curies":[{"name":"wp","href":"https:\/\/api.w.org\/{rel}","templated":true}]}}