{"id":17447,"date":"2023-05-09T17:31:11","date_gmt":"2023-05-09T15:31:11","guid":{"rendered":"https:\/\/librairie7l.com\/?post_type=product&#038;p=17447"},"modified":"2026-04-28T23:26:05","modified_gmt":"2026-04-28T21:26:05","slug":"architectures-brutalistes-paris-et-environs","status":"publish","type":"product","link":"https:\/\/librairie7l.com\/en\/produit\/architectures-brutalistes-paris-et-environs\/","title":{"rendered":"ARCHITECTURES BRUTALISTES ; PARIS ET ENVIRONS"},"content":{"rendered":"<p>Le brutalisme est un style architectural apparu dans les ann\u00e9es 1950 qui s&#8217;inspire notamment des r\u00e9alisations de Le Corbusier, en particulier de la Cit\u00e9 radieuse de Marseille (1952). Le terme m\u00eame d\u00e9signant le mouvement d\u00e9rive de l&#8217;utilisation du b\u00e9ton \u00ab brut de d\u00e9coffrage \u00bb, sans ornements ni fioritures. Par la suite, d&#8217;autres mat\u00e9riaux, comme le m\u00e9tal, la pierre ou le verre ont pu \u00eatre int\u00e9gr\u00e9s \u00e0 des constructions se r\u00e9clamant du m\u00eame mouvement. Les \u00e9difices sont g\u00e9n\u00e9ralement massifs, anguleux et pr\u00e9sentent des structures r\u00e9p\u00e9titives. Des \u00e9l\u00e9ments techniques habituellement dissimul\u00e9s sont volontiers expos\u00e9s.<br \/>\nProsp\u00e9rant \u00e0 Paris et dans sa p\u00e9riph\u00e9rie jusqu&#8217;\u00e0 la fin des ann\u00e9es 1970, le brutalisme a connu une d\u00e9saffection au tournant du si\u00e8cle avant de susciter un regain d&#8217;int\u00e9r\u00eat aujourd&#8217;hui.<br \/>\nL&#8217;ouvrage pr\u00e9sente une centaine de r\u00e9alisations &#8211; immeubles de logements, b\u00e2timents publics, \u00e9quipements sportifs, ensembles industriels&#8230; &#8211; offrant autant de contrepoints dans un paysage \u00e0 dominante hausmannienne.<\/p>\n","protected":false},"excerpt":{"rendered":"<p>Le brutalisme est un style architectural apparu dans les ann\u00e9es 1950 qui s&#8217;inspire notamment des r\u00e9alisations de Le Corbusier, en particulier de la Cit\u00e9 radieuse de Marseille (1952). Le terme m\u00eame d\u00e9signant le mouvement d\u00e9rive de l&#8217;utilisation du b\u00e9ton \u00ab brut de d\u00e9coffrage \u00bb, sans ornements ni fioritures. Par la suite, d&#8217;autres mat\u00e9riaux, comme le [&hellip;]<\/p>\n","protected":false},"featured_media":17445,"template":"","meta":[],"product_cat":[55,2948,22,2950],"product_tag":[],"acf":[],"yoast_head":"<!-- This site is optimized with the Yoast SEO plugin v20.11 - https:\/\/yoast.com\/wordpress\/plugins\/seo\/ -->\n<title>ARCHITECTURES BRUTALISTES ; PARIS ET ENVIRONS - Librairie 7L<\/title>\n<meta name=\"robots\" content=\"index, follow, max-snippet:-1, max-image-preview:large, max-video-preview:-1\" \/>\n<link rel=\"canonical\" href=\"https:\/\/librairie7l.com\/en\/produit\/architectures-brutalistes-paris-et-environs\/\" \/>\n<meta property=\"og:locale\" content=\"en_US\" \/>\n<meta property=\"og:type\" content=\"article\" \/>\n<meta property=\"og:title\" content=\"ARCHITECTURES BRUTALISTES ; PARIS ET ENVIRONS - Librairie 7L\" \/>\n<meta property=\"og:description\" content=\"Le brutalisme est un style architectural apparu dans les ann\u00e9es 1950 qui s&#8217;inspire notamment des r\u00e9alisations de Le Corbusier, en particulier de la Cit\u00e9 radieuse de Marseille (1952). Le terme m\u00eame d\u00e9signant le mouvement d\u00e9rive de l&#8217;utilisation du b\u00e9ton \u00ab brut de d\u00e9coffrage \u00bb, sans ornements ni fioritures. Par la suite, d&#8217;autres mat\u00e9riaux, comme le [&hellip;]\" \/>\n<meta property=\"og:url\" content=\"https:\/\/librairie7l.com\/en\/produit\/architectures-brutalistes-paris-et-environs\/\" \/>\n<meta property=\"og:site_name\" content=\"Librairie 7L\" \/>\n<meta property=\"article:modified_time\" content=\"2026-04-28T21:26:05+00:00\" \/>\n<meta property=\"og:image\" content=\"https:\/\/librairie7l.com\/wp-content\/uploads\/2019\/09\/9782373951165_1_75.jpg\" \/>\n\t<meta property=\"og:image:width\" content=\"400\" \/>\n\t<meta property=\"og:image:height\" content=\"553\" \/>\n\t<meta property=\"og:image:type\" content=\"image\/jpeg\" \/>\n<meta name=\"twitter:card\" content=\"summary_large_image\" \/>\n<meta name=\"twitter:label1\" content=\"Est. reading time\" \/>\n\t<meta name=\"twitter:data1\" content=\"1 minute\" \/>\n<script type=\"application\/ld+json\" class=\"yoast-schema-graph\">{\"@context\":\"https:\/\/schema.org\",\"@graph\":[{\"@type\":\"WebPage\",\"@id\":\"https:\/\/librairie7l.com\/en\/produit\/architectures-brutalistes-paris-et-environs\/\",\"url\":\"https:\/\/librairie7l.com\/en\/produit\/architectures-brutalistes-paris-et-environs\/\",\"name\":\"ARCHITECTURES BRUTALISTES ; PARIS ET ENVIRONS - Librairie 7L\",\"isPartOf\":{\"@id\":\"https:\/\/librairie7l.com\/en\/#website\"},\"datePublished\":\"2023-05-09T15:31:11+00:00\",\"dateModified\":\"2026-04-28T21:26:05+00:00\",\"breadcrumb\":{\"@id\":\"https:\/\/librairie7l.com\/en\/produit\/architectures-brutalistes-paris-et-environs\/#breadcrumb\"},\"inLanguage\":\"en-US\",\"potentialAction\":[{\"@type\":\"ReadAction\",\"target\":[\"https:\/\/librairie7l.com\/en\/produit\/architectures-brutalistes-paris-et-environs\/\"]}]},{\"@type\":\"BreadcrumbList\",\"@id\":\"https:\/\/librairie7l.com\/en\/produit\/architectures-brutalistes-paris-et-environs\/#breadcrumb\",\"itemListElement\":[{\"@type\":\"ListItem\",\"position\":1,\"name\":\"Accueil\",\"item\":\"https:\/\/librairie7l.com\/en\/\"},{\"@type\":\"ListItem\",\"position\":2,\"name\":\"Shop\",\"item\":\"https:\/\/librairie7l.com\/en\/shop\/\"},{\"@type\":\"ListItem\",\"position\":3,\"name\":\"ARCHITECTURES BRUTALISTES ; PARIS ET ENVIRONS\"}]},{\"@type\":\"WebSite\",\"@id\":\"https:\/\/librairie7l.com\/en\/#website\",\"url\":\"https:\/\/librairie7l.com\/en\/\",\"name\":\"Librairie 7L\",\"description\":\"Librairie fond\u00e9e en 1999 par Karl Lagerfeld \u00e0 Paris\",\"publisher\":{\"@id\":\"https:\/\/librairie7l.com\/en\/#organization\"},\"potentialAction\":[{\"@type\":\"SearchAction\",\"target\":{\"@type\":\"EntryPoint\",\"urlTemplate\":\"https:\/\/librairie7l.com\/en\/?s={search_term_string}\"},\"query-input\":\"required name=search_term_string\"}],\"inLanguage\":\"en-US\"},{\"@type\":\"Organization\",\"@id\":\"https:\/\/librairie7l.com\/en\/#organization\",\"name\":\"Librairie 7L\",\"url\":\"https:\/\/librairie7l.com\/en\/\",\"logo\":{\"@type\":\"ImageObject\",\"inLanguage\":\"en-US\",\"@id\":\"https:\/\/librairie7l.com\/en\/#\/schema\/logo\/image\/\",\"url\":\"https:\/\/librairie7l.com\/wp-content\/uploads\/2022\/08\/logo-1.png\",\"contentUrl\":\"https:\/\/librairie7l.com\/wp-content\/uploads\/2022\/08\/logo-1.png\",\"width\":227,\"height\":301,\"caption\":\"Librairie 7L\"},\"image\":{\"@id\":\"https:\/\/librairie7l.com\/en\/#\/schema\/logo\/image\/\"}}]}<\/script>\n<!-- \/ Yoast SEO plugin. -->","yoast_head_json":{"title":"ARCHITECTURES BRUTALISTES ; PARIS ET ENVIRONS - Librairie 7L","robots":{"index":"index","follow":"follow","max-snippet":"max-snippet:-1","max-image-preview":"max-image-preview:large","max-video-preview":"max-video-preview:-1"},"canonical":"https:\/\/librairie7l.com\/en\/produit\/architectures-brutalistes-paris-et-environs\/","og_locale":"en_US","og_type":"article","og_title":"ARCHITECTURES BRUTALISTES ; PARIS ET ENVIRONS - Librairie 7L","og_description":"Le brutalisme est un style architectural apparu dans les ann\u00e9es 1950 qui s&#8217;inspire notamment des r\u00e9alisations de Le Corbusier, en particulier de la Cit\u00e9 radieuse de Marseille (1952). Le terme m\u00eame d\u00e9signant le mouvement d\u00e9rive de l&#8217;utilisation du b\u00e9ton \u00ab brut de d\u00e9coffrage \u00bb, sans ornements ni fioritures. Par la suite, d&#8217;autres mat\u00e9riaux, comme le [&hellip;]","og_url":"https:\/\/librairie7l.com\/en\/produit\/architectures-brutalistes-paris-et-environs\/","og_site_name":"Librairie 7L","article_modified_time":"2026-04-28T21:26:05+00:00","og_image":[{"width":400,"height":553,"url":"https:\/\/librairie7l.com\/wp-content\/uploads\/2019\/09\/9782373951165_1_75.jpg","type":"image\/jpeg"}],"twitter_card":"summary_large_image","twitter_misc":{"Est. reading time":"1 minute"},"schema":{"@context":"https:\/\/schema.org","@graph":[{"@type":"WebPage","@id":"https:\/\/librairie7l.com\/en\/produit\/architectures-brutalistes-paris-et-environs\/","url":"https:\/\/librairie7l.com\/en\/produit\/architectures-brutalistes-paris-et-environs\/","name":"ARCHITECTURES BRUTALISTES ; PARIS ET ENVIRONS - Librairie 7L","isPartOf":{"@id":"https:\/\/librairie7l.com\/en\/#website"},"datePublished":"2023-05-09T15:31:11+00:00","dateModified":"2026-04-28T21:26:05+00:00","breadcrumb":{"@id":"https:\/\/librairie7l.com\/en\/produit\/architectures-brutalistes-paris-et-environs\/#breadcrumb"},"inLanguage":"en-US","potentialAction":[{"@type":"ReadAction","target":["https:\/\/librairie7l.com\/en\/produit\/architectures-brutalistes-paris-et-environs\/"]}]},{"@type":"BreadcrumbList","@id":"https:\/\/librairie7l.com\/en\/produit\/architectures-brutalistes-paris-et-environs\/#breadcrumb","itemListElement":[{"@type":"ListItem","position":1,"name":"Accueil","item":"https:\/\/librairie7l.com\/en\/"},{"@type":"ListItem","position":2,"name":"Shop","item":"https:\/\/librairie7l.com\/en\/shop\/"},{"@type":"ListItem","position":3,"name":"ARCHITECTURES BRUTALISTES ; PARIS ET ENVIRONS"}]},{"@type":"WebSite","@id":"https:\/\/librairie7l.com\/en\/#website","url":"https:\/\/librairie7l.com\/en\/","name":"Librairie 7L","description":"Librairie fond\u00e9e en 1999 par Karl Lagerfeld \u00e0 Paris","publisher":{"@id":"https:\/\/librairie7l.com\/en\/#organization"},"potentialAction":[{"@type":"SearchAction","target":{"@type":"EntryPoint","urlTemplate":"https:\/\/librairie7l.com\/en\/?s={search_term_string}"},"query-input":"required name=search_term_string"}],"inLanguage":"en-US"},{"@type":"Organization","@id":"https:\/\/librairie7l.com\/en\/#organization","name":"Librairie 7L","url":"https:\/\/librairie7l.com\/en\/","logo":{"@type":"ImageObject","inLanguage":"en-US","@id":"https:\/\/librairie7l.com\/en\/#\/schema\/logo\/image\/","url":"https:\/\/librairie7l.com\/wp-content\/uploads\/2022\/08\/logo-1.png","contentUrl":"https:\/\/librairie7l.com\/wp-content\/uploads\/2022\/08\/logo-1.png","width":227,"height":301,"caption":"Librairie 7L"},"image":{"@id":"https:\/\/librairie7l.com\/en\/#\/schema\/logo\/image\/"}}]}},"_links":{"self":[{"href":"https:\/\/librairie7l.com\/en\/wp-json\/wp\/v2\/product\/17447"}],"collection":[{"href":"https:\/\/librairie7l.com\/en\/wp-json\/wp\/v2\/product"}],"about":[{"href":"https:\/\/librairie7l.com\/en\/wp-json\/wp\/v2\/types\/product"}],"wp:featuredmedia":[{"embeddable":true,"href":"https:\/\/librairie7l.com\/en\/wp-json\/wp\/v2\/media\/17445"}],"wp:attachment":[{"href":"https:\/\/librairie7l.com\/en\/wp-json\/wp\/v2\/media?parent=17447"}],"wp:term":[{"taxonomy":"product_cat","embeddable":true,"href":"https:\/\/librairie7l.com\/en\/wp-json\/wp\/v2\/product_cat?post=17447"},{"taxonomy":"product_tag","embeddable":true,"href":"https:\/\/librairie7l.com\/en\/wp-json\/wp\/v2\/product_tag?post=17447"}],"curies":[{"name":"wp","href":"https:\/\/api.w.org\/{rel}","templated":true}]}}