{"id":17455,"date":"2023-05-09T17:31:18","date_gmt":"2023-05-09T15:31:18","guid":{"rendered":"https:\/\/librairie7l.com\/?post_type=product&#038;p=17455"},"modified":"2026-04-17T20:05:54","modified_gmt":"2026-04-17T18:05:54","slug":"india","status":"publish","type":"product","link":"https:\/\/librairie7l.com\/en\/produit\/india\/","title":{"rendered":"INDIA"},"content":{"rendered":"<p>Durant plus de trente ans Harry Gruyaert a sillonn\u00e9 la p\u00e9ninsule indienne. Pour la premi\u00e8re fois, cet ouvrage rassemble environ 150 photographies, pour la plupart in\u00e9dites, qui racontent une Inde \u00e0 la fois intemporelle et moderne.<\/p>\n<p>Ces images t\u00e9moignent de la singularit\u00e9 du photographe : de son int\u00e9r\u00eat pour le r\u00e9cit, l&#8217;espace public et les sc\u00e8nes inattendues. Gruyaert dit avoir besoin de voyager pour ressentir le monde et l&#8217;exprimer en images. Du Gujarat au Kerala, il a saisi une certaine quintessence de ce pays aux multiples l\u00e9gendes. Rues grouillantes d&#8217;activit\u00e9s de New Delhi ou de Calcutta, modestes villages du Tamil Nadu ou du Rajasthan, ghats des grandes cit\u00e9s religieuses de B\u00e9nar\u00e8s ou de Varanasi&#8230; Des femmes en sari safran et pourpre battent le grain, des teinturiers s&#8217;activent dans des cuves fumantes, un campement de bergers nomades s&#8217;organise dans la lumi\u00e8re cr\u00e9pusculaire&#8230; L&#8217;air est satur\u00e9 de couleurs, de lumi\u00e8re, de bruits, parfois de silence aussi. \u00ab La couleur doit \u00eatre primordiale \u00bb, pr\u00e9cise Gruyaert, elle restitue une perception \u00e9motive, donne une vision graphique du monde. Les atmosph\u00e8res aux subtiles variations chromatiques dressent un tableau contrast\u00e9 et \u00e0 rebours de tout exotisme. Loin des st\u00e9r\u00e9otypes, ces images donnent \u00e0 voir la pluralit\u00e9 de l&#8217;Inde au fil des ann\u00e9es et des \u00e9v\u00e9nements politiques du pays. \u00ab Faire une photo, c&#8217;est \u00e0 la fois chercher un contact et le refuser, \u00eatre en m\u00eame temps le plus l\u00e0 et le moins l\u00e0 \u00bb, dit le photographe.<br \/>\nIl s&#8217;agit de faire surgir l&#8217;\u00e9merveillement, de saisir ce qui caract\u00e9rise le lieu. La recherche de densit\u00e9 dans le cadre fait de la photographie une exp\u00e9rience physique. Exp\u00e9rience qui s&#8217;incarne particuli\u00e8rement ici, dans ce voyage multi sensoriel en Inde.<\/p>\n","protected":false},"excerpt":{"rendered":"<p>Durant plus de trente ans Harry Gruyaert a sillonn\u00e9 la p\u00e9ninsule indienne. Pour la premi\u00e8re fois, cet ouvrage rassemble environ 150 photographies, pour la plupart in\u00e9dites, qui racontent une Inde \u00e0 la fois intemporelle et moderne. Ces images t\u00e9moignent de la singularit\u00e9 du photographe : de son int\u00e9r\u00eat pour le r\u00e9cit, l&#8217;espace public et les [&hellip;]<\/p>\n","protected":false},"featured_media":17453,"template":"","meta":[],"product_cat":[55,2948,2958,17],"product_tag":[],"acf":[],"yoast_head":"<!-- This site is optimized with the Yoast SEO plugin v20.11 - https:\/\/yoast.com\/wordpress\/plugins\/seo\/ -->\n<title>INDIA - Librairie 7L<\/title>\n<meta name=\"robots\" content=\"index, follow, max-snippet:-1, max-image-preview:large, max-video-preview:-1\" \/>\n<link rel=\"canonical\" href=\"https:\/\/librairie7l.com\/en\/produit\/india\/\" \/>\n<meta property=\"og:locale\" content=\"en_US\" \/>\n<meta property=\"og:type\" content=\"article\" \/>\n<meta property=\"og:title\" content=\"INDIA - Librairie 7L\" \/>\n<meta property=\"og:description\" content=\"Durant plus de trente ans Harry Gruyaert a sillonn\u00e9 la p\u00e9ninsule indienne. Pour la premi\u00e8re fois, cet ouvrage rassemble environ 150 photographies, pour la plupart in\u00e9dites, qui racontent une Inde \u00e0 la fois intemporelle et moderne. Ces images t\u00e9moignent de la singularit\u00e9 du photographe : de son int\u00e9r\u00eat pour le r\u00e9cit, l&#8217;espace public et les [&hellip;]\" \/>\n<meta property=\"og:url\" content=\"https:\/\/librairie7l.com\/en\/produit\/india\/\" \/>\n<meta property=\"og:site_name\" content=\"Librairie 7L\" \/>\n<meta property=\"article:modified_time\" content=\"2026-04-17T18:05:54+00:00\" \/>\n<meta property=\"og:image\" content=\"https:\/\/librairie7l.com\/wp-content\/uploads\/2020\/10\/9782365112758_1_75.jpg\" \/>\n\t<meta property=\"og:image:width\" content=\"750\" \/>\n\t<meta property=\"og:image:height\" content=\"600\" \/>\n\t<meta property=\"og:image:type\" content=\"image\/jpeg\" \/>\n<meta name=\"twitter:card\" content=\"summary_large_image\" \/>\n<meta name=\"twitter:label1\" content=\"Est. reading time\" \/>\n\t<meta name=\"twitter:data1\" content=\"1 minute\" \/>\n<script type=\"application\/ld+json\" class=\"yoast-schema-graph\">{\"@context\":\"https:\/\/schema.org\",\"@graph\":[{\"@type\":\"WebPage\",\"@id\":\"https:\/\/librairie7l.com\/en\/produit\/india\/\",\"url\":\"https:\/\/librairie7l.com\/en\/produit\/india\/\",\"name\":\"INDIA - Librairie 7L\",\"isPartOf\":{\"@id\":\"https:\/\/librairie7l.com\/en\/#website\"},\"datePublished\":\"2023-05-09T15:31:18+00:00\",\"dateModified\":\"2026-04-17T18:05:54+00:00\",\"breadcrumb\":{\"@id\":\"https:\/\/librairie7l.com\/en\/produit\/india\/#breadcrumb\"},\"inLanguage\":\"en-US\",\"potentialAction\":[{\"@type\":\"ReadAction\",\"target\":[\"https:\/\/librairie7l.com\/en\/produit\/india\/\"]}]},{\"@type\":\"BreadcrumbList\",\"@id\":\"https:\/\/librairie7l.com\/en\/produit\/india\/#breadcrumb\",\"itemListElement\":[{\"@type\":\"ListItem\",\"position\":1,\"name\":\"Accueil\",\"item\":\"https:\/\/librairie7l.com\/en\/\"},{\"@type\":\"ListItem\",\"position\":2,\"name\":\"Shop\",\"item\":\"https:\/\/librairie7l.com\/en\/shop\/\"},{\"@type\":\"ListItem\",\"position\":3,\"name\":\"INDIA\"}]},{\"@type\":\"WebSite\",\"@id\":\"https:\/\/librairie7l.com\/en\/#website\",\"url\":\"https:\/\/librairie7l.com\/en\/\",\"name\":\"Librairie 7L\",\"description\":\"Librairie fond\u00e9e en 1999 par Karl Lagerfeld \u00e0 Paris\",\"publisher\":{\"@id\":\"https:\/\/librairie7l.com\/en\/#organization\"},\"potentialAction\":[{\"@type\":\"SearchAction\",\"target\":{\"@type\":\"EntryPoint\",\"urlTemplate\":\"https:\/\/librairie7l.com\/en\/?s={search_term_string}\"},\"query-input\":\"required name=search_term_string\"}],\"inLanguage\":\"en-US\"},{\"@type\":\"Organization\",\"@id\":\"https:\/\/librairie7l.com\/en\/#organization\",\"name\":\"Librairie 7L\",\"url\":\"https:\/\/librairie7l.com\/en\/\",\"logo\":{\"@type\":\"ImageObject\",\"inLanguage\":\"en-US\",\"@id\":\"https:\/\/librairie7l.com\/en\/#\/schema\/logo\/image\/\",\"url\":\"https:\/\/librairie7l.com\/wp-content\/uploads\/2022\/08\/logo-1.png\",\"contentUrl\":\"https:\/\/librairie7l.com\/wp-content\/uploads\/2022\/08\/logo-1.png\",\"width\":227,\"height\":301,\"caption\":\"Librairie 7L\"},\"image\":{\"@id\":\"https:\/\/librairie7l.com\/en\/#\/schema\/logo\/image\/\"}}]}<\/script>\n<!-- \/ Yoast SEO plugin. -->","yoast_head_json":{"title":"INDIA - Librairie 7L","robots":{"index":"index","follow":"follow","max-snippet":"max-snippet:-1","max-image-preview":"max-image-preview:large","max-video-preview":"max-video-preview:-1"},"canonical":"https:\/\/librairie7l.com\/en\/produit\/india\/","og_locale":"en_US","og_type":"article","og_title":"INDIA - Librairie 7L","og_description":"Durant plus de trente ans Harry Gruyaert a sillonn\u00e9 la p\u00e9ninsule indienne. Pour la premi\u00e8re fois, cet ouvrage rassemble environ 150 photographies, pour la plupart in\u00e9dites, qui racontent une Inde \u00e0 la fois intemporelle et moderne. Ces images t\u00e9moignent de la singularit\u00e9 du photographe : de son int\u00e9r\u00eat pour le r\u00e9cit, l&#8217;espace public et les [&hellip;]","og_url":"https:\/\/librairie7l.com\/en\/produit\/india\/","og_site_name":"Librairie 7L","article_modified_time":"2026-04-17T18:05:54+00:00","og_image":[{"width":750,"height":600,"url":"https:\/\/librairie7l.com\/wp-content\/uploads\/2020\/10\/9782365112758_1_75.jpg","type":"image\/jpeg"}],"twitter_card":"summary_large_image","twitter_misc":{"Est. reading time":"1 minute"},"schema":{"@context":"https:\/\/schema.org","@graph":[{"@type":"WebPage","@id":"https:\/\/librairie7l.com\/en\/produit\/india\/","url":"https:\/\/librairie7l.com\/en\/produit\/india\/","name":"INDIA - Librairie 7L","isPartOf":{"@id":"https:\/\/librairie7l.com\/en\/#website"},"datePublished":"2023-05-09T15:31:18+00:00","dateModified":"2026-04-17T18:05:54+00:00","breadcrumb":{"@id":"https:\/\/librairie7l.com\/en\/produit\/india\/#breadcrumb"},"inLanguage":"en-US","potentialAction":[{"@type":"ReadAction","target":["https:\/\/librairie7l.com\/en\/produit\/india\/"]}]},{"@type":"BreadcrumbList","@id":"https:\/\/librairie7l.com\/en\/produit\/india\/#breadcrumb","itemListElement":[{"@type":"ListItem","position":1,"name":"Accueil","item":"https:\/\/librairie7l.com\/en\/"},{"@type":"ListItem","position":2,"name":"Shop","item":"https:\/\/librairie7l.com\/en\/shop\/"},{"@type":"ListItem","position":3,"name":"INDIA"}]},{"@type":"WebSite","@id":"https:\/\/librairie7l.com\/en\/#website","url":"https:\/\/librairie7l.com\/en\/","name":"Librairie 7L","description":"Librairie fond\u00e9e en 1999 par Karl Lagerfeld \u00e0 Paris","publisher":{"@id":"https:\/\/librairie7l.com\/en\/#organization"},"potentialAction":[{"@type":"SearchAction","target":{"@type":"EntryPoint","urlTemplate":"https:\/\/librairie7l.com\/en\/?s={search_term_string}"},"query-input":"required name=search_term_string"}],"inLanguage":"en-US"},{"@type":"Organization","@id":"https:\/\/librairie7l.com\/en\/#organization","name":"Librairie 7L","url":"https:\/\/librairie7l.com\/en\/","logo":{"@type":"ImageObject","inLanguage":"en-US","@id":"https:\/\/librairie7l.com\/en\/#\/schema\/logo\/image\/","url":"https:\/\/librairie7l.com\/wp-content\/uploads\/2022\/08\/logo-1.png","contentUrl":"https:\/\/librairie7l.com\/wp-content\/uploads\/2022\/08\/logo-1.png","width":227,"height":301,"caption":"Librairie 7L"},"image":{"@id":"https:\/\/librairie7l.com\/en\/#\/schema\/logo\/image\/"}}]}},"_links":{"self":[{"href":"https:\/\/librairie7l.com\/en\/wp-json\/wp\/v2\/product\/17455"}],"collection":[{"href":"https:\/\/librairie7l.com\/en\/wp-json\/wp\/v2\/product"}],"about":[{"href":"https:\/\/librairie7l.com\/en\/wp-json\/wp\/v2\/types\/product"}],"wp:featuredmedia":[{"embeddable":true,"href":"https:\/\/librairie7l.com\/en\/wp-json\/wp\/v2\/media\/17453"}],"wp:attachment":[{"href":"https:\/\/librairie7l.com\/en\/wp-json\/wp\/v2\/media?parent=17455"}],"wp:term":[{"taxonomy":"product_cat","embeddable":true,"href":"https:\/\/librairie7l.com\/en\/wp-json\/wp\/v2\/product_cat?post=17455"},{"taxonomy":"product_tag","embeddable":true,"href":"https:\/\/librairie7l.com\/en\/wp-json\/wp\/v2\/product_tag?post=17455"}],"curies":[{"name":"wp","href":"https:\/\/api.w.org\/{rel}","templated":true}]}}