{"id":17463,"date":"2023-05-09T17:31:25","date_gmt":"2023-05-09T15:31:25","guid":{"rendered":"https:\/\/librairie7l.com\/?post_type=product&#038;p=17463"},"modified":"2026-04-18T16:27:34","modified_gmt":"2026-04-18T14:27:34","slug":"maya-ruiz-picasso-fille-de-pablo","status":"publish","type":"product","link":"https:\/\/librairie7l.com\/en\/produit\/maya-ruiz-picasso-fille-de-pablo\/","title":{"rendered":"MAYA RUIZ-PICASSO, FILLE DE PABLO"},"content":{"rendered":"<p>La conversation entre Maya Ruiz-Picasso et sa fille, Diana Widmaier-Ruiz-Picasso, retrace les moments marquants de cette relation filiale et nous plonge dans le monde des souvenirs. Les autres textes traitent des ann\u00e9es d&#8217;enfance de Maya, marqu\u00e9es par la Seconde Guerre mondiale, de l&#8217;int\u00e9r\u00eat de l&#8217;artiste pour le th\u00e8me de l&#8217;enfance qui se d\u00e9veloppe \u00e0 cette \u00e9poque, de la pratique du dessin \u00e0 quatre mains, fusionnant le trait du ma\u00eetre avec celui de son enfant, mais \u00e9galement de la p\u00e9riode plus tardive, notamment du tournage du c\u00e9l\u00e8bre film d&#8217;Henri-Georges Clouzot, Le Myst\u00e8re Picasso. Le catalogue propose ainsi une lecture approfondie de cette relation et dresse un portrait intime de Pablo Picasso.<\/p>\n<p>Illustr\u00e9 par pr\u00e8s de 400 images, l&#8217;ouvrage pr\u00e9sente un important ensemble de portraits de Maya mais \u00e9galement des photos, des jouets fabriqu\u00e9s pour sa fille, des memorabilia et divers documents d&#8217;archives.<\/p>\n","protected":false},"excerpt":{"rendered":"<p>La conversation entre Maya Ruiz-Picasso et sa fille, Diana Widmaier-Ruiz-Picasso, retrace les moments marquants de cette relation filiale et nous plonge dans le monde des souvenirs. Les autres textes traitent des ann\u00e9es d&#8217;enfance de Maya, marqu\u00e9es par la Seconde Guerre mondiale, de l&#8217;int\u00e9r\u00eat de l&#8217;artiste pour le th\u00e8me de l&#8217;enfance qui se d\u00e9veloppe \u00e0 cette [&hellip;]<\/p>\n","protected":false},"featured_media":17461,"template":"","meta":[],"product_cat":[55,2948,47,2953],"product_tag":[],"acf":[],"yoast_head":"<!-- This site is optimized with the Yoast SEO plugin v20.11 - https:\/\/yoast.com\/wordpress\/plugins\/seo\/ -->\n<title>MAYA RUIZ-PICASSO, FILLE DE PABLO - Librairie 7L<\/title>\n<meta name=\"robots\" content=\"index, follow, max-snippet:-1, max-image-preview:large, max-video-preview:-1\" \/>\n<link rel=\"canonical\" href=\"https:\/\/librairie7l.com\/en\/produit\/maya-ruiz-picasso-fille-de-pablo\/\" \/>\n<meta property=\"og:locale\" content=\"en_US\" \/>\n<meta property=\"og:type\" content=\"article\" \/>\n<meta property=\"og:title\" content=\"MAYA RUIZ-PICASSO, FILLE DE PABLO - Librairie 7L\" \/>\n<meta property=\"og:description\" content=\"La conversation entre Maya Ruiz-Picasso et sa fille, Diana Widmaier-Ruiz-Picasso, retrace les moments marquants de cette relation filiale et nous plonge dans le monde des souvenirs. Les autres textes traitent des ann\u00e9es d&#8217;enfance de Maya, marqu\u00e9es par la Seconde Guerre mondiale, de l&#8217;int\u00e9r\u00eat de l&#8217;artiste pour le th\u00e8me de l&#8217;enfance qui se d\u00e9veloppe \u00e0 cette [&hellip;]\" \/>\n<meta property=\"og:url\" content=\"https:\/\/librairie7l.com\/en\/produit\/maya-ruiz-picasso-fille-de-pablo\/\" \/>\n<meta property=\"og:site_name\" content=\"Librairie 7L\" \/>\n<meta property=\"article:modified_time\" content=\"2026-04-18T14:27:34+00:00\" \/>\n<meta property=\"og:image\" content=\"https:\/\/librairie7l.com\/wp-content\/uploads\/2022\/04\/9782370741783_1_75.jpg\" \/>\n\t<meta property=\"og:image:width\" content=\"600\" \/>\n\t<meta property=\"og:image:height\" content=\"781\" \/>\n\t<meta property=\"og:image:type\" content=\"image\/jpeg\" \/>\n<meta name=\"twitter:card\" content=\"summary_large_image\" \/>\n<meta name=\"twitter:label1\" content=\"Est. reading time\" \/>\n\t<meta name=\"twitter:data1\" content=\"1 minute\" \/>\n<script type=\"application\/ld+json\" class=\"yoast-schema-graph\">{\"@context\":\"https:\/\/schema.org\",\"@graph\":[{\"@type\":\"WebPage\",\"@id\":\"https:\/\/librairie7l.com\/en\/produit\/maya-ruiz-picasso-fille-de-pablo\/\",\"url\":\"https:\/\/librairie7l.com\/en\/produit\/maya-ruiz-picasso-fille-de-pablo\/\",\"name\":\"MAYA RUIZ-PICASSO, FILLE DE PABLO - Librairie 7L\",\"isPartOf\":{\"@id\":\"https:\/\/librairie7l.com\/en\/#website\"},\"datePublished\":\"2023-05-09T15:31:25+00:00\",\"dateModified\":\"2026-04-18T14:27:34+00:00\",\"breadcrumb\":{\"@id\":\"https:\/\/librairie7l.com\/en\/produit\/maya-ruiz-picasso-fille-de-pablo\/#breadcrumb\"},\"inLanguage\":\"en-US\",\"potentialAction\":[{\"@type\":\"ReadAction\",\"target\":[\"https:\/\/librairie7l.com\/en\/produit\/maya-ruiz-picasso-fille-de-pablo\/\"]}]},{\"@type\":\"BreadcrumbList\",\"@id\":\"https:\/\/librairie7l.com\/en\/produit\/maya-ruiz-picasso-fille-de-pablo\/#breadcrumb\",\"itemListElement\":[{\"@type\":\"ListItem\",\"position\":1,\"name\":\"Accueil\",\"item\":\"https:\/\/librairie7l.com\/en\/\"},{\"@type\":\"ListItem\",\"position\":2,\"name\":\"Shop\",\"item\":\"https:\/\/librairie7l.com\/en\/shop\/\"},{\"@type\":\"ListItem\",\"position\":3,\"name\":\"MAYA RUIZ-PICASSO, FILLE DE PABLO\"}]},{\"@type\":\"WebSite\",\"@id\":\"https:\/\/librairie7l.com\/en\/#website\",\"url\":\"https:\/\/librairie7l.com\/en\/\",\"name\":\"Librairie 7L\",\"description\":\"Librairie fond\u00e9e en 1999 par Karl Lagerfeld \u00e0 Paris\",\"publisher\":{\"@id\":\"https:\/\/librairie7l.com\/en\/#organization\"},\"potentialAction\":[{\"@type\":\"SearchAction\",\"target\":{\"@type\":\"EntryPoint\",\"urlTemplate\":\"https:\/\/librairie7l.com\/en\/?s={search_term_string}\"},\"query-input\":\"required name=search_term_string\"}],\"inLanguage\":\"en-US\"},{\"@type\":\"Organization\",\"@id\":\"https:\/\/librairie7l.com\/en\/#organization\",\"name\":\"Librairie 7L\",\"url\":\"https:\/\/librairie7l.com\/en\/\",\"logo\":{\"@type\":\"ImageObject\",\"inLanguage\":\"en-US\",\"@id\":\"https:\/\/librairie7l.com\/en\/#\/schema\/logo\/image\/\",\"url\":\"https:\/\/librairie7l.com\/wp-content\/uploads\/2022\/08\/logo-1.png\",\"contentUrl\":\"https:\/\/librairie7l.com\/wp-content\/uploads\/2022\/08\/logo-1.png\",\"width\":227,\"height\":301,\"caption\":\"Librairie 7L\"},\"image\":{\"@id\":\"https:\/\/librairie7l.com\/en\/#\/schema\/logo\/image\/\"}}]}<\/script>\n<!-- \/ Yoast SEO plugin. -->","yoast_head_json":{"title":"MAYA RUIZ-PICASSO, FILLE DE PABLO - Librairie 7L","robots":{"index":"index","follow":"follow","max-snippet":"max-snippet:-1","max-image-preview":"max-image-preview:large","max-video-preview":"max-video-preview:-1"},"canonical":"https:\/\/librairie7l.com\/en\/produit\/maya-ruiz-picasso-fille-de-pablo\/","og_locale":"en_US","og_type":"article","og_title":"MAYA RUIZ-PICASSO, FILLE DE PABLO - Librairie 7L","og_description":"La conversation entre Maya Ruiz-Picasso et sa fille, Diana Widmaier-Ruiz-Picasso, retrace les moments marquants de cette relation filiale et nous plonge dans le monde des souvenirs. Les autres textes traitent des ann\u00e9es d&#8217;enfance de Maya, marqu\u00e9es par la Seconde Guerre mondiale, de l&#8217;int\u00e9r\u00eat de l&#8217;artiste pour le th\u00e8me de l&#8217;enfance qui se d\u00e9veloppe \u00e0 cette [&hellip;]","og_url":"https:\/\/librairie7l.com\/en\/produit\/maya-ruiz-picasso-fille-de-pablo\/","og_site_name":"Librairie 7L","article_modified_time":"2026-04-18T14:27:34+00:00","og_image":[{"width":600,"height":781,"url":"https:\/\/librairie7l.com\/wp-content\/uploads\/2022\/04\/9782370741783_1_75.jpg","type":"image\/jpeg"}],"twitter_card":"summary_large_image","twitter_misc":{"Est. reading time":"1 minute"},"schema":{"@context":"https:\/\/schema.org","@graph":[{"@type":"WebPage","@id":"https:\/\/librairie7l.com\/en\/produit\/maya-ruiz-picasso-fille-de-pablo\/","url":"https:\/\/librairie7l.com\/en\/produit\/maya-ruiz-picasso-fille-de-pablo\/","name":"MAYA RUIZ-PICASSO, FILLE DE PABLO - Librairie 7L","isPartOf":{"@id":"https:\/\/librairie7l.com\/en\/#website"},"datePublished":"2023-05-09T15:31:25+00:00","dateModified":"2026-04-18T14:27:34+00:00","breadcrumb":{"@id":"https:\/\/librairie7l.com\/en\/produit\/maya-ruiz-picasso-fille-de-pablo\/#breadcrumb"},"inLanguage":"en-US","potentialAction":[{"@type":"ReadAction","target":["https:\/\/librairie7l.com\/en\/produit\/maya-ruiz-picasso-fille-de-pablo\/"]}]},{"@type":"BreadcrumbList","@id":"https:\/\/librairie7l.com\/en\/produit\/maya-ruiz-picasso-fille-de-pablo\/#breadcrumb","itemListElement":[{"@type":"ListItem","position":1,"name":"Accueil","item":"https:\/\/librairie7l.com\/en\/"},{"@type":"ListItem","position":2,"name":"Shop","item":"https:\/\/librairie7l.com\/en\/shop\/"},{"@type":"ListItem","position":3,"name":"MAYA RUIZ-PICASSO, FILLE DE PABLO"}]},{"@type":"WebSite","@id":"https:\/\/librairie7l.com\/en\/#website","url":"https:\/\/librairie7l.com\/en\/","name":"Librairie 7L","description":"Librairie fond\u00e9e en 1999 par Karl Lagerfeld \u00e0 Paris","publisher":{"@id":"https:\/\/librairie7l.com\/en\/#organization"},"potentialAction":[{"@type":"SearchAction","target":{"@type":"EntryPoint","urlTemplate":"https:\/\/librairie7l.com\/en\/?s={search_term_string}"},"query-input":"required name=search_term_string"}],"inLanguage":"en-US"},{"@type":"Organization","@id":"https:\/\/librairie7l.com\/en\/#organization","name":"Librairie 7L","url":"https:\/\/librairie7l.com\/en\/","logo":{"@type":"ImageObject","inLanguage":"en-US","@id":"https:\/\/librairie7l.com\/en\/#\/schema\/logo\/image\/","url":"https:\/\/librairie7l.com\/wp-content\/uploads\/2022\/08\/logo-1.png","contentUrl":"https:\/\/librairie7l.com\/wp-content\/uploads\/2022\/08\/logo-1.png","width":227,"height":301,"caption":"Librairie 7L"},"image":{"@id":"https:\/\/librairie7l.com\/en\/#\/schema\/logo\/image\/"}}]}},"_links":{"self":[{"href":"https:\/\/librairie7l.com\/en\/wp-json\/wp\/v2\/product\/17463"}],"collection":[{"href":"https:\/\/librairie7l.com\/en\/wp-json\/wp\/v2\/product"}],"about":[{"href":"https:\/\/librairie7l.com\/en\/wp-json\/wp\/v2\/types\/product"}],"wp:featuredmedia":[{"embeddable":true,"href":"https:\/\/librairie7l.com\/en\/wp-json\/wp\/v2\/media\/17461"}],"wp:attachment":[{"href":"https:\/\/librairie7l.com\/en\/wp-json\/wp\/v2\/media?parent=17463"}],"wp:term":[{"taxonomy":"product_cat","embeddable":true,"href":"https:\/\/librairie7l.com\/en\/wp-json\/wp\/v2\/product_cat?post=17463"},{"taxonomy":"product_tag","embeddable":true,"href":"https:\/\/librairie7l.com\/en\/wp-json\/wp\/v2\/product_tag?post=17463"}],"curies":[{"name":"wp","href":"https:\/\/api.w.org\/{rel}","templated":true}]}}