{"id":17471,"date":"2023-05-09T17:31:37","date_gmt":"2023-05-09T15:31:37","guid":{"rendered":"https:\/\/librairie7l.com\/?post_type=product&#038;p=17471"},"modified":"2026-05-12T01:23:06","modified_gmt":"2026-05-11T23:23:06","slug":"martine-de-behague-une-esthete-a-la-belle-epoque","status":"publish","type":"product","link":"https:\/\/librairie7l.com\/en\/produit\/martine-de-behague-une-esthete-a-la-belle-epoque\/","title":{"rendered":"MARTINE DE B\u00c9HAGUE : UNE ESTH\u00c8TE \u00c0 LA BELLE EPOQUE"},"content":{"rendered":"<p>Flamboyante mais secr\u00e8te, Martine de B\u00e9hague (1870-1939) est l&#8217;une des personnalit\u00e9s les plus intrigantes de son temps. Durant cinquante ans, cette amie des po\u00e8tes, des musiciens et des artistes sillonne les oc\u00e9ans sur son yacht Le Nirvana et acquiert les plus beaux objets, livres, oeuvres d&#8217;art de tous les temps et de toutes les cultures. Simple collectionneuse ? Non, mais une \u00e2me en qu\u00eate de perfection et d&#8217;id\u00e9al \u00e0 travers la beaut\u00e9 du monde.<\/p>\n","protected":false},"excerpt":{"rendered":"<p>Flamboyante mais secr\u00e8te, Martine de B\u00e9hague (1870-1939) est l&#8217;une des personnalit\u00e9s les plus intrigantes de son temps. Durant cinquante ans, cette amie des po\u00e8tes, des musiciens et des artistes sillonne les oc\u00e9ans sur son yacht Le Nirvana et acquiert les plus beaux objets, livres, oeuvres d&#8217;art de tous les temps et de toutes les cultures. [&hellip;]<\/p>\n","protected":false},"featured_media":17469,"template":"","meta":[],"product_cat":[55,2948,47,2953],"product_tag":[],"acf":[],"yoast_head":"<!-- This site is optimized with the Yoast SEO plugin v20.11 - https:\/\/yoast.com\/wordpress\/plugins\/seo\/ -->\n<title>MARTINE DE B\u00c9HAGUE : UNE ESTH\u00c8TE \u00c0 LA BELLE EPOQUE - Librairie 7L<\/title>\n<meta name=\"robots\" content=\"index, follow, max-snippet:-1, max-image-preview:large, max-video-preview:-1\" \/>\n<link rel=\"canonical\" href=\"https:\/\/librairie7l.com\/en\/produit\/martine-de-behague-une-esthete-a-la-belle-epoque\/\" \/>\n<meta property=\"og:locale\" content=\"en_US\" \/>\n<meta property=\"og:type\" content=\"article\" \/>\n<meta property=\"og:title\" content=\"MARTINE DE B\u00c9HAGUE : UNE ESTH\u00c8TE \u00c0 LA BELLE EPOQUE - Librairie 7L\" \/>\n<meta property=\"og:description\" content=\"Flamboyante mais secr\u00e8te, Martine de B\u00e9hague (1870-1939) est l&#8217;une des personnalit\u00e9s les plus intrigantes de son temps. Durant cinquante ans, cette amie des po\u00e8tes, des musiciens et des artistes sillonne les oc\u00e9ans sur son yacht Le Nirvana et acquiert les plus beaux objets, livres, oeuvres d&#8217;art de tous les temps et de toutes les cultures. [&hellip;]\" \/>\n<meta property=\"og:url\" content=\"https:\/\/librairie7l.com\/en\/produit\/martine-de-behague-une-esthete-a-la-belle-epoque\/\" \/>\n<meta property=\"og:site_name\" content=\"Librairie 7L\" \/>\n<meta property=\"article:modified_time\" content=\"2026-05-11T23:23:06+00:00\" \/>\n<meta property=\"og:image\" content=\"https:\/\/librairie7l.com\/wp-content\/uploads\/2022\/11\/9782080239471_1_75.jpg\" \/>\n\t<meta property=\"og:image:width\" content=\"600\" \/>\n\t<meta property=\"og:image:height\" content=\"905\" \/>\n\t<meta property=\"og:image:type\" content=\"image\/jpeg\" \/>\n<meta name=\"twitter:card\" content=\"summary_large_image\" \/>\n<script type=\"application\/ld+json\" class=\"yoast-schema-graph\">{\"@context\":\"https:\/\/schema.org\",\"@graph\":[{\"@type\":\"WebPage\",\"@id\":\"https:\/\/librairie7l.com\/en\/produit\/martine-de-behague-une-esthete-a-la-belle-epoque\/\",\"url\":\"https:\/\/librairie7l.com\/en\/produit\/martine-de-behague-une-esthete-a-la-belle-epoque\/\",\"name\":\"MARTINE DE B\u00c9HAGUE : UNE ESTH\u00c8TE \u00c0 LA BELLE EPOQUE - Librairie 7L\",\"isPartOf\":{\"@id\":\"https:\/\/librairie7l.com\/en\/#website\"},\"datePublished\":\"2023-05-09T15:31:37+00:00\",\"dateModified\":\"2026-05-11T23:23:06+00:00\",\"breadcrumb\":{\"@id\":\"https:\/\/librairie7l.com\/en\/produit\/martine-de-behague-une-esthete-a-la-belle-epoque\/#breadcrumb\"},\"inLanguage\":\"en-US\",\"potentialAction\":[{\"@type\":\"ReadAction\",\"target\":[\"https:\/\/librairie7l.com\/en\/produit\/martine-de-behague-une-esthete-a-la-belle-epoque\/\"]}]},{\"@type\":\"BreadcrumbList\",\"@id\":\"https:\/\/librairie7l.com\/en\/produit\/martine-de-behague-une-esthete-a-la-belle-epoque\/#breadcrumb\",\"itemListElement\":[{\"@type\":\"ListItem\",\"position\":1,\"name\":\"Accueil\",\"item\":\"https:\/\/librairie7l.com\/en\/\"},{\"@type\":\"ListItem\",\"position\":2,\"name\":\"Shop\",\"item\":\"https:\/\/librairie7l.com\/en\/shop\/\"},{\"@type\":\"ListItem\",\"position\":3,\"name\":\"MARTINE DE B\u00c9HAGUE : UNE ESTH\u00c8TE \u00c0 LA BELLE EPOQUE\"}]},{\"@type\":\"WebSite\",\"@id\":\"https:\/\/librairie7l.com\/en\/#website\",\"url\":\"https:\/\/librairie7l.com\/en\/\",\"name\":\"Librairie 7L\",\"description\":\"Librairie fond\u00e9e en 1999 par Karl Lagerfeld \u00e0 Paris\",\"publisher\":{\"@id\":\"https:\/\/librairie7l.com\/en\/#organization\"},\"potentialAction\":[{\"@type\":\"SearchAction\",\"target\":{\"@type\":\"EntryPoint\",\"urlTemplate\":\"https:\/\/librairie7l.com\/en\/?s={search_term_string}\"},\"query-input\":\"required name=search_term_string\"}],\"inLanguage\":\"en-US\"},{\"@type\":\"Organization\",\"@id\":\"https:\/\/librairie7l.com\/en\/#organization\",\"name\":\"Librairie 7L\",\"url\":\"https:\/\/librairie7l.com\/en\/\",\"logo\":{\"@type\":\"ImageObject\",\"inLanguage\":\"en-US\",\"@id\":\"https:\/\/librairie7l.com\/en\/#\/schema\/logo\/image\/\",\"url\":\"https:\/\/librairie7l.com\/wp-content\/uploads\/2022\/08\/logo-1.png\",\"contentUrl\":\"https:\/\/librairie7l.com\/wp-content\/uploads\/2022\/08\/logo-1.png\",\"width\":227,\"height\":301,\"caption\":\"Librairie 7L\"},\"image\":{\"@id\":\"https:\/\/librairie7l.com\/en\/#\/schema\/logo\/image\/\"}}]}<\/script>\n<!-- \/ Yoast SEO plugin. -->","yoast_head_json":{"title":"MARTINE DE B\u00c9HAGUE : UNE ESTH\u00c8TE \u00c0 LA BELLE EPOQUE - Librairie 7L","robots":{"index":"index","follow":"follow","max-snippet":"max-snippet:-1","max-image-preview":"max-image-preview:large","max-video-preview":"max-video-preview:-1"},"canonical":"https:\/\/librairie7l.com\/en\/produit\/martine-de-behague-une-esthete-a-la-belle-epoque\/","og_locale":"en_US","og_type":"article","og_title":"MARTINE DE B\u00c9HAGUE : UNE ESTH\u00c8TE \u00c0 LA BELLE EPOQUE - Librairie 7L","og_description":"Flamboyante mais secr\u00e8te, Martine de B\u00e9hague (1870-1939) est l&#8217;une des personnalit\u00e9s les plus intrigantes de son temps. Durant cinquante ans, cette amie des po\u00e8tes, des musiciens et des artistes sillonne les oc\u00e9ans sur son yacht Le Nirvana et acquiert les plus beaux objets, livres, oeuvres d&#8217;art de tous les temps et de toutes les cultures. [&hellip;]","og_url":"https:\/\/librairie7l.com\/en\/produit\/martine-de-behague-une-esthete-a-la-belle-epoque\/","og_site_name":"Librairie 7L","article_modified_time":"2026-05-11T23:23:06+00:00","og_image":[{"width":600,"height":905,"url":"https:\/\/librairie7l.com\/wp-content\/uploads\/2022\/11\/9782080239471_1_75.jpg","type":"image\/jpeg"}],"twitter_card":"summary_large_image","schema":{"@context":"https:\/\/schema.org","@graph":[{"@type":"WebPage","@id":"https:\/\/librairie7l.com\/en\/produit\/martine-de-behague-une-esthete-a-la-belle-epoque\/","url":"https:\/\/librairie7l.com\/en\/produit\/martine-de-behague-une-esthete-a-la-belle-epoque\/","name":"MARTINE DE B\u00c9HAGUE : UNE ESTH\u00c8TE \u00c0 LA BELLE EPOQUE - Librairie 7L","isPartOf":{"@id":"https:\/\/librairie7l.com\/en\/#website"},"datePublished":"2023-05-09T15:31:37+00:00","dateModified":"2026-05-11T23:23:06+00:00","breadcrumb":{"@id":"https:\/\/librairie7l.com\/en\/produit\/martine-de-behague-une-esthete-a-la-belle-epoque\/#breadcrumb"},"inLanguage":"en-US","potentialAction":[{"@type":"ReadAction","target":["https:\/\/librairie7l.com\/en\/produit\/martine-de-behague-une-esthete-a-la-belle-epoque\/"]}]},{"@type":"BreadcrumbList","@id":"https:\/\/librairie7l.com\/en\/produit\/martine-de-behague-une-esthete-a-la-belle-epoque\/#breadcrumb","itemListElement":[{"@type":"ListItem","position":1,"name":"Accueil","item":"https:\/\/librairie7l.com\/en\/"},{"@type":"ListItem","position":2,"name":"Shop","item":"https:\/\/librairie7l.com\/en\/shop\/"},{"@type":"ListItem","position":3,"name":"MARTINE DE B\u00c9HAGUE : UNE ESTH\u00c8TE \u00c0 LA BELLE EPOQUE"}]},{"@type":"WebSite","@id":"https:\/\/librairie7l.com\/en\/#website","url":"https:\/\/librairie7l.com\/en\/","name":"Librairie 7L","description":"Librairie fond\u00e9e en 1999 par Karl Lagerfeld \u00e0 Paris","publisher":{"@id":"https:\/\/librairie7l.com\/en\/#organization"},"potentialAction":[{"@type":"SearchAction","target":{"@type":"EntryPoint","urlTemplate":"https:\/\/librairie7l.com\/en\/?s={search_term_string}"},"query-input":"required name=search_term_string"}],"inLanguage":"en-US"},{"@type":"Organization","@id":"https:\/\/librairie7l.com\/en\/#organization","name":"Librairie 7L","url":"https:\/\/librairie7l.com\/en\/","logo":{"@type":"ImageObject","inLanguage":"en-US","@id":"https:\/\/librairie7l.com\/en\/#\/schema\/logo\/image\/","url":"https:\/\/librairie7l.com\/wp-content\/uploads\/2022\/08\/logo-1.png","contentUrl":"https:\/\/librairie7l.com\/wp-content\/uploads\/2022\/08\/logo-1.png","width":227,"height":301,"caption":"Librairie 7L"},"image":{"@id":"https:\/\/librairie7l.com\/en\/#\/schema\/logo\/image\/"}}]}},"_links":{"self":[{"href":"https:\/\/librairie7l.com\/en\/wp-json\/wp\/v2\/product\/17471"}],"collection":[{"href":"https:\/\/librairie7l.com\/en\/wp-json\/wp\/v2\/product"}],"about":[{"href":"https:\/\/librairie7l.com\/en\/wp-json\/wp\/v2\/types\/product"}],"wp:featuredmedia":[{"embeddable":true,"href":"https:\/\/librairie7l.com\/en\/wp-json\/wp\/v2\/media\/17469"}],"wp:attachment":[{"href":"https:\/\/librairie7l.com\/en\/wp-json\/wp\/v2\/media?parent=17471"}],"wp:term":[{"taxonomy":"product_cat","embeddable":true,"href":"https:\/\/librairie7l.com\/en\/wp-json\/wp\/v2\/product_cat?post=17471"},{"taxonomy":"product_tag","embeddable":true,"href":"https:\/\/librairie7l.com\/en\/wp-json\/wp\/v2\/product_tag?post=17471"}],"curies":[{"name":"wp","href":"https:\/\/api.w.org\/{rel}","templated":true}]}}