{"id":17475,"date":"2023-05-09T17:31:41","date_gmt":"2023-05-09T15:31:41","guid":{"rendered":"https:\/\/librairie7l.com\/?post_type=product&#038;p=17475"},"modified":"2026-04-19T16:25:43","modified_gmt":"2026-04-19T14:25:43","slug":"shirley-jaffe","status":"publish","type":"product","link":"https:\/\/librairie7l.com\/en\/produit\/shirley-jaffe\/","title":{"rendered":"SHIRLEY JAFFE"},"content":{"rendered":"<p>H\u00e9riti\u00e8re de Kandinsky et de Matisse, Shirley Jaffe s&#8217;inscrit d&#8217;abord dans la mouvance de l&#8217;expressionnisme abstrait et ses premi\u00e8res peintures d\u00e9bordent d&#8217;une grande \u00e9nergie gestuelle ; les couleurs vives sont travaill\u00e9es en larges coups de pinceau. \u00c0 partir des ann\u00e9es 1970, son oeuvre ouvre une voie plus personnelle, elle abandonne le geste et la mati\u00e8re pour des couleurs circonscrites par une g\u00e9om\u00e9trie libre. La composition se fait plus frontale et l&#8217;id\u00e9e de chaos devient une m\u00e9taphore et un moteur pour d\u00e9gager de solides blocs de couleurs disjoints et rabot\u00e9s par un \u00ab ciment \u00bb blanc de plus en plus insinuant. Hospitali\u00e8re, Jaffe a accueilli nombre de jeunes artistes chez elle, mais elle a toujours demeur\u00e9 secr\u00e8te sur sa vie personnelle et laconique sur ses convictions f\u00e9ministes. Une iconographie riche d&#8217;oeuvres de Shirley Jaffe ainsi que des photographies d&#8217;archives in\u00e9dites illustre cette monographie. Cet ouvrage r\u00e9unit les textes de Fr\u00e9d\u00e9ric Paul, conservateur pour l&#8217;art contemporain au Mus\u00e9e national d&#8217;art moderne, Svetlana Alpers, historienne de l&#8217;art am\u00e9ricaine reconnue, Claudine Grammont, directrice du mus\u00e9e Matisse de Nice ainsi qu&#8217;un entretien de l&#8217;artiste men\u00e9 par Robert Kushner.<\/p>\n","protected":false},"excerpt":{"rendered":"<p>H\u00e9riti\u00e8re de Kandinsky et de Matisse, Shirley Jaffe s&#8217;inscrit d&#8217;abord dans la mouvance de l&#8217;expressionnisme abstrait et ses premi\u00e8res peintures d\u00e9bordent d&#8217;une grande \u00e9nergie gestuelle ; les couleurs vives sont travaill\u00e9es en larges coups de pinceau. \u00c0 partir des ann\u00e9es 1970, son oeuvre ouvre une voie plus personnelle, elle abandonne le geste et la mati\u00e8re [&hellip;]<\/p>\n","protected":false},"featured_media":17473,"template":"","meta":[],"product_cat":[55,2948,47,2953],"product_tag":[],"acf":[],"yoast_head":"<!-- This site is optimized with the Yoast SEO plugin v20.11 - https:\/\/yoast.com\/wordpress\/plugins\/seo\/ -->\n<title>SHIRLEY JAFFE - Librairie 7L<\/title>\n<meta name=\"robots\" content=\"index, follow, max-snippet:-1, max-image-preview:large, max-video-preview:-1\" \/>\n<link rel=\"canonical\" href=\"https:\/\/librairie7l.com\/en\/produit\/shirley-jaffe\/\" \/>\n<meta property=\"og:locale\" content=\"en_US\" \/>\n<meta property=\"og:type\" content=\"article\" \/>\n<meta property=\"og:title\" content=\"SHIRLEY JAFFE - Librairie 7L\" \/>\n<meta property=\"og:description\" content=\"H\u00e9riti\u00e8re de Kandinsky et de Matisse, Shirley Jaffe s&#8217;inscrit d&#8217;abord dans la mouvance de l&#8217;expressionnisme abstrait et ses premi\u00e8res peintures d\u00e9bordent d&#8217;une grande \u00e9nergie gestuelle ; les couleurs vives sont travaill\u00e9es en larges coups de pinceau. \u00c0 partir des ann\u00e9es 1970, son oeuvre ouvre une voie plus personnelle, elle abandonne le geste et la mati\u00e8re [&hellip;]\" \/>\n<meta property=\"og:url\" content=\"https:\/\/librairie7l.com\/en\/produit\/shirley-jaffe\/\" \/>\n<meta property=\"og:site_name\" content=\"Librairie 7L\" \/>\n<meta property=\"article:modified_time\" content=\"2026-04-19T14:25:43+00:00\" \/>\n<meta property=\"og:image\" content=\"https:\/\/librairie7l.com\/wp-content\/uploads\/2022\/04\/9782363063137_1_75.jpg\" \/>\n\t<meta property=\"og:image:width\" content=\"478\" \/>\n\t<meta property=\"og:image:height\" content=\"755\" \/>\n\t<meta property=\"og:image:type\" content=\"image\/jpeg\" \/>\n<meta name=\"twitter:card\" content=\"summary_large_image\" \/>\n<meta name=\"twitter:label1\" content=\"Est. reading time\" \/>\n\t<meta name=\"twitter:data1\" content=\"1 minute\" \/>\n<script type=\"application\/ld+json\" class=\"yoast-schema-graph\">{\"@context\":\"https:\/\/schema.org\",\"@graph\":[{\"@type\":\"WebPage\",\"@id\":\"https:\/\/librairie7l.com\/en\/produit\/shirley-jaffe\/\",\"url\":\"https:\/\/librairie7l.com\/en\/produit\/shirley-jaffe\/\",\"name\":\"SHIRLEY JAFFE - Librairie 7L\",\"isPartOf\":{\"@id\":\"https:\/\/librairie7l.com\/en\/#website\"},\"datePublished\":\"2023-05-09T15:31:41+00:00\",\"dateModified\":\"2026-04-19T14:25:43+00:00\",\"breadcrumb\":{\"@id\":\"https:\/\/librairie7l.com\/en\/produit\/shirley-jaffe\/#breadcrumb\"},\"inLanguage\":\"en-US\",\"potentialAction\":[{\"@type\":\"ReadAction\",\"target\":[\"https:\/\/librairie7l.com\/en\/produit\/shirley-jaffe\/\"]}]},{\"@type\":\"BreadcrumbList\",\"@id\":\"https:\/\/librairie7l.com\/en\/produit\/shirley-jaffe\/#breadcrumb\",\"itemListElement\":[{\"@type\":\"ListItem\",\"position\":1,\"name\":\"Accueil\",\"item\":\"https:\/\/librairie7l.com\/en\/\"},{\"@type\":\"ListItem\",\"position\":2,\"name\":\"Shop\",\"item\":\"https:\/\/librairie7l.com\/en\/shop\/\"},{\"@type\":\"ListItem\",\"position\":3,\"name\":\"SHIRLEY JAFFE\"}]},{\"@type\":\"WebSite\",\"@id\":\"https:\/\/librairie7l.com\/en\/#website\",\"url\":\"https:\/\/librairie7l.com\/en\/\",\"name\":\"Librairie 7L\",\"description\":\"Librairie fond\u00e9e en 1999 par Karl Lagerfeld \u00e0 Paris\",\"publisher\":{\"@id\":\"https:\/\/librairie7l.com\/en\/#organization\"},\"potentialAction\":[{\"@type\":\"SearchAction\",\"target\":{\"@type\":\"EntryPoint\",\"urlTemplate\":\"https:\/\/librairie7l.com\/en\/?s={search_term_string}\"},\"query-input\":\"required name=search_term_string\"}],\"inLanguage\":\"en-US\"},{\"@type\":\"Organization\",\"@id\":\"https:\/\/librairie7l.com\/en\/#organization\",\"name\":\"Librairie 7L\",\"url\":\"https:\/\/librairie7l.com\/en\/\",\"logo\":{\"@type\":\"ImageObject\",\"inLanguage\":\"en-US\",\"@id\":\"https:\/\/librairie7l.com\/en\/#\/schema\/logo\/image\/\",\"url\":\"https:\/\/librairie7l.com\/wp-content\/uploads\/2022\/08\/logo-1.png\",\"contentUrl\":\"https:\/\/librairie7l.com\/wp-content\/uploads\/2022\/08\/logo-1.png\",\"width\":227,\"height\":301,\"caption\":\"Librairie 7L\"},\"image\":{\"@id\":\"https:\/\/librairie7l.com\/en\/#\/schema\/logo\/image\/\"}}]}<\/script>\n<!-- \/ Yoast SEO plugin. -->","yoast_head_json":{"title":"SHIRLEY JAFFE - Librairie 7L","robots":{"index":"index","follow":"follow","max-snippet":"max-snippet:-1","max-image-preview":"max-image-preview:large","max-video-preview":"max-video-preview:-1"},"canonical":"https:\/\/librairie7l.com\/en\/produit\/shirley-jaffe\/","og_locale":"en_US","og_type":"article","og_title":"SHIRLEY JAFFE - Librairie 7L","og_description":"H\u00e9riti\u00e8re de Kandinsky et de Matisse, Shirley Jaffe s&#8217;inscrit d&#8217;abord dans la mouvance de l&#8217;expressionnisme abstrait et ses premi\u00e8res peintures d\u00e9bordent d&#8217;une grande \u00e9nergie gestuelle ; les couleurs vives sont travaill\u00e9es en larges coups de pinceau. \u00c0 partir des ann\u00e9es 1970, son oeuvre ouvre une voie plus personnelle, elle abandonne le geste et la mati\u00e8re [&hellip;]","og_url":"https:\/\/librairie7l.com\/en\/produit\/shirley-jaffe\/","og_site_name":"Librairie 7L","article_modified_time":"2026-04-19T14:25:43+00:00","og_image":[{"width":478,"height":755,"url":"https:\/\/librairie7l.com\/wp-content\/uploads\/2022\/04\/9782363063137_1_75.jpg","type":"image\/jpeg"}],"twitter_card":"summary_large_image","twitter_misc":{"Est. reading time":"1 minute"},"schema":{"@context":"https:\/\/schema.org","@graph":[{"@type":"WebPage","@id":"https:\/\/librairie7l.com\/en\/produit\/shirley-jaffe\/","url":"https:\/\/librairie7l.com\/en\/produit\/shirley-jaffe\/","name":"SHIRLEY JAFFE - Librairie 7L","isPartOf":{"@id":"https:\/\/librairie7l.com\/en\/#website"},"datePublished":"2023-05-09T15:31:41+00:00","dateModified":"2026-04-19T14:25:43+00:00","breadcrumb":{"@id":"https:\/\/librairie7l.com\/en\/produit\/shirley-jaffe\/#breadcrumb"},"inLanguage":"en-US","potentialAction":[{"@type":"ReadAction","target":["https:\/\/librairie7l.com\/en\/produit\/shirley-jaffe\/"]}]},{"@type":"BreadcrumbList","@id":"https:\/\/librairie7l.com\/en\/produit\/shirley-jaffe\/#breadcrumb","itemListElement":[{"@type":"ListItem","position":1,"name":"Accueil","item":"https:\/\/librairie7l.com\/en\/"},{"@type":"ListItem","position":2,"name":"Shop","item":"https:\/\/librairie7l.com\/en\/shop\/"},{"@type":"ListItem","position":3,"name":"SHIRLEY JAFFE"}]},{"@type":"WebSite","@id":"https:\/\/librairie7l.com\/en\/#website","url":"https:\/\/librairie7l.com\/en\/","name":"Librairie 7L","description":"Librairie fond\u00e9e en 1999 par Karl Lagerfeld \u00e0 Paris","publisher":{"@id":"https:\/\/librairie7l.com\/en\/#organization"},"potentialAction":[{"@type":"SearchAction","target":{"@type":"EntryPoint","urlTemplate":"https:\/\/librairie7l.com\/en\/?s={search_term_string}"},"query-input":"required name=search_term_string"}],"inLanguage":"en-US"},{"@type":"Organization","@id":"https:\/\/librairie7l.com\/en\/#organization","name":"Librairie 7L","url":"https:\/\/librairie7l.com\/en\/","logo":{"@type":"ImageObject","inLanguage":"en-US","@id":"https:\/\/librairie7l.com\/en\/#\/schema\/logo\/image\/","url":"https:\/\/librairie7l.com\/wp-content\/uploads\/2022\/08\/logo-1.png","contentUrl":"https:\/\/librairie7l.com\/wp-content\/uploads\/2022\/08\/logo-1.png","width":227,"height":301,"caption":"Librairie 7L"},"image":{"@id":"https:\/\/librairie7l.com\/en\/#\/schema\/logo\/image\/"}}]}},"_links":{"self":[{"href":"https:\/\/librairie7l.com\/en\/wp-json\/wp\/v2\/product\/17475"}],"collection":[{"href":"https:\/\/librairie7l.com\/en\/wp-json\/wp\/v2\/product"}],"about":[{"href":"https:\/\/librairie7l.com\/en\/wp-json\/wp\/v2\/types\/product"}],"wp:featuredmedia":[{"embeddable":true,"href":"https:\/\/librairie7l.com\/en\/wp-json\/wp\/v2\/media\/17473"}],"wp:attachment":[{"href":"https:\/\/librairie7l.com\/en\/wp-json\/wp\/v2\/media?parent=17475"}],"wp:term":[{"taxonomy":"product_cat","embeddable":true,"href":"https:\/\/librairie7l.com\/en\/wp-json\/wp\/v2\/product_cat?post=17475"},{"taxonomy":"product_tag","embeddable":true,"href":"https:\/\/librairie7l.com\/en\/wp-json\/wp\/v2\/product_tag?post=17475"}],"curies":[{"name":"wp","href":"https:\/\/api.w.org\/{rel}","templated":true}]}}